{"id":5134,"date":"2025-12-17T07:17:32","date_gmt":"2025-12-17T07:17:32","guid":{"rendered":"https:\/\/www.mopskrasnystaw.pl\/?page_id=5134"},"modified":"2025-12-18T07:11:46","modified_gmt":"2025-12-18T07:11:46","slug":"asystent-osobisty-osoby-z-niepelnosprawnoscia-2026","status":"publish","type":"page","link":"https:\/\/www.mopskrasnystaw.pl\/?page_id=5134","title":{"rendered":"Asystent Osobisty Osoby\u00a0z Niepe\u0142nosprawno\u015bci\u0105 2026"},"content":{"rendered":"\n<p>Miasto Krasnystaw informuje, \u017ce otrzyma\u0142o \u015brodki na realizacj\u0119 Programu Ministra Rodziny, Pracy i Polityki Spo\u0142ecznej <strong>\u201eAsystent osobisty osoby z niepe\u0142nosprawno\u015bci\u0105\u201d<\/strong><br>dla Jednostek Samorz\u0105du Terytorialnego \u2013 edycja 2026&nbsp; finansowanego z Funduszu Solidarno\u015bciowego \u2013 pa\u0144stwowego funduszu celowego w wysoko\u015bci:<\/p>\n\n\n\n<p>Kwota dofinansowania:&nbsp; <strong>1 020 000,00 z\u0142.&nbsp;<\/strong><\/p>\n\n\n\n<p>Ca\u0142kowita warto\u015b\u0107:&nbsp; <strong>1 020 000,00 z\u0142. z\u0142.<\/strong><\/p>\n\n\n\n<p>Program trwa <strong>od 01.01.2026 r. do 31.12.2026 r<\/strong>.<\/p>\n\n\n\n<p>G\u0142\u00f3wnym celem Programu jest wprowadzenie us\u0142ug asystencji osobistej<br>jako formy og\u00f3lnodost\u0119pnego wsparcia w wykonywaniu codziennych czynno\u015bci oraz funkcjonowaniu w \u017cyciu spo\u0142ecznym dla uczestnik\u00f3w Programu:<\/p>\n\n\n\n<ol type=\"1\"><li>dzieci od uko\u0144czenia 2. roku \u017cycia do&nbsp;uko\u0144czenia 16.&nbsp;roku \u017cycia posiadaj\u0105ce orzeczenie o niepe\u0142nosprawno\u015bci \u0142\u0105cznie ze wskazaniami w pkt 7 i 8 orzeczenia<br>o niepe\u0142nosprawno\u015bci \u2013 konieczno\u015bci sta\u0142ej lub d\u0142ugotrwa\u0142ej opieki lub pomocy innej osoby w zwi\u0105zku ze znacznie ograniczon\u0105 mo\u017cliwo\u015bci\u0105 samodzielnej egzystencji oraz konieczno\u015bci sta\u0142ego wsp\u00f3\u0142udzia\u0142u na co dzie\u0144 opiekuna dziecka w procesie jego leczenia, rehabilitacji i edukacji oraz<\/li><li>osoby z niepe\u0142nosprawno\u015bciami posiadaj\u0105ce orzeczenie:<br>a) o znacznym stopniu niepe\u0142nosprawno\u015bci<br>b) traktowane na r\u00f3wni z orzeczeniami wymienionymi w lit. a i b zgodnie z art. 5 i art. 62 ustawy z dnia 27 sierpnia 1997 r. o rehabilitacji zawodowej i spo\u0142ecznej oraz zatrudnianiu os\u00f3b niepe\u0142nosprawnych.<\/li><\/ol>\n\n\n\n<p><strong>Us\u0142ugi asystencji osobistej polegaj\u0105 w szczeg\u00f3lno\u015bci na wspieraniu przez asystenta osoby<br>z niepe\u0142nosprawno\u015bci\u0105 w r\u00f3\u017cnych sferach \u017cycia, w tym:<\/strong><\/p>\n\n\n\n<ol type=\"1\"><li>wsparciu uczestnika w czynno\u015bciach samoobs\u0142ugowych, w tym utrzymaniu higieny osobistej;<\/li><li>wsparcie uczestnika w prowadzeniu gospodarstwa domowego i wype\u0142nianiu r\u00f3l<br>w rodzinie;<\/li><li>wsparciu uczestnika w przemieszczaniu si\u0119 poza miejscem zamieszkania;<\/li><li>wsparciu uczestnika w podejmowaniu aktywno\u015bci \u017cyciowej i komunikowaniu<br>si\u0119 z otoczeniem.<\/li><\/ol>\n\n\n\n<p>Za us\u0142ugi asystencji osobistej Uczestnik Programu nie ponosi odp\u0142atno\u015bci. Wi\u0119cej informacji:<br><a href=\"https:\/\/niepelnosprawni.gov.pl\/fundusz-solidarnosciowy\/programy-realizowane-w-ramach-funduszu-solidarnosciowego\/program-resortowy-ministra-rodziny-pracy-i-polityki-spolecznej-asystent-osobisty-osoby-z-niepelnosprawnoscia-dla-jednostek-samorzadu-terytorialnego\/\">https:\/\/niepelnosprawni.gov.pl\/fundusz-solidarnosciowy\/programy-realizowane-w-ramach-funduszu-solidarnosciowego\/program-resortowy-ministra-rodziny-pracy-i-polityki-spolecznej-asystent-osobisty-osoby-z-niepelnosprawnoscia-dla-jednostek-samorzadu-terytorialnego\/<\/a><\/p>\n\n\n\n<p><strong>RUSZY\u0141A REKRUTACJA DO PROGRAMU &#8222;ASYSTENT OSOBISTY OSOBY Z&nbsp;NIEPE\u0141NOSPRAWNO\u015aCI\u0104&#8221; DLA JEDNOSTEK SAMORZ\u0104DU TERYTORIALNEGO \u2013 EDYCJA 2026<\/strong><\/p>\n\n\n\n<p>Miasto Krasnystaw\/Miejski O\u015brodek Pomocy Spo\u0142ecznej w Krasnymstawie og\u0142asza nab\u00f3r os\u00f3b zainteresowanych udzia\u0142em w programie \u201eAsystent osobisty osoby z niepe\u0142nosprawno\u015bci\u0105\u201d dla Jednostek Samorz\u0105du Terytorialnego \u2013 edycja 2026.<\/p>\n\n\n\n<p><br>Program jest wsp\u00f3\u0142finansowany ze \u015brodk\u00f3w Funduszu Solidarno\u015bciowego, otrzymanych od Ministra Rodziny, Pracy i Polityki Spo\u0142ecznej.<\/p>\n\n\n\n<p><br>G\u0142\u00f3wnym celem Programu jest wprowadzenie us\u0142ug asystencji osobistej jako formy og\u00f3lnodost\u0119pnego wsparcia w wykonywaniu codziennych czynno\u015bci oraz funkcjonowania w \u017cyciu spo\u0142ecznym.<\/p>\n\n\n\n<p><br>Termin realizacji Programu: od 1 stycznia 2026 roku do 31 grudnia 2026 roku.<\/p>\n\n\n\n<p><br><strong>Adresatami Programu zgodnie z przyznanymi \u015brodkami b\u0119d\u0105:<\/strong><\/p>\n\n\n\n<ol type=\"a\"><li>dzieci od uko\u0144czenia 2. roku \u017cycia do&nbsp;uko\u0144czenia 16.&nbsp;roku \u017cycia posiadaj\u0105ce orzeczenie o niepe\u0142nosprawno\u015bci \u0142\u0105cznie ze wskazaniami<br>w pkt 7 i 8 orzeczenia o niepe\u0142nosprawno\u015bci \u2013 konieczno\u015bci sta\u0142ej lub d\u0142ugotrwa\u0142ej opieki lub pomocy innej osoby w zwi\u0105zku ze znacznie ograniczon\u0105 mo\u017cliwo\u015bci\u0105 samodzielnej egzystencji oraz konieczno\u015bci sta\u0142ego wsp\u00f3\u0142udzia\u0142u na co dzie\u0144 opiekuna dziecka w procesie jego leczenia, rehabilitacji i edukacji<\/li><li>pe\u0142noletnie osoby z niepe\u0142nosprawno\u015bciami posiadaj\u0105ce orzeczenie<br>o znacznym stopniu niepe\u0142nosprawno\u015bci zamieszkuj\u0105ce na terenie miasta Krasnystaw.<\/li><\/ol>\n\n\n\n<p><br><strong>Us\u0142ugi asystencji osobistej polegaj\u0105 w szczeg\u00f3lno\u015bci na wspieraniu przez asystenta osoby z niepe\u0142nosprawno\u015bci\u0105 w r\u00f3\u017cnych sferach \u017cycia, w tym:<\/strong><\/p>\n\n\n\n<ol type=\"1\"><li>wsparciu uczestnika w czynno\u015bciach samoobs\u0142ugowych, w tym utrzymaniu higieny osobistej;<\/li><li>wsparcie uczestnika w prowadzeniu gospodarstwa domowego<br>i wype\u0142nianiu r\u00f3l w rodzinie;<\/li><li>wsparciu uczestnika w przemieszczaniu si\u0119 poza miejscem zamieszkania;<\/li><li>wsparciu uczestnika w podejmowaniu aktywno\u015bci \u017cyciowej<br>i komunikowaniu &nbsp;si\u0119 z otoczeniem.<\/li><\/ol>\n\n\n\n<p><br><strong>Osoba zainteresowana udzia\u0142em w Programie sk\u0142ada komplet nast\u0119puj\u0105cych dokument\u00f3w:<\/strong><strong><\/strong><\/p>\n\n\n\n<ol type=\"1\"><li>Za\u0142\u0105cznik nr 7 \u2013 Karta zg\u0142oszeniowa do Programu (powinna zosta\u0107 podpisana przez osob\u0119 zg\u0142aszaj\u0105c\u0105 si\u0119 lub jej opiekuna prawnego);<\/li><li>Za\u0142\u0105cznik nr 8 \u2013 Karta zakresu czynno\u015bci (powinna by\u0107 podpisana przez osob\u0119 zg\u0142aszaj\u0105c\u0105 si\u0119\/opiekuna prawnego);<\/li><li>Klauzula informacyjna w ramach Programu dla osoby zg\u0142aszaj\u0105cej si\u0119 (powinna by\u0107 podpisana przez osob\u0119 zg\u0142aszaj\u0105c\u0105 si\u0119\/opiekuna prawnego);<\/li><li>Kserokopi\u0119 aktualnego orzeczenia o znacznym stopniu niepe\u0142nosprawno\u015bci albo orzeczenie traktowane na r\u00f3wni zgodnie<br>z artyku\u0142em 5 i artyku\u0142em 62 ustawy z dnia 27 sierpnia 1997 roku o rehabilitacji zawodowej i spo\u0142ecznej oraz zatrudnianiu os\u00f3b niepe\u0142nosprawnych;<\/li><li>O\u015bwiadczenie (powinno zosta\u0107 podpisane przez osob\u0119 zg\u0142aszaj\u0105c\u0105 si\u0119 lub jej opiekuna prawnego);<\/li><\/ol>\n\n\n\n<p><br>Dokumentacja niekompletna lub\/i niepodpisana nie b\u0119dzie brana pod uwag\u0119 podczas naboru.<\/p>\n\n\n\n<p><strong>Zg\u0142oszenia s\u0105 przyjmowane w terminie od <u>18 grudnia 2025 do 5 stycznia 2026 roku.<\/u><\/strong><\/p>\n\n\n\n<p><br>Komplet dokument\u00f3w <strong>nale\u017cy z\u0142o\u017cy\u0107 w&nbsp;siedzibie Miejskiego O\u015brodka Pomocy Spo\u0142ecznej<\/strong><strong> w Krasnymstawie, 22-300 Krasnystaw ul. Pi\u0142sudskiego 9, pok\u00f3j Nr 107.<\/strong><\/p>\n\n\n\n<p>Miejski O\u015brodek Pomocy Spo\u0142ecznej w Krasnymstawie informuje, \u017ce zg\u0142oszenie nie jest r\u00f3wnoznaczne z otrzymaniem wnioskowanej pomocy. Przyj\u0119te zg\u0142oszenia b\u0119d\u0105 realizowane wy\u0142\u0105cznie dla os\u00f3b, kt\u00f3re zostan\u0105 zakwalifikowane do Programu<\/p>\n\n\n\n<p>Informujemy, \u017ce Miasto Krasnystaw przyznaj\u0105c us\u0142ugi asystencji osobistej,<br>w pierwszej kolejno\u015bci uwzgl\u0119dnia\u0107 b\u0119dzie potrzeby:<\/p>\n\n\n\n<ul><li>os\u00f3b z niepe\u0142nosprawno\u015bciami samotnie gospodaruj\u0105cych, kt\u00f3re nie maj\u0105 mo\u017cliwo\u015bci korzystania ze wsparcia bliskich;<\/li><li>os\u00f3b z niepe\u0142nosprawno\u015bciami wsp\u00f3lnie zamieszkuj\u0105cych<br>i gospodaruj\u0105cych, jednocze\u015bnie spe\u0142niaj\u0105cych warunki, o kt\u00f3rych mowa w cz\u0119\u015bci III ust. 2 Programu \u201eAsystent osobisty osoby z niepe\u0142nosprawno\u015bci\u0105\u201d dla Jednostek Samorz\u0105du Terytorialnego \u2013 edycja 2026 i nie maj\u0105cych mo\u017cliwo\u015bci wzajemnego wsparcia, ani kt\u00f3re nie korzystaj\u0105 ze wsparcia innych os\u00f3b.<\/li><\/ul>\n\n\n\n<p>Realizacja zadania nast\u0105pi po zawarciu umowy pomi\u0119dzy Miastem Krasnystaw a Lubelskim&nbsp; Urz\u0119dem Wojew\u00f3dzkim.<\/p>\n\n\n\n<p>Szczeg\u00f3\u0142owe informacje o naborze mo\u017cna uzyska\u0107 w Miejskim O\u015brodku Pomocy Spo\u0142ecznej w Krasnymstawie w godzinach od 7:30 do 15:30.<br>ulica Pi\u0142sudskiego 9, 22-300 Krasnystaw pok. 106<\/p>\n\n\n\n<p><strong>KONTAKT:<\/strong><br>Koordynator Programu \u2013 Agnieszka Mierzy\u0144ska: 825762324 wew.107,<br>e:mail: <a href=\"mailto:kadry@mopskrasnystaw.pl\">kadry@mopskrasnystaw.pl<\/a>;<\/p>\n\n\n\n<p><br>Lista za\u0142\u0105cznik\u00f3w:<\/p>\n\n\n\n<div class=\"wp-block-file\"><a id=\"wp-block-file--media-187254ca-f08d-476d-a8ac-c7e0a7ad10df\" href=\"https:\/\/www.mopskrasnystaw.pl\/wp-content\/uploads\/2025\/12\/Zalacznik-nr-7-do-Programu-AOON-JST-2026_karta-zgloszenia.docx\">Za\u0142\u0105cznik nr 7 karta zg\u0142oszenia<\/a><\/div>\n\n\n\n<div class=\"wp-block-file\"><a id=\"wp-block-file--media-06375bd9-ad5e-407e-9926-ddc4bee81aaa\" href=\"https:\/\/www.mopskrasnystaw.pl\/wp-content\/uploads\/2025\/12\/Zalacznik-nr-8-do-Programu-AOON-JST-2026_karta-zakresu-czynnosci.docx\">Za\u0142\u0105cznik nr 8 karta zakresu czynno\u015bci<\/a><\/div>\n\n\n\n<div class=\"wp-block-file\"><a id=\"wp-block-file--media-7ebbb52b-7cb4-483e-88da-03d4053499e1\" href=\"https:\/\/www.mopskrasnystaw.pl\/wp-content\/uploads\/2025\/12\/Zalacznik-nr-16-do-Programu-AOON-JST-2026_klauzula-RODO-Ministra-1.pdf\">Za\u0142\u0105cznik nr 16 klauzula RODO<\/a><\/div>\n\n\n\n<div class=\"wp-block-file\"><a id=\"wp-block-file--media-c12e1226-7381-4f57-8ff0-d7c9146b1659\" href=\"https:\/\/www.mopskrasnystaw.pl\/wp-content\/uploads\/2025\/12\/Klauzula-informacyjna-o-przetwarzaniu-danych-osobowych-przez-Miejski-Osrodek-Pomocy-Spolecznej_2026.docx\">Klauzula informacyjna o przetwarzaniu danych osobowych<\/a><\/div>\n\n\n\n<div class=\"wp-block-file\"><a id=\"wp-block-file--media-7e0d4448-10f3-42f0-b167-15cb6ce1e2c5\" href=\"https:\/\/www.mopskrasnystaw.pl\/wp-content\/uploads\/2025\/12\/Oswiadczenie_2026.docx\">O\u015bwiadczenie<\/a><\/div>\n\n\n\n<div class=\"wp-block-file\"><a id=\"wp-block-file--media-7bf9de87-29d0-4761-a65f-c49029887b32\" href=\"https:\/\/www.mopskrasnystaw.pl\/wp-content\/uploads\/2025\/12\/Oswiadczenie_rodzic_2026.docx\">O\u015bwiadczenie_rodzic<\/a><\/div>\n\n\n\n<div class=\"wp-block-file\"><a id=\"wp-block-file--media-0c683a08-01e7-482f-83a2-297ec7317a26\" href=\"https:\/\/www.mopskrasnystaw.pl\/wp-content\/uploads\/2025\/12\/Program-AOON-JST-2026.pdf\">Program AOON JST 2026<\/a><\/div>\n\n\n\n<div class=\"wp-block-file\"><a id=\"wp-block-file--media-45773e6d-fa40-4887-b630-acea89d2f530\" href=\"https:\/\/www.mopskrasnystaw.pl\/wp-content\/uploads\/2025\/12\/regulamin-i-zarzadzenie.pdf\">Regulamin 2026<\/a><\/div>\n\n\n\n<p>Wi\u0119cej informacji:<br><a href=\"https:\/\/niepelnosprawni.gov.pl\/fundusz-solidarnosciowy\/programy-realizowane-w-ramach-funduszu-solidarnosciowego\/program-resortowy-ministra-rodziny-pracy-i-polityki-spolecznej-asystent-osobisty-osoby-z-niepelnosprawnoscia-dla-jednostek-samorzadu-terytorialnego\/\">https:\/\/niepelnosprawni.gov.pl\/fundusz-solidarnosciowy\/programy-realizowane-w-ramach-funduszu-solidarnosciowego\/program-resortowy-ministra-rodziny-pracy-i-polityki-spolecznej-asystent-osobisty-osoby-z-niepelnosprawnoscia-dla-jednostek-samorzadu-terytorialnego\/<\/a><\/p>\n","protected":false},"excerpt":{"rendered":"<p>Miasto Krasnystaw informuje, \u017ce otrzyma\u0142o \u015brodki na realizacj\u0119 Programu Ministra Rodziny, Pracy i Polityki Spo\u0142ecznej \u201eAsystent osobisty osoby z niepe\u0142nosprawno\u015bci\u0105\u201ddla Jednostek Samorz\u0105du Terytorialnego \u2013 edycja 2026&nbsp; finansowanego z Funduszu Solidarno\u015bciowego \u2013 pa\u0144stwowego funduszu celowego w wysoko\u015bci: Kwota dofinansowania:&nbsp; 1 020 000,00 z\u0142.&nbsp; Ca\u0142kowita warto\u015b\u0107:&nbsp; 1 020 000,00 z\u0142. z\u0142. Program trwa od 01.01.2026 r. do [&hellip;]<\/p>\n","protected":false},"author":3,"featured_media":0,"parent":0,"menu_order":0,"comment_status":"closed","ping_status":"closed","template":"","meta":[],"yoast_head":"<!-- This site is optimized with the Yoast SEO plugin v19.0 - https:\/\/yoast.com\/wordpress\/plugins\/seo\/ -->\n<title>Asystent Osobisty Osoby\u00a0z Niepe\u0142nosprawno\u015bci\u0105 2026 - MOPS Krasnystaw<\/title>\n<meta name=\"robots\" content=\"index, follow, max-snippet:-1, max-image-preview:large, max-video-preview:-1\" \/>\n<link rel=\"canonical\" href=\"https:\/\/www.mopskrasnystaw.pl\/?page_id=5134\" \/>\n<meta property=\"og:locale\" content=\"pl_PL\" \/>\n<meta property=\"og:type\" content=\"article\" \/>\n<meta property=\"og:title\" content=\"Asystent Osobisty Osoby\u00a0z Niepe\u0142nosprawno\u015bci\u0105 2026 - MOPS Krasnystaw\" \/>\n<meta property=\"og:description\" content=\"Miasto Krasnystaw informuje, \u017ce otrzyma\u0142o \u015brodki na realizacj\u0119 Programu Ministra Rodziny, Pracy i Polityki Spo\u0142ecznej \u201eAsystent osobisty osoby z niepe\u0142nosprawno\u015bci\u0105\u201ddla Jednostek Samorz\u0105du Terytorialnego \u2013 edycja 2026&nbsp; finansowanego z Funduszu Solidarno\u015bciowego \u2013 pa\u0144stwowego funduszu celowego w wysoko\u015bci: Kwota dofinansowania:&nbsp; 1 020 000,00 z\u0142.&nbsp; Ca\u0142kowita warto\u015b\u0107:&nbsp; 1 020 000,00 z\u0142. z\u0142. Program trwa od 01.01.2026 r. do [&hellip;]\" \/>\n<meta property=\"og:url\" content=\"https:\/\/www.mopskrasnystaw.pl\/?page_id=5134\" \/>\n<meta property=\"og:site_name\" content=\"MOPS Krasnystaw\" \/>\n<meta property=\"article:modified_time\" content=\"2025-12-18T07:11:46+00:00\" \/>\n<meta name=\"twitter:card\" content=\"summary_large_image\" \/>\n<meta name=\"twitter:label1\" content=\"Szacowany czas czytania\" \/>\n\t<meta name=\"twitter:data1\" content=\"5 minut\" \/>\n<script type=\"application\/ld+json\" class=\"yoast-schema-graph\">{\"@context\":\"https:\/\/schema.org\",\"@graph\":[{\"@type\":\"WebSite\",\"@id\":\"https:\/\/www.mopskrasnystaw.pl\/#website\",\"url\":\"https:\/\/www.mopskrasnystaw.pl\/\",\"name\":\"MOPS Krasnystaw\",\"description\":\"\",\"potentialAction\":[{\"@type\":\"SearchAction\",\"target\":{\"@type\":\"EntryPoint\",\"urlTemplate\":\"https:\/\/www.mopskrasnystaw.pl\/?s={search_term_string}\"},\"query-input\":\"required name=search_term_string\"}],\"inLanguage\":\"pl-PL\"},{\"@type\":\"WebPage\",\"@id\":\"https:\/\/www.mopskrasnystaw.pl\/?page_id=5134#webpage\",\"url\":\"https:\/\/www.mopskrasnystaw.pl\/?page_id=5134\",\"name\":\"Asystent Osobisty Osoby\u00a0z Niepe\u0142nosprawno\u015bci\u0105 2026 - MOPS Krasnystaw\",\"isPartOf\":{\"@id\":\"https:\/\/www.mopskrasnystaw.pl\/#website\"},\"datePublished\":\"2025-12-17T07:17:32+00:00\",\"dateModified\":\"2025-12-18T07:11:46+00:00\",\"breadcrumb\":{\"@id\":\"https:\/\/www.mopskrasnystaw.pl\/?page_id=5134#breadcrumb\"},\"inLanguage\":\"pl-PL\",\"potentialAction\":[{\"@type\":\"ReadAction\",\"target\":[\"https:\/\/www.mopskrasnystaw.pl\/?page_id=5134\"]}]},{\"@type\":\"BreadcrumbList\",\"@id\":\"https:\/\/www.mopskrasnystaw.pl\/?page_id=5134#breadcrumb\",\"itemListElement\":[{\"@type\":\"ListItem\",\"position\":1,\"name\":\"Strona g\u0142\u00f3wna\",\"item\":\"https:\/\/www.mopskrasnystaw.pl\/\"},{\"@type\":\"ListItem\",\"position\":2,\"name\":\"Asystent Osobisty Osoby\u00a0z Niepe\u0142nosprawno\u015bci\u0105 2026\"}]}]}<\/script>\n<!-- \/ Yoast SEO plugin. -->","yoast_head_json":{"title":"Asystent Osobisty Osoby\u00a0z Niepe\u0142nosprawno\u015bci\u0105 2026 - MOPS Krasnystaw","robots":{"index":"index","follow":"follow","max-snippet":"max-snippet:-1","max-image-preview":"max-image-preview:large","max-video-preview":"max-video-preview:-1"},"canonical":"https:\/\/www.mopskrasnystaw.pl\/?page_id=5134","og_locale":"pl_PL","og_type":"article","og_title":"Asystent Osobisty Osoby\u00a0z Niepe\u0142nosprawno\u015bci\u0105 2026 - MOPS Krasnystaw","og_description":"Miasto Krasnystaw informuje, \u017ce otrzyma\u0142o \u015brodki na realizacj\u0119 Programu Ministra Rodziny, Pracy i Polityki Spo\u0142ecznej \u201eAsystent osobisty osoby z niepe\u0142nosprawno\u015bci\u0105\u201ddla Jednostek Samorz\u0105du Terytorialnego \u2013 edycja 2026&nbsp; finansowanego z Funduszu Solidarno\u015bciowego \u2013 pa\u0144stwowego funduszu celowego w wysoko\u015bci: Kwota dofinansowania:&nbsp; 1 020 000,00 z\u0142.&nbsp; Ca\u0142kowita warto\u015b\u0107:&nbsp; 1 020 000,00 z\u0142. z\u0142. Program trwa od 01.01.2026 r. do [&hellip;]","og_url":"https:\/\/www.mopskrasnystaw.pl\/?page_id=5134","og_site_name":"MOPS Krasnystaw","article_modified_time":"2025-12-18T07:11:46+00:00","twitter_card":"summary_large_image","twitter_misc":{"Szacowany czas czytania":"5 minut"},"schema":{"@context":"https:\/\/schema.org","@graph":[{"@type":"WebSite","@id":"https:\/\/www.mopskrasnystaw.pl\/#website","url":"https:\/\/www.mopskrasnystaw.pl\/","name":"MOPS Krasnystaw","description":"","potentialAction":[{"@type":"SearchAction","target":{"@type":"EntryPoint","urlTemplate":"https:\/\/www.mopskrasnystaw.pl\/?s={search_term_string}"},"query-input":"required name=search_term_string"}],"inLanguage":"pl-PL"},{"@type":"WebPage","@id":"https:\/\/www.mopskrasnystaw.pl\/?page_id=5134#webpage","url":"https:\/\/www.mopskrasnystaw.pl\/?page_id=5134","name":"Asystent Osobisty Osoby\u00a0z Niepe\u0142nosprawno\u015bci\u0105 2026 - MOPS Krasnystaw","isPartOf":{"@id":"https:\/\/www.mopskrasnystaw.pl\/#website"},"datePublished":"2025-12-17T07:17:32+00:00","dateModified":"2025-12-18T07:11:46+00:00","breadcrumb":{"@id":"https:\/\/www.mopskrasnystaw.pl\/?page_id=5134#breadcrumb"},"inLanguage":"pl-PL","potentialAction":[{"@type":"ReadAction","target":["https:\/\/www.mopskrasnystaw.pl\/?page_id=5134"]}]},{"@type":"BreadcrumbList","@id":"https:\/\/www.mopskrasnystaw.pl\/?page_id=5134#breadcrumb","itemListElement":[{"@type":"ListItem","position":1,"name":"Strona g\u0142\u00f3wna","item":"https:\/\/www.mopskrasnystaw.pl\/"},{"@type":"ListItem","position":2,"name":"Asystent Osobisty Osoby\u00a0z Niepe\u0142nosprawno\u015bci\u0105 2026"}]}]}},"_links":{"self":[{"href":"https:\/\/www.mopskrasnystaw.pl\/index.php?rest_route=\/wp\/v2\/pages\/5134"}],"collection":[{"href":"https:\/\/www.mopskrasnystaw.pl\/index.php?rest_route=\/wp\/v2\/pages"}],"about":[{"href":"https:\/\/www.mopskrasnystaw.pl\/index.php?rest_route=\/wp\/v2\/types\/page"}],"author":[{"embeddable":true,"href":"https:\/\/www.mopskrasnystaw.pl\/index.php?rest_route=\/wp\/v2\/users\/3"}],"replies":[{"embeddable":true,"href":"https:\/\/www.mopskrasnystaw.pl\/index.php?rest_route=%2Fwp%2Fv2%2Fcomments&post=5134"}],"version-history":[{"count":2,"href":"https:\/\/www.mopskrasnystaw.pl\/index.php?rest_route=\/wp\/v2\/pages\/5134\/revisions"}],"predecessor-version":[{"id":5147,"href":"https:\/\/www.mopskrasnystaw.pl\/index.php?rest_route=\/wp\/v2\/pages\/5134\/revisions\/5147"}],"wp:attachment":[{"href":"https:\/\/www.mopskrasnystaw.pl\/index.php?rest_route=%2Fwp%2Fv2%2Fmedia&parent=5134"}],"curies":[{"name":"wp","href":"https:\/\/api.w.org\/{rel}","templated":true}]}}