{"id":5123,"date":"2025-12-05T11:34:16","date_gmt":"2025-12-05T11:34:16","guid":{"rendered":"https:\/\/www.mopskrasnystaw.pl\/?page_id=5123"},"modified":"2025-12-05T11:34:17","modified_gmt":"2025-12-05T11:34:17","slug":"krasnostawskie-stowarzyszenie-ochrony-zdrowia-psychicznego-i-pomocy-spolecznej","status":"publish","type":"page","link":"https:\/\/www.mopskrasnystaw.pl\/?page_id=5123","title":{"rendered":"Krasnostawskie Stowarzyszenie Ochrony Zdrowia Psychicznego i Pomocy Spo\u0142ecznej"},"content":{"rendered":"\n<figure class=\"wp-block-image size-large\"><img loading=\"lazy\" width=\"1024\" height=\"140\" src=\"https:\/\/www.mopskrasnystaw.pl\/wp-content\/uploads\/2025\/12\/obraz-1024x140.png\" alt=\"\" class=\"wp-image-5124\" srcset=\"https:\/\/www.mopskrasnystaw.pl\/wp-content\/uploads\/2025\/12\/obraz-1024x140.png 1024w, https:\/\/www.mopskrasnystaw.pl\/wp-content\/uploads\/2025\/12\/obraz-300x41.png 300w, https:\/\/www.mopskrasnystaw.pl\/wp-content\/uploads\/2025\/12\/obraz-768x105.png 768w, https:\/\/www.mopskrasnystaw.pl\/wp-content\/uploads\/2025\/12\/obraz.png 1124w\" sizes=\"(max-width: 1024px) 100vw, 1024px\" \/><\/figure>\n\n\n\n<p>Krasnostawskie Stowarzyszenie Ochrony Zdrowia Psychicznego i Pomocy Spo\u0142ecznej dzia\u0142a na podstawie ustawy z dnia 7 kwietnia 1989 r. Prawo o stowarzyszeniach (Dz.U.z 1989 Nr. 20, poz.104 z p\u00f3\u017an. zm.) oraz statutu.<\/p>\n\n\n\n<p>Za podstawowe cele dzia\u0142alno\u015bci Krasnostawskiego Stowarzyszenia Ochrony Zdrowia Psychicznego i Pomocy Spo\u0142ecznej uznaje si\u0119:<\/p>\n\n\n\n<p>&#8211; Ochron\u0119 i promocj\u0119 zdrowia psychicznego,<\/p>\n\n\n\n<p>\u2013 Podejmowanie dzia\u0142a\u0144 na rzecz os\u00f3b z zaburzeniami psychicznymi, ich rodzin oraz otoczenia,<\/p>\n\n\n\n<p>\u2013 Podejmowanie dzia\u0142a\u0144 z zakresu pomocy spo\u0142ecznej poprzez wspieranie rodzin w przezwyci\u0119\u017ceniu ich trudnej sytuacji \u017cyciowej oraz aktywizacj\u0119 i integracj\u0119 ze \u015brodowiskiem lokalnym.<\/p>\n\n\n\n<p>\u2013 Podejmowanie dzia\u0142a\u0144 z zakresu rehabilitacji spo\u0142ecznej lub\/i zawodowej os\u00f3b niepe\u0142nosprawnych.<\/p>\n\n\n\n<p>&nbsp;&nbsp;&nbsp;&nbsp;&nbsp;&nbsp;&nbsp;&nbsp;&nbsp;&nbsp;&nbsp;Krasnostawskie Stowarzyszenie Ochrony Zdrowia Psychicznego i Pomocy Spo\u0142ecznej rozpocz\u0119\u0142o swoj\u0105 dzia\u0142alno\u015b\u0107 w 2005 roku. &nbsp;&nbsp;&nbsp;&nbsp;&nbsp;&nbsp;&nbsp;&nbsp;&nbsp;&nbsp;&nbsp;<\/p>\n\n\n\n<p>&nbsp;&nbsp;&nbsp;&nbsp;&nbsp;&nbsp;&nbsp;&nbsp;&nbsp;&nbsp;&nbsp;Stowarzyszenie powsta\u0142o z inicjatywy Pani Jadwigi Zaj\u0105czkowskiej, \u00f3wczesnej Dyrektor Miejskiego O\u015brodka Pomocy Spo\u0142ecznej oraz z jasn\u0105 wizj\u0105 potrzeby realizacji zada\u0144 w zakresie szerszym ni\u017c przewidywa\u0142a ustawa o pomocy spo\u0142ecznej.<\/p>\n\n\n\n<p>&nbsp;&nbsp;&nbsp;&nbsp;&nbsp;&nbsp;&nbsp;&nbsp;&nbsp;&nbsp;&nbsp;Na pierwsz\u0105 prezes powo\u0142ano Pani\u0105 Monik\u0119 Kocha\u0144czyk- Janowska. Wraz z zarz\u0105dem oraz cz\u0142onkami, przyczynili si\u0119 do rozwoju Stowarzyszenia pod nazw\u0105 Krasnostawskie Stowarzyszenie Ochrony Zdrowia Psychicznego. Za g\u0142\u00f3wny cel Stowarzyszenie uzna\u0142o <strong>ochron\u0119 i promocj\u0119 zdrowia psychicznego oraz podejmowanie dzia\u0142a\u0144 na rzecz os\u00f3b z zaburzeniami psychicznymi, ich rodzin oraz otoczenia.<\/strong><\/p>\n\n\n\n<p>&nbsp;&nbsp;&nbsp;&nbsp;&nbsp;&nbsp;&nbsp;&nbsp;&nbsp;&nbsp;&nbsp;&nbsp;W 2006 roku prezesem zarz\u0105du zosta\u0142 Pan Piotr Magier, a rok p\u00f3\u017aniej Pani Agata Szewczyk. W 2008 roku funkcj\u0119 Prezesa przej\u0119\u0142a Pani Monika Sawa, a w 2017 roku Pani Agnieszka Bukowska. Od 2025 roku Prezesem Stowarzyszenia jest Marta Soczy\u0144ska.<\/p>\n\n\n\n<p>&nbsp;&nbsp;&nbsp;&nbsp;&nbsp;&nbsp;&nbsp;&nbsp;&nbsp;&nbsp;&nbsp;Stowarzyszenie realizowa\u0142o zadania, programy, projekty, dofinansowanie do turnusu rehabilitacyjnego oraz pomoc osobom potrzebuj\u0105cym:<\/p>\n\n\n\n<p>&#8211; Specjalistyczne us\u0142ugi opieku\u0144cze dla os\u00f3b z zaburzeniami psychicznymi,<\/p>\n\n\n\n<p>&#8211; Pomoc spo\u0142eczna osobom zagro\u017conym ub\u00f3stwem oraz wyr\u00f3wnywanie szans tych rodzin i os\u00f3b (realizacja pomocy w formie dostarczenia \u017cywno\u015bci dla 160 rodzin w szczeg\u00f3lno\u015bci dla os\u00f3b z zaburzeniami psychicznymi),<\/p>\n\n\n\n<p>&#8211; Rehabilitacja zawodowa i spo\u0142eczna os\u00f3b niepe\u0142nosprawnych- wspieranie program\u00f3w edukacyjno-terapeutycznych oraz dzia\u0142alno\u015bci rehabilitacyjnej wobec os\u00f3b niepe\u0142nosprawnych ruchowo oraz z innymi zaburzeniami rozwoju (prowadzenie Punktu Informacyjnego dla os\u00f3b niepe\u0142nosprawnych ze szczeg\u00f3lnym uwzgl\u0119dnieniem os\u00f3b z zaburzeniami psychicznymi),<\/p>\n\n\n\n<p>&#8211; \u201eProgram wsp\u00f3\u0142pracy Wojewody Lubelskiego z organizacjami pozarz\u0105dowymi w zakresie pomocy spo\u0142ecznej\u201d; cel III &#8211; Poprawa warunk\u00f3w \u017cycia ludzi starszych i niepe\u0142nosprawnych- zmniejszenie spo\u0142ecznego wykluczenia tych os\u00f3b oraz \u0142agodzenie ich problem\u00f3w; punkt 4 \u201ePomoc w integracji spo\u0142ecznej i utrzymaniu kontakt\u00f3w spo\u0142ecznych\u201d, (Biesiada integracyjna dla os\u00f3b starszych i niepe\u0142nosprawnych),<\/p>\n\n\n\n<p>&#8211; Pomoc spo\u0142eczna osobom zagro\u017conym ub\u00f3stwem \u201eDostarczenie \u017cywno\u015bci najubo\u017cszej ludno\u015bci UE\u201d,<\/p>\n\n\n\n<p>&#8211; Prowadzenie dzia\u0142a\u0144 zapobiegaj\u0105cych izolacji \u201eKrok w prz\u00f3d\u201d- wsparcie i aktywizacja os\u00f3b niepe\u0142nosprawnych z terenu miasta Krasnystaw i ich rodzin, ze szczeg\u00f3lnym uwzgl\u0119dnieniem os\u00f3b z zaburzeniami psychicznymi; prowadzenie grupy samopomocowej,<\/p>\n\n\n\n<p>&#8211; Program \u201eMoja Przysz\u0142o\u015b\u0107\u201d- Ecorys Polska Sp.z o.o., (Specjalistyczne us\u0142ugi opieku\u0144cze)<\/p>\n\n\n\n<p>&#8211; \u201eSpartakiada os\u00f3b niepe\u0142nosprawnych\u201d,<\/p>\n\n\n\n<p>&#8211; Og\u00f3lnopolska zbi\u00f3rka \u017cywno\u015bci \u201ePodziel si\u0119 posi\u0142kiem\u201d,<\/p>\n\n\n\n<p>&#8211; \u201eS\u0104SIEDNI\u201d- rozw\u00f3j us\u0142ug s\u0105siedzkich na rzecz mieszka\u0144c\u00f3w Krasnegostawu,<\/p>\n\n\n\n<p>&#8211; \u201e Plener Malarski dla os\u00f3b niepe\u0142nosprawnych\u201d<\/p>\n","protected":false},"excerpt":{"rendered":"<p>Krasnostawskie Stowarzyszenie Ochrony Zdrowia Psychicznego i Pomocy Spo\u0142ecznej dzia\u0142a na podstawie ustawy z dnia 7 kwietnia 1989 r. Prawo o stowarzyszeniach (Dz.U.z 1989 Nr. 20, poz.104 z p\u00f3\u017an. zm.) oraz statutu. Za podstawowe cele dzia\u0142alno\u015bci Krasnostawskiego Stowarzyszenia Ochrony Zdrowia Psychicznego i Pomocy Spo\u0142ecznej uznaje si\u0119: &#8211; Ochron\u0119 i promocj\u0119 zdrowia psychicznego, \u2013 Podejmowanie dzia\u0142a\u0144 na [&hellip;]<\/p>\n","protected":false},"author":3,"featured_media":0,"parent":0,"menu_order":0,"comment_status":"closed","ping_status":"closed","template":"","meta":[],"yoast_head":"<!-- This site is optimized with the Yoast SEO plugin v19.0 - https:\/\/yoast.com\/wordpress\/plugins\/seo\/ -->\n<title>Krasnostawskie Stowarzyszenie Ochrony Zdrowia Psychicznego i Pomocy Spo\u0142ecznej - MOPS Krasnystaw<\/title>\n<meta name=\"robots\" content=\"index, follow, max-snippet:-1, max-image-preview:large, max-video-preview:-1\" \/>\n<link rel=\"canonical\" href=\"https:\/\/www.mopskrasnystaw.pl\/?page_id=5123\" \/>\n<meta property=\"og:locale\" content=\"pl_PL\" \/>\n<meta property=\"og:type\" content=\"article\" \/>\n<meta property=\"og:title\" content=\"Krasnostawskie Stowarzyszenie Ochrony Zdrowia Psychicznego i Pomocy Spo\u0142ecznej - MOPS Krasnystaw\" \/>\n<meta property=\"og:description\" content=\"Krasnostawskie Stowarzyszenie Ochrony Zdrowia Psychicznego i Pomocy Spo\u0142ecznej dzia\u0142a na podstawie ustawy z dnia 7 kwietnia 1989 r. Prawo o stowarzyszeniach (Dz.U.z 1989 Nr. 20, poz.104 z p\u00f3\u017an. zm.) oraz statutu. Za podstawowe cele dzia\u0142alno\u015bci Krasnostawskiego Stowarzyszenia Ochrony Zdrowia Psychicznego i Pomocy Spo\u0142ecznej uznaje si\u0119: &#8211; Ochron\u0119 i promocj\u0119 zdrowia psychicznego, \u2013 Podejmowanie dzia\u0142a\u0144 na [&hellip;]\" \/>\n<meta property=\"og:url\" content=\"https:\/\/www.mopskrasnystaw.pl\/?page_id=5123\" \/>\n<meta property=\"og:site_name\" content=\"MOPS Krasnystaw\" \/>\n<meta property=\"article:modified_time\" content=\"2025-12-05T11:34:17+00:00\" \/>\n<meta property=\"og:image\" content=\"https:\/\/www.mopskrasnystaw.pl\/wp-content\/uploads\/2025\/12\/obraz-1024x140.png\" \/>\n<meta name=\"twitter:card\" content=\"summary_large_image\" \/>\n<meta name=\"twitter:label1\" content=\"Szacowany czas czytania\" \/>\n\t<meta name=\"twitter:data1\" content=\"3 minuty\" \/>\n<script type=\"application\/ld+json\" class=\"yoast-schema-graph\">{\"@context\":\"https:\/\/schema.org\",\"@graph\":[{\"@type\":\"WebSite\",\"@id\":\"https:\/\/www.mopskrasnystaw.pl\/#website\",\"url\":\"https:\/\/www.mopskrasnystaw.pl\/\",\"name\":\"MOPS Krasnystaw\",\"description\":\"\",\"potentialAction\":[{\"@type\":\"SearchAction\",\"target\":{\"@type\":\"EntryPoint\",\"urlTemplate\":\"https:\/\/www.mopskrasnystaw.pl\/?s={search_term_string}\"},\"query-input\":\"required name=search_term_string\"}],\"inLanguage\":\"pl-PL\"},{\"@type\":\"ImageObject\",\"inLanguage\":\"pl-PL\",\"@id\":\"https:\/\/www.mopskrasnystaw.pl\/?page_id=5123#primaryimage\",\"url\":\"https:\/\/www.mopskrasnystaw.pl\/wp-content\/uploads\/2025\/12\/obraz.png\",\"contentUrl\":\"https:\/\/www.mopskrasnystaw.pl\/wp-content\/uploads\/2025\/12\/obraz.png\",\"width\":1124,\"height\":154},{\"@type\":\"WebPage\",\"@id\":\"https:\/\/www.mopskrasnystaw.pl\/?page_id=5123#webpage\",\"url\":\"https:\/\/www.mopskrasnystaw.pl\/?page_id=5123\",\"name\":\"Krasnostawskie Stowarzyszenie Ochrony Zdrowia Psychicznego i Pomocy Spo\u0142ecznej - MOPS Krasnystaw\",\"isPartOf\":{\"@id\":\"https:\/\/www.mopskrasnystaw.pl\/#website\"},\"primaryImageOfPage\":{\"@id\":\"https:\/\/www.mopskrasnystaw.pl\/?page_id=5123#primaryimage\"},\"datePublished\":\"2025-12-05T11:34:16+00:00\",\"dateModified\":\"2025-12-05T11:34:17+00:00\",\"breadcrumb\":{\"@id\":\"https:\/\/www.mopskrasnystaw.pl\/?page_id=5123#breadcrumb\"},\"inLanguage\":\"pl-PL\",\"potentialAction\":[{\"@type\":\"ReadAction\",\"target\":[\"https:\/\/www.mopskrasnystaw.pl\/?page_id=5123\"]}]},{\"@type\":\"BreadcrumbList\",\"@id\":\"https:\/\/www.mopskrasnystaw.pl\/?page_id=5123#breadcrumb\",\"itemListElement\":[{\"@type\":\"ListItem\",\"position\":1,\"name\":\"Strona g\u0142\u00f3wna\",\"item\":\"https:\/\/www.mopskrasnystaw.pl\/\"},{\"@type\":\"ListItem\",\"position\":2,\"name\":\"Krasnostawskie Stowarzyszenie Ochrony Zdrowia Psychicznego i Pomocy Spo\u0142ecznej\"}]}]}<\/script>\n<!-- \/ Yoast SEO plugin. -->","yoast_head_json":{"title":"Krasnostawskie Stowarzyszenie Ochrony Zdrowia Psychicznego i Pomocy Spo\u0142ecznej - MOPS Krasnystaw","robots":{"index":"index","follow":"follow","max-snippet":"max-snippet:-1","max-image-preview":"max-image-preview:large","max-video-preview":"max-video-preview:-1"},"canonical":"https:\/\/www.mopskrasnystaw.pl\/?page_id=5123","og_locale":"pl_PL","og_type":"article","og_title":"Krasnostawskie Stowarzyszenie Ochrony Zdrowia Psychicznego i Pomocy Spo\u0142ecznej - MOPS Krasnystaw","og_description":"Krasnostawskie Stowarzyszenie Ochrony Zdrowia Psychicznego i Pomocy Spo\u0142ecznej dzia\u0142a na podstawie ustawy z dnia 7 kwietnia 1989 r. Prawo o stowarzyszeniach (Dz.U.z 1989 Nr. 20, poz.104 z p\u00f3\u017an. zm.) oraz statutu. Za podstawowe cele dzia\u0142alno\u015bci Krasnostawskiego Stowarzyszenia Ochrony Zdrowia Psychicznego i Pomocy Spo\u0142ecznej uznaje si\u0119: &#8211; Ochron\u0119 i promocj\u0119 zdrowia psychicznego, \u2013 Podejmowanie dzia\u0142a\u0144 na [&hellip;]","og_url":"https:\/\/www.mopskrasnystaw.pl\/?page_id=5123","og_site_name":"MOPS Krasnystaw","article_modified_time":"2025-12-05T11:34:17+00:00","og_image":[{"url":"https:\/\/www.mopskrasnystaw.pl\/wp-content\/uploads\/2025\/12\/obraz-1024x140.png"}],"twitter_card":"summary_large_image","twitter_misc":{"Szacowany czas czytania":"3 minuty"},"schema":{"@context":"https:\/\/schema.org","@graph":[{"@type":"WebSite","@id":"https:\/\/www.mopskrasnystaw.pl\/#website","url":"https:\/\/www.mopskrasnystaw.pl\/","name":"MOPS Krasnystaw","description":"","potentialAction":[{"@type":"SearchAction","target":{"@type":"EntryPoint","urlTemplate":"https:\/\/www.mopskrasnystaw.pl\/?s={search_term_string}"},"query-input":"required name=search_term_string"}],"inLanguage":"pl-PL"},{"@type":"ImageObject","inLanguage":"pl-PL","@id":"https:\/\/www.mopskrasnystaw.pl\/?page_id=5123#primaryimage","url":"https:\/\/www.mopskrasnystaw.pl\/wp-content\/uploads\/2025\/12\/obraz.png","contentUrl":"https:\/\/www.mopskrasnystaw.pl\/wp-content\/uploads\/2025\/12\/obraz.png","width":1124,"height":154},{"@type":"WebPage","@id":"https:\/\/www.mopskrasnystaw.pl\/?page_id=5123#webpage","url":"https:\/\/www.mopskrasnystaw.pl\/?page_id=5123","name":"Krasnostawskie Stowarzyszenie Ochrony Zdrowia Psychicznego i Pomocy Spo\u0142ecznej - MOPS Krasnystaw","isPartOf":{"@id":"https:\/\/www.mopskrasnystaw.pl\/#website"},"primaryImageOfPage":{"@id":"https:\/\/www.mopskrasnystaw.pl\/?page_id=5123#primaryimage"},"datePublished":"2025-12-05T11:34:16+00:00","dateModified":"2025-12-05T11:34:17+00:00","breadcrumb":{"@id":"https:\/\/www.mopskrasnystaw.pl\/?page_id=5123#breadcrumb"},"inLanguage":"pl-PL","potentialAction":[{"@type":"ReadAction","target":["https:\/\/www.mopskrasnystaw.pl\/?page_id=5123"]}]},{"@type":"BreadcrumbList","@id":"https:\/\/www.mopskrasnystaw.pl\/?page_id=5123#breadcrumb","itemListElement":[{"@type":"ListItem","position":1,"name":"Strona g\u0142\u00f3wna","item":"https:\/\/www.mopskrasnystaw.pl\/"},{"@type":"ListItem","position":2,"name":"Krasnostawskie Stowarzyszenie Ochrony Zdrowia Psychicznego i Pomocy Spo\u0142ecznej"}]}]}},"_links":{"self":[{"href":"https:\/\/www.mopskrasnystaw.pl\/index.php?rest_route=\/wp\/v2\/pages\/5123"}],"collection":[{"href":"https:\/\/www.mopskrasnystaw.pl\/index.php?rest_route=\/wp\/v2\/pages"}],"about":[{"href":"https:\/\/www.mopskrasnystaw.pl\/index.php?rest_route=\/wp\/v2\/types\/page"}],"author":[{"embeddable":true,"href":"https:\/\/www.mopskrasnystaw.pl\/index.php?rest_route=\/wp\/v2\/users\/3"}],"replies":[{"embeddable":true,"href":"https:\/\/www.mopskrasnystaw.pl\/index.php?rest_route=%2Fwp%2Fv2%2Fcomments&post=5123"}],"version-history":[{"count":1,"href":"https:\/\/www.mopskrasnystaw.pl\/index.php?rest_route=\/wp\/v2\/pages\/5123\/revisions"}],"predecessor-version":[{"id":5125,"href":"https:\/\/www.mopskrasnystaw.pl\/index.php?rest_route=\/wp\/v2\/pages\/5123\/revisions\/5125"}],"wp:attachment":[{"href":"https:\/\/www.mopskrasnystaw.pl\/index.php?rest_route=%2Fwp%2Fv2%2Fmedia&parent=5123"}],"curies":[{"name":"wp","href":"https:\/\/api.w.org\/{rel}","templated":true}]}}