{"id":5081,"date":"2025-10-28T10:18:35","date_gmt":"2025-10-28T10:18:35","guid":{"rendered":"https:\/\/www.mopskrasnystaw.pl\/?page_id=5081"},"modified":"2025-12-10T11:27:55","modified_gmt":"2025-12-10T11:27:55","slug":"bon-cieplowniczy","status":"publish","type":"page","link":"https:\/\/www.mopskrasnystaw.pl\/?page_id=5081","title":{"rendered":"Bon ciep\u0142owniczy"},"content":{"rendered":"\n<p><strong><em>BON CIEP\u0141OWNICZY przys\u0142uguje tylko osobom, kt\u00f3re korzystaj\u0105 z ciep\u0142a dostarczanego przez system ciep\u0142owniczy oraz spe\u0142niaj\u0105 \u0142\u0105cznie <u>dwie przes\u0142anki<\/u>:<\/em><\/strong><\/p>\n\n\n\n<p><strong><em>1. jednosk\u0142adnikowa cena ciep\u0142a netto obowi\u0105zuj\u0105ca w rozliczeniach z odbiorcami ciep\u0142a w&nbsp; danym systemie ciep\u0142owniczym przekracza 170 z\u0142 za GJ<\/em><\/strong><\/p>\n\n\n\n<p><strong><em>2. doch\u00f3d w gospodarstwie domowym:<\/em><\/strong><\/p>\n\n\n\n<p><strong><em>&#8211; jednoosobowym nie przekracza kwoty 3272,69 z\u0142<\/em><\/strong><\/p>\n\n\n\n<p><strong><em>&#8211; wieloosobowym&nbsp; nie przekracza kwoty 2454,52 z\u0142 na osob\u0119 w rodzinie<\/em><\/strong><\/p>\n\n\n\n<p><strong><em>Z informacji, kt\u00f3re posiada Miejski O\u015brodek Pomocy Spo\u0142ecznej w Krasnymstawie wynika, \u017ce jednosk\u0142adnikowa cena ciep\u0142a dostarczana mieszka\u0144com Krasnegostawu nie przekracza 170 z\u0142 za GJ.<\/em><\/strong><\/p>\n\n\n\n<p><strong><em>O jednosk\u0142adnikow\u0105 cen\u0119 ciep\u0142a nale\u017cy zapyta\u0107 <u>zarz\u0105dc\u0119 nieruchomo\u015bci<\/u>, jednocze\u015bnie informuj\u0119, \u017ce &nbsp;informacj\u0119 o wysoko\u015bci jednosk\u0142adnikowych cen ciep\u0142a netto stosowanych w rozliczeniach z odbiorcami ciep\u0142a w poszczeg\u00f3lnych grupach taryfowych i&nbsp;mieszka\u0144c\u00f3w Krasnostawskiej Sp\u00f3\u0142dzielni Mieszkaniowej w 2025 r. zamieszczono na&nbsp;stronie Krasnostawskiej Sp\u00f3\u0142dzielni Mieszkaniowej w zak\u0142adce: Og\u0142oszenia i&nbsp; Komunikaty.<\/em><\/strong><\/p>\n\n\n\n<p><strong>&nbsp;&nbsp;&nbsp;&nbsp;&nbsp; INFORMACJA o<\/strong> &nbsp;<strong>BONIE CIEP\u0141OWNICZYM W 2025 ROKU<\/strong><\/p>\n\n\n\n<p>Bon ciep\u0142owniczy jest \u015bwiadczeniem pieni\u0119\u017cnym przys\u0142uguj\u0105cym osobom, kt\u00f3re korzystaj\u0105 z ciep\u0142a dostarczanego przez system ciep\u0142owniczy.<\/p>\n\n\n\n<p>Wnioski na BON CIEP\u0141OWNICZY mo\u017cna sk\u0142ada\u0107&nbsp; w wersji papierowej lub elektronicznej osobi\u015bcie do Miejskiego O\u015brodka Pomocy Spo\u0142ecznej w&nbsp; Krasnymstawie, ul. Pi\u0142sudskiego 9 ( pok. 1, 2 i 5 parter wej\u015bcie od ulicy) albo nada\u0107 w plac\u00f3wce pocztowej&nbsp; opatrzone w\u0142asnor\u0119cznym podpisem lub&nbsp; elektronicznie za pomoc\u0105 komunikacji elektronicznej &nbsp;opatrzone kwalifikowanym podpisem elektronicznym, podpisem zaufanym, elektronicznym podpisem osobistym w dw\u00f3ch terminach:<\/p>\n\n\n\n<p><strong>&#8211; od 3 listopada 2025 r. do 15 grudnia 2025 r. za okres od 1 lipca 2025 r. do 31 grudnia 2025 r. &nbsp;wyp\u0142aty jednorazowo:<\/strong><\/p>\n\n\n\n<p>a)&nbsp; 500 z\u0142 \u2013 dla gospodarstwa domowego w przypadku gdy jednosk\u0142adnikowa cena ciep\u0142a netto obowi\u0105zuj\u0105ca w rozliczeniach z odbiorcami ciep\u0142a w danej grupie taryfowej w danym systemie ciep\u0142owniczym jest wy\u017csza ni\u017c&nbsp; 170 z\u0142\/GJ netto i nie wy\u017csza ni\u017c 200 z\u0142\/GJ netto,<\/p>\n\n\n\n<p>b) 1000 z\u0142 \u2013 dla gospodarstwa domowego w przypadku gdy jednosk\u0142adnikowa cena ciep\u0142a netto obowi\u0105zuj\u0105ca w rozliczeniach z odbiorcami ciep\u0142a w danej grupie taryfowej w danym systemie ciep\u0142owniczym jest wy\u017csza ni\u017c&nbsp; 200 z\u0142\/GJ netto i nie wy\u017csza ni\u017c 230 z\u0142\/GJ netto,<\/p>\n\n\n\n<p>c) 1750 z\u0142 \u2013 dla gospodarstwa domowego w przypadku gdy jednosk\u0142adnikowa cena ciep\u0142a netto obowi\u0105zuj\u0105ca w rozliczeniach z odbiorcami ciep\u0142a w danej grupie taryfowej w danym systemie ciep\u0142owniczym jest wy\u017csza ni\u017c&nbsp; 230 z\u0142\/GJ netto;<\/p>\n\n\n\n<p><strong>&#8211; od 1 lipca 2025 r. do 31 sierpnia 2026 r. za okres od 1 stycznia 2026 r. do 31 grudnia 2026 r. wyp\u0142aty jednorazowo:<\/strong><\/p>\n\n\n\n<p>a)&nbsp; 1000 z\u0142 \u2013 dla gospodarstwa domowego w przypadku gdy jednosk\u0142adnikowa cena ciep\u0142a netto obowi\u0105zuj\u0105ca w rozliczeniach z odbiorcami ciep\u0142a w danej grupie taryfowej w danym systemie ciep\u0142owniczym jest wy\u017csza ni\u017c&nbsp; 170 z\u0142\/GJ netto i nie wy\u017csza ni\u017c 200 z\u0142\/GJ netto,<\/p>\n\n\n\n<p>b) 2000 z\u0142 \u2013 dla gospodarstwa domowego w przypadku gdy jednosk\u0142adnikowa cena ciep\u0142a netto obowi\u0105zuj\u0105ca w rozliczeniach z odbiorcami ciep\u0142a w danej grupie taryfowej w danym systemie ciep\u0142owniczym jest wy\u017csza ni\u017c&nbsp; 200 z\u0142\/GJ netto i nie wy\u017csza ni\u017c 230 z\u0142\/GJ netto,<\/p>\n\n\n\n<p>c) 3500 z\u0142 \u2013 dla gospodarstwa domowego w przypadku gdy jednosk\u0142adnikowa cena ciep\u0142a netto obowi\u0105zuj\u0105ca w rozliczeniach z odbiorcami ciep\u0142a w danej grupie taryfowej w danym systemie ciep\u0142owniczym jest wy\u017csza ni\u017c&nbsp; 230 z\u0142\/GJ netto;<\/p>\n\n\n\n<p><strong>Dodatkowo obowi\u0105zuje kryterium dochodowe:<\/strong><\/p>\n\n\n\n<p>&#8211;&nbsp; dla gospodarstw jednoosobowych do 3272,69 z\u0142 netto miesi\u0119cznie dla wniosk\u00f3w sk\u0142adanych w&nbsp; terminie <em>od 1 lipca 2025 r. do 31 grudnia 2025 r.<\/em><strong> &nbsp;<\/strong>doch\u00f3d liczony jest z <em>2024 r<\/em>. natomiast dla wniosk\u00f3w sk\u0142adanych <em>od 1 stycznia 2026 r. do 31 grudnia 2026 r. <\/em>doch\u00f3d liczony jest z <em>2025 r.<\/em><\/p>\n\n\n\n<p>&#8211;&nbsp; dla gospodarstw wieloosobowych do 2454,52 z\u0142 netto miesi\u0119cznie na osob\u0119 w rodzinie dla wniosk\u00f3w sk\u0142adanych w&nbsp; terminie <em>od 1 lipca 2025 r. do 31 grudnia 2025 r.<\/em><strong> &nbsp;<\/strong>doch\u00f3d liczony jest z&nbsp; <em>2024 r<\/em>. natomiast dla wniosk\u00f3w sk\u0142adanych w&nbsp; terminie <em>od 1 stycznia 2026 r. do 31 grudnia 2026 r. <\/em>doch\u00f3d liczony jest z <em>2025 r.<\/em><\/p>\n\n\n\n<p><em>Wniosek z\u0142o\u017cony po w\/w terminie pozostawia si\u0119 bez rozpatrzenia.<\/em><\/p>\n\n\n\n<p>Je\u017celi doch\u00f3d nieznacznie przekroczy pr\u00f3g kryterium dochodowego dzia\u0142a zasada \u201ez\u0142ot\u00f3wka za z\u0142ot\u00f3wk\u0119\u201d tzn. bon b\u0119dzie pomniejszony o kwot\u0119 przekroczenia. Minimalna wyp\u0142ata bonu ciep\u0142owniczego wyniesie 20 z\u0142.<\/p>\n\n\n\n<p>W przypadku dw\u00f3ch lub wi\u0119cej gospodarstw domowych znajduj\u0105cych si\u0119 pod wskazanym adresem i&nbsp;otrzymuj\u0105cych jeden, wsp\u00f3lny rachunek za dostarczone ciep\u0142o przys\u0142uguje tylko jeden bon ciep\u0142owniczy. W przypadku gdy wniosek o wyp\u0142at\u0119 bonu ciep\u0142owniczego z\u0142o\u017cy\u0142a wi\u0119cej ni\u017c jedna osoba z tych gospodarstw domowych, bon ten jest wyp\u0142acany osobie w tym gospodarstwie domowym, kt\u00f3ra z\u0142o\u017cy\u0142a wniosek jako pierwsza. Pozosta\u0142e wnioski pozostawia si\u0119 bez rozpatrzenia.<\/p>\n\n\n\n<p>podstawa prawna: ustawa z dnia 12 wrze\u015bnia 2025 r. o bonie ciep\u0142owniczym oraz zmianie niekt\u00f3rych ustaw w celu ograniczenia wysoko\u015bci cen energii elektrycznej (Dz.U. z 2025 r. poz. 1302)<\/p>\n\n\n\n<p>Bon ciep\u0142owniczy przyznaje si\u0119 dwukrotnie za wskazane okresy ( na ka\u017cdy okres nale\u017cy z\u0142o\u017cy\u0107 wniosek we wskazanym terminie):<\/p>\n\n\n\n<p>Bon ciep\u0142owniczy jest \u015bwiadczeniem pieni\u0119\u017cnym przys\u0142uguj\u0105cym osobom, kt\u00f3re korzystaj\u0105 z ciep\u0142a dostarczanego przez system ciep\u0142owniczy<\/p>\n","protected":false},"excerpt":{"rendered":"<p>BON CIEP\u0141OWNICZY przys\u0142uguje tylko osobom, kt\u00f3re korzystaj\u0105 z ciep\u0142a dostarczanego przez system ciep\u0142owniczy oraz spe\u0142niaj\u0105 \u0142\u0105cznie dwie przes\u0142anki: 1. jednosk\u0142adnikowa cena ciep\u0142a netto obowi\u0105zuj\u0105ca w rozliczeniach z odbiorcami ciep\u0142a w&nbsp; danym systemie ciep\u0142owniczym przekracza 170 z\u0142 za GJ 2. doch\u00f3d w gospodarstwie domowym: &#8211; jednoosobowym nie przekracza kwoty 3272,69 z\u0142 &#8211; wieloosobowym&nbsp; nie przekracza kwoty [&hellip;]<\/p>\n","protected":false},"author":3,"featured_media":0,"parent":0,"menu_order":0,"comment_status":"closed","ping_status":"closed","template":"","meta":[],"yoast_head":"<!-- This site is optimized with the Yoast SEO plugin v19.0 - https:\/\/yoast.com\/wordpress\/plugins\/seo\/ -->\n<title>Bon ciep\u0142owniczy - MOPS Krasnystaw<\/title>\n<meta name=\"robots\" content=\"index, follow, max-snippet:-1, max-image-preview:large, max-video-preview:-1\" \/>\n<link rel=\"canonical\" href=\"https:\/\/www.mopskrasnystaw.pl\/?page_id=5081\" \/>\n<meta property=\"og:locale\" content=\"pl_PL\" \/>\n<meta property=\"og:type\" content=\"article\" \/>\n<meta property=\"og:title\" content=\"Bon ciep\u0142owniczy - MOPS Krasnystaw\" \/>\n<meta property=\"og:description\" content=\"BON CIEP\u0141OWNICZY przys\u0142uguje tylko osobom, kt\u00f3re korzystaj\u0105 z ciep\u0142a dostarczanego przez system ciep\u0142owniczy oraz spe\u0142niaj\u0105 \u0142\u0105cznie dwie przes\u0142anki: 1. jednosk\u0142adnikowa cena ciep\u0142a netto obowi\u0105zuj\u0105ca w rozliczeniach z odbiorcami ciep\u0142a w&nbsp; danym systemie ciep\u0142owniczym przekracza 170 z\u0142 za GJ 2. doch\u00f3d w gospodarstwie domowym: &#8211; jednoosobowym nie przekracza kwoty 3272,69 z\u0142 &#8211; wieloosobowym&nbsp; nie przekracza kwoty [&hellip;]\" \/>\n<meta property=\"og:url\" content=\"https:\/\/www.mopskrasnystaw.pl\/?page_id=5081\" \/>\n<meta property=\"og:site_name\" content=\"MOPS Krasnystaw\" \/>\n<meta property=\"article:modified_time\" content=\"2025-12-10T11:27:55+00:00\" \/>\n<meta name=\"twitter:card\" content=\"summary_large_image\" \/>\n<meta name=\"twitter:label1\" content=\"Szacowany czas czytania\" \/>\n\t<meta name=\"twitter:data1\" content=\"5 minut\" \/>\n<script type=\"application\/ld+json\" class=\"yoast-schema-graph\">{\"@context\":\"https:\/\/schema.org\",\"@graph\":[{\"@type\":\"WebSite\",\"@id\":\"https:\/\/www.mopskrasnystaw.pl\/#website\",\"url\":\"https:\/\/www.mopskrasnystaw.pl\/\",\"name\":\"MOPS Krasnystaw\",\"description\":\"\",\"potentialAction\":[{\"@type\":\"SearchAction\",\"target\":{\"@type\":\"EntryPoint\",\"urlTemplate\":\"https:\/\/www.mopskrasnystaw.pl\/?s={search_term_string}\"},\"query-input\":\"required name=search_term_string\"}],\"inLanguage\":\"pl-PL\"},{\"@type\":\"WebPage\",\"@id\":\"https:\/\/www.mopskrasnystaw.pl\/?page_id=5081#webpage\",\"url\":\"https:\/\/www.mopskrasnystaw.pl\/?page_id=5081\",\"name\":\"Bon ciep\u0142owniczy - MOPS Krasnystaw\",\"isPartOf\":{\"@id\":\"https:\/\/www.mopskrasnystaw.pl\/#website\"},\"datePublished\":\"2025-10-28T10:18:35+00:00\",\"dateModified\":\"2025-12-10T11:27:55+00:00\",\"breadcrumb\":{\"@id\":\"https:\/\/www.mopskrasnystaw.pl\/?page_id=5081#breadcrumb\"},\"inLanguage\":\"pl-PL\",\"potentialAction\":[{\"@type\":\"ReadAction\",\"target\":[\"https:\/\/www.mopskrasnystaw.pl\/?page_id=5081\"]}]},{\"@type\":\"BreadcrumbList\",\"@id\":\"https:\/\/www.mopskrasnystaw.pl\/?page_id=5081#breadcrumb\",\"itemListElement\":[{\"@type\":\"ListItem\",\"position\":1,\"name\":\"Strona g\u0142\u00f3wna\",\"item\":\"https:\/\/www.mopskrasnystaw.pl\/\"},{\"@type\":\"ListItem\",\"position\":2,\"name\":\"Bon ciep\u0142owniczy\"}]}]}<\/script>\n<!-- \/ Yoast SEO plugin. -->","yoast_head_json":{"title":"Bon ciep\u0142owniczy - MOPS Krasnystaw","robots":{"index":"index","follow":"follow","max-snippet":"max-snippet:-1","max-image-preview":"max-image-preview:large","max-video-preview":"max-video-preview:-1"},"canonical":"https:\/\/www.mopskrasnystaw.pl\/?page_id=5081","og_locale":"pl_PL","og_type":"article","og_title":"Bon ciep\u0142owniczy - MOPS Krasnystaw","og_description":"BON CIEP\u0141OWNICZY przys\u0142uguje tylko osobom, kt\u00f3re korzystaj\u0105 z ciep\u0142a dostarczanego przez system ciep\u0142owniczy oraz spe\u0142niaj\u0105 \u0142\u0105cznie dwie przes\u0142anki: 1. jednosk\u0142adnikowa cena ciep\u0142a netto obowi\u0105zuj\u0105ca w rozliczeniach z odbiorcami ciep\u0142a w&nbsp; danym systemie ciep\u0142owniczym przekracza 170 z\u0142 za GJ 2. doch\u00f3d w gospodarstwie domowym: &#8211; jednoosobowym nie przekracza kwoty 3272,69 z\u0142 &#8211; wieloosobowym&nbsp; nie przekracza kwoty [&hellip;]","og_url":"https:\/\/www.mopskrasnystaw.pl\/?page_id=5081","og_site_name":"MOPS Krasnystaw","article_modified_time":"2025-12-10T11:27:55+00:00","twitter_card":"summary_large_image","twitter_misc":{"Szacowany czas czytania":"5 minut"},"schema":{"@context":"https:\/\/schema.org","@graph":[{"@type":"WebSite","@id":"https:\/\/www.mopskrasnystaw.pl\/#website","url":"https:\/\/www.mopskrasnystaw.pl\/","name":"MOPS Krasnystaw","description":"","potentialAction":[{"@type":"SearchAction","target":{"@type":"EntryPoint","urlTemplate":"https:\/\/www.mopskrasnystaw.pl\/?s={search_term_string}"},"query-input":"required name=search_term_string"}],"inLanguage":"pl-PL"},{"@type":"WebPage","@id":"https:\/\/www.mopskrasnystaw.pl\/?page_id=5081#webpage","url":"https:\/\/www.mopskrasnystaw.pl\/?page_id=5081","name":"Bon ciep\u0142owniczy - MOPS Krasnystaw","isPartOf":{"@id":"https:\/\/www.mopskrasnystaw.pl\/#website"},"datePublished":"2025-10-28T10:18:35+00:00","dateModified":"2025-12-10T11:27:55+00:00","breadcrumb":{"@id":"https:\/\/www.mopskrasnystaw.pl\/?page_id=5081#breadcrumb"},"inLanguage":"pl-PL","potentialAction":[{"@type":"ReadAction","target":["https:\/\/www.mopskrasnystaw.pl\/?page_id=5081"]}]},{"@type":"BreadcrumbList","@id":"https:\/\/www.mopskrasnystaw.pl\/?page_id=5081#breadcrumb","itemListElement":[{"@type":"ListItem","position":1,"name":"Strona g\u0142\u00f3wna","item":"https:\/\/www.mopskrasnystaw.pl\/"},{"@type":"ListItem","position":2,"name":"Bon ciep\u0142owniczy"}]}]}},"_links":{"self":[{"href":"https:\/\/www.mopskrasnystaw.pl\/index.php?rest_route=\/wp\/v2\/pages\/5081"}],"collection":[{"href":"https:\/\/www.mopskrasnystaw.pl\/index.php?rest_route=\/wp\/v2\/pages"}],"about":[{"href":"https:\/\/www.mopskrasnystaw.pl\/index.php?rest_route=\/wp\/v2\/types\/page"}],"author":[{"embeddable":true,"href":"https:\/\/www.mopskrasnystaw.pl\/index.php?rest_route=\/wp\/v2\/users\/3"}],"replies":[{"embeddable":true,"href":"https:\/\/www.mopskrasnystaw.pl\/index.php?rest_route=%2Fwp%2Fv2%2Fcomments&post=5081"}],"version-history":[{"count":2,"href":"https:\/\/www.mopskrasnystaw.pl\/index.php?rest_route=\/wp\/v2\/pages\/5081\/revisions"}],"predecessor-version":[{"id":5133,"href":"https:\/\/www.mopskrasnystaw.pl\/index.php?rest_route=\/wp\/v2\/pages\/5081\/revisions\/5133"}],"wp:attachment":[{"href":"https:\/\/www.mopskrasnystaw.pl\/index.php?rest_route=%2Fwp%2Fv2%2Fmedia&parent=5081"}],"curies":[{"name":"wp","href":"https:\/\/api.w.org\/{rel}","templated":true}]}}