{"id":4944,"date":"2025-03-11T12:03:01","date_gmt":"2025-03-11T12:03:01","guid":{"rendered":"https:\/\/www.mopskrasnystaw.pl\/?page_id=4944"},"modified":"2025-03-11T12:03:01","modified_gmt":"2025-03-11T12:03:01","slug":"premia-spoleczna","status":"publish","type":"page","link":"https:\/\/www.mopskrasnystaw.pl\/?page_id=4944","title":{"rendered":"Premia spo\u0142eczna"},"content":{"rendered":"<div class=\"wp-block-image\">\n<figure class=\"aligncenter size-full\"><img loading=\"lazy\" width=\"607\" height=\"81\" src=\"https:\/\/www.mopskrasnystaw.pl\/wp-content\/uploads\/2025\/03\/obraz-1.png\" alt=\"\" class=\"wp-image-4942\" srcset=\"https:\/\/www.mopskrasnystaw.pl\/wp-content\/uploads\/2025\/03\/obraz-1.png 607w, https:\/\/www.mopskrasnystaw.pl\/wp-content\/uploads\/2025\/03\/obraz-1-300x40.png 300w\" sizes=\"(max-width: 607px) 100vw, 607px\" \/><\/figure><\/div>\n\n\n<p><strong>Miasto Krasnystaw otrzyma\u0142o grant w wysoko\u015bci 149.972,92 z\u0142 na realizacj\u0119 us\u0142ugi spo\u0142ecznej asystenckiej dla os\u00f3b z niepe\u0142nosprawno\u015bci\u0105 zamieszkuj\u0105cych na terenie miasta Krasnystaw w ramach projektu pt. \u201ePremia spo\u0142eczna\u201d <\/strong>realizowanego przez Fundacj\u0119 Fundusz Wsp\u00f3\u0142pracy w ramach Dzia\u0142ania 04.13 Wysokiej jako\u015bci system w\u0142\u0105czenia spo\u0142ecznego w ramach programu Fundusze dla Rozwoju Spo\u0142ecznego 2021-2027 wsp\u00f3\u0142finansowanego ze \u015brodk\u00f3w Europejskiego Funduszu Spo\u0142ecznego Plus.<\/p>\n\n\n\n<!--more-->\n\n\n\n<p><strong>Czym jest \u201ePremia spo\u0142eczna\u201d?<\/strong><\/p>\n\n\n\n<p>Projekt \u201ePremia spo\u0142eczna\u201d to inicjatywa, kt\u00f3ra odpowiada na wsp\u00f3\u0142czesne wyzwania samorz\u0105d\u00f3w lokalnych. Jej g\u0142\u00f3wnym celem jest zwi\u0119kszenie popytu na us\u0142ugi spo\u0142eczne \u015bwiadczone przez podmioty ekonomii spo\u0142ecznej, a tym samym przyczynienie si\u0119 do d\u0142ugotrwa\u0142ych zmian w obszarze spo\u0142ecznej wsp\u00f3\u0142pracy oraz przeciwdzia\u0142ania wykluczeniu spo\u0142ecznemu. Projekt jest skierowany do wszystkich jednostek samorz\u0105du terytorialnego w Polsce, w tym gmin, powiat\u00f3w oraz miast na prawach powiat\u00f3w, kt\u00f3re odpowiadaj\u0105 za zlecanie realizacji us\u0142ug spo\u0142ecznych.<\/p>\n\n\n\n<p>Ka\u017cda jednostka samorz\u0105du terytorialnego, kt\u00f3ra zdecyduje si\u0119 zleci\u0107 us\u0142ug\u0119 spo\u0142eczn\u0105 podmiotowi ekonomii spo\u0142ecznej, w trybie udzielenia zam\u00f3wienia publicznego&nbsp;lub powierzenia zadania publicznego, mo\u017ce ubiega\u0107 si\u0119 o&nbsp;<strong>grant pokrywaj\u0105cy &nbsp;do 25-70%<\/strong>&nbsp;warto\u015bci zam\u00f3wionych us\u0142ug.<\/p>\n\n\n\n<p>Projekt jest realizowany przez Fundacj\u0119 Fundusz Wsp\u00f3\u0142pracy na podstawie umowy zawartej &nbsp;&nbsp;&nbsp;&nbsp;&nbsp;z Ministerstwem Rodziny, Pracy i Polityki Spo\u0142ecznej.<\/p>\n\n\n\n<p>\u015arodki na realizacj\u0119 projektu pochodz\u0105 z Funduszy Europejskich dla Rozwoju Spo\u0142ecznego 2021-2027, wsp\u00f3\u0142finansowanych przez Europejski Fundusz Spo\u0142eczny Plus oraz bud\u017cet pa\u0144stwa.<\/p>\n\n\n<div class=\"wp-block-image\">\n<figure class=\"aligncenter size-full\"><img loading=\"lazy\" width=\"605\" height=\"71\" src=\"https:\/\/www.mopskrasnystaw.pl\/wp-content\/uploads\/2025\/03\/obraz.png\" alt=\"\" class=\"wp-image-4941\" srcset=\"https:\/\/www.mopskrasnystaw.pl\/wp-content\/uploads\/2025\/03\/obraz.png 605w, https:\/\/www.mopskrasnystaw.pl\/wp-content\/uploads\/2025\/03\/obraz-300x35.png 300w\" sizes=\"(max-width: 605px) 100vw, 605px\" \/><\/figure><\/div>","protected":false},"excerpt":{"rendered":"<p>Miasto Krasnystaw otrzyma\u0142o grant w wysoko\u015bci 149.972,92 z\u0142 na realizacj\u0119 us\u0142ugi spo\u0142ecznej asystenckiej dla os\u00f3b z niepe\u0142nosprawno\u015bci\u0105 zamieszkuj\u0105cych na terenie miasta Krasnystaw w ramach projektu pt. \u201ePremia spo\u0142eczna\u201d realizowanego przez Fundacj\u0119 Fundusz Wsp\u00f3\u0142pracy w ramach Dzia\u0142ania 04.13 Wysokiej jako\u015bci system w\u0142\u0105czenia spo\u0142ecznego w ramach programu Fundusze dla Rozwoju Spo\u0142ecznego 2021-2027 wsp\u00f3\u0142finansowanego ze \u015brodk\u00f3w Europejskiego Funduszu [&hellip;]<\/p>\n","protected":false},"author":3,"featured_media":0,"parent":0,"menu_order":0,"comment_status":"closed","ping_status":"closed","template":"","meta":[],"yoast_head":"<!-- This site is optimized with the Yoast SEO plugin v19.0 - https:\/\/yoast.com\/wordpress\/plugins\/seo\/ -->\n<title>Premia spo\u0142eczna - MOPS Krasnystaw<\/title>\n<meta name=\"robots\" content=\"index, follow, max-snippet:-1, max-image-preview:large, max-video-preview:-1\" \/>\n<link rel=\"canonical\" href=\"https:\/\/www.mopskrasnystaw.pl\/?page_id=4944\" \/>\n<meta property=\"og:locale\" content=\"pl_PL\" \/>\n<meta property=\"og:type\" content=\"article\" \/>\n<meta property=\"og:title\" content=\"Premia spo\u0142eczna - MOPS Krasnystaw\" \/>\n<meta property=\"og:description\" content=\"Miasto Krasnystaw otrzyma\u0142o grant w wysoko\u015bci 149.972,92 z\u0142 na realizacj\u0119 us\u0142ugi spo\u0142ecznej asystenckiej dla os\u00f3b z niepe\u0142nosprawno\u015bci\u0105 zamieszkuj\u0105cych na terenie miasta Krasnystaw w ramach projektu pt. \u201ePremia spo\u0142eczna\u201d realizowanego przez Fundacj\u0119 Fundusz Wsp\u00f3\u0142pracy w ramach Dzia\u0142ania 04.13 Wysokiej jako\u015bci system w\u0142\u0105czenia spo\u0142ecznego w ramach programu Fundusze dla Rozwoju Spo\u0142ecznego 2021-2027 wsp\u00f3\u0142finansowanego ze \u015brodk\u00f3w Europejskiego Funduszu [&hellip;]\" \/>\n<meta property=\"og:url\" content=\"https:\/\/www.mopskrasnystaw.pl\/?page_id=4944\" \/>\n<meta property=\"og:site_name\" content=\"MOPS Krasnystaw\" \/>\n<meta property=\"og:image\" content=\"https:\/\/www.mopskrasnystaw.pl\/wp-content\/uploads\/2025\/03\/obraz-1.png\" \/>\n<meta name=\"twitter:card\" content=\"summary_large_image\" \/>\n<meta name=\"twitter:label1\" content=\"Szacowany czas czytania\" \/>\n\t<meta name=\"twitter:data1\" content=\"2 minuty\" \/>\n<script type=\"application\/ld+json\" class=\"yoast-schema-graph\">{\"@context\":\"https:\/\/schema.org\",\"@graph\":[{\"@type\":\"WebSite\",\"@id\":\"https:\/\/www.mopskrasnystaw.pl\/#website\",\"url\":\"https:\/\/www.mopskrasnystaw.pl\/\",\"name\":\"MOPS Krasnystaw\",\"description\":\"\",\"potentialAction\":[{\"@type\":\"SearchAction\",\"target\":{\"@type\":\"EntryPoint\",\"urlTemplate\":\"https:\/\/www.mopskrasnystaw.pl\/?s={search_term_string}\"},\"query-input\":\"required name=search_term_string\"}],\"inLanguage\":\"pl-PL\"},{\"@type\":\"ImageObject\",\"inLanguage\":\"pl-PL\",\"@id\":\"https:\/\/www.mopskrasnystaw.pl\/?page_id=4944#primaryimage\",\"url\":\"https:\/\/www.mopskrasnystaw.pl\/wp-content\/uploads\/2025\/03\/obraz-1.png\",\"contentUrl\":\"https:\/\/www.mopskrasnystaw.pl\/wp-content\/uploads\/2025\/03\/obraz-1.png\",\"width\":607,\"height\":81},{\"@type\":\"WebPage\",\"@id\":\"https:\/\/www.mopskrasnystaw.pl\/?page_id=4944#webpage\",\"url\":\"https:\/\/www.mopskrasnystaw.pl\/?page_id=4944\",\"name\":\"Premia spo\u0142eczna - MOPS Krasnystaw\",\"isPartOf\":{\"@id\":\"https:\/\/www.mopskrasnystaw.pl\/#website\"},\"primaryImageOfPage\":{\"@id\":\"https:\/\/www.mopskrasnystaw.pl\/?page_id=4944#primaryimage\"},\"datePublished\":\"2025-03-11T12:03:01+00:00\",\"dateModified\":\"2025-03-11T12:03:01+00:00\",\"breadcrumb\":{\"@id\":\"https:\/\/www.mopskrasnystaw.pl\/?page_id=4944#breadcrumb\"},\"inLanguage\":\"pl-PL\",\"potentialAction\":[{\"@type\":\"ReadAction\",\"target\":[\"https:\/\/www.mopskrasnystaw.pl\/?page_id=4944\"]}]},{\"@type\":\"BreadcrumbList\",\"@id\":\"https:\/\/www.mopskrasnystaw.pl\/?page_id=4944#breadcrumb\",\"itemListElement\":[{\"@type\":\"ListItem\",\"position\":1,\"name\":\"Strona g\u0142\u00f3wna\",\"item\":\"https:\/\/www.mopskrasnystaw.pl\/\"},{\"@type\":\"ListItem\",\"position\":2,\"name\":\"Premia spo\u0142eczna\"}]}]}<\/script>\n<!-- \/ Yoast SEO plugin. -->","yoast_head_json":{"title":"Premia spo\u0142eczna - MOPS Krasnystaw","robots":{"index":"index","follow":"follow","max-snippet":"max-snippet:-1","max-image-preview":"max-image-preview:large","max-video-preview":"max-video-preview:-1"},"canonical":"https:\/\/www.mopskrasnystaw.pl\/?page_id=4944","og_locale":"pl_PL","og_type":"article","og_title":"Premia spo\u0142eczna - MOPS Krasnystaw","og_description":"Miasto Krasnystaw otrzyma\u0142o grant w wysoko\u015bci 149.972,92 z\u0142 na realizacj\u0119 us\u0142ugi spo\u0142ecznej asystenckiej dla os\u00f3b z niepe\u0142nosprawno\u015bci\u0105 zamieszkuj\u0105cych na terenie miasta Krasnystaw w ramach projektu pt. \u201ePremia spo\u0142eczna\u201d realizowanego przez Fundacj\u0119 Fundusz Wsp\u00f3\u0142pracy w ramach Dzia\u0142ania 04.13 Wysokiej jako\u015bci system w\u0142\u0105czenia spo\u0142ecznego w ramach programu Fundusze dla Rozwoju Spo\u0142ecznego 2021-2027 wsp\u00f3\u0142finansowanego ze \u015brodk\u00f3w Europejskiego Funduszu [&hellip;]","og_url":"https:\/\/www.mopskrasnystaw.pl\/?page_id=4944","og_site_name":"MOPS Krasnystaw","og_image":[{"url":"https:\/\/www.mopskrasnystaw.pl\/wp-content\/uploads\/2025\/03\/obraz-1.png"}],"twitter_card":"summary_large_image","twitter_misc":{"Szacowany czas czytania":"2 minuty"},"schema":{"@context":"https:\/\/schema.org","@graph":[{"@type":"WebSite","@id":"https:\/\/www.mopskrasnystaw.pl\/#website","url":"https:\/\/www.mopskrasnystaw.pl\/","name":"MOPS Krasnystaw","description":"","potentialAction":[{"@type":"SearchAction","target":{"@type":"EntryPoint","urlTemplate":"https:\/\/www.mopskrasnystaw.pl\/?s={search_term_string}"},"query-input":"required name=search_term_string"}],"inLanguage":"pl-PL"},{"@type":"ImageObject","inLanguage":"pl-PL","@id":"https:\/\/www.mopskrasnystaw.pl\/?page_id=4944#primaryimage","url":"https:\/\/www.mopskrasnystaw.pl\/wp-content\/uploads\/2025\/03\/obraz-1.png","contentUrl":"https:\/\/www.mopskrasnystaw.pl\/wp-content\/uploads\/2025\/03\/obraz-1.png","width":607,"height":81},{"@type":"WebPage","@id":"https:\/\/www.mopskrasnystaw.pl\/?page_id=4944#webpage","url":"https:\/\/www.mopskrasnystaw.pl\/?page_id=4944","name":"Premia spo\u0142eczna - MOPS Krasnystaw","isPartOf":{"@id":"https:\/\/www.mopskrasnystaw.pl\/#website"},"primaryImageOfPage":{"@id":"https:\/\/www.mopskrasnystaw.pl\/?page_id=4944#primaryimage"},"datePublished":"2025-03-11T12:03:01+00:00","dateModified":"2025-03-11T12:03:01+00:00","breadcrumb":{"@id":"https:\/\/www.mopskrasnystaw.pl\/?page_id=4944#breadcrumb"},"inLanguage":"pl-PL","potentialAction":[{"@type":"ReadAction","target":["https:\/\/www.mopskrasnystaw.pl\/?page_id=4944"]}]},{"@type":"BreadcrumbList","@id":"https:\/\/www.mopskrasnystaw.pl\/?page_id=4944#breadcrumb","itemListElement":[{"@type":"ListItem","position":1,"name":"Strona g\u0142\u00f3wna","item":"https:\/\/www.mopskrasnystaw.pl\/"},{"@type":"ListItem","position":2,"name":"Premia spo\u0142eczna"}]}]}},"_links":{"self":[{"href":"https:\/\/www.mopskrasnystaw.pl\/index.php?rest_route=\/wp\/v2\/pages\/4944"}],"collection":[{"href":"https:\/\/www.mopskrasnystaw.pl\/index.php?rest_route=\/wp\/v2\/pages"}],"about":[{"href":"https:\/\/www.mopskrasnystaw.pl\/index.php?rest_route=\/wp\/v2\/types\/page"}],"author":[{"embeddable":true,"href":"https:\/\/www.mopskrasnystaw.pl\/index.php?rest_route=\/wp\/v2\/users\/3"}],"replies":[{"embeddable":true,"href":"https:\/\/www.mopskrasnystaw.pl\/index.php?rest_route=%2Fwp%2Fv2%2Fcomments&post=4944"}],"version-history":[{"count":1,"href":"https:\/\/www.mopskrasnystaw.pl\/index.php?rest_route=\/wp\/v2\/pages\/4944\/revisions"}],"predecessor-version":[{"id":4945,"href":"https:\/\/www.mopskrasnystaw.pl\/index.php?rest_route=\/wp\/v2\/pages\/4944\/revisions\/4945"}],"wp:attachment":[{"href":"https:\/\/www.mopskrasnystaw.pl\/index.php?rest_route=%2Fwp%2Fv2%2Fmedia&parent=4944"}],"curies":[{"name":"wp","href":"https:\/\/api.w.org\/{rel}","templated":true}]}}