{"id":4795,"date":"2024-07-26T06:33:50","date_gmt":"2024-07-26T06:33:50","guid":{"rendered":"https:\/\/www.mopskrasnystaw.pl\/?page_id=4795"},"modified":"2025-10-09T09:34:15","modified_gmt":"2025-10-09T09:34:15","slug":"efs-aktualnosci","status":"publish","type":"page","link":"https:\/\/www.mopskrasnystaw.pl\/?page_id=4795","title":{"rendered":"Aktualno\u015bci"},"content":{"rendered":"\n<p>Miasto Krasnystaw\/Miejski O\u015brodek Pomocy Spo\u0142ecznej w Krasnymstawie realizuje projekt pn. \u201e<strong>Polityka Senioralna EFS+\u201d,<\/strong> nr: FELU.08.05-IZ.00-0001\/23 w ramach programu Fundusze Europejskie dla Lubelskiego 2021-2027, Wsp\u00f3\u0142finansowany jest z Europejskiego Funduszu Spo\u0142ecznego Plus.<\/p>\n\n\n\n<p><img loading=\"lazy\" width=\"16\" height=\"16\" src=\"\" alt=\"\ud83d\udfe2\">Partnerem wiod\u0105cym projektu jest Regionalny O\u015brodek Polityki Spo\u0142ecznej w Lublinie.<\/p>\n\n\n\n<ul><li>Okres realizacji projektu: od 01.09.2023 roku do 30.06.2026 roku.<\/li><\/ul>\n\n\n\n<ul><li>G\u0142\u00f3wnym celem projektu jest poprawa dost\u0119pu do us\u0142ug spo\u0142ecznych i zdrowotnych dla os\u00f3b w wieku 65 lat i wi\u0119cej w szczeg\u00f3lno\u015bci dla os\u00f3b w niekorzystnej sytuacji, w tym: os\u00f3b z niepe\u0142nosprawno\u015bci\u0105 i chorobami wieku starszego, os\u00f3b samotnych, potrzebuj\u0105cych wsparcia w codziennym funkcjonowaniu, wykluczonych komunikacyjnie.<\/li><li>Miasto Krasnystaw w ramach projektu realizuje zadania:<\/li><li>Us\u0142ugi spo\u0142eczne \u015bwiadczone w spo\u0142eczno\u015bci lokalnej poprzez tworzenie warunk\u00f3w i us\u0142ug w zakresie opieki nad osobami potrzebuj\u0105cymi wsparcia:<\/li><li>us\u0142ugi opieku\u0144cze,<\/li><li>us\u0142ugi opieku\u0144czych z towarzysz\u0105c\u0105 us\u0142ug\u0105 rehabilitacyjn\u0105,<\/li><li>us\u0142ugi asystenckie,<\/li><li>us\u0142ugi towarzysz\u0105ce \u201eZ\u0142ota r\u0105czka\u201d,<\/li><li>us\u0142ugi towarzysz\u0105ce podologiczne.<\/li><li>Wsparcie opiekun\u00f3w faktycznych (nieformalnych) os\u00f3b potrzebuj\u0105cych wsparcia w codziennym funkcjonowaniu:<ul><li>us\u0142ugi opieki wytchnieniowej,<\/li><\/ul><ul><li>poradnictwo psychologiczno-gerontologiczne, kt\u00f3re rozpoczniemy w przysz\u0142ym roku.<\/li><\/ul><\/li><li>W styczniu 2025 roku otworzymy wypo\u017cyczalnie sprz\u0119tu rehabilitacyjnego, z kt\u00f3rej b\u0119d\u0105 mogli skorzysta\u0107 uczestnicy projektu.<\/li><\/ul>\n\n\n\n<p><img loading=\"lazy\" width=\"16\" height=\"16\" src=\"\" alt=\"\ud83d\udfe2\">&nbsp;Planowane w projekcie dzia\u0142ania s\u0105 bezp\u0142atne.<\/p>\n\n\n\n<p>Dofinansowanie projektu z UE: 25 904 776, 70 z\u0142.<\/p>\n\n\n\n<p>Ca\u0142kowita warto\u015b\u0107 projektu dla Miasta Krasnystaw wynosi&nbsp; 2 017 400,00 z\u0142 , w tym:<\/p>\n\n\n\n<p>dofinansowanie: 1 916 530,00 z\u0142, wk\u0142ad w\u0142asny: 100 870,00 z\u0142.<\/p>\n\n\n\n<p><img loading=\"lazy\" width=\"16\" height=\"16\" src=\"\">&nbsp;Rekrutacja prowadzona jest przez Miejski O\u015brodek Pomocy Spo\u0142ecznej ul. Pi\u0142sudskiego 9, 22-300 Krasnystaw, nr tel. (082) 576-22-81 \/ 576-23-24.<\/p>\n\n\n\n<p><a href=\"https:\/\/www.facebook.com\/hashtag\/funduszeue?__eep__=6&amp;__cft__%5b0%5d=AZWRvaYt4Q7-4mym0ugYLG5NiFXYPbONYEC5EQK3lOIooTuw4lm91ObvmjpBJx0oiJ9GwGGyAgfTOKzXv1IQhUgGvzOD6CYzKRIP-p3kO0ePd4fKW8KB1IYuTS5pva3zZNys4w-SAFCx4JUpYPLGwT9sMZ-5Y1vvSDOWyp8xqaw--A&amp;__tn__=*NK-R\">#FunduszeUE<\/a> &nbsp;<a href=\"https:\/\/www.facebook.com\/hashtag\/funduszeeuropejskie?__eep__=6&amp;__cft__%5b0%5d=AZWRvaYt4Q7-4mym0ugYLG5NiFXYPbONYEC5EQK3lOIooTuw4lm91ObvmjpBJx0oiJ9GwGGyAgfTOKzXv1IQhUgGvzOD6CYzKRIP-p3kO0ePd4fKW8KB1IYuTS5pva3zZNys4w-SAFCx4JUpYPLGwT9sMZ-5Y1vvSDOWyp8xqaw--A&amp;__tn__=*NK-R\">#FunduszeEuropejskie<\/a><\/p>\n\n\n\n<figure class=\"wp-block-image size-large\"><img loading=\"lazy\" width=\"1024\" height=\"718\" src=\"https:\/\/www.mopskrasnystaw.pl\/wp-content\/uploads\/2025\/10\/001_09102025_113146-1024x718.jpg\" alt=\"\" class=\"wp-image-5037\" srcset=\"https:\/\/www.mopskrasnystaw.pl\/wp-content\/uploads\/2025\/10\/001_09102025_113146-1024x718.jpg 1024w, https:\/\/www.mopskrasnystaw.pl\/wp-content\/uploads\/2025\/10\/001_09102025_113146-300x210.jpg 300w, https:\/\/www.mopskrasnystaw.pl\/wp-content\/uploads\/2025\/10\/001_09102025_113146-768x538.jpg 768w, https:\/\/www.mopskrasnystaw.pl\/wp-content\/uploads\/2025\/10\/001_09102025_113146.jpg 1083w\" sizes=\"(max-width: 1024px) 100vw, 1024px\" \/><\/figure>\n","protected":false},"excerpt":{"rendered":"<p>Miasto Krasnystaw\/Miejski O\u015brodek Pomocy Spo\u0142ecznej w Krasnymstawie realizuje projekt pn. \u201ePolityka Senioralna EFS+\u201d, nr: FELU.08.05-IZ.00-0001\/23 w ramach programu Fundusze Europejskie dla Lubelskiego 2021-2027, Wsp\u00f3\u0142finansowany jest z Europejskiego Funduszu Spo\u0142ecznego Plus. Partnerem wiod\u0105cym projektu jest Regionalny O\u015brodek Polityki Spo\u0142ecznej w Lublinie. Okres realizacji projektu: od 01.09.2023 roku do 30.06.2026 roku. G\u0142\u00f3wnym celem projektu jest poprawa dost\u0119pu [&hellip;]<\/p>\n","protected":false},"author":3,"featured_media":0,"parent":0,"menu_order":0,"comment_status":"closed","ping_status":"closed","template":"","meta":[],"yoast_head":"<!-- This site is optimized with the Yoast SEO plugin v19.0 - https:\/\/yoast.com\/wordpress\/plugins\/seo\/ -->\n<title>Aktualno\u015bci - MOPS Krasnystaw<\/title>\n<meta name=\"robots\" content=\"index, follow, max-snippet:-1, max-image-preview:large, max-video-preview:-1\" \/>\n<link rel=\"canonical\" href=\"https:\/\/www.mopskrasnystaw.pl\/?page_id=4795\" \/>\n<meta property=\"og:locale\" content=\"pl_PL\" \/>\n<meta property=\"og:type\" content=\"article\" \/>\n<meta property=\"og:title\" content=\"Aktualno\u015bci - MOPS Krasnystaw\" \/>\n<meta property=\"og:description\" content=\"Miasto Krasnystaw\/Miejski O\u015brodek Pomocy Spo\u0142ecznej w Krasnymstawie realizuje projekt pn. \u201ePolityka Senioralna EFS+\u201d, nr: FELU.08.05-IZ.00-0001\/23 w ramach programu Fundusze Europejskie dla Lubelskiego 2021-2027, Wsp\u00f3\u0142finansowany jest z Europejskiego Funduszu Spo\u0142ecznego Plus. Partnerem wiod\u0105cym projektu jest Regionalny O\u015brodek Polityki Spo\u0142ecznej w Lublinie. Okres realizacji projektu: od 01.09.2023 roku do 30.06.2026 roku. G\u0142\u00f3wnym celem projektu jest poprawa dost\u0119pu [&hellip;]\" \/>\n<meta property=\"og:url\" content=\"https:\/\/www.mopskrasnystaw.pl\/?page_id=4795\" \/>\n<meta property=\"og:site_name\" content=\"MOPS Krasnystaw\" \/>\n<meta property=\"article:modified_time\" content=\"2025-10-09T09:34:15+00:00\" \/>\n<meta property=\"og:image\" content=\"https:\/\/www.mopskrasnystaw.pl\/wp-content\/uploads\/2025\/10\/001_09102025_113146-1024x718.jpg\" \/>\n<meta name=\"twitter:card\" content=\"summary_large_image\" \/>\n<meta name=\"twitter:label1\" content=\"Szacowany czas czytania\" \/>\n\t<meta name=\"twitter:data1\" content=\"3 minuty\" \/>\n<script type=\"application\/ld+json\" class=\"yoast-schema-graph\">{\"@context\":\"https:\/\/schema.org\",\"@graph\":[{\"@type\":\"WebSite\",\"@id\":\"https:\/\/www.mopskrasnystaw.pl\/#website\",\"url\":\"https:\/\/www.mopskrasnystaw.pl\/\",\"name\":\"MOPS Krasnystaw\",\"description\":\"\",\"potentialAction\":[{\"@type\":\"SearchAction\",\"target\":{\"@type\":\"EntryPoint\",\"urlTemplate\":\"https:\/\/www.mopskrasnystaw.pl\/?s={search_term_string}\"},\"query-input\":\"required name=search_term_string\"}],\"inLanguage\":\"pl-PL\"},{\"@type\":\"ImageObject\",\"inLanguage\":\"pl-PL\",\"@id\":\"https:\/\/www.mopskrasnystaw.pl\/?page_id=4795#primaryimage\",\"url\":\"https:\/\/www.mopskrasnystaw.pl\/wp-content\/uploads\/2025\/10\/001_09102025_113146.jpg\",\"contentUrl\":\"https:\/\/www.mopskrasnystaw.pl\/wp-content\/uploads\/2025\/10\/001_09102025_113146.jpg\",\"width\":1083,\"height\":759},{\"@type\":\"WebPage\",\"@id\":\"https:\/\/www.mopskrasnystaw.pl\/?page_id=4795#webpage\",\"url\":\"https:\/\/www.mopskrasnystaw.pl\/?page_id=4795\",\"name\":\"Aktualno\u015bci - MOPS Krasnystaw\",\"isPartOf\":{\"@id\":\"https:\/\/www.mopskrasnystaw.pl\/#website\"},\"primaryImageOfPage\":{\"@id\":\"https:\/\/www.mopskrasnystaw.pl\/?page_id=4795#primaryimage\"},\"datePublished\":\"2024-07-26T06:33:50+00:00\",\"dateModified\":\"2025-10-09T09:34:15+00:00\",\"breadcrumb\":{\"@id\":\"https:\/\/www.mopskrasnystaw.pl\/?page_id=4795#breadcrumb\"},\"inLanguage\":\"pl-PL\",\"potentialAction\":[{\"@type\":\"ReadAction\",\"target\":[\"https:\/\/www.mopskrasnystaw.pl\/?page_id=4795\"]}]},{\"@type\":\"BreadcrumbList\",\"@id\":\"https:\/\/www.mopskrasnystaw.pl\/?page_id=4795#breadcrumb\",\"itemListElement\":[{\"@type\":\"ListItem\",\"position\":1,\"name\":\"Strona g\u0142\u00f3wna\",\"item\":\"https:\/\/www.mopskrasnystaw.pl\/\"},{\"@type\":\"ListItem\",\"position\":2,\"name\":\"Aktualno\u015bci\"}]}]}<\/script>\n<!-- \/ Yoast SEO plugin. -->","yoast_head_json":{"title":"Aktualno\u015bci - MOPS Krasnystaw","robots":{"index":"index","follow":"follow","max-snippet":"max-snippet:-1","max-image-preview":"max-image-preview:large","max-video-preview":"max-video-preview:-1"},"canonical":"https:\/\/www.mopskrasnystaw.pl\/?page_id=4795","og_locale":"pl_PL","og_type":"article","og_title":"Aktualno\u015bci - MOPS Krasnystaw","og_description":"Miasto Krasnystaw\/Miejski O\u015brodek Pomocy Spo\u0142ecznej w Krasnymstawie realizuje projekt pn. \u201ePolityka Senioralna EFS+\u201d, nr: FELU.08.05-IZ.00-0001\/23 w ramach programu Fundusze Europejskie dla Lubelskiego 2021-2027, Wsp\u00f3\u0142finansowany jest z Europejskiego Funduszu Spo\u0142ecznego Plus. Partnerem wiod\u0105cym projektu jest Regionalny O\u015brodek Polityki Spo\u0142ecznej w Lublinie. Okres realizacji projektu: od 01.09.2023 roku do 30.06.2026 roku. G\u0142\u00f3wnym celem projektu jest poprawa dost\u0119pu [&hellip;]","og_url":"https:\/\/www.mopskrasnystaw.pl\/?page_id=4795","og_site_name":"MOPS Krasnystaw","article_modified_time":"2025-10-09T09:34:15+00:00","og_image":[{"url":"https:\/\/www.mopskrasnystaw.pl\/wp-content\/uploads\/2025\/10\/001_09102025_113146-1024x718.jpg"}],"twitter_card":"summary_large_image","twitter_misc":{"Szacowany czas czytania":"3 minuty"},"schema":{"@context":"https:\/\/schema.org","@graph":[{"@type":"WebSite","@id":"https:\/\/www.mopskrasnystaw.pl\/#website","url":"https:\/\/www.mopskrasnystaw.pl\/","name":"MOPS Krasnystaw","description":"","potentialAction":[{"@type":"SearchAction","target":{"@type":"EntryPoint","urlTemplate":"https:\/\/www.mopskrasnystaw.pl\/?s={search_term_string}"},"query-input":"required name=search_term_string"}],"inLanguage":"pl-PL"},{"@type":"ImageObject","inLanguage":"pl-PL","@id":"https:\/\/www.mopskrasnystaw.pl\/?page_id=4795#primaryimage","url":"https:\/\/www.mopskrasnystaw.pl\/wp-content\/uploads\/2025\/10\/001_09102025_113146.jpg","contentUrl":"https:\/\/www.mopskrasnystaw.pl\/wp-content\/uploads\/2025\/10\/001_09102025_113146.jpg","width":1083,"height":759},{"@type":"WebPage","@id":"https:\/\/www.mopskrasnystaw.pl\/?page_id=4795#webpage","url":"https:\/\/www.mopskrasnystaw.pl\/?page_id=4795","name":"Aktualno\u015bci - MOPS Krasnystaw","isPartOf":{"@id":"https:\/\/www.mopskrasnystaw.pl\/#website"},"primaryImageOfPage":{"@id":"https:\/\/www.mopskrasnystaw.pl\/?page_id=4795#primaryimage"},"datePublished":"2024-07-26T06:33:50+00:00","dateModified":"2025-10-09T09:34:15+00:00","breadcrumb":{"@id":"https:\/\/www.mopskrasnystaw.pl\/?page_id=4795#breadcrumb"},"inLanguage":"pl-PL","potentialAction":[{"@type":"ReadAction","target":["https:\/\/www.mopskrasnystaw.pl\/?page_id=4795"]}]},{"@type":"BreadcrumbList","@id":"https:\/\/www.mopskrasnystaw.pl\/?page_id=4795#breadcrumb","itemListElement":[{"@type":"ListItem","position":1,"name":"Strona g\u0142\u00f3wna","item":"https:\/\/www.mopskrasnystaw.pl\/"},{"@type":"ListItem","position":2,"name":"Aktualno\u015bci"}]}]}},"_links":{"self":[{"href":"https:\/\/www.mopskrasnystaw.pl\/index.php?rest_route=\/wp\/v2\/pages\/4795"}],"collection":[{"href":"https:\/\/www.mopskrasnystaw.pl\/index.php?rest_route=\/wp\/v2\/pages"}],"about":[{"href":"https:\/\/www.mopskrasnystaw.pl\/index.php?rest_route=\/wp\/v2\/types\/page"}],"author":[{"embeddable":true,"href":"https:\/\/www.mopskrasnystaw.pl\/index.php?rest_route=\/wp\/v2\/users\/3"}],"replies":[{"embeddable":true,"href":"https:\/\/www.mopskrasnystaw.pl\/index.php?rest_route=%2Fwp%2Fv2%2Fcomments&post=4795"}],"version-history":[{"count":5,"href":"https:\/\/www.mopskrasnystaw.pl\/index.php?rest_route=\/wp\/v2\/pages\/4795\/revisions"}],"predecessor-version":[{"id":5039,"href":"https:\/\/www.mopskrasnystaw.pl\/index.php?rest_route=\/wp\/v2\/pages\/4795\/revisions\/5039"}],"wp:attachment":[{"href":"https:\/\/www.mopskrasnystaw.pl\/index.php?rest_route=%2Fwp%2Fv2%2Fmedia&parent=4795"}],"curies":[{"name":"wp","href":"https:\/\/api.w.org\/{rel}","templated":true}]}}