{"id":4767,"date":"2024-07-23T06:34:01","date_gmt":"2024-07-23T06:34:01","guid":{"rendered":"https:\/\/www.mopskrasnystaw.pl\/?page_id=4767"},"modified":"2024-07-23T06:34:02","modified_gmt":"2024-07-23T06:34:02","slug":"bon-energetyczny","status":"publish","type":"page","link":"https:\/\/www.mopskrasnystaw.pl\/?page_id=4767","title":{"rendered":"Bon energetyczny"},"content":{"rendered":"\n<p>Ustawa z 23 maja 2024 r. o bonie energetycznym oraz o zmianie niekt\u00f3rych ustaw w celu ograniczenia cen energii elektrycznej, gazu ziemnego i ciep\u0142a systemowego (Dz.U.2024 poz. 859) wprowadzi\u0142a bon energetyczny. \u015awiadczenie ma pozwoli\u0107 cz\u0119\u015bciowo pokry\u0107 p\u0142atno\u015bci z tytu\u0142u energii elektrycznej. Aby otrzyma\u0107 wsparcie finansowe, konieczne b\u0119dzie spe\u0142nienie wymaga\u0144 okre\u015blonych w ustawie.<\/p>\n\n\n\n<h3>Bon energetyczny przys\u0142uguje<\/h3>\n\n\n\n<ul><li>gospodarstwu domowemu jednoosobowemu, w kt\u00f3rym wysoko\u015b\u0107 przeci\u0119tnego miesi\u0119cznego dochodu&nbsp;<strong>za 2023 r. nie przekracza\u0142a kwoty 2500 z\u0142<\/strong>,<\/li><li>gospodarstwu domowemu wieloosobowemu, w kt\u00f3rym wysoko\u015b\u0107 przeci\u0119tnego dochodu&nbsp;<strong>za 2023 r. na osob\u0119 nie przekracza\u0142a kwoty 1700 z\u0142<\/strong>.<\/li><\/ul>\n\n\n\n<p>Jednocze\u015bnie obowi\u0105zywa\u0107 b\u0119dzie tzw.&nbsp;<strong>zasada z\u0142ot\u00f3wka za z\u0142ot\u00f3wk\u0119<\/strong>, co oznacza, i\u017c bon energetyczny b\u0119dzie przyznawany nawet po przekroczeniu kryterium dochodowego, a kwota bonu b\u0119dzie pomniejszana o kwot\u0119 tego przekroczenia. Minimalna kwota wyp\u0142acanych bon\u00f3w energetycznych b\u0119dzie wynosi\u0107 20 z\u0142. Poni\u017cej 20 z\u0142 kwota bonu energetycznego nie b\u0119dzie wyp\u0142acana.<\/p>\n\n\n\n<p>Liczba os\u00f3b wchodz\u0105cych w sk\u0142ad gospodarstwa domowego jest ustalana na dzie\u0144 z\u0142o\u017cenia wniosku<br>o wyp\u0142at\u0119 bonu energetycznego. Jedna osoba mo\u017ce wchodzi\u0107 w sk\u0142ad tylko jednego gospodarstwa domowego. W sytuacji gdy dla jednego gospodarstwa domowego o bon energetyczny wyst\u0105pi kilka os\u00f3b, bon jest wyp\u0142acany osobie w tym gospodarstwie domowym, kt\u00f3ra jako pierwsza z\u0142o\u017cy\u0142a wniosek o wyp\u0142at\u0119 bonu.<\/p>\n\n\n\n<h3>Kwota bonu energetycznego wynosi:<\/h3>\n\n\n\n<ul><li>300 z\u0142 &#8211; gospodarstwu domowemu jednoosobowemu;<\/li><li>400 z\u0142 &#8211; gospodarstwu domowemu sk\u0142adaj\u0105cemu si\u0119 z 2 do 3 os\u00f3b;<\/li><li>500 z\u0142 &#8211; gospodarstwu domowemu sk\u0142adaj\u0105cemu si\u0119 z 4 do 5 os\u00f3b;<\/li><li>600 z\u0142 &#8211; gospodarstwu domowemu sk\u0142adaj\u0105cemu si\u0119 z co najmniej 6 os\u00f3b.<\/li><\/ul>\n\n\n\n<p>W przypadku gdy g\u0142\u00f3wne \u017ar\u00f3d\u0142o ogrzewania danego gospodarstwa domowego jest zasilane energi\u0105 elektryczn\u0105 i jest<strong>&nbsp;<\/strong><strong>wpisane lub zg\u0142oszone do centralnej ewidencji emisyjno\u015bci budynk\u00f3w, do dnia 1 kwietnia 2024 r.<\/strong>, albo po tym dniu &#8211; w przypadku g\u0142\u00f3wnych \u017ar\u00f3de\u0142 ogrzewania zg\u0142oszonych lub wpisanych po raz pierwszy do centralnej ewidencji emisyjno\u015bci budynk\u00f3w, bon energetyczny przyznaje si\u0119 w wysoko\u015bci:<\/p>\n\n\n\n<ul><li>600 z\u0142 &#8211; gospodarstwu domowemu jednoosobowemu;<\/li><li>800 z\u0142 &#8211; gospodarstwu domowemu sk\u0142adaj\u0105cemu si\u0119 z 2 do 3 os\u00f3b;<\/li><li>1000 z\u0142 &#8211; gospodarstwu domowemu sk\u0142adaj\u0105cemu si\u0119 z 4 do 5 os\u00f3b;<\/li><li>1200 z\u0142 &#8211; gospodarstwu domowemu sk\u0142adaj\u0105cemu si\u0119 z co najmniej 6 os\u00f3b.<\/li><\/ul>\n\n\n\n<h3>Termin z\u0142o\u017cenia wniosku o bon energetyczny:<\/h3>\n\n\n\n<p>Wniosek o wyp\u0142at\u0119 bonu energetycznego sk\u0142ada si\u0119 odpowiednio w\u00f3jtowi, burmistrzowi lub prezydentowi miasta w\u0142a\u015bciwemu ze wzgl\u0119du na miejsce zamieszkania osoby, kt\u00f3ra go sk\u0142ada. Informacje przedstawione we wniosku o wyp\u0142at\u0119 bonu energetycznego sk\u0142ada si\u0119 pod rygorem odpowiedzialno\u015bci karnej za sk\u0142adanie fa\u0142szywych zezna\u0144.<\/p>\n\n\n\n<p><strong>Wniosek musi by\u0107 z\u0142o\u017cony w terminie od 1 sierpnia 2024 r. do 30 wrze\u015bnia 2024 r.<\/strong><\/p>\n\n\n\n<p><strong>Wniosek o wyp\u0142at\u0119 bonu energetycznego z\u0142o\u017cony po w\/w terminie pozostawia si\u0119 bez rozpoznania.<\/strong><\/p>\n\n\n\n<h3>Jak z\u0142o\u017cy\u0107 wniosek o bon energetyczny:<\/h3>\n\n\n\n<h4>Wnioski mo\u017cna sk\u0142ada\u0107:<\/h4>\n\n\n\n<ul><li>tradycyjnie (papierowo) \u2013 od 1 sierpnia 2024 r. do 30 wrze\u015bnia 2024 r. w Miejskim O\u015brodku Pomocy Spo\u0142ecznej w Krasnymstawie ul. Pi\u0142sudskiego 9,<\/li><li>za pomoc\u0105 \u015brodk\u00f3w komunikacji elektronicznej w rozumieniu art. 2 pkt 5 ustawy z dnia 18 lipca 2002 r.<br>o \u015bwiadczeniu us\u0142ug drog\u0105 elektroniczn\u0105\u2013 od 1 sierpnia 2024 r. do 30 wrze\u015bnia 2024 r. (prosz\u0119 pami\u0119ta\u0107, \u017ce nale\u017cy podpisa\u0107 podpisem elektronicznym zar\u00f3wno pismo przewodnie jak i za\u0142\u0105czony wniosek o bon energetyczny)<\/li><\/ul>\n\n\n\n<p><strong>Formularz wniosku o bon energetyczny b\u0119dzie dost\u0119pny w Miej<\/strong><strong>skim<\/strong><strong> O\u015bro<\/strong><strong>dku<\/strong><strong> Pomocy Spo\u0142ecznej w <\/strong><strong>Krasnymstawie<\/strong><strong> ul. <\/strong><strong>Pi\u0142sudskiego 9<\/strong><strong>, i na stronie <\/strong><strong>internetowej<\/strong><strong> <\/strong><strong><a href=\"https:\/\/www.mopsszydlowiec.pl\/\" target=\"_blank\" rel=\"noreferrer noopener\"><strong>https:\/\/www.mop<\/strong><\/a><\/strong><strong><a href=\"https:\/\/www.mopsszydlowiec.pl\/\" target=\"_blank\" rel=\"noreferrer noopener\"><strong>krasnystaw<\/strong><\/a><\/strong><strong><a href=\"https:\/\/www.mopsszydlowiec.pl\/\" target=\"_blank\" rel=\"noreferrer noopener\"><strong>.pl\/<\/strong><\/a><\/strong><strong>&nbsp;niezw\u0142ocznie po opublikowaniu wzoru wniosku przez w\u0142a\u015bciwego Ministra.<\/strong><\/p>\n\n\n\n<p><strong>Minister w\u0142a\u015bciwy do spraw energii okre\u015bla i udost\u0119pnia w Biuletynie Informacji Publicznej na stronie podmiotowej obs\u0142uguj\u0105cego go urz\u0119du wz\u00f3r wniosku o wyp\u0142at\u0119 bonu energetycznego, maj\u0105c na wzgl\u0119dzie zapewnienie przejrzysto\u015bci tego wniosku.<\/strong><\/p>\n\n\n\n<h3>Informacja o przyznanym bonie energetycznym:<\/h3>\n\n\n\n<p>Bon energetyczny przys\u0142uguje za okres od dnia 1 lipca 2024 r. do dnia 31 grudnia 2024 r. i jest wyp\u0142acany jednorazowo.<\/p>\n\n\n\n<p>Wniosek o wyp\u0142at\u0119 bonu energetycznego rozpatruje si\u0119 w terminie 60 dni od dnia jego prawid\u0142owego z\u0142o\u017cenia.<\/p>\n\n\n\n<p>Wyp\u0142ata nast\u0105pi niezw\u0142ocznie po otrzymaniu \u015brodk\u00f3w finansowych od wojewody, na rachunek bankowy wskazany przez wnioskodawc\u0119, b\u0105d\u017a w przypadku braku wskazania nr rachunku &#8211; w kasie Banku Sp\u00f3\u0142dzielczego w Krasnymstawie.<\/p>\n\n\n\n<p>Przyznanie bonu energetycznego nie wymaga wydania decyzji. Informacje o przyznaniu bonu energetycznego b\u0119d\u0105 przekazywane na wskazany adres poczty elektronicznej \u2013 o ile wnioskodawca wskaza\u0142 adres poczty elektronicznej we wniosku o wyp\u0142at\u0119 bonu energetycznego.<\/p>\n\n\n\n<p>W przypadku gdy wnioskodawca nie wskaza\u0142 adresu poczty elektronicznej we wniosku o wyp\u0142at\u0119 bonu energetycznego, informacj\u0119 o przyznaniu bonu energetycznego b\u0119dzie mo\u017cna odebra\u0107 osobi\u015bcie w siedzibie O\u015brodka Pomocy Spo\u0142ecznej w Szyd\u0142owcu. Nieodebranie informacji o przyznaniu bonu energetycznego nie wstrzymuje wyp\u0142aty tego bonu.<\/p>\n\n\n\n<p><strong>Wnioskodawca mo\u017ce jednorazowo wyst\u0105pi\u0107 do w\u00f3jta, burmistrza lub prezydenta miasta o korekt\u0119 wysoko\u015bci przyznanego bonu energetycznego w terminie 14 dni od dnia otrzymania tego bonu.<\/strong><\/p>\n\n\n\n<p>W przypadku bonu energetycznego przyznanego nienale\u017cnie lub w nieprawid\u0142owo ustalonej wysoko\u015bci kwota<br>w wysoko\u015bci odpowiadaj\u0105cej kwocie nienale\u017cnie pobranych \u015brodk\u00f3w podlega zwrotowi wraz z odsetkami ustawowymi za op\u00f3\u017anienie.<\/p>\n\n\n\n<h3>Wydania decyzji administracyjnej wymaga:<\/h3>\n\n\n\n<ol><li>&nbsp;odmowa przyznania bonu energetycznego;<\/li><li>korekta lub odmowa korekty wysoko\u015bci przyznanego bonu energetycznego;<\/li><li>uchylenie lub zmiana prawa do bonu energetycznego;<\/li><li>rozstrzygni\u0119cie w sprawie zwrotu bonu energetycznego przyznanego albo pobranego nienale\u017cnie lub w nieprawid\u0142owo ustalonej wysoko\u015bci.<\/li><\/ol>\n\n\n\n<p><strong>Miejski O\u015brodek Pomocy Spo\u0142ecznej w Krasnymstawie informuje, \u017ce przyjmowanie wniosk\u00f3w na Bon Energetyczny odbywa\u0107 si\u0119 b\u0119dzie od dnia 1 sierpnia 2024 r. do 30 wrze\u015bnia 2024r. w godzinach od 7.30 do 14.00 (parter budynku MOPS).<\/strong><\/p>\n\n\n\n<div class=\"wp-block-file\"><a id=\"wp-block-file--media-51b6bb3f-0a48-4892-99bd-7659d03efaef\" href=\"https:\/\/www.mopskrasnystaw.pl\/wp-content\/uploads\/2024\/07\/wniosek.pdf\">wniosek<\/a><\/div>\n\n\n\n<div class=\"wp-block-file\"><a id=\"wp-block-file--media-c6b8a59f-621d-4a34-b87b-ac5795d7d949\" href=\"https:\/\/www.mopskrasnystaw.pl\/wp-content\/uploads\/2024\/07\/oswiadczenie-o-dochodach.pdf\">o\u015bwiadczenie o dochodach<\/a><\/div>\n\n\n\n<div class=\"wp-block-file\"><a id=\"wp-block-file--media-1156981e-113c-4e5a-8e58-f040b31a3606\" href=\"https:\/\/www.mopskrasnystaw.pl\/wp-content\/uploads\/2024\/07\/oswiadczenie-gospodarstwo-rolne.pdf\">o\u015bwiadczenie gospodarstwo rolne<\/a><\/div>\n","protected":false},"excerpt":{"rendered":"<p>Ustawa z 23 maja 2024 r. o bonie energetycznym oraz o zmianie niekt\u00f3rych ustaw w celu ograniczenia cen energii elektrycznej, gazu ziemnego i ciep\u0142a systemowego (Dz.U.2024 poz. 859) wprowadzi\u0142a bon energetyczny. \u015awiadczenie ma pozwoli\u0107 cz\u0119\u015bciowo pokry\u0107 p\u0142atno\u015bci z tytu\u0142u energii elektrycznej. Aby otrzyma\u0107 wsparcie finansowe, konieczne b\u0119dzie spe\u0142nienie wymaga\u0144 okre\u015blonych w ustawie. Bon energetyczny przys\u0142uguje [&hellip;]<\/p>\n","protected":false},"author":3,"featured_media":0,"parent":0,"menu_order":0,"comment_status":"closed","ping_status":"closed","template":"","meta":[],"yoast_head":"<!-- This site is optimized with the Yoast SEO plugin v19.0 - https:\/\/yoast.com\/wordpress\/plugins\/seo\/ -->\n<title>Bon energetyczny - MOPS Krasnystaw<\/title>\n<meta name=\"robots\" content=\"index, follow, max-snippet:-1, max-image-preview:large, max-video-preview:-1\" \/>\n<link rel=\"canonical\" href=\"https:\/\/www.mopskrasnystaw.pl\/?page_id=4767\" \/>\n<meta property=\"og:locale\" content=\"pl_PL\" \/>\n<meta property=\"og:type\" content=\"article\" \/>\n<meta property=\"og:title\" content=\"Bon energetyczny - MOPS Krasnystaw\" \/>\n<meta property=\"og:description\" content=\"Ustawa z 23 maja 2024 r. o bonie energetycznym oraz o zmianie niekt\u00f3rych ustaw w celu ograniczenia cen energii elektrycznej, gazu ziemnego i ciep\u0142a systemowego (Dz.U.2024 poz. 859) wprowadzi\u0142a bon energetyczny. \u015awiadczenie ma pozwoli\u0107 cz\u0119\u015bciowo pokry\u0107 p\u0142atno\u015bci z tytu\u0142u energii elektrycznej. Aby otrzyma\u0107 wsparcie finansowe, konieczne b\u0119dzie spe\u0142nienie wymaga\u0144 okre\u015blonych w ustawie. Bon energetyczny przys\u0142uguje [&hellip;]\" \/>\n<meta property=\"og:url\" content=\"https:\/\/www.mopskrasnystaw.pl\/?page_id=4767\" \/>\n<meta property=\"og:site_name\" content=\"MOPS Krasnystaw\" \/>\n<meta property=\"article:modified_time\" content=\"2024-07-23T06:34:02+00:00\" \/>\n<meta name=\"twitter:card\" content=\"summary_large_image\" \/>\n<meta name=\"twitter:label1\" content=\"Szacowany czas czytania\" \/>\n\t<meta name=\"twitter:data1\" content=\"5 minut\" \/>\n<script type=\"application\/ld+json\" class=\"yoast-schema-graph\">{\"@context\":\"https:\/\/schema.org\",\"@graph\":[{\"@type\":\"WebSite\",\"@id\":\"https:\/\/www.mopskrasnystaw.pl\/#website\",\"url\":\"https:\/\/www.mopskrasnystaw.pl\/\",\"name\":\"MOPS Krasnystaw\",\"description\":\"\",\"potentialAction\":[{\"@type\":\"SearchAction\",\"target\":{\"@type\":\"EntryPoint\",\"urlTemplate\":\"https:\/\/www.mopskrasnystaw.pl\/?s={search_term_string}\"},\"query-input\":\"required name=search_term_string\"}],\"inLanguage\":\"pl-PL\"},{\"@type\":\"WebPage\",\"@id\":\"https:\/\/www.mopskrasnystaw.pl\/?page_id=4767#webpage\",\"url\":\"https:\/\/www.mopskrasnystaw.pl\/?page_id=4767\",\"name\":\"Bon energetyczny - MOPS Krasnystaw\",\"isPartOf\":{\"@id\":\"https:\/\/www.mopskrasnystaw.pl\/#website\"},\"datePublished\":\"2024-07-23T06:34:01+00:00\",\"dateModified\":\"2024-07-23T06:34:02+00:00\",\"breadcrumb\":{\"@id\":\"https:\/\/www.mopskrasnystaw.pl\/?page_id=4767#breadcrumb\"},\"inLanguage\":\"pl-PL\",\"potentialAction\":[{\"@type\":\"ReadAction\",\"target\":[\"https:\/\/www.mopskrasnystaw.pl\/?page_id=4767\"]}]},{\"@type\":\"BreadcrumbList\",\"@id\":\"https:\/\/www.mopskrasnystaw.pl\/?page_id=4767#breadcrumb\",\"itemListElement\":[{\"@type\":\"ListItem\",\"position\":1,\"name\":\"Strona g\u0142\u00f3wna\",\"item\":\"https:\/\/www.mopskrasnystaw.pl\/\"},{\"@type\":\"ListItem\",\"position\":2,\"name\":\"Bon energetyczny\"}]}]}<\/script>\n<!-- \/ Yoast SEO plugin. -->","yoast_head_json":{"title":"Bon energetyczny - MOPS Krasnystaw","robots":{"index":"index","follow":"follow","max-snippet":"max-snippet:-1","max-image-preview":"max-image-preview:large","max-video-preview":"max-video-preview:-1"},"canonical":"https:\/\/www.mopskrasnystaw.pl\/?page_id=4767","og_locale":"pl_PL","og_type":"article","og_title":"Bon energetyczny - MOPS Krasnystaw","og_description":"Ustawa z 23 maja 2024 r. o bonie energetycznym oraz o zmianie niekt\u00f3rych ustaw w celu ograniczenia cen energii elektrycznej, gazu ziemnego i ciep\u0142a systemowego (Dz.U.2024 poz. 859) wprowadzi\u0142a bon energetyczny. \u015awiadczenie ma pozwoli\u0107 cz\u0119\u015bciowo pokry\u0107 p\u0142atno\u015bci z tytu\u0142u energii elektrycznej. Aby otrzyma\u0107 wsparcie finansowe, konieczne b\u0119dzie spe\u0142nienie wymaga\u0144 okre\u015blonych w ustawie. Bon energetyczny przys\u0142uguje [&hellip;]","og_url":"https:\/\/www.mopskrasnystaw.pl\/?page_id=4767","og_site_name":"MOPS Krasnystaw","article_modified_time":"2024-07-23T06:34:02+00:00","twitter_card":"summary_large_image","twitter_misc":{"Szacowany czas czytania":"5 minut"},"schema":{"@context":"https:\/\/schema.org","@graph":[{"@type":"WebSite","@id":"https:\/\/www.mopskrasnystaw.pl\/#website","url":"https:\/\/www.mopskrasnystaw.pl\/","name":"MOPS Krasnystaw","description":"","potentialAction":[{"@type":"SearchAction","target":{"@type":"EntryPoint","urlTemplate":"https:\/\/www.mopskrasnystaw.pl\/?s={search_term_string}"},"query-input":"required name=search_term_string"}],"inLanguage":"pl-PL"},{"@type":"WebPage","@id":"https:\/\/www.mopskrasnystaw.pl\/?page_id=4767#webpage","url":"https:\/\/www.mopskrasnystaw.pl\/?page_id=4767","name":"Bon energetyczny - MOPS Krasnystaw","isPartOf":{"@id":"https:\/\/www.mopskrasnystaw.pl\/#website"},"datePublished":"2024-07-23T06:34:01+00:00","dateModified":"2024-07-23T06:34:02+00:00","breadcrumb":{"@id":"https:\/\/www.mopskrasnystaw.pl\/?page_id=4767#breadcrumb"},"inLanguage":"pl-PL","potentialAction":[{"@type":"ReadAction","target":["https:\/\/www.mopskrasnystaw.pl\/?page_id=4767"]}]},{"@type":"BreadcrumbList","@id":"https:\/\/www.mopskrasnystaw.pl\/?page_id=4767#breadcrumb","itemListElement":[{"@type":"ListItem","position":1,"name":"Strona g\u0142\u00f3wna","item":"https:\/\/www.mopskrasnystaw.pl\/"},{"@type":"ListItem","position":2,"name":"Bon energetyczny"}]}]}},"_links":{"self":[{"href":"https:\/\/www.mopskrasnystaw.pl\/index.php?rest_route=\/wp\/v2\/pages\/4767"}],"collection":[{"href":"https:\/\/www.mopskrasnystaw.pl\/index.php?rest_route=\/wp\/v2\/pages"}],"about":[{"href":"https:\/\/www.mopskrasnystaw.pl\/index.php?rest_route=\/wp\/v2\/types\/page"}],"author":[{"embeddable":true,"href":"https:\/\/www.mopskrasnystaw.pl\/index.php?rest_route=\/wp\/v2\/users\/3"}],"replies":[{"embeddable":true,"href":"https:\/\/www.mopskrasnystaw.pl\/index.php?rest_route=%2Fwp%2Fv2%2Fcomments&post=4767"}],"version-history":[{"count":1,"href":"https:\/\/www.mopskrasnystaw.pl\/index.php?rest_route=\/wp\/v2\/pages\/4767\/revisions"}],"predecessor-version":[{"id":4771,"href":"https:\/\/www.mopskrasnystaw.pl\/index.php?rest_route=\/wp\/v2\/pages\/4767\/revisions\/4771"}],"wp:attachment":[{"href":"https:\/\/www.mopskrasnystaw.pl\/index.php?rest_route=%2Fwp%2Fv2%2Fmedia&parent=4767"}],"curies":[{"name":"wp","href":"https:\/\/api.w.org\/{rel}","templated":true}]}}