{"id":4756,"date":"2024-07-12T08:59:46","date_gmt":"2024-07-12T08:59:46","guid":{"rendered":"https:\/\/www.mopskrasnystaw.pl\/?page_id=4756"},"modified":"2025-12-05T11:23:08","modified_gmt":"2025-12-05T11:23:08","slug":"klub-senior","status":"publish","type":"page","link":"https:\/\/www.mopskrasnystaw.pl\/?page_id=4756","title":{"rendered":"Klub \u201eSenior+\u201d"},"content":{"rendered":"\n<div class=\"wp-block-media-text alignwide is-stacked-on-mobile\" style=\"grid-template-columns:45% auto\"><figure class=\"wp-block-media-text__media\"><img loading=\"lazy\" width=\"1024\" height=\"612\" src=\"https:\/\/www.mopskrasnystaw.pl\/wp-content\/uploads\/2025\/12\/001_12072024_105046-1024x612-1.jpg\" alt=\"\" class=\"wp-image-5121 size-full\" srcset=\"https:\/\/www.mopskrasnystaw.pl\/wp-content\/uploads\/2025\/12\/001_12072024_105046-1024x612-1.jpg 1024w, https:\/\/www.mopskrasnystaw.pl\/wp-content\/uploads\/2025\/12\/001_12072024_105046-1024x612-1-300x179.jpg 300w, https:\/\/www.mopskrasnystaw.pl\/wp-content\/uploads\/2025\/12\/001_12072024_105046-1024x612-1-768x459.jpg 768w\" sizes=\"(max-width: 1024px) 100vw, 1024px\" \/><\/figure><div class=\"wp-block-media-text__content\">\n<p class=\"has-large-font-size\">Klub \u201eSenior+\u201d dzia\u0142a w strukturze Miejskiego O\u015brodka Pomocy Spo\u0142ecznej. Siedzib\u0105 klubu jest lokal usytuowany przy ul. Pi\u0142sudskiego 9 w Krasnymstawie.<\/p>\n<\/div><\/div>\n\n\n\n<!--more-->\n\n\n\n<p>Do Klubu Seniora mog\u0105 by\u0107 przyj\u0119te osoby nieaktywne zawodowo, kt\u00f3re uko\u0144czy\u0142y 60 lat i s\u0105 mieszka\u0144cami gminy Miasta Krasnystaw- z\u0142o\u017cy\u0142y deklaracje uczestnictwa w Klubie, zadeklarowa\u0142y przestrzeganie jego Regulaminu oraz aktywne uczestnictwo w organizowanych zaj\u0119ciach. Uczestnicy Klubu Seniora nie ponosz\u0105 \u017cadnych op\u0142at zwi\u0105zanych z cz\u0142onkostwem w Klubie. W ka\u017cdym czasie do Klubu mog\u0105 przyst\u0105pi\u0107 nowe osoby, na zasadzie dobrowolnego i umotywowanego zg\u0142oszenia.<\/p>\n\n\n\n<p>Czas pracy Klubu jest dostosowany do potrzeb uczestnik\u00f3w od poniedzia\u0142ku do pi\u0105tku w godz. od 9<sup><u>00<\/u><\/sup> do 13<sup>00. <\/sup>(stycze\u0144- marzec), od poniedzia\u0142ku do pi\u0105tku w godz. od 9<sup>00<\/sup> do 14<sup>00. <\/sup>(kwiecie\u0144- grudzie\u0144).<\/p>\n\n\n\n<ol><li><\/li><\/ol>\n\n\n\n<p><strong>Klub Seniora realizuje nast\u0119puj\u0105ce cele:<\/strong><\/p>\n\n\n\n<p>1. Motywowanie \u015brodowiska senior\u00f3w do wsp\u00f3lnego sp\u0119dzania czasu wolnego i zwi\u0119kszenia udzia\u0142u w \u017cyciu spo\u0142ecznym.<\/p>\n\n\n\n<p>2. Zawieranie nowych znajomo\u015bci i utrzymywanie wi\u0119zi w\u015br\u00f3d senior\u00f3w.<\/p>\n\n\n\n<p>3. Wype\u0142nianie czasu wolnego osobom starszym w spos\u00f3b b\u0119d\u0105cy swoist\u0105 profilaktyk\u0105 przeciw marginalizacji i wykluczeniu spo\u0142ecznemu.<\/p>\n\n\n\n<hr class=\"wp-block-separator has-alpha-channel-opacity\"\/>\n\n\n\n<p>4. Upowszechnianie zdrowego trybu \u017cycia .<\/p>\n\n\n\n<p>5. Propagowanie r\u00f3\u017cnych form dzia\u0142alno\u015bci tw\u00f3rczej senior\u00f3w.<\/p>\n\n\n\n<p><strong>Klub Seniora realizuje nast\u0119puj\u0105ce zadania:<\/strong><\/p>\n\n\n\n<p>1. Organizowanie dla cz\u0142onk\u00f3w Klubu atrakcyjnych form sp\u0119dzania czasu wolnego, poprzez stworzenie bezpiecznej i przyjaznej przestrzeni tzw.: spotkania towarzyskie.<\/p>\n\n\n\n<p>2. Organizowanie zaj\u0119\u0107 rozwijaj\u0105cych zdolno\u015bci i pasje.<\/p>\n\n\n\n<p>3. Organizowanie spotka\u0144 okoliczno\u015bciowych.<\/p>\n\n\n\n<p><strong>Zadnia realizowane przez Klub Seniora maj\u0105 na celu:<\/strong><\/p>\n\n\n\n<p>\u2013 popraw\u0119 sprawno\u015bci manualnej i ruchowej senior\u00f3w,<\/p>\n\n\n\n<p>\u2013 dowarto\u015bciowanie i wzrost samooceny os\u00f3b starszych,<\/p>\n\n\n\n<p>\u2013 aktywizacj\u0119 spo\u0142eczn\u0105,<\/p>\n\n\n\n<p>\u2013 integracj\u0119 os\u00f3b starszych w \u015brodowisku i z najbli\u017cszym otoczeniem,<\/p>\n\n\n\n<p>\u2013 wymiana do\u015bwiadcze\u0144 i zainteresowa\u0144.<\/p>\n\n\n\n<h3><strong>Aby zosta\u0107 cz\u0142onkiem klubu wystarczy:<\/strong><\/h3>\n\n\n\n<ul><li>By\u0107 mieszka\u0144cem gminy Miasta Krasnystaw<\/li><li>Mie\u0107 uko\u0144czone 60 lat i nie by\u0107 aktywnym zawodowo.<\/li><\/ul>\n\n\n\n<p>Ch\u0119\u0107 uczestnictwa nale\u017cy zg\u0142asza\u0107 kierownikowi Klubu Senior+ w Krasnymstawie, ul. Pi\u0142sudskiego 9. <strong>Nab\u00f3r trwa do wyczerpania limitu miejsc.<\/strong><\/p>\n\n\n\n<div class=\"wp-block-file\"><a id=\"wp-block-file--media-80bf89b6-8557-464e-bfe0-205542960893\" href=\"https:\/\/www.mopskrasnystaw.pl\/wp-content\/uploads\/2024\/07\/dofinansowanie.pdf\">Dofinansowanie<\/a><\/div>\n\n\n\n<div class=\"wp-block-file\"><a id=\"wp-block-file--media-646166c8-1b00-4afa-8795-0d430ff8406b\" href=\"https:\/\/www.mopskrasnystaw.pl\/wp-content\/uploads\/2025\/12\/Dofinansowanie2025.pdf\">Dofinansowanie 2025<\/a><\/div>\n\n\n\n<p>Dokumenty do pobrania:<\/p>\n\n\n\n<div class=\"wp-block-file\"><a id=\"wp-block-file--media-38768d3f-8fb7-4ab7-901b-c864a62cbe5f\" href=\"https:\/\/www.mopskrasnystaw.pl\/wp-content\/uploads\/2024\/07\/deklaracja-uczestnictwa.pdf\">deklaracja uczestnictwa<\/a><\/div>\n\n\n\n<div class=\"wp-block-file\"><a id=\"wp-block-file--media-73478596-e308-439f-aa43-1e4b074f04de\" href=\"https:\/\/www.mopskrasnystaw.pl\/wp-content\/uploads\/2024\/07\/Ochrona-danych-osobowych.pdf\">Ochrona danych osobowych<\/a><\/div>\n\n\n\n<div class=\"wp-block-file\"><a id=\"wp-block-file--media-880dc55a-6883-4afd-b4c8-d6d0f9152d05\" href=\"https:\/\/www.mopskrasnystaw.pl\/wp-content\/uploads\/2024\/07\/oswiadczam-o-braku-przeciwwskazan-lekarskich-do-uczestnictwa-w-zajeciach-ruchowych-i-sportowo-rekreacyjnych.pdf\">o\u015bwiadczenie o braku przeciwwskaza\u0144 lekarskich<\/a><\/div>\n\n\n\n<div class=\"wp-block-file\"><a id=\"wp-block-file--media-750b33fb-af8a-4592-975c-e287424d86d7\" href=\"https:\/\/www.mopskrasnystaw.pl\/wp-content\/uploads\/2024\/07\/oswiadczenie-wizerunek.pdf\">o\u015bwiadczenie wizerunek<\/a><\/div>\n\n\n\n<div class=\"wp-block-file\"><a id=\"wp-block-file--media-0d469fb1-5b96-40c6-82bf-7f0aa7ac4998\" href=\"https:\/\/www.mopskrasnystaw.pl\/wp-content\/uploads\/2024\/07\/oswiadczenie.pdf\">o\u015bwiadczenie<\/a><\/div>\n","protected":false},"excerpt":{"rendered":"<p>Klub \u201eSenior+\u201d dzia\u0142a w strukturze Miejskiego O\u015brodka Pomocy Spo\u0142ecznej. Siedzib\u0105 klubu jest lokal usytuowany przy ul. Pi\u0142sudskiego 9 w Krasnymstawie.<\/p>\n","protected":false},"author":3,"featured_media":0,"parent":0,"menu_order":0,"comment_status":"closed","ping_status":"closed","template":"","meta":[],"yoast_head":"<!-- This site is optimized with the Yoast SEO plugin v19.0 - https:\/\/yoast.com\/wordpress\/plugins\/seo\/ -->\n<title>Klub \u201eSenior+\u201d - MOPS Krasnystaw<\/title>\n<meta name=\"robots\" content=\"index, follow, max-snippet:-1, max-image-preview:large, max-video-preview:-1\" \/>\n<link rel=\"canonical\" href=\"https:\/\/www.mopskrasnystaw.pl\/?page_id=4756\" \/>\n<meta property=\"og:locale\" content=\"pl_PL\" \/>\n<meta property=\"og:type\" content=\"article\" \/>\n<meta property=\"og:title\" content=\"Klub \u201eSenior+\u201d - MOPS Krasnystaw\" \/>\n<meta property=\"og:description\" content=\"Klub \u201eSenior+\u201d dzia\u0142a w strukturze Miejskiego O\u015brodka Pomocy Spo\u0142ecznej. Siedzib\u0105 klubu jest lokal usytuowany przy ul. Pi\u0142sudskiego 9 w Krasnymstawie.\" \/>\n<meta property=\"og:url\" content=\"https:\/\/www.mopskrasnystaw.pl\/?page_id=4756\" \/>\n<meta property=\"og:site_name\" content=\"MOPS Krasnystaw\" \/>\n<meta property=\"article:modified_time\" content=\"2025-12-05T11:23:08+00:00\" \/>\n<meta property=\"og:image\" content=\"https:\/\/www.mopskrasnystaw.pl\/wp-content\/uploads\/2025\/12\/001_12072024_105046-1024x612-1.jpg\" \/>\n<meta name=\"twitter:card\" content=\"summary_large_image\" \/>\n<meta name=\"twitter:label1\" content=\"Szacowany czas czytania\" \/>\n\t<meta name=\"twitter:data1\" content=\"3 minuty\" \/>\n<script type=\"application\/ld+json\" class=\"yoast-schema-graph\">{\"@context\":\"https:\/\/schema.org\",\"@graph\":[{\"@type\":\"WebSite\",\"@id\":\"https:\/\/www.mopskrasnystaw.pl\/#website\",\"url\":\"https:\/\/www.mopskrasnystaw.pl\/\",\"name\":\"MOPS Krasnystaw\",\"description\":\"\",\"potentialAction\":[{\"@type\":\"SearchAction\",\"target\":{\"@type\":\"EntryPoint\",\"urlTemplate\":\"https:\/\/www.mopskrasnystaw.pl\/?s={search_term_string}\"},\"query-input\":\"required name=search_term_string\"}],\"inLanguage\":\"pl-PL\"},{\"@type\":\"ImageObject\",\"inLanguage\":\"pl-PL\",\"@id\":\"https:\/\/www.mopskrasnystaw.pl\/?page_id=4756#primaryimage\",\"url\":\"https:\/\/www.mopskrasnystaw.pl\/wp-content\/uploads\/2025\/12\/001_12072024_105046-1024x612-1.jpg\",\"contentUrl\":\"https:\/\/www.mopskrasnystaw.pl\/wp-content\/uploads\/2025\/12\/001_12072024_105046-1024x612-1.jpg\",\"width\":1024,\"height\":612},{\"@type\":\"WebPage\",\"@id\":\"https:\/\/www.mopskrasnystaw.pl\/?page_id=4756#webpage\",\"url\":\"https:\/\/www.mopskrasnystaw.pl\/?page_id=4756\",\"name\":\"Klub \u201eSenior+\u201d - MOPS Krasnystaw\",\"isPartOf\":{\"@id\":\"https:\/\/www.mopskrasnystaw.pl\/#website\"},\"primaryImageOfPage\":{\"@id\":\"https:\/\/www.mopskrasnystaw.pl\/?page_id=4756#primaryimage\"},\"datePublished\":\"2024-07-12T08:59:46+00:00\",\"dateModified\":\"2025-12-05T11:23:08+00:00\",\"breadcrumb\":{\"@id\":\"https:\/\/www.mopskrasnystaw.pl\/?page_id=4756#breadcrumb\"},\"inLanguage\":\"pl-PL\",\"potentialAction\":[{\"@type\":\"ReadAction\",\"target\":[\"https:\/\/www.mopskrasnystaw.pl\/?page_id=4756\"]}]},{\"@type\":\"BreadcrumbList\",\"@id\":\"https:\/\/www.mopskrasnystaw.pl\/?page_id=4756#breadcrumb\",\"itemListElement\":[{\"@type\":\"ListItem\",\"position\":1,\"name\":\"Strona g\u0142\u00f3wna\",\"item\":\"https:\/\/www.mopskrasnystaw.pl\/\"},{\"@type\":\"ListItem\",\"position\":2,\"name\":\"Klub \u201eSenior+\u201d\"}]}]}<\/script>\n<!-- \/ Yoast SEO plugin. -->","yoast_head_json":{"title":"Klub \u201eSenior+\u201d - MOPS Krasnystaw","robots":{"index":"index","follow":"follow","max-snippet":"max-snippet:-1","max-image-preview":"max-image-preview:large","max-video-preview":"max-video-preview:-1"},"canonical":"https:\/\/www.mopskrasnystaw.pl\/?page_id=4756","og_locale":"pl_PL","og_type":"article","og_title":"Klub \u201eSenior+\u201d - MOPS Krasnystaw","og_description":"Klub \u201eSenior+\u201d dzia\u0142a w strukturze Miejskiego O\u015brodka Pomocy Spo\u0142ecznej. Siedzib\u0105 klubu jest lokal usytuowany przy ul. Pi\u0142sudskiego 9 w Krasnymstawie.","og_url":"https:\/\/www.mopskrasnystaw.pl\/?page_id=4756","og_site_name":"MOPS Krasnystaw","article_modified_time":"2025-12-05T11:23:08+00:00","og_image":[{"url":"https:\/\/www.mopskrasnystaw.pl\/wp-content\/uploads\/2025\/12\/001_12072024_105046-1024x612-1.jpg"}],"twitter_card":"summary_large_image","twitter_misc":{"Szacowany czas czytania":"3 minuty"},"schema":{"@context":"https:\/\/schema.org","@graph":[{"@type":"WebSite","@id":"https:\/\/www.mopskrasnystaw.pl\/#website","url":"https:\/\/www.mopskrasnystaw.pl\/","name":"MOPS Krasnystaw","description":"","potentialAction":[{"@type":"SearchAction","target":{"@type":"EntryPoint","urlTemplate":"https:\/\/www.mopskrasnystaw.pl\/?s={search_term_string}"},"query-input":"required name=search_term_string"}],"inLanguage":"pl-PL"},{"@type":"ImageObject","inLanguage":"pl-PL","@id":"https:\/\/www.mopskrasnystaw.pl\/?page_id=4756#primaryimage","url":"https:\/\/www.mopskrasnystaw.pl\/wp-content\/uploads\/2025\/12\/001_12072024_105046-1024x612-1.jpg","contentUrl":"https:\/\/www.mopskrasnystaw.pl\/wp-content\/uploads\/2025\/12\/001_12072024_105046-1024x612-1.jpg","width":1024,"height":612},{"@type":"WebPage","@id":"https:\/\/www.mopskrasnystaw.pl\/?page_id=4756#webpage","url":"https:\/\/www.mopskrasnystaw.pl\/?page_id=4756","name":"Klub \u201eSenior+\u201d - MOPS Krasnystaw","isPartOf":{"@id":"https:\/\/www.mopskrasnystaw.pl\/#website"},"primaryImageOfPage":{"@id":"https:\/\/www.mopskrasnystaw.pl\/?page_id=4756#primaryimage"},"datePublished":"2024-07-12T08:59:46+00:00","dateModified":"2025-12-05T11:23:08+00:00","breadcrumb":{"@id":"https:\/\/www.mopskrasnystaw.pl\/?page_id=4756#breadcrumb"},"inLanguage":"pl-PL","potentialAction":[{"@type":"ReadAction","target":["https:\/\/www.mopskrasnystaw.pl\/?page_id=4756"]}]},{"@type":"BreadcrumbList","@id":"https:\/\/www.mopskrasnystaw.pl\/?page_id=4756#breadcrumb","itemListElement":[{"@type":"ListItem","position":1,"name":"Strona g\u0142\u00f3wna","item":"https:\/\/www.mopskrasnystaw.pl\/"},{"@type":"ListItem","position":2,"name":"Klub \u201eSenior+\u201d"}]}]}},"_links":{"self":[{"href":"https:\/\/www.mopskrasnystaw.pl\/index.php?rest_route=\/wp\/v2\/pages\/4756"}],"collection":[{"href":"https:\/\/www.mopskrasnystaw.pl\/index.php?rest_route=\/wp\/v2\/pages"}],"about":[{"href":"https:\/\/www.mopskrasnystaw.pl\/index.php?rest_route=\/wp\/v2\/types\/page"}],"author":[{"embeddable":true,"href":"https:\/\/www.mopskrasnystaw.pl\/index.php?rest_route=\/wp\/v2\/users\/3"}],"replies":[{"embeddable":true,"href":"https:\/\/www.mopskrasnystaw.pl\/index.php?rest_route=%2Fwp%2Fv2%2Fcomments&post=4756"}],"version-history":[{"count":3,"href":"https:\/\/www.mopskrasnystaw.pl\/index.php?rest_route=\/wp\/v2\/pages\/4756\/revisions"}],"predecessor-version":[{"id":5122,"href":"https:\/\/www.mopskrasnystaw.pl\/index.php?rest_route=\/wp\/v2\/pages\/4756\/revisions\/5122"}],"wp:attachment":[{"href":"https:\/\/www.mopskrasnystaw.pl\/index.php?rest_route=%2Fwp%2Fv2%2Fmedia&parent=4756"}],"curies":[{"name":"wp","href":"https:\/\/api.w.org\/{rel}","templated":true}]}}