{"id":4747,"date":"2024-07-03T07:58:41","date_gmt":"2024-07-03T07:58:41","guid":{"rendered":"https:\/\/www.mopskrasnystaw.pl\/?page_id=4747"},"modified":"2024-07-03T08:07:13","modified_gmt":"2024-07-03T08:07:13","slug":"program-korpus-wsparcia-seniorow-na-rok-2024","status":"publish","type":"page","link":"https:\/\/www.mopskrasnystaw.pl\/?page_id=4747","title":{"rendered":"PROGRAM\u00a0 \u201eKorpus Wsparcia Senior\u00f3w \u201dna rok 2024"},"content":{"rendered":"\n<p><\/p>\n\n\n\n<p><strong>Modu\u0142 I \u2013 us\u0142ugi s\u0105siedzkie<\/strong><\/p>\n\n\n\n<p>finansowany ze \u015brodk\u00f3w pochodz\u0105cych z dotacji celowej bud\u017cetu pa\u0144stwa w zakresie realizacji przez gminy zadania w\u0142asnego, okre\u015blonego w art. 17 ust. 2 pkt 4 ustawy z dnia<br>12 marca 2004r. o pomocy spo\u0142ecznej (Dz. U. z 2023 r. poz. 901 ze zm).<\/p>\n\n\n\n<p><strong>Dofinansowanie 32&nbsp;450,00 z\u0142<\/strong><\/p>\n\n\n\n<p><strong>Wk\u0142ad w\u0142asny 8&nbsp;112,50 z\u0142<\/strong><\/p>\n\n\n\n<p><strong>Ca\u0142kowita warto\u015b\u0107 zadania 40 562,50 z\u0142<\/strong><\/p>\n\n\n\n<p>G\u0142\u00f3wnym celem Programu (Modu\u0142 I) jest&nbsp; zapewnienie us\u0142ug&nbsp; opieku\u0144czych w formie us\u0142ug s\u0105siedzkich seniorom w wieku 60 lat i wi\u0119cej.<\/p>\n\n\n\n<p>Us\u0142ugi s\u0105siedzkie \u015bwiadczone w ramach Modu\u0142u I obejm\u0105 swoim zakresem pomoc<br>w zaspokajaniu podstawowych potrzeb \u017cyciowych, podstawow\u0105 opiek\u0119 higieniczno-piel\u0119gnacyjn\u0105, przez kt\u00f3r\u0105 nale\u017cy rozumie\u0107 formy wsparcia niewymagaj\u0105ce specjalistycznej wiedzy i kompetencji oraz, w miar\u0119 potrzeb i mo\u017cliwo\u015bci, zapewnienie kontakt\u00f3w<br>z otoczeniem.<\/p>\n\n\n\n<p>Adresatami wsparcia b\u0119dzie 8 senior\u00f3w w wieku 60 lat i wi\u0119cej zamieszkuj\u0105cych na terenie Miasta Krasnystaw, b\u0119d\u0105cych osobami samotnymi, kt\u00f3rzy z powodu wieku, choroby lub innych przyczyn wymagaj\u0105 pomocy innych os\u00f3b lub mieszkaj\u0105cy z osobami bliskimi, kt\u00f3rym rodzina, a tak\u017ce osoby bliskie, takie jak wsp\u00f3lnie niezamieszkuj\u0105cy ma\u0142\u017conek, wst\u0119pni, zst\u0119pni nie mog\u0105 takiej pomocy zapewni\u0107.<\/p>\n\n\n\n<p>&nbsp;Czas realizacji Programu: VII-XII\/2024<\/p>\n\n\n\n<p>Osob\u0105 wykonuj\u0105c\u0105 us\u0142ugi s\u0105siedzkie mo\u017ce by\u0107 osoba, kt\u00f3ra:<\/p>\n\n\n\n<ol type=\"1\"><li>jest pe\u0142noletnia;<\/li><li>nie jest cz\u0142onkiem rodziny osoby, na rzecz kt\u00f3rej s\u0105 \u015bwiadczone us\u0142ugi s\u0105siedzkie;<\/li><li>nie jest oddzielnie zamieszkuj\u0105cym ma\u0142\u017conkiem, wst\u0119pnym ani zst\u0119pnym osoby, na rzecz kt\u00f3rej s\u0105 \u015bwiadczone us\u0142ugi s\u0105siedzkie;<\/li><li>z\u0142o\u017cy\u0142a organizatorowi us\u0142ug s\u0105siedzkich o\u015bwiadczenie o zdolno\u015bci pod wzgl\u0119dem psychofizycznym do \u015bwiadczenia takich us\u0142ug;<\/li><li>zamieszkuje w najbli\u017cszej okolicy osoby, na rzecz kt\u00f3rej s\u0105 \u015bwiadczone us\u0142ugi s\u0105siedzkie;<\/li><li>uko\u0144czy\u0142a szkolenie z zakresu udzielania pierwszej pomocy (w przypadku jego braku zorganizowanie szkolenia le\u017cy po stronie organizatora us\u0142ug s\u0105siedzkich),<\/li><li>zosta\u0142a zaakceptowana przez osob\u0119, na rzecz kt\u00f3rej s\u0105 \u015bwiadczone us\u0142ugi s\u0105siedzkie;<\/li><li>zosta\u0142a zaakceptowana przez organizatora us\u0142ug s\u0105siedzkich.<\/li><\/ol>\n\n\n\n<p>\u015awiadczenie us\u0142ug s\u0105siedzkich odbywa\u0107 si\u0119 b\u0119dzie na podstawie umowy zlecenie.<\/p>\n\n\n\n<p><strong>Us\u0142ugi s\u0105siedzkie s\u0105 odp\u0142atne<\/strong>.<\/p>\n\n\n\n<p>Odp\u0142atno\u015b\u0107 wyliczana jest zgodnie z dochodem wnioskodawcy oraz obowi\u0105zuj\u0105cymi przepisami prawa lokalnego, tj. uchwa\u0142\u0105 Rady Miasta Krasnystaw NR XIII\/430\/2024 z dnia 14 marca 2024 r.).<\/p>\n\n\n\n<p>Szczeg\u00f3\u0142owe informacje:<\/p>\n\n\n\n<p><a href=\"https:\/\/www.gov.pl\/web\/rodzina\/program-korpus-wsparcia-seniorow-2024\">https:\/\/www.gov.pl\/web\/rodzina\/program-korpus-wsparcia-seniorow-2024<\/a><\/p>\n\n\n<div class=\"wp-block-image\">\n<figure class=\"aligncenter size-full\"><img loading=\"lazy\" width=\"639\" height=\"876\" src=\"https:\/\/www.mopskrasnystaw.pl\/wp-content\/uploads\/2024\/07\/002_03072024_100650.jpg\" alt=\"\" class=\"wp-image-4750\" srcset=\"https:\/\/www.mopskrasnystaw.pl\/wp-content\/uploads\/2024\/07\/002_03072024_100650.jpg 639w, https:\/\/www.mopskrasnystaw.pl\/wp-content\/uploads\/2024\/07\/002_03072024_100650-219x300.jpg 219w\" sizes=\"(max-width: 639px) 100vw, 639px\" \/><\/figure><\/div>","protected":false},"excerpt":{"rendered":"<p>Modu\u0142 I \u2013 us\u0142ugi s\u0105siedzkie finansowany ze \u015brodk\u00f3w pochodz\u0105cych z dotacji celowej bud\u017cetu pa\u0144stwa w zakresie realizacji przez gminy zadania w\u0142asnego, okre\u015blonego w art. 17 ust. 2 pkt 4 ustawy z dnia12 marca 2004r. o pomocy spo\u0142ecznej (Dz. U. z 2023 r. poz. 901 ze zm). Dofinansowanie 32&nbsp;450,00 z\u0142 Wk\u0142ad w\u0142asny 8&nbsp;112,50 z\u0142 Ca\u0142kowita warto\u015b\u0107 [&hellip;]<\/p>\n","protected":false},"author":3,"featured_media":0,"parent":0,"menu_order":0,"comment_status":"closed","ping_status":"closed","template":"","meta":[],"yoast_head":"<!-- This site is optimized with the Yoast SEO plugin v19.0 - https:\/\/yoast.com\/wordpress\/plugins\/seo\/ -->\n<title>PROGRAM\u00a0 \u201eKorpus Wsparcia Senior\u00f3w \u201dna rok 2024 - MOPS Krasnystaw<\/title>\n<meta name=\"robots\" content=\"index, follow, max-snippet:-1, max-image-preview:large, max-video-preview:-1\" \/>\n<link rel=\"canonical\" href=\"https:\/\/www.mopskrasnystaw.pl\/?page_id=4747\" \/>\n<meta property=\"og:locale\" content=\"pl_PL\" \/>\n<meta property=\"og:type\" content=\"article\" \/>\n<meta property=\"og:title\" content=\"PROGRAM\u00a0 \u201eKorpus Wsparcia Senior\u00f3w \u201dna rok 2024 - MOPS Krasnystaw\" \/>\n<meta property=\"og:description\" content=\"Modu\u0142 I \u2013 us\u0142ugi s\u0105siedzkie finansowany ze \u015brodk\u00f3w pochodz\u0105cych z dotacji celowej bud\u017cetu pa\u0144stwa w zakresie realizacji przez gminy zadania w\u0142asnego, okre\u015blonego w art. 17 ust. 2 pkt 4 ustawy z dnia12 marca 2004r. o pomocy spo\u0142ecznej (Dz. U. z 2023 r. poz. 901 ze zm). Dofinansowanie 32&nbsp;450,00 z\u0142 Wk\u0142ad w\u0142asny 8&nbsp;112,50 z\u0142 Ca\u0142kowita warto\u015b\u0107 [&hellip;]\" \/>\n<meta property=\"og:url\" content=\"https:\/\/www.mopskrasnystaw.pl\/?page_id=4747\" \/>\n<meta property=\"og:site_name\" content=\"MOPS Krasnystaw\" \/>\n<meta property=\"article:modified_time\" content=\"2024-07-03T08:07:13+00:00\" \/>\n<meta property=\"og:image\" content=\"https:\/\/www.mopskrasnystaw.pl\/wp-content\/uploads\/2024\/07\/002_03072024_100650.jpg\" \/>\n<meta name=\"twitter:card\" content=\"summary_large_image\" \/>\n<meta name=\"twitter:label1\" content=\"Szacowany czas czytania\" \/>\n\t<meta name=\"twitter:data1\" content=\"3 minuty\" \/>\n<script type=\"application\/ld+json\" class=\"yoast-schema-graph\">{\"@context\":\"https:\/\/schema.org\",\"@graph\":[{\"@type\":\"WebSite\",\"@id\":\"https:\/\/www.mopskrasnystaw.pl\/#website\",\"url\":\"https:\/\/www.mopskrasnystaw.pl\/\",\"name\":\"MOPS Krasnystaw\",\"description\":\"\",\"potentialAction\":[{\"@type\":\"SearchAction\",\"target\":{\"@type\":\"EntryPoint\",\"urlTemplate\":\"https:\/\/www.mopskrasnystaw.pl\/?s={search_term_string}\"},\"query-input\":\"required name=search_term_string\"}],\"inLanguage\":\"pl-PL\"},{\"@type\":\"ImageObject\",\"inLanguage\":\"pl-PL\",\"@id\":\"https:\/\/www.mopskrasnystaw.pl\/?page_id=4747#primaryimage\",\"url\":\"https:\/\/www.mopskrasnystaw.pl\/wp-content\/uploads\/2024\/07\/002_03072024_100650.jpg\",\"contentUrl\":\"https:\/\/www.mopskrasnystaw.pl\/wp-content\/uploads\/2024\/07\/002_03072024_100650.jpg\",\"width\":639,\"height\":876},{\"@type\":\"WebPage\",\"@id\":\"https:\/\/www.mopskrasnystaw.pl\/?page_id=4747#webpage\",\"url\":\"https:\/\/www.mopskrasnystaw.pl\/?page_id=4747\",\"name\":\"PROGRAM\u00a0 \u201eKorpus Wsparcia Senior\u00f3w \u201dna rok 2024 - MOPS Krasnystaw\",\"isPartOf\":{\"@id\":\"https:\/\/www.mopskrasnystaw.pl\/#website\"},\"primaryImageOfPage\":{\"@id\":\"https:\/\/www.mopskrasnystaw.pl\/?page_id=4747#primaryimage\"},\"datePublished\":\"2024-07-03T07:58:41+00:00\",\"dateModified\":\"2024-07-03T08:07:13+00:00\",\"breadcrumb\":{\"@id\":\"https:\/\/www.mopskrasnystaw.pl\/?page_id=4747#breadcrumb\"},\"inLanguage\":\"pl-PL\",\"potentialAction\":[{\"@type\":\"ReadAction\",\"target\":[\"https:\/\/www.mopskrasnystaw.pl\/?page_id=4747\"]}]},{\"@type\":\"BreadcrumbList\",\"@id\":\"https:\/\/www.mopskrasnystaw.pl\/?page_id=4747#breadcrumb\",\"itemListElement\":[{\"@type\":\"ListItem\",\"position\":1,\"name\":\"Strona g\u0142\u00f3wna\",\"item\":\"https:\/\/www.mopskrasnystaw.pl\/\"},{\"@type\":\"ListItem\",\"position\":2,\"name\":\"PROGRAM\u00a0 \u201eKorpus Wsparcia Senior\u00f3w \u201dna rok 2024\"}]}]}<\/script>\n<!-- \/ Yoast SEO plugin. -->","yoast_head_json":{"title":"PROGRAM\u00a0 \u201eKorpus Wsparcia Senior\u00f3w \u201dna rok 2024 - MOPS Krasnystaw","robots":{"index":"index","follow":"follow","max-snippet":"max-snippet:-1","max-image-preview":"max-image-preview:large","max-video-preview":"max-video-preview:-1"},"canonical":"https:\/\/www.mopskrasnystaw.pl\/?page_id=4747","og_locale":"pl_PL","og_type":"article","og_title":"PROGRAM\u00a0 \u201eKorpus Wsparcia Senior\u00f3w \u201dna rok 2024 - MOPS Krasnystaw","og_description":"Modu\u0142 I \u2013 us\u0142ugi s\u0105siedzkie finansowany ze \u015brodk\u00f3w pochodz\u0105cych z dotacji celowej bud\u017cetu pa\u0144stwa w zakresie realizacji przez gminy zadania w\u0142asnego, okre\u015blonego w art. 17 ust. 2 pkt 4 ustawy z dnia12 marca 2004r. o pomocy spo\u0142ecznej (Dz. U. z 2023 r. poz. 901 ze zm). Dofinansowanie 32&nbsp;450,00 z\u0142 Wk\u0142ad w\u0142asny 8&nbsp;112,50 z\u0142 Ca\u0142kowita warto\u015b\u0107 [&hellip;]","og_url":"https:\/\/www.mopskrasnystaw.pl\/?page_id=4747","og_site_name":"MOPS Krasnystaw","article_modified_time":"2024-07-03T08:07:13+00:00","og_image":[{"url":"https:\/\/www.mopskrasnystaw.pl\/wp-content\/uploads\/2024\/07\/002_03072024_100650.jpg"}],"twitter_card":"summary_large_image","twitter_misc":{"Szacowany czas czytania":"3 minuty"},"schema":{"@context":"https:\/\/schema.org","@graph":[{"@type":"WebSite","@id":"https:\/\/www.mopskrasnystaw.pl\/#website","url":"https:\/\/www.mopskrasnystaw.pl\/","name":"MOPS Krasnystaw","description":"","potentialAction":[{"@type":"SearchAction","target":{"@type":"EntryPoint","urlTemplate":"https:\/\/www.mopskrasnystaw.pl\/?s={search_term_string}"},"query-input":"required name=search_term_string"}],"inLanguage":"pl-PL"},{"@type":"ImageObject","inLanguage":"pl-PL","@id":"https:\/\/www.mopskrasnystaw.pl\/?page_id=4747#primaryimage","url":"https:\/\/www.mopskrasnystaw.pl\/wp-content\/uploads\/2024\/07\/002_03072024_100650.jpg","contentUrl":"https:\/\/www.mopskrasnystaw.pl\/wp-content\/uploads\/2024\/07\/002_03072024_100650.jpg","width":639,"height":876},{"@type":"WebPage","@id":"https:\/\/www.mopskrasnystaw.pl\/?page_id=4747#webpage","url":"https:\/\/www.mopskrasnystaw.pl\/?page_id=4747","name":"PROGRAM\u00a0 \u201eKorpus Wsparcia Senior\u00f3w \u201dna rok 2024 - MOPS Krasnystaw","isPartOf":{"@id":"https:\/\/www.mopskrasnystaw.pl\/#website"},"primaryImageOfPage":{"@id":"https:\/\/www.mopskrasnystaw.pl\/?page_id=4747#primaryimage"},"datePublished":"2024-07-03T07:58:41+00:00","dateModified":"2024-07-03T08:07:13+00:00","breadcrumb":{"@id":"https:\/\/www.mopskrasnystaw.pl\/?page_id=4747#breadcrumb"},"inLanguage":"pl-PL","potentialAction":[{"@type":"ReadAction","target":["https:\/\/www.mopskrasnystaw.pl\/?page_id=4747"]}]},{"@type":"BreadcrumbList","@id":"https:\/\/www.mopskrasnystaw.pl\/?page_id=4747#breadcrumb","itemListElement":[{"@type":"ListItem","position":1,"name":"Strona g\u0142\u00f3wna","item":"https:\/\/www.mopskrasnystaw.pl\/"},{"@type":"ListItem","position":2,"name":"PROGRAM\u00a0 \u201eKorpus Wsparcia Senior\u00f3w \u201dna rok 2024"}]}]}},"_links":{"self":[{"href":"https:\/\/www.mopskrasnystaw.pl\/index.php?rest_route=\/wp\/v2\/pages\/4747"}],"collection":[{"href":"https:\/\/www.mopskrasnystaw.pl\/index.php?rest_route=\/wp\/v2\/pages"}],"about":[{"href":"https:\/\/www.mopskrasnystaw.pl\/index.php?rest_route=\/wp\/v2\/types\/page"}],"author":[{"embeddable":true,"href":"https:\/\/www.mopskrasnystaw.pl\/index.php?rest_route=\/wp\/v2\/users\/3"}],"replies":[{"embeddable":true,"href":"https:\/\/www.mopskrasnystaw.pl\/index.php?rest_route=%2Fwp%2Fv2%2Fcomments&post=4747"}],"version-history":[{"count":2,"href":"https:\/\/www.mopskrasnystaw.pl\/index.php?rest_route=\/wp\/v2\/pages\/4747\/revisions"}],"predecessor-version":[{"id":4751,"href":"https:\/\/www.mopskrasnystaw.pl\/index.php?rest_route=\/wp\/v2\/pages\/4747\/revisions\/4751"}],"wp:attachment":[{"href":"https:\/\/www.mopskrasnystaw.pl\/index.php?rest_route=%2Fwp%2Fv2%2Fmedia&parent=4747"}],"curies":[{"name":"wp","href":"https:\/\/api.w.org\/{rel}","templated":true}]}}