{"id":4714,"date":"2024-04-24T07:06:17","date_gmt":"2024-04-24T07:06:17","guid":{"rendered":"https:\/\/www.mopskrasnystaw.pl\/?page_id=4714"},"modified":"2024-04-24T07:06:18","modified_gmt":"2024-04-24T07:06:18","slug":"swietlica-standardy-ochrony-maloletnich","status":"publish","type":"page","link":"https:\/\/www.mopskrasnystaw.pl\/?page_id=4714","title":{"rendered":"\u015awietlica &#8211; Standardy ochrony ma\u0142oletnich"},"content":{"rendered":"\n<p><strong>Zarz\u0105dzenie Nr 8\/2024<\/strong> <strong>Dyrektora Miejskiego O\u015brodka Pomocy Spo\u0142ecznej w Krasnymstawie<\/strong><\/p>\n\n\n\n<p><strong>z dnia 15 lutego 2024 roku<\/strong> <strong>w sprawie zatwierdzenia Standard\u00f3w Ochrony Ma\u0142oletnich<\/strong><\/p>\n\n\n\n<p><strong>w \u015awietlicy Wsparcia Dziennego dla Dzieci i M\u0142odzie\u017cy<\/strong> <strong>przy Miejskim O\u015brodku Pomocy Spo\u0142ecznej<br>w Krasnymstawie<\/strong><\/p>\n\n\n\n<div class=\"wp-block-file\"><a id=\"wp-block-file--media-903f1c29-f122-4205-bc87-c192e539000b\" href=\"https:\/\/www.mopskrasnystaw.pl\/wp-content\/uploads\/2024\/04\/SOchM.pdf\">Zarz\u0105dzenie.pdf<\/a><\/div>\n","protected":false},"excerpt":{"rendered":"<p>Zarz\u0105dzenie Nr 8\/2024 Dyrektora Miejskiego O\u015brodka Pomocy Spo\u0142ecznej w Krasnymstawie z dnia 15 lutego 2024 roku w sprawie zatwierdzenia Standard\u00f3w Ochrony Ma\u0142oletnich w \u015awietlicy Wsparcia Dziennego dla Dzieci i M\u0142odzie\u017cy przy Miejskim O\u015brodku Pomocy Spo\u0142ecznejw Krasnymstawie<\/p>\n","protected":false},"author":3,"featured_media":0,"parent":0,"menu_order":0,"comment_status":"closed","ping_status":"closed","template":"","meta":[],"yoast_head":"<!-- This site is optimized with the Yoast SEO plugin v19.0 - https:\/\/yoast.com\/wordpress\/plugins\/seo\/ -->\n<title>\u015awietlica - Standardy ochrony ma\u0142oletnich - MOPS Krasnystaw<\/title>\n<meta name=\"robots\" content=\"index, follow, max-snippet:-1, max-image-preview:large, max-video-preview:-1\" \/>\n<link rel=\"canonical\" href=\"https:\/\/www.mopskrasnystaw.pl\/?page_id=4714\" \/>\n<meta property=\"og:locale\" content=\"pl_PL\" \/>\n<meta property=\"og:type\" content=\"article\" \/>\n<meta property=\"og:title\" content=\"\u015awietlica - Standardy ochrony ma\u0142oletnich - MOPS Krasnystaw\" \/>\n<meta property=\"og:description\" content=\"Zarz\u0105dzenie Nr 8\/2024 Dyrektora Miejskiego O\u015brodka Pomocy Spo\u0142ecznej w Krasnymstawie z dnia 15 lutego 2024 roku w sprawie zatwierdzenia Standard\u00f3w Ochrony Ma\u0142oletnich w \u015awietlicy Wsparcia Dziennego dla Dzieci i M\u0142odzie\u017cy przy Miejskim O\u015brodku Pomocy Spo\u0142ecznejw Krasnymstawie\" \/>\n<meta property=\"og:url\" content=\"https:\/\/www.mopskrasnystaw.pl\/?page_id=4714\" \/>\n<meta property=\"og:site_name\" content=\"MOPS Krasnystaw\" \/>\n<meta property=\"article:modified_time\" content=\"2024-04-24T07:06:18+00:00\" \/>\n<meta name=\"twitter:card\" content=\"summary_large_image\" \/>\n<meta name=\"twitter:label1\" content=\"Szacowany czas czytania\" \/>\n\t<meta name=\"twitter:data1\" content=\"1 minuta\" \/>\n<script type=\"application\/ld+json\" class=\"yoast-schema-graph\">{\"@context\":\"https:\/\/schema.org\",\"@graph\":[{\"@type\":\"WebSite\",\"@id\":\"https:\/\/www.mopskrasnystaw.pl\/#website\",\"url\":\"https:\/\/www.mopskrasnystaw.pl\/\",\"name\":\"MOPS Krasnystaw\",\"description\":\"\",\"potentialAction\":[{\"@type\":\"SearchAction\",\"target\":{\"@type\":\"EntryPoint\",\"urlTemplate\":\"https:\/\/www.mopskrasnystaw.pl\/?s={search_term_string}\"},\"query-input\":\"required name=search_term_string\"}],\"inLanguage\":\"pl-PL\"},{\"@type\":\"WebPage\",\"@id\":\"https:\/\/www.mopskrasnystaw.pl\/?page_id=4714#webpage\",\"url\":\"https:\/\/www.mopskrasnystaw.pl\/?page_id=4714\",\"name\":\"\u015awietlica - Standardy ochrony ma\u0142oletnich - MOPS Krasnystaw\",\"isPartOf\":{\"@id\":\"https:\/\/www.mopskrasnystaw.pl\/#website\"},\"datePublished\":\"2024-04-24T07:06:17+00:00\",\"dateModified\":\"2024-04-24T07:06:18+00:00\",\"breadcrumb\":{\"@id\":\"https:\/\/www.mopskrasnystaw.pl\/?page_id=4714#breadcrumb\"},\"inLanguage\":\"pl-PL\",\"potentialAction\":[{\"@type\":\"ReadAction\",\"target\":[\"https:\/\/www.mopskrasnystaw.pl\/?page_id=4714\"]}]},{\"@type\":\"BreadcrumbList\",\"@id\":\"https:\/\/www.mopskrasnystaw.pl\/?page_id=4714#breadcrumb\",\"itemListElement\":[{\"@type\":\"ListItem\",\"position\":1,\"name\":\"Strona g\u0142\u00f3wna\",\"item\":\"https:\/\/www.mopskrasnystaw.pl\/\"},{\"@type\":\"ListItem\",\"position\":2,\"name\":\"\u015awietlica &#8211; Standardy ochrony ma\u0142oletnich\"}]}]}<\/script>\n<!-- \/ Yoast SEO plugin. -->","yoast_head_json":{"title":"\u015awietlica - Standardy ochrony ma\u0142oletnich - MOPS Krasnystaw","robots":{"index":"index","follow":"follow","max-snippet":"max-snippet:-1","max-image-preview":"max-image-preview:large","max-video-preview":"max-video-preview:-1"},"canonical":"https:\/\/www.mopskrasnystaw.pl\/?page_id=4714","og_locale":"pl_PL","og_type":"article","og_title":"\u015awietlica - Standardy ochrony ma\u0142oletnich - MOPS Krasnystaw","og_description":"Zarz\u0105dzenie Nr 8\/2024 Dyrektora Miejskiego O\u015brodka Pomocy Spo\u0142ecznej w Krasnymstawie z dnia 15 lutego 2024 roku w sprawie zatwierdzenia Standard\u00f3w Ochrony Ma\u0142oletnich w \u015awietlicy Wsparcia Dziennego dla Dzieci i M\u0142odzie\u017cy przy Miejskim O\u015brodku Pomocy Spo\u0142ecznejw Krasnymstawie","og_url":"https:\/\/www.mopskrasnystaw.pl\/?page_id=4714","og_site_name":"MOPS Krasnystaw","article_modified_time":"2024-04-24T07:06:18+00:00","twitter_card":"summary_large_image","twitter_misc":{"Szacowany czas czytania":"1 minuta"},"schema":{"@context":"https:\/\/schema.org","@graph":[{"@type":"WebSite","@id":"https:\/\/www.mopskrasnystaw.pl\/#website","url":"https:\/\/www.mopskrasnystaw.pl\/","name":"MOPS Krasnystaw","description":"","potentialAction":[{"@type":"SearchAction","target":{"@type":"EntryPoint","urlTemplate":"https:\/\/www.mopskrasnystaw.pl\/?s={search_term_string}"},"query-input":"required name=search_term_string"}],"inLanguage":"pl-PL"},{"@type":"WebPage","@id":"https:\/\/www.mopskrasnystaw.pl\/?page_id=4714#webpage","url":"https:\/\/www.mopskrasnystaw.pl\/?page_id=4714","name":"\u015awietlica - Standardy ochrony ma\u0142oletnich - MOPS Krasnystaw","isPartOf":{"@id":"https:\/\/www.mopskrasnystaw.pl\/#website"},"datePublished":"2024-04-24T07:06:17+00:00","dateModified":"2024-04-24T07:06:18+00:00","breadcrumb":{"@id":"https:\/\/www.mopskrasnystaw.pl\/?page_id=4714#breadcrumb"},"inLanguage":"pl-PL","potentialAction":[{"@type":"ReadAction","target":["https:\/\/www.mopskrasnystaw.pl\/?page_id=4714"]}]},{"@type":"BreadcrumbList","@id":"https:\/\/www.mopskrasnystaw.pl\/?page_id=4714#breadcrumb","itemListElement":[{"@type":"ListItem","position":1,"name":"Strona g\u0142\u00f3wna","item":"https:\/\/www.mopskrasnystaw.pl\/"},{"@type":"ListItem","position":2,"name":"\u015awietlica &#8211; Standardy ochrony ma\u0142oletnich"}]}]}},"_links":{"self":[{"href":"https:\/\/www.mopskrasnystaw.pl\/index.php?rest_route=\/wp\/v2\/pages\/4714"}],"collection":[{"href":"https:\/\/www.mopskrasnystaw.pl\/index.php?rest_route=\/wp\/v2\/pages"}],"about":[{"href":"https:\/\/www.mopskrasnystaw.pl\/index.php?rest_route=\/wp\/v2\/types\/page"}],"author":[{"embeddable":true,"href":"https:\/\/www.mopskrasnystaw.pl\/index.php?rest_route=\/wp\/v2\/users\/3"}],"replies":[{"embeddable":true,"href":"https:\/\/www.mopskrasnystaw.pl\/index.php?rest_route=%2Fwp%2Fv2%2Fcomments&post=4714"}],"version-history":[{"count":1,"href":"https:\/\/www.mopskrasnystaw.pl\/index.php?rest_route=\/wp\/v2\/pages\/4714\/revisions"}],"predecessor-version":[{"id":4716,"href":"https:\/\/www.mopskrasnystaw.pl\/index.php?rest_route=\/wp\/v2\/pages\/4714\/revisions\/4716"}],"wp:attachment":[{"href":"https:\/\/www.mopskrasnystaw.pl\/index.php?rest_route=%2Fwp%2Fv2%2Fmedia&parent=4714"}],"curies":[{"name":"wp","href":"https:\/\/api.w.org\/{rel}","templated":true}]}}