{"id":4659,"date":"2024-01-19T12:31:26","date_gmt":"2024-01-19T12:31:26","guid":{"rendered":"https:\/\/www.mopskrasnystaw.pl\/?page_id=4659"},"modified":"2024-01-19T12:32:51","modified_gmt":"2024-01-19T12:32:51","slug":"dodatek-gazowy","status":"publish","type":"page","link":"https:\/\/www.mopskrasnystaw.pl\/?page_id=4659","title":{"rendered":"Dodatek gazowy"},"content":{"rendered":"\n<p>W celu zrekompensowania wzrostu koszt\u00f3w cen na rynku gazu, na mocy ustawy z 15 grudnia 2022 r. o szczeg\u00f3lnej ochronie niekt\u00f3rych odbiorc\u00f3w paliw gazowych w 2023r. w zwi\u0105zku z sytuacj\u0105 na rynku gazu&nbsp; (Dz.U. 2022 poz. 2687), kt\u00f3rej zapisy wesz\u0142y w \u017cycie 20 grudnia 2022 r., wprowadzona zosta\u0142a refundacja podatku VAT za gaz.<\/p>\n\n\n\n<p>Refundacja podatku VAT ma obowi\u0105zywa\u0107 od 1 stycznia 2023 r. do 31 grudnia 2023 r.&nbsp;O zwrot mo\u017cna ubiega\u0107 si\u0119 po otrzymaniu i op\u0142aceniu pierwszej faktury za paliwa gazowe w nowym roku.<\/p>\n\n\n\n<p>Refundacji podlega VAT od paliw gazowych tj. gaz ziemny wysokometanowy lub zaazotowany, w tym skroplony gaz ziemny oraz propan-butan lub inne rodzaje gazu palnego, dostarczane za pomoc\u0105 sieci gazowej, a tak\u017ce biogaz rolniczy.<\/p>\n\n\n\n<h3>Kto mo\u017ce ubiega\u0107 si\u0119 o refundacj\u0119?<\/h3>\n\n\n\n<p>O refundacj\u0119 podatku VAT mog\u0105 si\u0119 ubiega\u0107 osoby, kt\u00f3re u\u017cywaj\u0105 paliw gazowych do cel\u00f3w grzewczych i ponios\u0142y koszty zakupu tego paliwa. Wnioskodawc\u0105 zatem musi by\u0107 osoba, kt\u00f3ra faktycznie ponios\u0142a koszty wynikaj\u0105ce z faktury.<\/p>\n\n\n\n<h3>Termin z\u0142o\u017cenia wniosku<\/h3>\n\n\n\n<p>Wniosek o refundacj\u0119 podatku VAT nale\u017cy z\u0142o\u017cy\u0107 w terminie 30 dni od dnia otrzymania faktury dokumentuj\u0105cej dostarczenie paliw gazowych. Nie p\u00f3\u017aniej jednak ni\u017c do 29 lutego 2024 r.<\/p>\n\n\n\n<p>Prawo do refundacji przys\u0142uguje pod warunkiem spe\u0142nienia przez gospodarstwo domowe kryterium dochodowego wynosz\u0105cego:<\/p>\n\n\n\n<ul><li>2100 z\u0142 dla jednoosobowego gospodarstwa domowego,<\/li><li>1500 z\u0142 na osob\u0119 w przypadku gospodarstwa wieloosobowego.<\/li><\/ul>\n\n\n\n<p>Gospodarstwem domowym jednoosobowym jest osoba fizyczna samotnie zamieszkuj\u0105ca i gospodaruj\u0105ca. Z kolei gospodarstwem wieloosobowym jest osoba fizyczna oraz osoby z ni\u0105 spokrewnione lub niespokrewnione pozostaj\u0105ce w faktycznym zwi\u0105zku, wsp\u00f3lnie z ni\u0105 zamieszkuj\u0105ce i gospodaruj\u0105ce.<\/p>\n\n\n\n<p>Doch\u00f3d weryfikowany jest jednorazowo przy z\u0142o\u017ceniu pierwszego wniosku. Spos\u00f3b liczenia dochodu jest analogiczny jak przy ubieganiu si\u0119 o zasi\u0142ek rodzinny, fundusz alimentacyjny czy dodatek os\u0142onowy.<\/p>\n\n\n\n<p>W&nbsp; przypadku z\u0142o\u017cenia wniosku o refundacj\u0119 w okresie:<\/p>\n\n\n\n<ul><li>od 1 stycznia do 31 lipca 2023 r.\u2013 uwzgl\u0119dnia si\u0119 doch\u00f3d gospodarstwa domowego osi\u0105gni\u0119ty w przedostatnim roku&nbsp;kalendarzowym poprzedzaj\u0105cym rok, w kt\u00f3rym z\u0142o\u017cono wniosek, tj. doch\u00f3d z 2021 r.<\/li><li>od 1 sierpnia do 29 lutego 2024 r.\u2013 uwzgl\u0119dnia si\u0119 doch\u00f3d gospodarstwa domowego osi\u0105gni\u0119ty w ostatnim roku kalendarzowym poprzedzaj\u0105cym rok, w kt\u00f3rym z\u0142o\u017cono wniosek, tj. doch\u00f3d z 2022 r.<\/li><\/ul>\n\n\n\n<h3>Konieczny wpis \u017ar\u00f3d\u0142a ciep\u0142a do CEEB<\/h3>\n\n\n\n<p>Korzystanie z gazu do ogrzewania domu czy mieszkania musi potwierdzi\u0107 wpis do Centralnej Ewidencji Emisyjno\u015bci Budynk\u00f3w. Wpis powinien by\u0107 dokonany do 21 grudnia 2022 r. lub po tym dniu w przypadku g\u0142\u00f3wnego \u017ar\u00f3d\u0142a ogrzewania wpisanego lub zg\u0142oszonego po raz pierwszy do CEEB.<\/p>\n\n\n\n<p>Wz\u00f3r wniosku udost\u0119pniony b\u0119dzie przez ministra w\u0142a\u015bciwego do spraw energii w Biuletynie Informacji Publicznej.<\/p>\n\n\n\n<p>Do wniosku o refundacj\u0119 podatku VAT nale\u017cy za\u0142\u0105czy\u0107:<\/p>\n\n\n\n<ul><li>faktur\u0119 dokumentuj\u0105c\u0105 dostarczenie paliw gazowych do tego odbiorcy przez&nbsp; przedsi\u0119biorstwo energetyczne,<\/li><li>dow\u00f3d uiszczenia zap\u0142aty za t\u0119 faktur\u0119.<\/li><\/ul>\n\n\n\n<p>Mo\u017cliwe jest z\u0142o\u017cenie wniosku za pomoc\u0105 \u015brodk\u00f3w komunikacji elektronicznej. Nale\u017cy pami\u0119ta\u0107 o opatrzeniu takiego wniosku kwalifikowanym podpisem elektronicznym, podpisem zaufanym albo podpisem osobistym. Do wniosku nale\u017cy do\u0142\u0105czy\u0107 skany wymaganych dokument\u00f3w.<\/p>\n\n\n\n<p>Przyznanie przez w\u00f3jta, burmistrza lub prezydenta miasta refundacji podatku VAT<strong> nie wymaga wydania decyzji.<\/strong><\/p>\n\n\n\n<p>Jedynie odmowa przyznania zwrotu podatku VAT, uchylenie lub zmiana wysoko\u015bci refundacji podatku VAT oraz rozstrzygni\u0119cie w sprawie nienale\u017cnie pobranej refundacji podatku VAT wymagaj\u0105 wydania decyzji urz\u0119du.<\/p>\n\n\n\n<p>Wz\u00f3r wniosku o refundacj\u0119 zostanie udost\u0119pniony przez ministra w\u0142a\u015bciwego do spraw energii w Biuletynie Informacji Publicznej na stronie podmiotowej obs\u0142uguj\u0105cego go urz\u0119du.<\/p>\n\n\n\n<p>Informacje na temat refundacji podatku VAT za gaz mo\u017cna uzyska\u0107 w Miejskim O\u015brodku Pomocy Spo\u0142ecznej w Krasnymstawie, ul. Pi\u0142sudskiego 9, parter pok. 5 lub pod numerem telefonu 82 576 23 24 wew. 109.<\/p>\n\n\n\n<div class=\"wp-block-file\"><a id=\"wp-block-file--media-4b49268d-22b0-423f-8a0b-cd957b89bf4f\" href=\"https:\/\/www.mopskrasnystaw.pl\/wp-content\/uploads\/2024\/01\/Wniosek_o_wyplate_refundacji_podatku_VAT_2024__r-2.docx\">Wniosek<\/a><\/div>\n\n\n\n<div class=\"wp-block-file\"><a id=\"wp-block-file--media-1c7b8c48-14df-47f5-9d35-18d5e36f1436\" href=\"https:\/\/www.mopskrasnystaw.pl\/wp-content\/uploads\/2024\/01\/RODO-GAZ-2024.docx\">RODO<\/a><\/div>\n","protected":false},"excerpt":{"rendered":"<p>W celu zrekompensowania wzrostu koszt\u00f3w cen na rynku gazu, na mocy ustawy z 15 grudnia 2022 r. o szczeg\u00f3lnej ochronie niekt\u00f3rych odbiorc\u00f3w paliw gazowych w 2023r. w zwi\u0105zku z sytuacj\u0105 na rynku gazu&nbsp; (Dz.U. 2022 poz. 2687), kt\u00f3rej zapisy wesz\u0142y w \u017cycie 20 grudnia 2022 r., wprowadzona zosta\u0142a refundacja podatku VAT za gaz. Refundacja podatku [&hellip;]<\/p>\n","protected":false},"author":3,"featured_media":0,"parent":0,"menu_order":0,"comment_status":"closed","ping_status":"closed","template":"","meta":[],"yoast_head":"<!-- This site is optimized with the Yoast SEO plugin v19.0 - https:\/\/yoast.com\/wordpress\/plugins\/seo\/ -->\n<title>Dodatek gazowy - MOPS Krasnystaw<\/title>\n<meta name=\"robots\" content=\"index, follow, max-snippet:-1, max-image-preview:large, max-video-preview:-1\" \/>\n<link rel=\"canonical\" href=\"https:\/\/www.mopskrasnystaw.pl\/?page_id=4659\" \/>\n<meta property=\"og:locale\" content=\"pl_PL\" \/>\n<meta property=\"og:type\" content=\"article\" \/>\n<meta property=\"og:title\" content=\"Dodatek gazowy - MOPS Krasnystaw\" \/>\n<meta property=\"og:description\" content=\"W celu zrekompensowania wzrostu koszt\u00f3w cen na rynku gazu, na mocy ustawy z 15 grudnia 2022 r. o szczeg\u00f3lnej ochronie niekt\u00f3rych odbiorc\u00f3w paliw gazowych w 2023r. w zwi\u0105zku z sytuacj\u0105 na rynku gazu&nbsp; (Dz.U. 2022 poz. 2687), kt\u00f3rej zapisy wesz\u0142y w \u017cycie 20 grudnia 2022 r., wprowadzona zosta\u0142a refundacja podatku VAT za gaz. Refundacja podatku [&hellip;]\" \/>\n<meta property=\"og:url\" content=\"https:\/\/www.mopskrasnystaw.pl\/?page_id=4659\" \/>\n<meta property=\"og:site_name\" content=\"MOPS Krasnystaw\" \/>\n<meta property=\"article:modified_time\" content=\"2024-01-19T12:32:51+00:00\" \/>\n<meta name=\"twitter:card\" content=\"summary_large_image\" \/>\n<meta name=\"twitter:label1\" content=\"Szacowany czas czytania\" \/>\n\t<meta name=\"twitter:data1\" content=\"4 minuty\" \/>\n<script type=\"application\/ld+json\" class=\"yoast-schema-graph\">{\"@context\":\"https:\/\/schema.org\",\"@graph\":[{\"@type\":\"WebSite\",\"@id\":\"https:\/\/www.mopskrasnystaw.pl\/#website\",\"url\":\"https:\/\/www.mopskrasnystaw.pl\/\",\"name\":\"MOPS Krasnystaw\",\"description\":\"\",\"potentialAction\":[{\"@type\":\"SearchAction\",\"target\":{\"@type\":\"EntryPoint\",\"urlTemplate\":\"https:\/\/www.mopskrasnystaw.pl\/?s={search_term_string}\"},\"query-input\":\"required name=search_term_string\"}],\"inLanguage\":\"pl-PL\"},{\"@type\":\"WebPage\",\"@id\":\"https:\/\/www.mopskrasnystaw.pl\/?page_id=4659#webpage\",\"url\":\"https:\/\/www.mopskrasnystaw.pl\/?page_id=4659\",\"name\":\"Dodatek gazowy - MOPS Krasnystaw\",\"isPartOf\":{\"@id\":\"https:\/\/www.mopskrasnystaw.pl\/#website\"},\"datePublished\":\"2024-01-19T12:31:26+00:00\",\"dateModified\":\"2024-01-19T12:32:51+00:00\",\"breadcrumb\":{\"@id\":\"https:\/\/www.mopskrasnystaw.pl\/?page_id=4659#breadcrumb\"},\"inLanguage\":\"pl-PL\",\"potentialAction\":[{\"@type\":\"ReadAction\",\"target\":[\"https:\/\/www.mopskrasnystaw.pl\/?page_id=4659\"]}]},{\"@type\":\"BreadcrumbList\",\"@id\":\"https:\/\/www.mopskrasnystaw.pl\/?page_id=4659#breadcrumb\",\"itemListElement\":[{\"@type\":\"ListItem\",\"position\":1,\"name\":\"Strona g\u0142\u00f3wna\",\"item\":\"https:\/\/www.mopskrasnystaw.pl\/\"},{\"@type\":\"ListItem\",\"position\":2,\"name\":\"Dodatek gazowy\"}]}]}<\/script>\n<!-- \/ Yoast SEO plugin. -->","yoast_head_json":{"title":"Dodatek gazowy - MOPS Krasnystaw","robots":{"index":"index","follow":"follow","max-snippet":"max-snippet:-1","max-image-preview":"max-image-preview:large","max-video-preview":"max-video-preview:-1"},"canonical":"https:\/\/www.mopskrasnystaw.pl\/?page_id=4659","og_locale":"pl_PL","og_type":"article","og_title":"Dodatek gazowy - MOPS Krasnystaw","og_description":"W celu zrekompensowania wzrostu koszt\u00f3w cen na rynku gazu, na mocy ustawy z 15 grudnia 2022 r. o szczeg\u00f3lnej ochronie niekt\u00f3rych odbiorc\u00f3w paliw gazowych w 2023r. w zwi\u0105zku z sytuacj\u0105 na rynku gazu&nbsp; (Dz.U. 2022 poz. 2687), kt\u00f3rej zapisy wesz\u0142y w \u017cycie 20 grudnia 2022 r., wprowadzona zosta\u0142a refundacja podatku VAT za gaz. Refundacja podatku [&hellip;]","og_url":"https:\/\/www.mopskrasnystaw.pl\/?page_id=4659","og_site_name":"MOPS Krasnystaw","article_modified_time":"2024-01-19T12:32:51+00:00","twitter_card":"summary_large_image","twitter_misc":{"Szacowany czas czytania":"4 minuty"},"schema":{"@context":"https:\/\/schema.org","@graph":[{"@type":"WebSite","@id":"https:\/\/www.mopskrasnystaw.pl\/#website","url":"https:\/\/www.mopskrasnystaw.pl\/","name":"MOPS Krasnystaw","description":"","potentialAction":[{"@type":"SearchAction","target":{"@type":"EntryPoint","urlTemplate":"https:\/\/www.mopskrasnystaw.pl\/?s={search_term_string}"},"query-input":"required name=search_term_string"}],"inLanguage":"pl-PL"},{"@type":"WebPage","@id":"https:\/\/www.mopskrasnystaw.pl\/?page_id=4659#webpage","url":"https:\/\/www.mopskrasnystaw.pl\/?page_id=4659","name":"Dodatek gazowy - MOPS Krasnystaw","isPartOf":{"@id":"https:\/\/www.mopskrasnystaw.pl\/#website"},"datePublished":"2024-01-19T12:31:26+00:00","dateModified":"2024-01-19T12:32:51+00:00","breadcrumb":{"@id":"https:\/\/www.mopskrasnystaw.pl\/?page_id=4659#breadcrumb"},"inLanguage":"pl-PL","potentialAction":[{"@type":"ReadAction","target":["https:\/\/www.mopskrasnystaw.pl\/?page_id=4659"]}]},{"@type":"BreadcrumbList","@id":"https:\/\/www.mopskrasnystaw.pl\/?page_id=4659#breadcrumb","itemListElement":[{"@type":"ListItem","position":1,"name":"Strona g\u0142\u00f3wna","item":"https:\/\/www.mopskrasnystaw.pl\/"},{"@type":"ListItem","position":2,"name":"Dodatek gazowy"}]}]}},"_links":{"self":[{"href":"https:\/\/www.mopskrasnystaw.pl\/index.php?rest_route=\/wp\/v2\/pages\/4659"}],"collection":[{"href":"https:\/\/www.mopskrasnystaw.pl\/index.php?rest_route=\/wp\/v2\/pages"}],"about":[{"href":"https:\/\/www.mopskrasnystaw.pl\/index.php?rest_route=\/wp\/v2\/types\/page"}],"author":[{"embeddable":true,"href":"https:\/\/www.mopskrasnystaw.pl\/index.php?rest_route=\/wp\/v2\/users\/3"}],"replies":[{"embeddable":true,"href":"https:\/\/www.mopskrasnystaw.pl\/index.php?rest_route=%2Fwp%2Fv2%2Fcomments&post=4659"}],"version-history":[{"count":2,"href":"https:\/\/www.mopskrasnystaw.pl\/index.php?rest_route=\/wp\/v2\/pages\/4659\/revisions"}],"predecessor-version":[{"id":4664,"href":"https:\/\/www.mopskrasnystaw.pl\/index.php?rest_route=\/wp\/v2\/pages\/4659\/revisions\/4664"}],"wp:attachment":[{"href":"https:\/\/www.mopskrasnystaw.pl\/index.php?rest_route=%2Fwp%2Fv2%2Fmedia&parent=4659"}],"curies":[{"name":"wp","href":"https:\/\/api.w.org\/{rel}","templated":true}]}}