{"id":3391,"date":"2022-04-05T07:32:45","date_gmt":"2022-04-05T07:32:45","guid":{"rendered":"https:\/\/www.mopskrasnystaw.pl\/?page_id=3391"},"modified":"2022-11-02T09:49:24","modified_gmt":"2022-11-02T09:49:24","slug":"swiadczenie-pieniezne","status":"publish","type":"page","link":"https:\/\/www.mopskrasnystaw.pl\/?page_id=3391","title":{"rendered":"\u015awiadczenie pieni\u0119\u017cne"},"content":{"rendered":"\n<p>za zapewnienie zakwaterowania i wy\u017cywienia obywatelom Ukrainy przebywaj\u0105cym na terenie terytorium Rzeczypospolitej Polskiej, w zwi\u0105zku z dzia\u0142aniami wojennymi prowadzonymi na terytorium Ukrainy.<\/p>\n\n\n\n<p>Informujemy r\u00f3wnie\u017c, \u017ce pocz\u0105wszy <strong>od dnia 1 lipca 2022 r.<\/strong> wniosek o \u015bwiadczenie pieni\u0119\u017cne z tytu\u0142u zapewnienia zakwaterowania i wy\u017cywienia obywatelom Ukrainy sk\u0142ada si\u0119 <strong>w terminie miesi\u0105ca od ostatniego dnia okresu obj\u0119tego wnioskiem.<\/strong> Wniosek z\u0142o\u017cony po wskazanym terminie, zgodnie z obowi\u0105zuj\u0105cymi przepisami, pozostawia si\u0119 bez rozpoznania.<\/p>\n\n\n\n<p>Wniosek o \u015bwiadczenie pieni\u0119\u017cne, z tytu\u0142u zapewnienia zakwaterowania i wy\u017cywienia obywatelom Ukrainy obejmuj\u0105cy okres, w kt\u00f3rym <strong>zapewniano zakwaterowanie i wy\u017cywienie obywatelowi Ukrainy do dnia 30 czerwca 2022 r., sk\u0142ada si\u0119 w terminie do dnia 31 lipca 2022 r.<\/strong><\/p>\n\n\n\n<p>\u015awiadczenie pieni\u0119\u017cne z tego tytu\u0142u mo\u017ce by\u0107 przyznane nie d\u0142u\u017cej ni\u017c za okres 120 dni, od dnia przybycia obywatela Ukrainy na terytorium Rzeczpospolitej Polskiej.<\/p>\n\n\n\n<p>Osoby sk\u0142adaj\u0105ce wniosek winny dysponowa\u0107 nast\u0119puj\u0105cymi danymi obywateli Ukrainy, kt\u00f3rym zapewniono zakwaterowanie i wy\u017cywienie tj. imiona, nazwiska i numery PESEL. Przyznanie i wyp\u0142ata \u015bwiadczenia mo\u017ce by\u0107 uzale\u017cnione od weryfikacji warunk\u00f3w zakwaterowania i wy\u017cywienia, kt\u00f3ra mo\u017ce obejmowa\u0107 ogl\u0119dziny miejsca zakwaterowania. W celu uzyskania \u015bwiadczenia za kolejny okres, nale\u017cy z\u0142o\u017cy\u0107 ponownie wniosek.<\/p>\n\n\n\n<div class=\"wp-block-file\"><a id=\"wp-block-file--media-65b8a690-5ab7-4461-8744-eb348209feb5\" href=\"https:\/\/www.mopskrasnystaw.pl\/wp-content\/uploads\/2022\/11\/wniosek40.pdf\">Wniosek<\/a><\/div>\n\n\n\n<div class=\"wp-block-file\"><a id=\"wp-block-file--media-92d911fb-ae63-4ae4-bf39-78009bf817eb\" href=\"https:\/\/www.mopskrasnystaw.pl\/wp-content\/uploads\/2022\/05\/karta-osoby.pdf\">Karta osoby<\/a><\/div>\n\n\n\n<div class=\"wp-block-file\"><a id=\"wp-block-file--media-0fadf9c9-aef6-4ef1-8d1c-2ba6022a357d\" href=\"https:\/\/www.mopskrasnystaw.pl\/wp-content\/uploads\/2022\/04\/oswiadczenie.pdf\">O\u015bwiadczenie<\/a><\/div>\n","protected":false},"excerpt":{"rendered":"<p>za zapewnienie zakwaterowania i wy\u017cywienia obywatelom Ukrainy przebywaj\u0105cym na terenie terytorium Rzeczypospolitej Polskiej, w zwi\u0105zku z dzia\u0142aniami wojennymi prowadzonymi na terytorium Ukrainy. Informujemy r\u00f3wnie\u017c, \u017ce pocz\u0105wszy od dnia 1 lipca 2022 r. wniosek o \u015bwiadczenie pieni\u0119\u017cne z tytu\u0142u zapewnienia zakwaterowania i wy\u017cywienia obywatelom Ukrainy sk\u0142ada si\u0119 w terminie miesi\u0105ca od ostatniego dnia okresu obj\u0119tego wnioskiem. [&hellip;]<\/p>\n","protected":false},"author":3,"featured_media":0,"parent":0,"menu_order":0,"comment_status":"closed","ping_status":"closed","template":"","meta":[],"yoast_head":"<!-- This site is optimized with the Yoast SEO plugin v19.0 - https:\/\/yoast.com\/wordpress\/plugins\/seo\/ -->\n<title>\u015awiadczenie pieni\u0119\u017cne - MOPS Krasnystaw<\/title>\n<meta name=\"robots\" content=\"index, follow, max-snippet:-1, max-image-preview:large, max-video-preview:-1\" \/>\n<link rel=\"canonical\" href=\"https:\/\/www.mopskrasnystaw.pl\/?page_id=3391\" \/>\n<meta property=\"og:locale\" content=\"pl_PL\" \/>\n<meta property=\"og:type\" content=\"article\" \/>\n<meta property=\"og:title\" content=\"\u015awiadczenie pieni\u0119\u017cne - MOPS Krasnystaw\" \/>\n<meta property=\"og:description\" content=\"za zapewnienie zakwaterowania i wy\u017cywienia obywatelom Ukrainy przebywaj\u0105cym na terenie terytorium Rzeczypospolitej Polskiej, w zwi\u0105zku z dzia\u0142aniami wojennymi prowadzonymi na terytorium Ukrainy. Informujemy r\u00f3wnie\u017c, \u017ce pocz\u0105wszy od dnia 1 lipca 2022 r. wniosek o \u015bwiadczenie pieni\u0119\u017cne z tytu\u0142u zapewnienia zakwaterowania i wy\u017cywienia obywatelom Ukrainy sk\u0142ada si\u0119 w terminie miesi\u0105ca od ostatniego dnia okresu obj\u0119tego wnioskiem. [&hellip;]\" \/>\n<meta property=\"og:url\" content=\"https:\/\/www.mopskrasnystaw.pl\/?page_id=3391\" \/>\n<meta property=\"og:site_name\" content=\"MOPS Krasnystaw\" \/>\n<meta property=\"article:modified_time\" content=\"2022-11-02T09:49:24+00:00\" \/>\n<meta name=\"twitter:card\" content=\"summary_large_image\" \/>\n<meta name=\"twitter:label1\" content=\"Szacowany czas czytania\" \/>\n\t<meta name=\"twitter:data1\" content=\"2 minuty\" \/>\n<script type=\"application\/ld+json\" class=\"yoast-schema-graph\">{\"@context\":\"https:\/\/schema.org\",\"@graph\":[{\"@type\":\"WebSite\",\"@id\":\"https:\/\/www.mopskrasnystaw.pl\/#website\",\"url\":\"https:\/\/www.mopskrasnystaw.pl\/\",\"name\":\"MOPS Krasnystaw\",\"description\":\"\",\"potentialAction\":[{\"@type\":\"SearchAction\",\"target\":{\"@type\":\"EntryPoint\",\"urlTemplate\":\"https:\/\/www.mopskrasnystaw.pl\/?s={search_term_string}\"},\"query-input\":\"required name=search_term_string\"}],\"inLanguage\":\"pl-PL\"},{\"@type\":\"WebPage\",\"@id\":\"https:\/\/www.mopskrasnystaw.pl\/?page_id=3391#webpage\",\"url\":\"https:\/\/www.mopskrasnystaw.pl\/?page_id=3391\",\"name\":\"\u015awiadczenie pieni\u0119\u017cne - MOPS Krasnystaw\",\"isPartOf\":{\"@id\":\"https:\/\/www.mopskrasnystaw.pl\/#website\"},\"datePublished\":\"2022-04-05T07:32:45+00:00\",\"dateModified\":\"2022-11-02T09:49:24+00:00\",\"breadcrumb\":{\"@id\":\"https:\/\/www.mopskrasnystaw.pl\/?page_id=3391#breadcrumb\"},\"inLanguage\":\"pl-PL\",\"potentialAction\":[{\"@type\":\"ReadAction\",\"target\":[\"https:\/\/www.mopskrasnystaw.pl\/?page_id=3391\"]}]},{\"@type\":\"BreadcrumbList\",\"@id\":\"https:\/\/www.mopskrasnystaw.pl\/?page_id=3391#breadcrumb\",\"itemListElement\":[{\"@type\":\"ListItem\",\"position\":1,\"name\":\"Strona g\u0142\u00f3wna\",\"item\":\"https:\/\/www.mopskrasnystaw.pl\/\"},{\"@type\":\"ListItem\",\"position\":2,\"name\":\"\u015awiadczenie pieni\u0119\u017cne\"}]}]}<\/script>\n<!-- \/ Yoast SEO plugin. -->","yoast_head_json":{"title":"\u015awiadczenie pieni\u0119\u017cne - MOPS Krasnystaw","robots":{"index":"index","follow":"follow","max-snippet":"max-snippet:-1","max-image-preview":"max-image-preview:large","max-video-preview":"max-video-preview:-1"},"canonical":"https:\/\/www.mopskrasnystaw.pl\/?page_id=3391","og_locale":"pl_PL","og_type":"article","og_title":"\u015awiadczenie pieni\u0119\u017cne - MOPS Krasnystaw","og_description":"za zapewnienie zakwaterowania i wy\u017cywienia obywatelom Ukrainy przebywaj\u0105cym na terenie terytorium Rzeczypospolitej Polskiej, w zwi\u0105zku z dzia\u0142aniami wojennymi prowadzonymi na terytorium Ukrainy. Informujemy r\u00f3wnie\u017c, \u017ce pocz\u0105wszy od dnia 1 lipca 2022 r. wniosek o \u015bwiadczenie pieni\u0119\u017cne z tytu\u0142u zapewnienia zakwaterowania i wy\u017cywienia obywatelom Ukrainy sk\u0142ada si\u0119 w terminie miesi\u0105ca od ostatniego dnia okresu obj\u0119tego wnioskiem. [&hellip;]","og_url":"https:\/\/www.mopskrasnystaw.pl\/?page_id=3391","og_site_name":"MOPS Krasnystaw","article_modified_time":"2022-11-02T09:49:24+00:00","twitter_card":"summary_large_image","twitter_misc":{"Szacowany czas czytania":"2 minuty"},"schema":{"@context":"https:\/\/schema.org","@graph":[{"@type":"WebSite","@id":"https:\/\/www.mopskrasnystaw.pl\/#website","url":"https:\/\/www.mopskrasnystaw.pl\/","name":"MOPS Krasnystaw","description":"","potentialAction":[{"@type":"SearchAction","target":{"@type":"EntryPoint","urlTemplate":"https:\/\/www.mopskrasnystaw.pl\/?s={search_term_string}"},"query-input":"required name=search_term_string"}],"inLanguage":"pl-PL"},{"@type":"WebPage","@id":"https:\/\/www.mopskrasnystaw.pl\/?page_id=3391#webpage","url":"https:\/\/www.mopskrasnystaw.pl\/?page_id=3391","name":"\u015awiadczenie pieni\u0119\u017cne - MOPS Krasnystaw","isPartOf":{"@id":"https:\/\/www.mopskrasnystaw.pl\/#website"},"datePublished":"2022-04-05T07:32:45+00:00","dateModified":"2022-11-02T09:49:24+00:00","breadcrumb":{"@id":"https:\/\/www.mopskrasnystaw.pl\/?page_id=3391#breadcrumb"},"inLanguage":"pl-PL","potentialAction":[{"@type":"ReadAction","target":["https:\/\/www.mopskrasnystaw.pl\/?page_id=3391"]}]},{"@type":"BreadcrumbList","@id":"https:\/\/www.mopskrasnystaw.pl\/?page_id=3391#breadcrumb","itemListElement":[{"@type":"ListItem","position":1,"name":"Strona g\u0142\u00f3wna","item":"https:\/\/www.mopskrasnystaw.pl\/"},{"@type":"ListItem","position":2,"name":"\u015awiadczenie pieni\u0119\u017cne"}]}]}},"_links":{"self":[{"href":"https:\/\/www.mopskrasnystaw.pl\/index.php?rest_route=\/wp\/v2\/pages\/3391"}],"collection":[{"href":"https:\/\/www.mopskrasnystaw.pl\/index.php?rest_route=\/wp\/v2\/pages"}],"about":[{"href":"https:\/\/www.mopskrasnystaw.pl\/index.php?rest_route=\/wp\/v2\/types\/page"}],"author":[{"embeddable":true,"href":"https:\/\/www.mopskrasnystaw.pl\/index.php?rest_route=\/wp\/v2\/users\/3"}],"replies":[{"embeddable":true,"href":"https:\/\/www.mopskrasnystaw.pl\/index.php?rest_route=%2Fwp%2Fv2%2Fcomments&post=3391"}],"version-history":[{"count":4,"href":"https:\/\/www.mopskrasnystaw.pl\/index.php?rest_route=\/wp\/v2\/pages\/3391\/revisions"}],"predecessor-version":[{"id":4281,"href":"https:\/\/www.mopskrasnystaw.pl\/index.php?rest_route=\/wp\/v2\/pages\/3391\/revisions\/4281"}],"wp:attachment":[{"href":"https:\/\/www.mopskrasnystaw.pl\/index.php?rest_route=%2Fwp%2Fv2%2Fmedia&parent=3391"}],"curies":[{"name":"wp","href":"https:\/\/api.w.org\/{rel}","templated":true}]}}