{"id":3253,"date":"2022-01-18T09:39:58","date_gmt":"2022-01-18T09:39:58","guid":{"rendered":"http:\/\/www.mopskrasnystaw.pl\/?page_id=3253"},"modified":"2024-02-22T11:16:59","modified_gmt":"2024-02-22T11:16:59","slug":"dodatek-oslonowy","status":"publish","type":"page","link":"https:\/\/www.mopskrasnystaw.pl\/?page_id=3253","title":{"rendered":"Dodatek os\u0142onowy"},"content":{"rendered":"\n<div class=\"wp-block-media-text alignwide is-stacked-on-mobile\" style=\"grid-template-columns:43% auto\"><figure class=\"wp-block-media-text__media\"><img loading=\"lazy\" width=\"600\" height=\"317\" src=\"https:\/\/www.mopskrasnystaw.pl\/wp-content\/uploads\/2022\/01\/240826.png\" alt=\"\" class=\"wp-image-3215 size-full\" srcset=\"https:\/\/www.mopskrasnystaw.pl\/wp-content\/uploads\/2022\/01\/240826.png 600w, https:\/\/www.mopskrasnystaw.pl\/wp-content\/uploads\/2022\/01\/240826-300x159.png 300w\" sizes=\"(max-width: 600px) 100vw, 600px\" \/><\/figure><div class=\"wp-block-media-text__content\">\n<p>Od 1 stycznia 2024 r. ponownie b\u0119dzie mo\u017cna sk\u0142ada\u0107 wnioski o jednorazowe \u015bwiadczenie w formie dodatku os\u0142onowego.&nbsp;<\/p>\n\n\n\n<p>Przepisy ustawy z 7 grudnia 2023 r. o zmianie ustaw w celu wsparcia odbiorc\u00f3w energii elektrycznej, paliw gazowych i ciep\u0142a (kt\u00f3re wejd\u0105 w \u017cycie 31 grudnia 2023 r.), daj\u0105 mo\u017cliwo\u015b\u0107 ubiegania si\u0119 w 2024 r. przez osoby spe\u0142niaj\u0105ce kryterium dochodowe o wyp\u0142at\u0119 dodatku os\u0142onowego na pokrycie koszt\u00f3w energii, paliw gazowych i podstawowego koszyka produkt\u00f3w spo\u017cywczych.<\/p>\n<\/div><\/div>\n\n\n\n<p>Aby otrzyma\u0107 wsparcie finansowe, konieczne b\u0119dzie spe\u0142nienie wymaga\u0144 okre\u015blonych w znowelizowanych przepisach ustawy z 17 grudnia 2021 r. o dodatku os\u0142onowym \u2013 w tym przede wszystkim z\u0142o\u017cenie w gminie w\u0142a\u015bciwej ze wzgl\u0119du na miejsce zamieszkania stosownego wniosku o jego wyp\u0142at\u0119.<\/p>\n\n\n\n<p>Dodatek os\u0142onowy przys\u0142uguje:<\/p>\n\n\n\n<p>1) osobie w gospodarstwie domowym jednoosobowym, w kt\u00f3rym wysoko\u015b\u0107 przeci\u0119tnego miesi\u0119cznego dochodu nie przekracza kwoty 2100 z\u0142,<\/p>\n\n\n\n<p>2) osobie w gospodarstwie domowym wieloosobowym, w kt\u00f3rym wysoko\u015b\u0107 przeci\u0119tnego miesi\u0119cznego dochodu nie przekracza kwoty 1500 z\u0142 na osob\u0119.<\/p>\n\n\n\n<p>Do obliczenia dochodu nie uwzgl\u0119dnia si\u0119 trzynastej i czternastej emerytury.<\/p>\n\n\n\n<p>W sytuacji gdy doch\u00f3d przekracza wskazane powy\u017cej kryteria, &nbsp;dodatek b\u0119dzie przyznany w mniejszej wysoko\u015bci zgodnie z zasad\u0105 \u201ez\u0142ot\u00f3wka za z\u0142ot\u00f3wk\u0119\u201d, z dolnym limitem wyp\u0142aty dodatku w wysoko\u015bci 20 z\u0142.<\/p>\n\n\n\n<p>Dodatek os\u0142onowy w 2024 r. wynosi:<\/p>\n\n\n\n<p>\u2013 228,80 z\u0142 dla gospodarstwa domowego jednoosobowego,<\/p>\n\n\n\n<p>\u2013 343,20 z\u0142 dla gospodarstwa domowego sk\u0142adaj\u0105cego si\u0119 z 2 do 3 os\u00f3b,<\/p>\n\n\n\n<p>\u2013 486,20 z\u0142 dla gospodarstwa domowego sk\u0142adaj\u0105cego si\u0119 z 4 do 5 os\u00f3b,<\/p>\n\n\n\n<p>\u2013 657,80 z\u0142 dla gospodarstwa domowego sk\u0142adaj\u0105cego si\u0119 z co najmniej 6 os\u00f3b,<\/p>\n\n\n\n<p>Przepisy przewiduj\u0105 tak\u017ce podwy\u017cszony dodatek os\u0142onowy przys\u0142uguj\u0105cy osobom, gdy g\u0142\u00f3wnym \u017ar\u00f3d\u0142em ogrzewania gospodarstwa domowego jest kocio\u0142 na paliwo sta\u0142e, kominek, koza, ogrzewacz powietrza, trzon kuchenny, piecokuchnia, kuchnia w\u0119glowa lub piec kaflowy na paliwo sta\u0142e, zasilane w\u0119glem lub paliwami w\u0119glopochodnymi:<\/p>\n\n\n\n<p>\u2013 286,00 z\u0142 dla gospodarstwa domowego jednoosobowego<\/p>\n\n\n\n<p>\u2013 429,00 z\u0142 dla gospodarstwa domowego sk\u0142adaj\u0105cego si\u0119 z 2 do 3 os\u00f3b<\/p>\n\n\n\n<p>\u2013 607,75 z\u0142 dla gospodarstwa domowego sk\u0142adaj\u0105cego si\u0119 z 4 do 5 os\u00f3b<\/p>\n\n\n\n<p>\u2013 822,25 z\u0142 dla gospodarstwa domowego sk\u0142adaj\u0105cego si\u0119 z co najmniej 6 os\u00f3b<\/p>\n\n\n\n<p>Dodatek os\u0142onowy przys\u0142uguje za okres od dnia 1 stycznia 2024 r. do dnia 30 czerwca 2024 r. i jest wyp\u0142acany jednorazowo w terminie do dnia 30 czerwca 2024 r.<\/p>\n\n\n\n<p>Wnioski o wyp\u0142at\u0119 dodatku os\u0142onowego za okres od dnia 1 stycznia 2024 r. do dnia 30 czerwca 2024 r. z\u0142o\u017cone po dniu 30 kwietnia 2024 r. pozostawia si\u0119 bez rozpoznania.<\/p>\n\n\n\n<p>Wnioski o dodatek os\u0142onowy mo\u017cna sk\u0142ada\u0107 od 1 stycznia 2024 r. do 30 kwietnia 2024 r. osobi\u015bcie w siedzibie Miejskiego O\u015brodka Pomocy Spo\u0142ecznej w Krasnymstawie lub przez ePUAP.<\/p>\n\n\n\n<div class=\"wp-block-file\"><a id=\"wp-block-file--media-544d521b-647d-4b28-91a4-f6eea4fe02bc\" href=\"https:\/\/www.mopskrasnystaw.pl\/wp-content\/uploads\/2024\/02\/wniosek.pdf\">wniosek<\/a><\/div>\n\n\n\n<div class=\"wp-block-file\"><a id=\"wp-block-file--media-1515409c-d45b-4db7-a493-7f39cd0565ee\" href=\"https:\/\/www.mopskrasnystaw.pl\/wp-content\/uploads\/2024\/02\/klauzula-rodo.pdf\">klauzula rodo<\/a><\/div>\n\n\n\n<div class=\"wp-block-file\"><a id=\"wp-block-file--media-a0d75f09-1127-40c9-be15-8c0396612cbb\" href=\"https:\/\/www.mopskrasnystaw.pl\/wp-content\/uploads\/2024\/02\/oswiadczenie-o-dochodach.pdf\">o\u015bwiadczenie o dochodach<\/a><\/div>\n\n\n\n<div class=\"wp-block-file\"><a id=\"wp-block-file--media-05cad0f0-6b1f-48bc-b310-42288b0381a3\" href=\"https:\/\/www.mopskrasnystaw.pl\/wp-content\/uploads\/2024\/02\/oswiadczenie-gosp.pdf\">o\u015bwiadczenie o dochodzie z gospodarstwa rolnego<\/a><\/div>\n","protected":false},"excerpt":{"rendered":"<p>Od 1 stycznia 2024 r. ponownie b\u0119dzie mo\u017cna sk\u0142ada\u0107 wnioski o jednorazowe \u015bwiadczenie w formie dodatku os\u0142onowego.&nbsp; Przepisy ustawy z 7 grudnia 2023 r. o zmianie ustaw w celu wsparcia odbiorc\u00f3w energii elektrycznej, paliw gazowych i ciep\u0142a (kt\u00f3re wejd\u0105 w \u017cycie 31 grudnia 2023 r.), daj\u0105 mo\u017cliwo\u015b\u0107 ubiegania si\u0119 w 2024 r. przez osoby spe\u0142niaj\u0105ce [&hellip;]<\/p>\n","protected":false},"author":3,"featured_media":0,"parent":0,"menu_order":0,"comment_status":"closed","ping_status":"closed","template":"","meta":[],"yoast_head":"<!-- This site is optimized with the Yoast SEO plugin v19.0 - https:\/\/yoast.com\/wordpress\/plugins\/seo\/ -->\n<title>Dodatek os\u0142onowy - MOPS Krasnystaw<\/title>\n<meta name=\"robots\" content=\"index, follow, max-snippet:-1, max-image-preview:large, max-video-preview:-1\" \/>\n<link rel=\"canonical\" href=\"https:\/\/www.mopskrasnystaw.pl\/?page_id=3253\" \/>\n<meta property=\"og:locale\" content=\"pl_PL\" \/>\n<meta property=\"og:type\" content=\"article\" \/>\n<meta property=\"og:title\" content=\"Dodatek os\u0142onowy - MOPS Krasnystaw\" \/>\n<meta property=\"og:description\" content=\"Od 1 stycznia 2024 r. ponownie b\u0119dzie mo\u017cna sk\u0142ada\u0107 wnioski o jednorazowe \u015bwiadczenie w formie dodatku os\u0142onowego.&nbsp; Przepisy ustawy z 7 grudnia 2023 r. o zmianie ustaw w celu wsparcia odbiorc\u00f3w energii elektrycznej, paliw gazowych i ciep\u0142a (kt\u00f3re wejd\u0105 w \u017cycie 31 grudnia 2023 r.), daj\u0105 mo\u017cliwo\u015b\u0107 ubiegania si\u0119 w 2024 r. przez osoby spe\u0142niaj\u0105ce [&hellip;]\" \/>\n<meta property=\"og:url\" content=\"https:\/\/www.mopskrasnystaw.pl\/?page_id=3253\" \/>\n<meta property=\"og:site_name\" content=\"MOPS Krasnystaw\" \/>\n<meta property=\"article:modified_time\" content=\"2024-02-22T11:16:59+00:00\" \/>\n<meta property=\"og:image\" content=\"https:\/\/www.mopskrasnystaw.pl\/wp-content\/uploads\/2022\/01\/240826.png\" \/>\n<meta name=\"twitter:card\" content=\"summary_large_image\" \/>\n<meta name=\"twitter:label1\" content=\"Szacowany czas czytania\" \/>\n\t<meta name=\"twitter:data1\" content=\"3 minuty\" \/>\n<script type=\"application\/ld+json\" class=\"yoast-schema-graph\">{\"@context\":\"https:\/\/schema.org\",\"@graph\":[{\"@type\":\"WebSite\",\"@id\":\"https:\/\/www.mopskrasnystaw.pl\/#website\",\"url\":\"https:\/\/www.mopskrasnystaw.pl\/\",\"name\":\"MOPS Krasnystaw\",\"description\":\"\",\"potentialAction\":[{\"@type\":\"SearchAction\",\"target\":{\"@type\":\"EntryPoint\",\"urlTemplate\":\"https:\/\/www.mopskrasnystaw.pl\/?s={search_term_string}\"},\"query-input\":\"required name=search_term_string\"}],\"inLanguage\":\"pl-PL\"},{\"@type\":\"ImageObject\",\"inLanguage\":\"pl-PL\",\"@id\":\"https:\/\/www.mopskrasnystaw.pl\/?page_id=3253#primaryimage\",\"url\":\"https:\/\/www.mopskrasnystaw.pl\/wp-content\/uploads\/2022\/01\/240826.png\",\"contentUrl\":\"https:\/\/www.mopskrasnystaw.pl\/wp-content\/uploads\/2022\/01\/240826.png\",\"width\":600,\"height\":317},{\"@type\":\"WebPage\",\"@id\":\"https:\/\/www.mopskrasnystaw.pl\/?page_id=3253#webpage\",\"url\":\"https:\/\/www.mopskrasnystaw.pl\/?page_id=3253\",\"name\":\"Dodatek os\u0142onowy - MOPS Krasnystaw\",\"isPartOf\":{\"@id\":\"https:\/\/www.mopskrasnystaw.pl\/#website\"},\"primaryImageOfPage\":{\"@id\":\"https:\/\/www.mopskrasnystaw.pl\/?page_id=3253#primaryimage\"},\"datePublished\":\"2022-01-18T09:39:58+00:00\",\"dateModified\":\"2024-02-22T11:16:59+00:00\",\"breadcrumb\":{\"@id\":\"https:\/\/www.mopskrasnystaw.pl\/?page_id=3253#breadcrumb\"},\"inLanguage\":\"pl-PL\",\"potentialAction\":[{\"@type\":\"ReadAction\",\"target\":[\"https:\/\/www.mopskrasnystaw.pl\/?page_id=3253\"]}]},{\"@type\":\"BreadcrumbList\",\"@id\":\"https:\/\/www.mopskrasnystaw.pl\/?page_id=3253#breadcrumb\",\"itemListElement\":[{\"@type\":\"ListItem\",\"position\":1,\"name\":\"Strona g\u0142\u00f3wna\",\"item\":\"https:\/\/www.mopskrasnystaw.pl\/\"},{\"@type\":\"ListItem\",\"position\":2,\"name\":\"Dodatek os\u0142onowy\"}]}]}<\/script>\n<!-- \/ Yoast SEO plugin. -->","yoast_head_json":{"title":"Dodatek os\u0142onowy - MOPS Krasnystaw","robots":{"index":"index","follow":"follow","max-snippet":"max-snippet:-1","max-image-preview":"max-image-preview:large","max-video-preview":"max-video-preview:-1"},"canonical":"https:\/\/www.mopskrasnystaw.pl\/?page_id=3253","og_locale":"pl_PL","og_type":"article","og_title":"Dodatek os\u0142onowy - MOPS Krasnystaw","og_description":"Od 1 stycznia 2024 r. ponownie b\u0119dzie mo\u017cna sk\u0142ada\u0107 wnioski o jednorazowe \u015bwiadczenie w formie dodatku os\u0142onowego.&nbsp; Przepisy ustawy z 7 grudnia 2023 r. o zmianie ustaw w celu wsparcia odbiorc\u00f3w energii elektrycznej, paliw gazowych i ciep\u0142a (kt\u00f3re wejd\u0105 w \u017cycie 31 grudnia 2023 r.), daj\u0105 mo\u017cliwo\u015b\u0107 ubiegania si\u0119 w 2024 r. przez osoby spe\u0142niaj\u0105ce [&hellip;]","og_url":"https:\/\/www.mopskrasnystaw.pl\/?page_id=3253","og_site_name":"MOPS Krasnystaw","article_modified_time":"2024-02-22T11:16:59+00:00","og_image":[{"url":"https:\/\/www.mopskrasnystaw.pl\/wp-content\/uploads\/2022\/01\/240826.png"}],"twitter_card":"summary_large_image","twitter_misc":{"Szacowany czas czytania":"3 minuty"},"schema":{"@context":"https:\/\/schema.org","@graph":[{"@type":"WebSite","@id":"https:\/\/www.mopskrasnystaw.pl\/#website","url":"https:\/\/www.mopskrasnystaw.pl\/","name":"MOPS Krasnystaw","description":"","potentialAction":[{"@type":"SearchAction","target":{"@type":"EntryPoint","urlTemplate":"https:\/\/www.mopskrasnystaw.pl\/?s={search_term_string}"},"query-input":"required name=search_term_string"}],"inLanguage":"pl-PL"},{"@type":"ImageObject","inLanguage":"pl-PL","@id":"https:\/\/www.mopskrasnystaw.pl\/?page_id=3253#primaryimage","url":"https:\/\/www.mopskrasnystaw.pl\/wp-content\/uploads\/2022\/01\/240826.png","contentUrl":"https:\/\/www.mopskrasnystaw.pl\/wp-content\/uploads\/2022\/01\/240826.png","width":600,"height":317},{"@type":"WebPage","@id":"https:\/\/www.mopskrasnystaw.pl\/?page_id=3253#webpage","url":"https:\/\/www.mopskrasnystaw.pl\/?page_id=3253","name":"Dodatek os\u0142onowy - MOPS Krasnystaw","isPartOf":{"@id":"https:\/\/www.mopskrasnystaw.pl\/#website"},"primaryImageOfPage":{"@id":"https:\/\/www.mopskrasnystaw.pl\/?page_id=3253#primaryimage"},"datePublished":"2022-01-18T09:39:58+00:00","dateModified":"2024-02-22T11:16:59+00:00","breadcrumb":{"@id":"https:\/\/www.mopskrasnystaw.pl\/?page_id=3253#breadcrumb"},"inLanguage":"pl-PL","potentialAction":[{"@type":"ReadAction","target":["https:\/\/www.mopskrasnystaw.pl\/?page_id=3253"]}]},{"@type":"BreadcrumbList","@id":"https:\/\/www.mopskrasnystaw.pl\/?page_id=3253#breadcrumb","itemListElement":[{"@type":"ListItem","position":1,"name":"Strona g\u0142\u00f3wna","item":"https:\/\/www.mopskrasnystaw.pl\/"},{"@type":"ListItem","position":2,"name":"Dodatek os\u0142onowy"}]}]}},"_links":{"self":[{"href":"https:\/\/www.mopskrasnystaw.pl\/index.php?rest_route=\/wp\/v2\/pages\/3253"}],"collection":[{"href":"https:\/\/www.mopskrasnystaw.pl\/index.php?rest_route=\/wp\/v2\/pages"}],"about":[{"href":"https:\/\/www.mopskrasnystaw.pl\/index.php?rest_route=\/wp\/v2\/types\/page"}],"author":[{"embeddable":true,"href":"https:\/\/www.mopskrasnystaw.pl\/index.php?rest_route=\/wp\/v2\/users\/3"}],"replies":[{"embeddable":true,"href":"https:\/\/www.mopskrasnystaw.pl\/index.php?rest_route=%2Fwp%2Fv2%2Fcomments&post=3253"}],"version-history":[{"count":2,"href":"https:\/\/www.mopskrasnystaw.pl\/index.php?rest_route=\/wp\/v2\/pages\/3253\/revisions"}],"predecessor-version":[{"id":4685,"href":"https:\/\/www.mopskrasnystaw.pl\/index.php?rest_route=\/wp\/v2\/pages\/3253\/revisions\/4685"}],"wp:attachment":[{"href":"https:\/\/www.mopskrasnystaw.pl\/index.php?rest_route=%2Fwp%2Fv2%2Fmedia&parent=3253"}],"curies":[{"name":"wp","href":"https:\/\/api.w.org\/{rel}","templated":true}]}}