{"id":3243,"date":"2022-01-18T09:30:58","date_gmt":"2022-01-18T09:30:58","guid":{"rendered":"http:\/\/www.mopskrasnystaw.pl\/?page_id=3243"},"modified":"2022-01-18T09:30:58","modified_gmt":"2022-01-18T09:30:58","slug":"projekt-teleopieka","status":"publish","type":"page","link":"https:\/\/www.mopskrasnystaw.pl\/?page_id=3243","title":{"rendered":"Projekt \u201eTELEOPIEKA \u201d"},"content":{"rendered":"\n<div class=\"wp-block-media-text alignwide is-stacked-on-mobile\" style=\"grid-template-columns:31% auto\"><figure class=\"wp-block-media-text__media\"><img src=\"http:\/\/www.mopskrasnystaw.pl\/wp-content\/uploads\/2022\/01\/teleopieka-opaska-350x350.png\" alt=\"\" class=\"wp-image-3244 size-large\"\/><\/figure><div class=\"wp-block-media-text__content\">\n<p>Projekt \u201eTELEOPIEKA\u201d oferuje us\u0142ug\u0119 teleopieki z wykorzystaniem nowych technologii informacyjno &#8211; komunikacyjnych.<\/p>\n\n\n\n<p> Uczestnicy projektu mog\u0105 korzysta\u0107 z tzw. <strong>opasek \u017cycia s\u0142u\u017c\u0105cych do wezwania natychmiastowej pomocy w sytuacji zagro\u017cenia \u017cycia, zdrowia lub bezpiecze\u0144stwa. Urz\u0105dzenie bezpo\u015brednio \u0142\u0105czy si\u0119 z pracownikami Centrum Teleopieki,\u00a0kt\u00f3rzy po otrzymaniu zg\u0142oszenia udzielaj\u0105 adekwatnej pomocy wzywaj\u0105c odpowiednie s\u0142u\u017cby i powiadamiaj\u0105c najbli\u017csze osoby.<\/strong> <\/p>\n<\/div><\/div>\n\n\n\n<p>Zak\u0142adana na nadgarstek opaska wyposa\u017cona jest w:<\/p>\n\n\n\n<p>\u2022&nbsp;&nbsp;&nbsp;&nbsp;&nbsp;&nbsp;&nbsp;&nbsp; przycisk alarmowy SOS umo\u017cliwiaj\u0105cy po\u0142\u0105czenie g\u0142osowe z Centrum Teleopieki,<\/p>\n\n\n\n<p>\u2022&nbsp;&nbsp;&nbsp;&nbsp;&nbsp;&nbsp;&nbsp;&nbsp; miernik t\u0119tna,<\/p>\n\n\n\n<p>\u2022&nbsp;&nbsp;&nbsp;&nbsp;&nbsp;&nbsp;&nbsp;&nbsp; czujnik upadku oraz czujnik zdj\u0119cia i za\u0142o\u017cenia opaski,<\/p>\n\n\n\n<p>\u2022&nbsp;&nbsp;&nbsp;&nbsp;&nbsp;&nbsp;&nbsp;&nbsp; lokalizator GPS,<\/p>\n\n\n\n<p>\u2022\u00a0\u00a0\u00a0\u00a0\u00a0\u00a0\u00a0\u00a0 wska\u017anik poziomu \u0142adowania baterii.<\/p>\n\n\n\n<figure class=\"wp-block-image size-large\"><img src=\"http:\/\/www.mopskrasnystaw.pl\/wp-content\/uploads\/2022\/01\/teleopieka-jak-dziala-893x298.png\" alt=\"\" class=\"wp-image-3245\"\/><\/figure>\n\n\n\n<p><strong>Nab\u00f3r uczestnik\u00f3w trwa w systemie ci\u0105g\u0142ym do wyczerpania zaplanowanego limitu miejsc.&nbsp; <\/strong>&nbsp;<\/p>\n\n\n\n<p>&nbsp;Aby skorzysta\u0107 z us\u0142ugi teleopieki i otrzyma\u0107 opask\u0119 \u017cycia nale\u017cy spe\u0142ni\u0107 kryteria:<\/p>\n\n\n\n<p>1.<strong>&nbsp;&nbsp;&nbsp;&nbsp;&nbsp;&nbsp; by\u0107 mieszka\u0144cem Miasta Krasnystaw,<\/strong><\/p>\n\n\n\n<p><strong>2.&nbsp;&nbsp;&nbsp;&nbsp;&nbsp;&nbsp; mie\u0107 co najmniej 60 lat \u017cycia,<\/strong><\/p>\n\n\n\n<p><strong>3.&nbsp;&nbsp;&nbsp;&nbsp;&nbsp;&nbsp; samodzielnie zamieszkiwa\u0107,<\/strong><\/p>\n\n\n\n<p><strong>4.&nbsp;&nbsp;&nbsp;&nbsp;&nbsp;&nbsp; posiada\u0107 choroby przewlek\u0142e,<\/strong><\/p>\n\n\n\n<p><strong>5.\u00a0\u00a0\u00a0\u00a0\u00a0\u00a0 wyrazi\u0107 zgod\u0119 na udzia\u0142 w projekcie, przestrzeganie regulaminu\u00a0i na przetwarzanie danych osobowych niezb\u0119dnych podczas naboru i realizacji us\u0142ugi teleopieki.<\/strong><\/p>\n\n\n\n<p>Projekt przewiduje:<\/p>\n\n\n\n<ul><li><strong>wyposa\u017cenie 11 mieszka\u0144c\u00f3w Krasnegostawu w opaski telemedyczne,<\/strong><\/li><li><strong>zapewnienie abonamentu za us\u0142ug\u0119 teleopieki.<\/strong><\/li><\/ul>\n\n\n\n<p><strong>Uczestnictwo w projekcie jest ca\u0142kowicie bezp\u0142atne.<\/strong> Wszystkie koszty pokrywa Miasto Krasnystaw, a bezpo\u015brednim realizatorem projektu jest Miejski O\u015brodek Pomocy Spo\u0142ecznej w Krasnymstawie.&nbsp;<\/p>\n\n\n\n<p>Zg\u0142oszenia os\u00f3b potrzebuj\u0105cych teleopieki i spe\u0142niaj\u0105cych powy\u017csze kryteria przyjmowane s\u0105:<\/p>\n\n\n\n<p>\u2022&nbsp;&nbsp;&nbsp; pod numerem telefonu: 531&nbsp;801 690 \u2013 w godz. 8.00-16.00<\/p>\n\n\n\n<ul><li>osobi\u015bcie w siedzibie O\u015brodka<\/li><\/ul>\n\n\n\n<p><strong>W przypadku pyta\u0144 czy w\u0105tpliwo\u015bci dotycz\u0105cych projektu \u201cTELEOPIEKA\u201d zach\u0119camy do kontaktu z&nbsp; &nbsp;&nbsp;<\/strong>Miejskim O\u015brodkiem Pomocy Spo\u0142ecznej w Krasnymstawie.<\/p>\n","protected":false},"excerpt":{"rendered":"<p>Projekt \u201eTELEOPIEKA\u201d oferuje us\u0142ug\u0119 teleopieki z wykorzystaniem nowych technologii informacyjno &#8211; komunikacyjnych. Uczestnicy projektu mog\u0105 korzysta\u0107 z tzw. opasek \u017cycia s\u0142u\u017c\u0105cych do wezwania natychmiastowej pomocy w sytuacji zagro\u017cenia \u017cycia, zdrowia lub bezpiecze\u0144stwa. Urz\u0105dzenie bezpo\u015brednio \u0142\u0105czy si\u0119 z pracownikami Centrum Teleopieki,\u00a0kt\u00f3rzy po otrzymaniu zg\u0142oszenia udzielaj\u0105 adekwatnej pomocy wzywaj\u0105c odpowiednie s\u0142u\u017cby i powiadamiaj\u0105c najbli\u017csze osoby. Zak\u0142adana na [&hellip;]<\/p>\n","protected":false},"author":3,"featured_media":0,"parent":0,"menu_order":0,"comment_status":"closed","ping_status":"closed","template":"","meta":[],"yoast_head":"<!-- This site is optimized with the Yoast SEO plugin v19.0 - https:\/\/yoast.com\/wordpress\/plugins\/seo\/ -->\n<title>Projekt \u201eTELEOPIEKA \u201d - MOPS Krasnystaw<\/title>\n<meta name=\"robots\" content=\"index, follow, max-snippet:-1, max-image-preview:large, max-video-preview:-1\" \/>\n<link rel=\"canonical\" href=\"https:\/\/www.mopskrasnystaw.pl\/?page_id=3243\" \/>\n<meta property=\"og:locale\" content=\"pl_PL\" \/>\n<meta property=\"og:type\" content=\"article\" \/>\n<meta property=\"og:title\" content=\"Projekt \u201eTELEOPIEKA \u201d - MOPS Krasnystaw\" \/>\n<meta property=\"og:description\" content=\"Projekt \u201eTELEOPIEKA\u201d oferuje us\u0142ug\u0119 teleopieki z wykorzystaniem nowych technologii informacyjno &#8211; komunikacyjnych. Uczestnicy projektu mog\u0105 korzysta\u0107 z tzw. opasek \u017cycia s\u0142u\u017c\u0105cych do wezwania natychmiastowej pomocy w sytuacji zagro\u017cenia \u017cycia, zdrowia lub bezpiecze\u0144stwa. Urz\u0105dzenie bezpo\u015brednio \u0142\u0105czy si\u0119 z pracownikami Centrum Teleopieki,\u00a0kt\u00f3rzy po otrzymaniu zg\u0142oszenia udzielaj\u0105 adekwatnej pomocy wzywaj\u0105c odpowiednie s\u0142u\u017cby i powiadamiaj\u0105c najbli\u017csze osoby. Zak\u0142adana na [&hellip;]\" \/>\n<meta property=\"og:url\" content=\"https:\/\/www.mopskrasnystaw.pl\/?page_id=3243\" \/>\n<meta property=\"og:site_name\" content=\"MOPS Krasnystaw\" \/>\n<meta property=\"og:image\" content=\"http:\/\/www.mopskrasnystaw.pl\/wp-content\/uploads\/2022\/01\/teleopieka-opaska-350x350.png\" \/>\n<meta name=\"twitter:card\" content=\"summary_large_image\" \/>\n<meta name=\"twitter:label1\" content=\"Szacowany czas czytania\" \/>\n\t<meta name=\"twitter:data1\" content=\"2 minuty\" \/>\n<script type=\"application\/ld+json\" class=\"yoast-schema-graph\">{\"@context\":\"https:\/\/schema.org\",\"@graph\":[{\"@type\":\"WebSite\",\"@id\":\"https:\/\/www.mopskrasnystaw.pl\/#website\",\"url\":\"https:\/\/www.mopskrasnystaw.pl\/\",\"name\":\"MOPS Krasnystaw\",\"description\":\"\",\"potentialAction\":[{\"@type\":\"SearchAction\",\"target\":{\"@type\":\"EntryPoint\",\"urlTemplate\":\"https:\/\/www.mopskrasnystaw.pl\/?s={search_term_string}\"},\"query-input\":\"required name=search_term_string\"}],\"inLanguage\":\"pl-PL\"},{\"@type\":\"ImageObject\",\"inLanguage\":\"pl-PL\",\"@id\":\"https:\/\/www.mopskrasnystaw.pl\/?page_id=3243#primaryimage\",\"url\":\"http:\/\/www.mopskrasnystaw.pl\/wp-content\/uploads\/2022\/01\/teleopieka-opaska-350x350.png\",\"contentUrl\":\"http:\/\/www.mopskrasnystaw.pl\/wp-content\/uploads\/2022\/01\/teleopieka-opaska-350x350.png\"},{\"@type\":\"WebPage\",\"@id\":\"https:\/\/www.mopskrasnystaw.pl\/?page_id=3243#webpage\",\"url\":\"https:\/\/www.mopskrasnystaw.pl\/?page_id=3243\",\"name\":\"Projekt \u201eTELEOPIEKA \u201d - MOPS Krasnystaw\",\"isPartOf\":{\"@id\":\"https:\/\/www.mopskrasnystaw.pl\/#website\"},\"primaryImageOfPage\":{\"@id\":\"https:\/\/www.mopskrasnystaw.pl\/?page_id=3243#primaryimage\"},\"datePublished\":\"2022-01-18T09:30:58+00:00\",\"dateModified\":\"2022-01-18T09:30:58+00:00\",\"breadcrumb\":{\"@id\":\"https:\/\/www.mopskrasnystaw.pl\/?page_id=3243#breadcrumb\"},\"inLanguage\":\"pl-PL\",\"potentialAction\":[{\"@type\":\"ReadAction\",\"target\":[\"https:\/\/www.mopskrasnystaw.pl\/?page_id=3243\"]}]},{\"@type\":\"BreadcrumbList\",\"@id\":\"https:\/\/www.mopskrasnystaw.pl\/?page_id=3243#breadcrumb\",\"itemListElement\":[{\"@type\":\"ListItem\",\"position\":1,\"name\":\"Strona g\u0142\u00f3wna\",\"item\":\"https:\/\/www.mopskrasnystaw.pl\/\"},{\"@type\":\"ListItem\",\"position\":2,\"name\":\"Projekt \u201eTELEOPIEKA \u201d\"}]}]}<\/script>\n<!-- \/ Yoast SEO plugin. -->","yoast_head_json":{"title":"Projekt \u201eTELEOPIEKA \u201d - MOPS Krasnystaw","robots":{"index":"index","follow":"follow","max-snippet":"max-snippet:-1","max-image-preview":"max-image-preview:large","max-video-preview":"max-video-preview:-1"},"canonical":"https:\/\/www.mopskrasnystaw.pl\/?page_id=3243","og_locale":"pl_PL","og_type":"article","og_title":"Projekt \u201eTELEOPIEKA \u201d - MOPS Krasnystaw","og_description":"Projekt \u201eTELEOPIEKA\u201d oferuje us\u0142ug\u0119 teleopieki z wykorzystaniem nowych technologii informacyjno &#8211; komunikacyjnych. Uczestnicy projektu mog\u0105 korzysta\u0107 z tzw. opasek \u017cycia s\u0142u\u017c\u0105cych do wezwania natychmiastowej pomocy w sytuacji zagro\u017cenia \u017cycia, zdrowia lub bezpiecze\u0144stwa. Urz\u0105dzenie bezpo\u015brednio \u0142\u0105czy si\u0119 z pracownikami Centrum Teleopieki,\u00a0kt\u00f3rzy po otrzymaniu zg\u0142oszenia udzielaj\u0105 adekwatnej pomocy wzywaj\u0105c odpowiednie s\u0142u\u017cby i powiadamiaj\u0105c najbli\u017csze osoby. Zak\u0142adana na [&hellip;]","og_url":"https:\/\/www.mopskrasnystaw.pl\/?page_id=3243","og_site_name":"MOPS Krasnystaw","og_image":[{"url":"http:\/\/www.mopskrasnystaw.pl\/wp-content\/uploads\/2022\/01\/teleopieka-opaska-350x350.png"}],"twitter_card":"summary_large_image","twitter_misc":{"Szacowany czas czytania":"2 minuty"},"schema":{"@context":"https:\/\/schema.org","@graph":[{"@type":"WebSite","@id":"https:\/\/www.mopskrasnystaw.pl\/#website","url":"https:\/\/www.mopskrasnystaw.pl\/","name":"MOPS Krasnystaw","description":"","potentialAction":[{"@type":"SearchAction","target":{"@type":"EntryPoint","urlTemplate":"https:\/\/www.mopskrasnystaw.pl\/?s={search_term_string}"},"query-input":"required name=search_term_string"}],"inLanguage":"pl-PL"},{"@type":"ImageObject","inLanguage":"pl-PL","@id":"https:\/\/www.mopskrasnystaw.pl\/?page_id=3243#primaryimage","url":"http:\/\/www.mopskrasnystaw.pl\/wp-content\/uploads\/2022\/01\/teleopieka-opaska-350x350.png","contentUrl":"http:\/\/www.mopskrasnystaw.pl\/wp-content\/uploads\/2022\/01\/teleopieka-opaska-350x350.png"},{"@type":"WebPage","@id":"https:\/\/www.mopskrasnystaw.pl\/?page_id=3243#webpage","url":"https:\/\/www.mopskrasnystaw.pl\/?page_id=3243","name":"Projekt \u201eTELEOPIEKA \u201d - MOPS Krasnystaw","isPartOf":{"@id":"https:\/\/www.mopskrasnystaw.pl\/#website"},"primaryImageOfPage":{"@id":"https:\/\/www.mopskrasnystaw.pl\/?page_id=3243#primaryimage"},"datePublished":"2022-01-18T09:30:58+00:00","dateModified":"2022-01-18T09:30:58+00:00","breadcrumb":{"@id":"https:\/\/www.mopskrasnystaw.pl\/?page_id=3243#breadcrumb"},"inLanguage":"pl-PL","potentialAction":[{"@type":"ReadAction","target":["https:\/\/www.mopskrasnystaw.pl\/?page_id=3243"]}]},{"@type":"BreadcrumbList","@id":"https:\/\/www.mopskrasnystaw.pl\/?page_id=3243#breadcrumb","itemListElement":[{"@type":"ListItem","position":1,"name":"Strona g\u0142\u00f3wna","item":"https:\/\/www.mopskrasnystaw.pl\/"},{"@type":"ListItem","position":2,"name":"Projekt \u201eTELEOPIEKA \u201d"}]}]}},"_links":{"self":[{"href":"https:\/\/www.mopskrasnystaw.pl\/index.php?rest_route=\/wp\/v2\/pages\/3243"}],"collection":[{"href":"https:\/\/www.mopskrasnystaw.pl\/index.php?rest_route=\/wp\/v2\/pages"}],"about":[{"href":"https:\/\/www.mopskrasnystaw.pl\/index.php?rest_route=\/wp\/v2\/types\/page"}],"author":[{"embeddable":true,"href":"https:\/\/www.mopskrasnystaw.pl\/index.php?rest_route=\/wp\/v2\/users\/3"}],"replies":[{"embeddable":true,"href":"https:\/\/www.mopskrasnystaw.pl\/index.php?rest_route=%2Fwp%2Fv2%2Fcomments&post=3243"}],"version-history":[{"count":0,"href":"https:\/\/www.mopskrasnystaw.pl\/index.php?rest_route=\/wp\/v2\/pages\/3243\/revisions"}],"wp:attachment":[{"href":"https:\/\/www.mopskrasnystaw.pl\/index.php?rest_route=%2Fwp%2Fv2%2Fmedia&parent=3243"}],"curies":[{"name":"wp","href":"https:\/\/api.w.org\/{rel}","templated":true}]}}