{"id":2859,"date":"2021-04-29T08:38:35","date_gmt":"2021-04-29T08:38:35","guid":{"rendered":"http:\/\/www.mopskrasnystaw.pl\/?page_id=2859"},"modified":"2021-04-29T08:38:35","modified_gmt":"2021-04-29T08:38:35","slug":"klauzula-rodo","status":"publish","type":"page","link":"https:\/\/www.mopskrasnystaw.pl\/?page_id=2859","title":{"rendered":"Klauzula RODO"},"content":{"rendered":"\n<p><strong>KLAUZULA informacyjna dotycz\u0105ca przetwarzania danych osobowych<\/strong><\/p>\n\n\n\n<p><strong>w Miejskim O\u015brodku Pomocy Spo\u0142ecznej w Krasnymstawie&nbsp;&nbsp;&nbsp;&nbsp;&nbsp;&nbsp;&nbsp;&nbsp;&nbsp;&nbsp;&nbsp;&nbsp;&nbsp;&nbsp;&nbsp;&nbsp;&nbsp;&nbsp;&nbsp;&nbsp;&nbsp;&nbsp; <\/strong><\/p>\n\n\n\n<p>W zwi\u0105zku z realizacj\u0105 wymog\u00f3w Rozporz\u0105dzenia Parlamentu Europejskiego i Rady (UE) 2016\/679 z dnia 27 kwietnia 2016 r. w sprawie ochrony os\u00f3b fizycznych w zwi\u0105zku z przetwarzaniem danych osobowych i w sprawie swobodnego przep\u0142ywu takich danych oraz uchylenia dyrektywy 95\/46\/WE (og\u00f3lne rozporz\u0105dzenie o ochronie danych \u201eRODO\u201d), informujemy o zasadach przetwarzania danych osobowych oraz o przys\u0142uguj\u0105cych prawach z tym zwi\u0105zanych.<\/p>\n\n\n\n<p><strong>To\u017csamo\u015b\u0107 administratora<\/strong><\/p>\n\n\n\n<p>Administratorem danych osobowych przetwarzanych w Miejskim O\u015brodku Pomocy Spo\u0142ecznej w Krasnymstawie&nbsp; jest Dyrektor Miejskiego O\u015brodka Pomocy Spo\u0142ecznej w Krasnymstawie, ul. Pi\u0142sudskiego 9, 22-300 Krasnystaw.<\/p>\n\n\n\n<p><strong>Dane kontaktowe administratora<\/strong><\/p>\n\n\n\n<p>Z administratorem danych osobowych mo\u017cna skontaktowa\u0107 si\u0119 poprzez adres e-mail <u><a href=\"mailto:poczta@mopskrasnystaw.pl\">poczta@mopskrasnystaw.pl<\/a><\/u>&nbsp; lub pisemnie na adres siedziby administratora.<\/p>\n\n\n\n<p><strong>Dane kontaktowe inspektora ochrony danych<\/strong><\/p>\n\n\n\n<p>Administrator wyznaczy\u0142 inspektora ochrony danych, z kt\u00f3rym mo\u017cna skontaktowa\u0107 si\u0119 w sprawach dotycz\u0105cych sposobu i zakresu przetwarzania danych osobowych w zakresie dzia\u0142ania Miejskiego O\u015brodka Pomocy Spo\u0142ecznej w Krasnymstawie, poprzez adres e-mail <u><a href=\"mailto:iodo@mopskrasnystaw.pl\">iodo@mopskrasnystaw.pl<\/a><\/u> lub pisemnie na adres siedziby administratora.<\/p>\n\n\n\n<p><strong>Cele przetwarzania i podstawa prawna<\/strong><\/p>\n\n\n\n<p>Administrator danych osobowych przetwarza dane osobowe na podstawie obowi\u0105zuj\u0105cych przepis\u00f3w prawa, zawartych um\u00f3w,&nbsp; na podstawie udzielonej zgody.<\/p>\n\n\n\n<p>Dane osobowe przetwarzane s\u0105 w celu\/celach:<\/p>\n\n\n\n<ul>\n<li>wype\u0142nienia obowi\u0105zk\u00f3w prawnych ci\u0105\u017c\u0105cych na Miejskim O\u015brodku Pomocy Spo\u0142ecznej w Krasnymstawie;<\/li>\n<li>realizacji um\u00f3w zawartych z kontrahentami Miasta Krasnystaw \u2013 MOPS w Krasnymstawie;<\/li>\n<li>w pozosta\u0142ych przypadkach Pani\/Pana dane osobowe przetwarzane s\u0105 wy\u0142\u0105cznie na podstawie wcze\u015bniej udzielonej zgody w zakresie i celu okre\u015blonym w tre\u015bci zgody.<\/li>\n<\/ul>\n\n\n\n<p><strong>Odbiorcy danych lub kategorie odbiorc\u00f3w danych<\/strong><br>W zwi\u0105zku z przetwarzaniem danych w wy\u017cej wymienionych celach odbiorcami danych osobowych mog\u0105 by\u0107:<\/p>\n\n\n\n<ul>\n<li>organy w\u0142adzy publicznej oraz podmioty wykonuj\u0105ce zadania publiczne lub dzia\u0142aj\u0105ce na zlecenie organ\u00f3w<\/li>\n<\/ul>\n\n\n\n<p>w\u0142adzy publicznej, w zakresie i w celach, kt\u00f3re wynikaj\u0105 z przepis\u00f3w powszechnie obowi\u0105zuj\u0105cego prawa;<\/p>\n\n\n\n<ul>\n<li>inne podmioty, kt\u00f3re na podstawie stosownych um\u00f3w podpisanych z Miasto Krasnystaw \u2013 MOPS<\/li>\n<\/ul>\n\n\n\n<p>w Krasnymstawie przetwarzaj\u0105 dane osobowe, dla kt\u00f3rych Administratorem jest Dyrektor MOPS w Krasnymstawie.<\/p>\n\n\n\n<p><strong>Okres przechowywania danych<\/strong><\/p>\n\n\n\n<p>Dane osobowe s\u0105 przechowywane przez okres niezb\u0119dny do realizacji wy\u017cej wymienionych cel\u00f3w, a po tym czasie przez okres oraz w zakresie wymaganym przez przepisy powszechnie obowi\u0105zuj\u0105cego prawa.<\/p>\n\n\n\n<p><strong>Prawo do ograniczenia przetwarzania<\/strong><br>W zwi\u0105zku z przetwarzaniem danych osobowych, osobom kt\u00f3rych dane s\u0105 przetwarzane przys\u0142uguj\u0105 nast\u0119puj\u0105ce uprawnienia:<\/p>\n\n\n\n<ul>\n<li>prawo dost\u0119pu do danych osobowych, w tym prawo do uzyskania kopii tych danych;<\/li>\n<li>prawo do \u017c\u0105dania sprostowania (poprawiania) danych osobowych \u2013 w przypadku gdy dane s\u0105 nieprawid\u0142owe lub niekompletne;<\/li>\n<li>prawo do \u017c\u0105dania usuni\u0119cia danych osobowych (tzw. prawo do bycia zapomnianym), w przypadku gdy:<\/li>\n<li>dane nie s\u0105 ju\u017c niezb\u0119dne do cel\u00f3w, dla kt\u00f3rych by\u0142y zebrane lub w inny spos\u00f3b przetwarzane,<\/li>\n<li>osoba, kt\u00f3rej dane dotycz\u0105, wnios\u0142a sprzeciw wobec przetwarzania danych osobowych,<\/li>\n<li>osoba, kt\u00f3rej dane dotycz\u0105 wycofa\u0142a zgod\u0119 na przetwarzanie danych osobowych, kt\u00f3ra jest podstaw\u0105 przetwarzania danych i nie ma innej podstawy prawnej przetwarzania danych,<\/li>\n<li>dane osobowe przetwarzane s\u0105 niezgodnie z prawem,<\/li>\n<li>dane osobowe musz\u0105 by\u0107 usuni\u0119te w celu wywi\u0105zania si\u0119 z obowi\u0105zku wynikaj\u0105cego z przepis\u00f3w prawa;<\/li>\n<li>prawo do \u017c\u0105dania ograniczenia przetwarzania danych osobowych \u2013 w przypadku, gdy:<\/li>\n<li>osoba, kt\u00f3rej dane dotycz\u0105 kwestionuje prawid\u0142owo\u015b\u0107 danych osobowych,<\/li>\n<li>przetwarzanie danych jest niezgodne z prawem, a osoba, kt\u00f3rej dane dotycz\u0105, sprzeciwia si\u0119 usuni\u0119ciu danych, \u017c\u0105daj\u0105c w zamian ich ograniczenia,<\/li>\n<li>Administrator nie potrzebuje ju\u017c danych dla swoich cel\u00f3w, ale osoba, kt\u00f3rej dane dotycz\u0105, potrzebuje ich do ustalenia, obrony lub dochodzenia roszcze\u0144,<\/li>\n<li>osoba, kt\u00f3rej dane dotycz\u0105, wnios\u0142a sprzeciw wobec przetwarzania danych, do czasu ustalenia czy prawnie uzasadnione podstawy po stronie administratora s\u0105 nadrz\u0119dne wobec podstawy sprzeciwu;<\/li>\n<li>prawo do przenoszenia danych \u2013 w przypadku gdy \u0142\u0105cznie spe\u0142nione s\u0105 nast\u0119puj\u0105ce przes\u0142anki:<\/li>\n<li>przetwarzanie danych odbywa si\u0119 na podstawie umowy zawartej z osob\u0105, kt\u00f3rej dane dotycz\u0105 lub na podstawie zgody wyra\u017conej przez t\u0105 osob\u0119,<\/li>\n<li>przetwarzanie odbywa si\u0119 w spos\u00f3b zautomatyzowany;<\/li>\n<li>prawo sprzeciwu wobec przetwarzania danych \u2013 w przypadku gdy \u0142\u0105cznie spe\u0142nione s\u0105 nast\u0119puj\u0105ce przes\u0142anki:<\/li>\n<li>zaistniej\u0105 przyczyny zwi\u0105zane z Pani\/Pana szczeg\u00f3ln\u0105 sytuacj\u0105, w przypadku przetwarzania danych na podstawie zadania realizowanego w interesie publicznym lub w ramach sprawowania w\u0142adzy publicznej przez Administratora,<\/li>\n<li>przetwarzanie jest niezb\u0119dne do cel\u00f3w wynikaj\u0105cych z prawnie uzasadnionych interes\u00f3w realizowanych przez Administratora lub przez stron\u0119 trzeci\u0105, z wyj\u0105tkiem sytuacji, w kt\u00f3rych nadrz\u0119dny charakter wobec tych interes\u00f3w maj\u0105 interesy lub podstawowe prawa i wolno\u015bci osoby, kt\u00f3rej dane dotycz\u0105, wymagaj\u0105ce ochrony danych osobowych, w szczeg\u00f3lno\u015bci gdy osoba, kt\u00f3rej dane dotycz\u0105 jest dzieckiem.<\/li>\n<\/ul>\n\n\n\n<p><strong>Prawo wniesienia skargi do organu nadzorczego<\/strong><\/p>\n\n\n\n<p>W przypadku powzi\u0119cia informacji o niezgodnym z prawem przetwarzaniu w Miejskim O\u015brodku Pomocy Spo\u0142ecznej w Krasnymstawie Pani\/Pana danych osobowych, przys\u0142uguje Pani\/Panu prawo wniesienia skargi do organu nadzorczego w\u0142a\u015bciwego w sprawach ochrony danych osobowych. Biuro Prezesa Urz\u0119du Ochrony Danych Osobowych (PUODO). Adres: Stawki 2, 00-193 Warszawa, Telefon: 22 860 70 86<\/p>\n\n\n\n<p><strong>Informacja o dowolno\u015bci lub obowi\u0105zku podania danych<\/strong><\/p>\n\n\n\n<p><em>Podanie przez danych osobowych jest obowi\u0105zkowe, w sytuacji gdy przes\u0142ank\u0119 przetwarzania danych osobowych stanowi przepis prawa<\/em> lub zawarta mi\u0119dzy stronami umowa.<\/p>\n\n\n\n<p>W sytuacji, gdy przetwarzanie danych osobowych odbywa si\u0119 na podstawie zgody osoby, kt\u00f3rej dane dotycz\u0105, podanie przez Pani\u0105\/Pana danych osobowych Administratorowi ma charakter dobrowolny, przys\u0142uguje prawo do cofni\u0119cia tej zgody w dowolnym momencie. Cofni\u0119cie to nie ma wp\u0142ywu na zgodno\u015b\u0107 przetwarzania, kt\u00f3rego dokonano na podstawie zgody przed jej cofni\u0119ciem, z obowi\u0105zuj\u0105cym prawem.<\/p>\n","protected":false},"excerpt":{"rendered":"<p>KLAUZULA informacyjna dotycz\u0105ca przetwarzania danych osobowych w Miejskim O\u015brodku Pomocy Spo\u0142ecznej w Krasnymstawie&nbsp;&nbsp;&nbsp;&nbsp;&nbsp;&nbsp;&nbsp;&nbsp;&nbsp;&nbsp;&nbsp;&nbsp;&nbsp;&nbsp;&nbsp;&nbsp;&nbsp;&nbsp;&nbsp;&nbsp;&nbsp;&nbsp; W zwi\u0105zku z realizacj\u0105 wymog\u00f3w Rozporz\u0105dzenia Parlamentu Europejskiego i Rady (UE) 2016\/679 z dnia 27 kwietnia 2016 r. w sprawie ochrony os\u00f3b fizycznych w zwi\u0105zku z przetwarzaniem danych osobowych i w sprawie swobodnego przep\u0142ywu takich danych oraz uchylenia dyrektywy 95\/46\/WE (og\u00f3lne rozporz\u0105dzenie [&hellip;]<\/p>\n","protected":false},"author":3,"featured_media":0,"parent":0,"menu_order":0,"comment_status":"closed","ping_status":"closed","template":"","meta":[],"yoast_head":"<!-- This site is optimized with the Yoast SEO plugin v19.0 - https:\/\/yoast.com\/wordpress\/plugins\/seo\/ -->\n<title>Klauzula RODO - MOPS Krasnystaw<\/title>\n<meta name=\"robots\" content=\"index, follow, max-snippet:-1, max-image-preview:large, max-video-preview:-1\" \/>\n<link rel=\"canonical\" href=\"https:\/\/www.mopskrasnystaw.pl\/?page_id=2859\" \/>\n<meta property=\"og:locale\" content=\"pl_PL\" \/>\n<meta property=\"og:type\" content=\"article\" \/>\n<meta property=\"og:title\" content=\"Klauzula RODO - MOPS Krasnystaw\" \/>\n<meta property=\"og:description\" content=\"KLAUZULA informacyjna dotycz\u0105ca przetwarzania danych osobowych w Miejskim O\u015brodku Pomocy Spo\u0142ecznej w Krasnymstawie&nbsp;&nbsp;&nbsp;&nbsp;&nbsp;&nbsp;&nbsp;&nbsp;&nbsp;&nbsp;&nbsp;&nbsp;&nbsp;&nbsp;&nbsp;&nbsp;&nbsp;&nbsp;&nbsp;&nbsp;&nbsp;&nbsp; W zwi\u0105zku z realizacj\u0105 wymog\u00f3w Rozporz\u0105dzenia Parlamentu Europejskiego i Rady (UE) 2016\/679 z dnia 27 kwietnia 2016 r. w sprawie ochrony os\u00f3b fizycznych w zwi\u0105zku z przetwarzaniem danych osobowych i w sprawie swobodnego przep\u0142ywu takich danych oraz uchylenia dyrektywy 95\/46\/WE (og\u00f3lne rozporz\u0105dzenie [&hellip;]\" \/>\n<meta property=\"og:url\" content=\"https:\/\/www.mopskrasnystaw.pl\/?page_id=2859\" \/>\n<meta property=\"og:site_name\" content=\"MOPS Krasnystaw\" \/>\n<meta name=\"twitter:card\" content=\"summary_large_image\" \/>\n<meta name=\"twitter:label1\" content=\"Szacowany czas czytania\" \/>\n\t<meta name=\"twitter:data1\" content=\"5 minut\" \/>\n<script type=\"application\/ld+json\" class=\"yoast-schema-graph\">{\"@context\":\"https:\/\/schema.org\",\"@graph\":[{\"@type\":\"WebSite\",\"@id\":\"https:\/\/www.mopskrasnystaw.pl\/#website\",\"url\":\"https:\/\/www.mopskrasnystaw.pl\/\",\"name\":\"MOPS Krasnystaw\",\"description\":\"\",\"potentialAction\":[{\"@type\":\"SearchAction\",\"target\":{\"@type\":\"EntryPoint\",\"urlTemplate\":\"https:\/\/www.mopskrasnystaw.pl\/?s={search_term_string}\"},\"query-input\":\"required name=search_term_string\"}],\"inLanguage\":\"pl-PL\"},{\"@type\":\"WebPage\",\"@id\":\"https:\/\/www.mopskrasnystaw.pl\/?page_id=2859#webpage\",\"url\":\"https:\/\/www.mopskrasnystaw.pl\/?page_id=2859\",\"name\":\"Klauzula RODO - MOPS Krasnystaw\",\"isPartOf\":{\"@id\":\"https:\/\/www.mopskrasnystaw.pl\/#website\"},\"datePublished\":\"2021-04-29T08:38:35+00:00\",\"dateModified\":\"2021-04-29T08:38:35+00:00\",\"breadcrumb\":{\"@id\":\"https:\/\/www.mopskrasnystaw.pl\/?page_id=2859#breadcrumb\"},\"inLanguage\":\"pl-PL\",\"potentialAction\":[{\"@type\":\"ReadAction\",\"target\":[\"https:\/\/www.mopskrasnystaw.pl\/?page_id=2859\"]}]},{\"@type\":\"BreadcrumbList\",\"@id\":\"https:\/\/www.mopskrasnystaw.pl\/?page_id=2859#breadcrumb\",\"itemListElement\":[{\"@type\":\"ListItem\",\"position\":1,\"name\":\"Strona g\u0142\u00f3wna\",\"item\":\"https:\/\/www.mopskrasnystaw.pl\/\"},{\"@type\":\"ListItem\",\"position\":2,\"name\":\"Klauzula RODO\"}]}]}<\/script>\n<!-- \/ Yoast SEO plugin. -->","yoast_head_json":{"title":"Klauzula RODO - MOPS Krasnystaw","robots":{"index":"index","follow":"follow","max-snippet":"max-snippet:-1","max-image-preview":"max-image-preview:large","max-video-preview":"max-video-preview:-1"},"canonical":"https:\/\/www.mopskrasnystaw.pl\/?page_id=2859","og_locale":"pl_PL","og_type":"article","og_title":"Klauzula RODO - MOPS Krasnystaw","og_description":"KLAUZULA informacyjna dotycz\u0105ca przetwarzania danych osobowych w Miejskim O\u015brodku Pomocy Spo\u0142ecznej w Krasnymstawie&nbsp;&nbsp;&nbsp;&nbsp;&nbsp;&nbsp;&nbsp;&nbsp;&nbsp;&nbsp;&nbsp;&nbsp;&nbsp;&nbsp;&nbsp;&nbsp;&nbsp;&nbsp;&nbsp;&nbsp;&nbsp;&nbsp; W zwi\u0105zku z realizacj\u0105 wymog\u00f3w Rozporz\u0105dzenia Parlamentu Europejskiego i Rady (UE) 2016\/679 z dnia 27 kwietnia 2016 r. w sprawie ochrony os\u00f3b fizycznych w zwi\u0105zku z przetwarzaniem danych osobowych i w sprawie swobodnego przep\u0142ywu takich danych oraz uchylenia dyrektywy 95\/46\/WE (og\u00f3lne rozporz\u0105dzenie [&hellip;]","og_url":"https:\/\/www.mopskrasnystaw.pl\/?page_id=2859","og_site_name":"MOPS Krasnystaw","twitter_card":"summary_large_image","twitter_misc":{"Szacowany czas czytania":"5 minut"},"schema":{"@context":"https:\/\/schema.org","@graph":[{"@type":"WebSite","@id":"https:\/\/www.mopskrasnystaw.pl\/#website","url":"https:\/\/www.mopskrasnystaw.pl\/","name":"MOPS Krasnystaw","description":"","potentialAction":[{"@type":"SearchAction","target":{"@type":"EntryPoint","urlTemplate":"https:\/\/www.mopskrasnystaw.pl\/?s={search_term_string}"},"query-input":"required name=search_term_string"}],"inLanguage":"pl-PL"},{"@type":"WebPage","@id":"https:\/\/www.mopskrasnystaw.pl\/?page_id=2859#webpage","url":"https:\/\/www.mopskrasnystaw.pl\/?page_id=2859","name":"Klauzula RODO - MOPS Krasnystaw","isPartOf":{"@id":"https:\/\/www.mopskrasnystaw.pl\/#website"},"datePublished":"2021-04-29T08:38:35+00:00","dateModified":"2021-04-29T08:38:35+00:00","breadcrumb":{"@id":"https:\/\/www.mopskrasnystaw.pl\/?page_id=2859#breadcrumb"},"inLanguage":"pl-PL","potentialAction":[{"@type":"ReadAction","target":["https:\/\/www.mopskrasnystaw.pl\/?page_id=2859"]}]},{"@type":"BreadcrumbList","@id":"https:\/\/www.mopskrasnystaw.pl\/?page_id=2859#breadcrumb","itemListElement":[{"@type":"ListItem","position":1,"name":"Strona g\u0142\u00f3wna","item":"https:\/\/www.mopskrasnystaw.pl\/"},{"@type":"ListItem","position":2,"name":"Klauzula RODO"}]}]}},"_links":{"self":[{"href":"https:\/\/www.mopskrasnystaw.pl\/index.php?rest_route=\/wp\/v2\/pages\/2859"}],"collection":[{"href":"https:\/\/www.mopskrasnystaw.pl\/index.php?rest_route=\/wp\/v2\/pages"}],"about":[{"href":"https:\/\/www.mopskrasnystaw.pl\/index.php?rest_route=\/wp\/v2\/types\/page"}],"author":[{"embeddable":true,"href":"https:\/\/www.mopskrasnystaw.pl\/index.php?rest_route=\/wp\/v2\/users\/3"}],"replies":[{"embeddable":true,"href":"https:\/\/www.mopskrasnystaw.pl\/index.php?rest_route=%2Fwp%2Fv2%2Fcomments&post=2859"}],"version-history":[{"count":0,"href":"https:\/\/www.mopskrasnystaw.pl\/index.php?rest_route=\/wp\/v2\/pages\/2859\/revisions"}],"wp:attachment":[{"href":"https:\/\/www.mopskrasnystaw.pl\/index.php?rest_route=%2Fwp%2Fv2%2Fmedia&parent=2859"}],"curies":[{"name":"wp","href":"https:\/\/api.w.org\/{rel}","templated":true}]}}