{"id":2225,"date":"2021-03-04T10:34:24","date_gmt":"2021-03-04T10:34:24","guid":{"rendered":"http:\/\/www.mopskrasnystaw.pl\/?page_id=2225"},"modified":"2021-03-04T10:34:24","modified_gmt":"2021-03-04T10:34:24","slug":"deklaracja-dostepnosci","status":"publish","type":"page","link":"https:\/\/www.mopskrasnystaw.pl\/?page_id=2225","title":{"rendered":"Deklaracja dost\u0119pno\u015bci"},"content":{"rendered":"\n<p><strong>DEKLARACJA DOST\u0118PNO\u015aCI<\/strong><\/p>\n\n\n\n<p>Miejski O\u015brodek Pomocy Spo\u0142ecznej w Krasnymstawie zobowi\u0105zuje si\u0119 zapewni\u0107 dost\u0119pno\u015b\u0107 swojej strony internetowej zgodnie z przepisami ustawy z dnia 4 kwietnia 2019 r. o dost\u0119pno\u015bci cyfrowej stron internetowych i aplikacji mobilnych podmiot\u00f3w publicznych. O\u015bwiadczenie w sprawie dost\u0119pno\u015bci ma zastosowanie do strony internetowej Miejskiego O\u015brodka Pomocy Spo\u0142ecznej w Krasnymstawie.<\/p>\n\n\n\n<p>Status pod wzgl\u0119dem zgodno\u015bci z ustaw\u0105<\/p>\n\n\n\n<p>Strona internetowa jest zgodna z ustaw\u0105 o dost\u0119pno\u015bci cyfrowej stron internetowych i aplikacji mobilnych podmiot\u00f3w publicznych.<br>Przygotowanie deklaracji w sprawie dost\u0119pno\u015bci<\/p>\n\n\n\n<p>&#8211; Deklaracj\u0119 sporz\u0105dzono dnia: 2020-09-22<br>&#8211; Deklaracj\u0119 zosta\u0142a ostatnio poddana przegl\u0105dowi i aktualizacji dnia: 2020-09-22<\/p>\n\n\n\n<p>Deklaracj\u0119 sporz\u0105dzono na podstawie samooceny.<br>W stosunku do w\/w strony przeprowadzono samoocen\u0119 dost\u0119pno\u015bci dla os\u00f3b niepe\u0142nosprawnych. W tym celu w dniu 22.09.2020r. skorzystano z dost\u0119pnego narz\u0119dzia do oceny strony: Test \u2013 European Intern Inclusion Initiative (<a href=\"http:\/\/checkers.eiii.eu\/\">checkers.eiii.eu<\/a>). Z przeprowadzonego testu wynika, \u017ce:<\/p>\n\n\n\n<p>strona internetowa www.mopskrasnystaw.pl przesz\u0142a pozytywnie 541 test\u00f3w i spe\u0142nia wymagania w 100%<\/p>\n\n\n\n<p>Strona www.mopskrasnystaw.pl zosta\u0142a zaprojektowany tak, aby by\u0142a mo\u017cliwa do obs\u0142u\u017cenia dla jak najszerszej grupy u\u017cytkownik\u00f3w, niezale\u017cnie od u\u017cywanej technologii, oprogramowania lub posiadanej dysfunkcji.<\/p>\n\n\n\n<p><strong>Informacje dodatkowe<\/strong><\/p>\n\n\n\n<p>&#8211; publikacja strony www.mopskrasnystaw.pl<\/p>\n\n\n\n<p>&#8211; strona jest aktualizowana na bie\u017c\u0105co<\/p>\n\n\n\n<p>&#8211; W przypadku problem\u00f3w z dost\u0119pno\u015bci\u0105 strony internetowej prosimy o kontakt. Osob\u0105 kontaktow\u0105 jest Arkadiusz Dudek,&nbsp;<span id=\"cloak9ccb6c912ff7934e6c995cb8513c94ab\"><a href=\"mailto:poczta@mopskrasnystaw.pl\">poczta@mopskrasnystaw.pl<\/a><\/span>&nbsp;. Kontaktowa\u0107 mo\u017cna si\u0119 tak\u017ce dzwoni\u0105c na numer telefonu (82) 576-23-24 wew. 117.<\/p>\n\n\n\n<p><strong>Ka\u017cdy ma prawo:<\/strong><\/p>\n\n\n\n<p>&#8211; zg\u0142osi\u0107 uwagi dotycz\u0105ce dost\u0119pno\u015bci cyfrowej strony lub jej elementu,<br>&#8211; zg\u0142osi\u0107 \u017c\u0105danie zapewnienia dost\u0119pno\u015bci cyfrowej strony lub jej elementu,<br>wnioskowa\u0107 o udost\u0119pnienie niedost\u0119pnej informacji w innej alternatywnej formie.<\/p>\n\n\n\n<p><strong>\u017b\u0105danie musi zawiera\u0107:<\/strong><\/p>\n\n\n\n<p>&#8211; dane kontaktowe osoby zg\u0142aszaj\u0105cej,<br>&#8211; wskazanie strony lub elementu strony, kt\u00f3rej dotyczy \u017c\u0105danie,<br>&#8211; wskazanie dogodnej formy udost\u0119pnienia informacji, je\u015bli \u017c\u0105danie dotyczy udost\u0119pnienia w formie alternatywnej informacji niedost\u0119pnej.<\/p>\n\n\n\n<p>Rozpatrzenie zg\u0142oszenia powinno nast\u0105pi\u0107 niezw\u0142ocznie, najp\u00f3\u017aniej w ci\u0105gu 7 dni. Je\u015bli w tym terminie zapewnienie dost\u0119pno\u015bci albo zapewnienie dost\u0119pu w alternatywnej formie nie jest mo\u017cliwe, powinno nast\u0105pi\u0107 najdalej w ci\u0105gu 2 miesi\u0119cy od daty zg\u0142oszenia.<br>Skargi i odwo\u0142ania<\/p>\n\n\n\n<p>Na niedotrzymanie tych termin\u00f3w oraz na odmow\u0119 realizacji \u017c\u0105dania mo\u017cna z\u0142o\u017cy\u0107 skarg\u0119 do organu nadzoruj\u0105cego poczt\u0105 lub drog\u0105 elektroniczn\u0105 na adres:<\/p>\n\n\n\n<p>&#8211; Organ nadzoruj\u0105cy: Samorz\u0105dowe Kolegium Odwo\u0142awcze w Che\u0142mie<\/p>\n\n\n\n<p>&#8222;Nazwa organu odwo\u0142awczego&#8221; o\u015bwiadcza, \u017ce ka\u017cdy ma prawo do wyst\u0105pienia z \u017c\u0105daniem zapewnienia dost\u0119pno\u015bci cyfrowej strony internetowej, aplikacji mobilnej lub jakiego\u015b ich elementu. Mo\u017cna tak\u017ce za\u017c\u0105da\u0107 udost\u0119pnienia informacji za pomoc\u0105 alternatywnego sposobu dost\u0119pu, na przyk\u0142ad przez odczytanie niedost\u0119pnego cyfrowo dokumentu, opisanie zawarto\u015bci filmu bez audiodeskrypcji itp. \u017b\u0105danie powinno zawiera\u0107 dane osoby zg\u0142aszaj\u0105cej \u017c\u0105danie, wskazanie, o kt\u00f3r\u0105 stron\u0119 internetow\u0105 lub aplikacj\u0119 mobiln\u0105 chodzi oraz spos\u00f3b kontaktu. Je\u017celi osoba \u017c\u0105daj\u0105ca zg\u0142asza potrzeb\u0119 otrzymania informacji za pomoc\u0105 alternatywnego sposobu dost\u0119pu, powinna tak\u017ce okre\u015bli\u0107 dogodny dla niej spos\u00f3b przedstawienia tej informacji. Podmiot publiczny powinien zrealizowa\u0107 \u017c\u0105danie niezw\u0142ocznie, nie p\u00f3\u017aniej ni\u017c w ci\u0105gu 7 dni od dnia wyst\u0105pienia z \u017c\u0105daniem. Je\u017celi dotrzymanie tego terminu nie jest mo\u017cliwe, podmiot publiczny niezw\u0142ocznie informuje o tym wnosz\u0105cego \u017c\u0105danie, kiedy realizacja \u017c\u0105dania b\u0119dzie mo\u017cliwa, przy czym termin ten nie mo\u017ce by\u0107 d\u0142u\u017cszy ni\u017c 2 miesi\u0105ce od dnia wyst\u0105pienia z \u017c\u0105daniem. Je\u017celi zapewnienie dost\u0119pno\u015bci cyfrowej nie jest mo\u017cliwe, podmiot publiczny mo\u017ce zaproponowa\u0107 alternatywny spos\u00f3b dost\u0119pu do informacji. W przypadku, gdy podmiot publiczny odm\u00f3wi realizacji \u017c\u0105dania zapewnienia dost\u0119pno\u015bci lub alternatywnego sposobu dost\u0119pu do informacji, wnosz\u0105cy \u017c\u0105danie mo\u017cne z\u0142o\u017cy\u0107 skarg\u0119 w sprawie zapewniana dost\u0119pno\u015bci cyfrowej strony internetowej, aplikacji mobilnej lub elementu strony internetowej, lub aplikacji mobilnej. Po wyczerpaniu wskazanej wy\u017cej procedury mo\u017cna tak\u017ce z\u0142o\u017cy\u0107 wniosek do Rzecznika Praw Obywatelskich.<\/p>\n\n\n\n<p><strong>Dost\u0119pno\u015b\u0107 architektoniczna<\/strong><\/p>\n\n\n\n<p>Budynek Miejskiego O\u015brodka Pomocy Spo\u0142ecznej w Krasnymstawie posiada 3 wej\u015bcia wyposa\u017cone w podjazdy dla os\u00f3b niepe\u0142nosprawnych. Po obu stronach podjazd\u00f3w zamontowane s\u0105 balustrady. Nad wej\u015bciem nie ma g\u0142o\u015bnik\u00f3w systemu naprowadzaj\u0105cego d\u017awi\u0119kowo osoby niewidome i s\u0142abos\u0142ysz\u0105ce. Do budynku i pomieszcze\u0144 o\u015brodka mo\u017cna wej\u015b\u0107 z psem asystuj\u0105cym i psem przewodnikiem. Na pi\u0119tro budynku MOPS mo\u017cna wej\u015b\u0107 przy u\u017cyciu windy przystosowanej dla os\u00f3b niepe\u0142nosprawnych, kt\u00f3ra jest na bie\u017c\u0105co sprawdzana i kontrolowana przez uprawnione w tym zakresie osoby. Dla os\u00f3b na w\u00f3zkach inwalidzkich dost\u0119pne s\u0105 ci\u0105gi komunikacyjne i pomieszczenia odpowiadaj\u0105ce przepisom pod wzgl\u0119dem szeroko\u015bci oraz odpowiednio oznakowane.<br>W budynku MOPS znajduje si\u0119 toaleta przystosowana dla os\u00f3b niepe\u0142nosprawnych. W budynku nie ma p\u0119tli indukcyjnych. Brak t\u0142umacza j\u0119zyka migowego. Przy drzwiach wej\u015bciowych do budynku dost\u0119pne s\u0105 dzwonki jako udogodnienie dla os\u00f3b niepe\u0142nosprawnych.<\/p>\n","protected":false},"excerpt":{"rendered":"<p>DEKLARACJA DOST\u0118PNO\u015aCI Miejski O\u015brodek Pomocy Spo\u0142ecznej w Krasnymstawie zobowi\u0105zuje si\u0119 zapewni\u0107 dost\u0119pno\u015b\u0107 swojej strony internetowej zgodnie z przepisami ustawy z dnia 4 kwietnia 2019 r. o dost\u0119pno\u015bci cyfrowej stron internetowych i aplikacji mobilnych podmiot\u00f3w publicznych. O\u015bwiadczenie w sprawie dost\u0119pno\u015bci ma zastosowanie do strony internetowej Miejskiego O\u015brodka Pomocy Spo\u0142ecznej w Krasnymstawie. Status pod wzgl\u0119dem zgodno\u015bci z [&hellip;]<\/p>\n","protected":false},"author":1,"featured_media":0,"parent":0,"menu_order":0,"comment_status":"closed","ping_status":"closed","template":"","meta":[],"yoast_head":"<!-- This site is optimized with the Yoast SEO plugin v19.0 - https:\/\/yoast.com\/wordpress\/plugins\/seo\/ -->\n<title>Deklaracja dost\u0119pno\u015bci - MOPS Krasnystaw<\/title>\n<meta name=\"robots\" content=\"index, follow, max-snippet:-1, max-image-preview:large, max-video-preview:-1\" \/>\n<link rel=\"canonical\" href=\"https:\/\/www.mopskrasnystaw.pl\/?page_id=2225\" \/>\n<meta property=\"og:locale\" content=\"pl_PL\" \/>\n<meta property=\"og:type\" content=\"article\" \/>\n<meta property=\"og:title\" content=\"Deklaracja dost\u0119pno\u015bci - MOPS Krasnystaw\" \/>\n<meta property=\"og:description\" content=\"DEKLARACJA DOST\u0118PNO\u015aCI Miejski O\u015brodek Pomocy Spo\u0142ecznej w Krasnymstawie zobowi\u0105zuje si\u0119 zapewni\u0107 dost\u0119pno\u015b\u0107 swojej strony internetowej zgodnie z przepisami ustawy z dnia 4 kwietnia 2019 r. o dost\u0119pno\u015bci cyfrowej stron internetowych i aplikacji mobilnych podmiot\u00f3w publicznych. O\u015bwiadczenie w sprawie dost\u0119pno\u015bci ma zastosowanie do strony internetowej Miejskiego O\u015brodka Pomocy Spo\u0142ecznej w Krasnymstawie. Status pod wzgl\u0119dem zgodno\u015bci z [&hellip;]\" \/>\n<meta property=\"og:url\" content=\"https:\/\/www.mopskrasnystaw.pl\/?page_id=2225\" \/>\n<meta property=\"og:site_name\" content=\"MOPS Krasnystaw\" \/>\n<meta name=\"twitter:card\" content=\"summary_large_image\" \/>\n<meta name=\"twitter:label1\" content=\"Szacowany czas czytania\" \/>\n\t<meta name=\"twitter:data1\" content=\"4 minuty\" \/>\n<script type=\"application\/ld+json\" class=\"yoast-schema-graph\">{\"@context\":\"https:\/\/schema.org\",\"@graph\":[{\"@type\":\"WebSite\",\"@id\":\"https:\/\/www.mopskrasnystaw.pl\/#website\",\"url\":\"https:\/\/www.mopskrasnystaw.pl\/\",\"name\":\"MOPS Krasnystaw\",\"description\":\"\",\"potentialAction\":[{\"@type\":\"SearchAction\",\"target\":{\"@type\":\"EntryPoint\",\"urlTemplate\":\"https:\/\/www.mopskrasnystaw.pl\/?s={search_term_string}\"},\"query-input\":\"required name=search_term_string\"}],\"inLanguage\":\"pl-PL\"},{\"@type\":\"WebPage\",\"@id\":\"https:\/\/www.mopskrasnystaw.pl\/?page_id=2225#webpage\",\"url\":\"https:\/\/www.mopskrasnystaw.pl\/?page_id=2225\",\"name\":\"Deklaracja dost\u0119pno\u015bci - MOPS Krasnystaw\",\"isPartOf\":{\"@id\":\"https:\/\/www.mopskrasnystaw.pl\/#website\"},\"datePublished\":\"2021-03-04T10:34:24+00:00\",\"dateModified\":\"2021-03-04T10:34:24+00:00\",\"breadcrumb\":{\"@id\":\"https:\/\/www.mopskrasnystaw.pl\/?page_id=2225#breadcrumb\"},\"inLanguage\":\"pl-PL\",\"potentialAction\":[{\"@type\":\"ReadAction\",\"target\":[\"https:\/\/www.mopskrasnystaw.pl\/?page_id=2225\"]}]},{\"@type\":\"BreadcrumbList\",\"@id\":\"https:\/\/www.mopskrasnystaw.pl\/?page_id=2225#breadcrumb\",\"itemListElement\":[{\"@type\":\"ListItem\",\"position\":1,\"name\":\"Strona g\u0142\u00f3wna\",\"item\":\"https:\/\/www.mopskrasnystaw.pl\/\"},{\"@type\":\"ListItem\",\"position\":2,\"name\":\"Deklaracja dost\u0119pno\u015bci\"}]}]}<\/script>\n<!-- \/ Yoast SEO plugin. -->","yoast_head_json":{"title":"Deklaracja dost\u0119pno\u015bci - MOPS Krasnystaw","robots":{"index":"index","follow":"follow","max-snippet":"max-snippet:-1","max-image-preview":"max-image-preview:large","max-video-preview":"max-video-preview:-1"},"canonical":"https:\/\/www.mopskrasnystaw.pl\/?page_id=2225","og_locale":"pl_PL","og_type":"article","og_title":"Deklaracja dost\u0119pno\u015bci - MOPS Krasnystaw","og_description":"DEKLARACJA DOST\u0118PNO\u015aCI Miejski O\u015brodek Pomocy Spo\u0142ecznej w Krasnymstawie zobowi\u0105zuje si\u0119 zapewni\u0107 dost\u0119pno\u015b\u0107 swojej strony internetowej zgodnie z przepisami ustawy z dnia 4 kwietnia 2019 r. o dost\u0119pno\u015bci cyfrowej stron internetowych i aplikacji mobilnych podmiot\u00f3w publicznych. O\u015bwiadczenie w sprawie dost\u0119pno\u015bci ma zastosowanie do strony internetowej Miejskiego O\u015brodka Pomocy Spo\u0142ecznej w Krasnymstawie. Status pod wzgl\u0119dem zgodno\u015bci z [&hellip;]","og_url":"https:\/\/www.mopskrasnystaw.pl\/?page_id=2225","og_site_name":"MOPS Krasnystaw","twitter_card":"summary_large_image","twitter_misc":{"Szacowany czas czytania":"4 minuty"},"schema":{"@context":"https:\/\/schema.org","@graph":[{"@type":"WebSite","@id":"https:\/\/www.mopskrasnystaw.pl\/#website","url":"https:\/\/www.mopskrasnystaw.pl\/","name":"MOPS Krasnystaw","description":"","potentialAction":[{"@type":"SearchAction","target":{"@type":"EntryPoint","urlTemplate":"https:\/\/www.mopskrasnystaw.pl\/?s={search_term_string}"},"query-input":"required name=search_term_string"}],"inLanguage":"pl-PL"},{"@type":"WebPage","@id":"https:\/\/www.mopskrasnystaw.pl\/?page_id=2225#webpage","url":"https:\/\/www.mopskrasnystaw.pl\/?page_id=2225","name":"Deklaracja dost\u0119pno\u015bci - MOPS Krasnystaw","isPartOf":{"@id":"https:\/\/www.mopskrasnystaw.pl\/#website"},"datePublished":"2021-03-04T10:34:24+00:00","dateModified":"2021-03-04T10:34:24+00:00","breadcrumb":{"@id":"https:\/\/www.mopskrasnystaw.pl\/?page_id=2225#breadcrumb"},"inLanguage":"pl-PL","potentialAction":[{"@type":"ReadAction","target":["https:\/\/www.mopskrasnystaw.pl\/?page_id=2225"]}]},{"@type":"BreadcrumbList","@id":"https:\/\/www.mopskrasnystaw.pl\/?page_id=2225#breadcrumb","itemListElement":[{"@type":"ListItem","position":1,"name":"Strona g\u0142\u00f3wna","item":"https:\/\/www.mopskrasnystaw.pl\/"},{"@type":"ListItem","position":2,"name":"Deklaracja dost\u0119pno\u015bci"}]}]}},"_links":{"self":[{"href":"https:\/\/www.mopskrasnystaw.pl\/index.php?rest_route=\/wp\/v2\/pages\/2225"}],"collection":[{"href":"https:\/\/www.mopskrasnystaw.pl\/index.php?rest_route=\/wp\/v2\/pages"}],"about":[{"href":"https:\/\/www.mopskrasnystaw.pl\/index.php?rest_route=\/wp\/v2\/types\/page"}],"author":[{"embeddable":true,"href":"https:\/\/www.mopskrasnystaw.pl\/index.php?rest_route=\/wp\/v2\/users\/1"}],"replies":[{"embeddable":true,"href":"https:\/\/www.mopskrasnystaw.pl\/index.php?rest_route=%2Fwp%2Fv2%2Fcomments&post=2225"}],"version-history":[{"count":0,"href":"https:\/\/www.mopskrasnystaw.pl\/index.php?rest_route=\/wp\/v2\/pages\/2225\/revisions"}],"wp:attachment":[{"href":"https:\/\/www.mopskrasnystaw.pl\/index.php?rest_route=%2Fwp%2Fv2%2Fmedia&parent=2225"}],"curies":[{"name":"wp","href":"https:\/\/api.w.org\/{rel}","templated":true}]}}