{"id":2221,"date":"2021-03-04T10:33:38","date_gmt":"2021-03-04T10:33:38","guid":{"rendered":"http:\/\/www.mopskrasnystaw.pl\/?page_id=2221"},"modified":"2024-03-26T08:11:35","modified_gmt":"2024-03-26T08:11:35","slug":"dokumenty-strategiczne","status":"publish","type":"page","link":"https:\/\/www.mopskrasnystaw.pl\/?page_id=2221","title":{"rendered":"Dokumenty strategiczne"},"content":{"rendered":"\n<p><strong>Dokumenty Strategiczne<\/strong><\/p>\n\n\n\n<p><a href=\"https:\/\/www.mopskrasnystaw.pl\/wp-content\/uploads\/2022\/07\/statut.pdf\">Statut<\/a><\/p>\n\n\n\n<div class=\"wp-block-file\"><a id=\"wp-block-file--media-139bb1da-6516-4952-867c-daaab9812952\" href=\"https:\/\/www.mopskrasnystaw.pl\/wp-content\/uploads\/2023\/12\/STRATEGIA-2021-2030.pdf\">GMINNA STRATEGIA ROZWI\u0104ZYWANIA PROBLEM\u00d3W SPO\u0141ECZNYCH MIASTA KRASNYSTAW NA LATA 2021-2030<\/a><\/div>\n\n\n\n<div class=\"wp-block-file\"><a id=\"wp-block-file--media-753d9d9d-3c4e-4f1a-81ee-d6e865b5b070\" href=\"https:\/\/www.mopskrasnystaw.pl\/wp-content\/uploads\/2023\/12\/Gminny-program-wspierania-rodziny-22-24.pdf\">Gminny program wspierania rodziny 2022-2024<\/a><\/div>\n\n\n\n<div class=\"wp-block-file\"><a id=\"wp-block-file--media-fc243946-c17e-4e12-a5c9-442e7361e1f9\" href=\"https:\/\/www.mopskrasnystaw.pl\/wp-content\/uploads\/2023\/12\/MPPPwR-2021-2030.pdf\">MIEJSKI PROGRAM PRZECIWDZIA\u0141ANIA PRZEMOCY W RODZINIE ORAZ OCHRONY OFIAR PRZEMOCY W RODZINIE na lata 2021-2030<\/a><\/div>\n\n\n\n<div class=\"wp-block-file\"><a id=\"wp-block-file--media-9aa1f6a1-5c01-477b-8fe6-ce24194b4733\" href=\"https:\/\/www.mopskrasnystaw.pl\/wp-content\/uploads\/2024\/03\/Pogram-Korpus-Wsparcia-Seniorow-na-rok-2024.pdf\">Pogram Korpus Wsparcia Senior\u00f3w na rok 2024<\/a><\/div>\n\n\n\n<div class=\"wp-block-file\"><a id=\"wp-block-file--media-0d5c5711-f70a-422a-83fa-206d0cd05302\" href=\"https:\/\/www.mopskrasnystaw.pl\/wp-content\/uploads\/2024\/03\/Program-Posilek-w-szkole-i-w-domu-na-lata-2024-2028.pdf\">Program Posi\u0142ek w szkole i w domu na lata 2024-2028<\/a><\/div>\n\n\n\n<div class=\"wp-block-file\"><a id=\"wp-block-file--media-2c38e55e-b779-4551-a6a7-178025a3633f\" href=\"https:\/\/www.mopskrasnystaw.pl\/wp-content\/uploads\/2024\/03\/Uchwala-zmieniajaca-uchwale-w-sprawie-przyjecia-Miejskiego-Programu-Przeciwdzialania-Przemocy-w-Rodzinie-oraz-Ochrony-Ofiar-Przemocy-w-Rodzinie-na-lata-2021-2030.pdf\">Uchwala zmieniaj\u0105ca uchwa\u0142\u0119 w sprawie przyj\u0119cia Miejskiego Programu Przeciwdzia\u0142ania Przemocy w Rodzinie oraz Ochrony Ofiar Przemocy w Rodzinie na lata 2021-2030<\/a><\/div>\n","protected":false},"excerpt":{"rendered":"<p>Dokumenty Strategiczne Statut<\/p>\n","protected":false},"author":1,"featured_media":0,"parent":0,"menu_order":0,"comment_status":"closed","ping_status":"closed","template":"","meta":[],"yoast_head":"<!-- This site is optimized with the Yoast SEO plugin v19.0 - https:\/\/yoast.com\/wordpress\/plugins\/seo\/ -->\n<title>Dokumenty strategiczne - MOPS Krasnystaw<\/title>\n<meta name=\"robots\" content=\"index, follow, max-snippet:-1, max-image-preview:large, max-video-preview:-1\" \/>\n<link rel=\"canonical\" href=\"https:\/\/www.mopskrasnystaw.pl\/?page_id=2221\" \/>\n<meta property=\"og:locale\" content=\"pl_PL\" \/>\n<meta property=\"og:type\" content=\"article\" \/>\n<meta property=\"og:title\" content=\"Dokumenty strategiczne - MOPS Krasnystaw\" \/>\n<meta property=\"og:description\" content=\"Dokumenty Strategiczne Statut\" \/>\n<meta property=\"og:url\" content=\"https:\/\/www.mopskrasnystaw.pl\/?page_id=2221\" \/>\n<meta property=\"og:site_name\" content=\"MOPS Krasnystaw\" \/>\n<meta property=\"article:modified_time\" content=\"2024-03-26T08:11:35+00:00\" \/>\n<meta name=\"twitter:card\" content=\"summary_large_image\" \/>\n<meta name=\"twitter:label1\" content=\"Szacowany czas czytania\" \/>\n\t<meta name=\"twitter:data1\" content=\"1 minuta\" \/>\n<script type=\"application\/ld+json\" class=\"yoast-schema-graph\">{\"@context\":\"https:\/\/schema.org\",\"@graph\":[{\"@type\":\"WebSite\",\"@id\":\"https:\/\/www.mopskrasnystaw.pl\/#website\",\"url\":\"https:\/\/www.mopskrasnystaw.pl\/\",\"name\":\"MOPS Krasnystaw\",\"description\":\"\",\"potentialAction\":[{\"@type\":\"SearchAction\",\"target\":{\"@type\":\"EntryPoint\",\"urlTemplate\":\"https:\/\/www.mopskrasnystaw.pl\/?s={search_term_string}\"},\"query-input\":\"required name=search_term_string\"}],\"inLanguage\":\"pl-PL\"},{\"@type\":\"WebPage\",\"@id\":\"https:\/\/www.mopskrasnystaw.pl\/?page_id=2221#webpage\",\"url\":\"https:\/\/www.mopskrasnystaw.pl\/?page_id=2221\",\"name\":\"Dokumenty strategiczne - MOPS Krasnystaw\",\"isPartOf\":{\"@id\":\"https:\/\/www.mopskrasnystaw.pl\/#website\"},\"datePublished\":\"2021-03-04T10:33:38+00:00\",\"dateModified\":\"2024-03-26T08:11:35+00:00\",\"breadcrumb\":{\"@id\":\"https:\/\/www.mopskrasnystaw.pl\/?page_id=2221#breadcrumb\"},\"inLanguage\":\"pl-PL\",\"potentialAction\":[{\"@type\":\"ReadAction\",\"target\":[\"https:\/\/www.mopskrasnystaw.pl\/?page_id=2221\"]}]},{\"@type\":\"BreadcrumbList\",\"@id\":\"https:\/\/www.mopskrasnystaw.pl\/?page_id=2221#breadcrumb\",\"itemListElement\":[{\"@type\":\"ListItem\",\"position\":1,\"name\":\"Strona g\u0142\u00f3wna\",\"item\":\"https:\/\/www.mopskrasnystaw.pl\/\"},{\"@type\":\"ListItem\",\"position\":2,\"name\":\"Dokumenty strategiczne\"}]}]}<\/script>\n<!-- \/ Yoast SEO plugin. -->","yoast_head_json":{"title":"Dokumenty strategiczne - MOPS Krasnystaw","robots":{"index":"index","follow":"follow","max-snippet":"max-snippet:-1","max-image-preview":"max-image-preview:large","max-video-preview":"max-video-preview:-1"},"canonical":"https:\/\/www.mopskrasnystaw.pl\/?page_id=2221","og_locale":"pl_PL","og_type":"article","og_title":"Dokumenty strategiczne - MOPS Krasnystaw","og_description":"Dokumenty Strategiczne Statut","og_url":"https:\/\/www.mopskrasnystaw.pl\/?page_id=2221","og_site_name":"MOPS Krasnystaw","article_modified_time":"2024-03-26T08:11:35+00:00","twitter_card":"summary_large_image","twitter_misc":{"Szacowany czas czytania":"1 minuta"},"schema":{"@context":"https:\/\/schema.org","@graph":[{"@type":"WebSite","@id":"https:\/\/www.mopskrasnystaw.pl\/#website","url":"https:\/\/www.mopskrasnystaw.pl\/","name":"MOPS Krasnystaw","description":"","potentialAction":[{"@type":"SearchAction","target":{"@type":"EntryPoint","urlTemplate":"https:\/\/www.mopskrasnystaw.pl\/?s={search_term_string}"},"query-input":"required name=search_term_string"}],"inLanguage":"pl-PL"},{"@type":"WebPage","@id":"https:\/\/www.mopskrasnystaw.pl\/?page_id=2221#webpage","url":"https:\/\/www.mopskrasnystaw.pl\/?page_id=2221","name":"Dokumenty strategiczne - MOPS Krasnystaw","isPartOf":{"@id":"https:\/\/www.mopskrasnystaw.pl\/#website"},"datePublished":"2021-03-04T10:33:38+00:00","dateModified":"2024-03-26T08:11:35+00:00","breadcrumb":{"@id":"https:\/\/www.mopskrasnystaw.pl\/?page_id=2221#breadcrumb"},"inLanguage":"pl-PL","potentialAction":[{"@type":"ReadAction","target":["https:\/\/www.mopskrasnystaw.pl\/?page_id=2221"]}]},{"@type":"BreadcrumbList","@id":"https:\/\/www.mopskrasnystaw.pl\/?page_id=2221#breadcrumb","itemListElement":[{"@type":"ListItem","position":1,"name":"Strona g\u0142\u00f3wna","item":"https:\/\/www.mopskrasnystaw.pl\/"},{"@type":"ListItem","position":2,"name":"Dokumenty strategiczne"}]}]}},"_links":{"self":[{"href":"https:\/\/www.mopskrasnystaw.pl\/index.php?rest_route=\/wp\/v2\/pages\/2221"}],"collection":[{"href":"https:\/\/www.mopskrasnystaw.pl\/index.php?rest_route=\/wp\/v2\/pages"}],"about":[{"href":"https:\/\/www.mopskrasnystaw.pl\/index.php?rest_route=\/wp\/v2\/types\/page"}],"author":[{"embeddable":true,"href":"https:\/\/www.mopskrasnystaw.pl\/index.php?rest_route=\/wp\/v2\/users\/1"}],"replies":[{"embeddable":true,"href":"https:\/\/www.mopskrasnystaw.pl\/index.php?rest_route=%2Fwp%2Fv2%2Fcomments&post=2221"}],"version-history":[{"count":5,"href":"https:\/\/www.mopskrasnystaw.pl\/index.php?rest_route=\/wp\/v2\/pages\/2221\/revisions"}],"predecessor-version":[{"id":4701,"href":"https:\/\/www.mopskrasnystaw.pl\/index.php?rest_route=\/wp\/v2\/pages\/2221\/revisions\/4701"}],"wp:attachment":[{"href":"https:\/\/www.mopskrasnystaw.pl\/index.php?rest_route=%2Fwp%2Fv2%2Fmedia&parent=2221"}],"curies":[{"name":"wp","href":"https:\/\/api.w.org\/{rel}","templated":true}]}}