{"id":2217,"date":"2021-03-04T10:32:33","date_gmt":"2021-03-04T10:32:33","guid":{"rendered":"http:\/\/www.mopskrasnystaw.pl\/?page_id=2217"},"modified":"2021-03-04T10:32:33","modified_gmt":"2021-03-04T10:32:33","slug":"c-a-l-informacje-ogolne","status":"publish","type":"page","link":"https:\/\/www.mopskrasnystaw.pl\/?page_id=2217","title":{"rendered":"C A L &#8211; informacje og\u00f3lne"},"content":{"rendered":"\n<p><b>Program Centrum Aktywno\u015bci Lokalnej<\/b>&nbsp;(CAL), kt\u00f3ry zosta\u0142 zainicjowany w 1997 roku przez Biuro Obs\u0142ugi Ruchu Inicjatyw Spo\u0142ecznych &#8211; BORIS. Obecnie koordynacj\u0119 nad jego realizacj\u0105 przej\u0119\u0142o Stowarzyszenie Centrum Wspierania Aktywno\u015bci Lokalnej CAL.<br><b>Pod poj\u0119ciem Centrum Aktywno\u015bci Lokalnej nale\u017cy rozumie\u0107 okre\u015blony spos\u00f3b dzia\u0142ania, kt\u00f3rego celem jest aktywizowanie spo\u0142eczno\u015bci lokalnych, tworzenie poczucia przynale\u017cno\u015bci do danego miejsca i lokalnej grupy, uruchamianie na nowo zbiorowych strategii pomagania ludziom w pomaganiu sobie samym.<\/b>&nbsp;Nie trzeba chyba nikogo przekonywa\u0107 jak wa\u017ckie to cele, zw\u0142aszcza w naszym kraju, w kt\u00f3rym mocno nadszarpni\u0119te zosta\u0142y wi\u0119zi mi\u0119dzyludzkie, a ludziom ci\u0105gle jeszcze brak poczucia to\u017csamo\u015bci z w\u0142asn\u0105 spo\u0142eczno\u015bci\u0105 tym samym niewielkie jest ich poczucie odpowiedzialno\u015bci za lokalne sprawy.&nbsp;<b>W\u015br\u00f3d dalekosi\u0119\u017cnych cel\u00f3w programu wymieni\u0107 nale\u017cy:<\/b><\/p>\n\n\n\n<p>-powstanie silnych i zintegrowanych spo\u0142eczno\u015bci lokalnych,<br>-rozw\u00f3j lokalnej samoorganizacji, solidarno\u015bci i tworzenie wi\u0119z\u00f3w samopomocy,<br>-zaktywizowanie lokalnych zasob\u00f3w &#8211; instytucji i organizacji samorz\u0105dowych, pozarz\u0105dowych, biznesowych,<br>-wzmacnianie i integracja lokalnych grup obywatelskich,<br>-budowanie to\u017csamo\u015bci wsp\u00f3lnot lokalnych poprzez podnoszenie jako\u015bci spo\u0142ecznych interakcji, zwi\u0105zk\u00f3w i sieci kontakt\u00f3w,<br>-pomaganie ludziom w tworzeniu i odtwarzaniu ich w\u0142asnych spo\u0142eczno\u015bci lokalnych i grup spo\u0142ecznych, pozwalaj\u0105cych na radzenie sobie z rozwi\u0105zywaniem lokalnych problem\u00f3w oraz przejmowanie kontroli nad w\u0142asnym \u017cyciem<br>.<br><b>Najwa\u017cniejsz\u0105 cech\u0105 programu jest to, \u017ce wszelkie przedsi\u0119wzi\u0119cia podejmowane przez instytucje pracuj\u0105ce metod\u0105 CAL musz\u0105 odpowiada\u0107 na potrzeby artyku\u0142owane przez dan\u0105 spo\u0142eczno\u015b\u0107 postrzegan\u0105 ca\u0142o\u015bciowo i prowadzone by\u0107 w oparciu o jej zasoby ludzkie i instytucjonalne. Ponadto praca metod\u0105 CAL oznacza:<\/b><br>-posiadanie lub stworzenie realnego, fizycznego miejsca, kt\u00f3re b\u0119dzie s\u0142u\u017cy\u0107 o\u017cywaniu i integracji spo\u0142eczno\u015bci lokalnej (miejscem takim mo\u017ce by\u0107 siedziba instytucji),<br>-tworzenie w \u015brodowisku koalicji na rzecz pracy w \u015brodowisku i wok\u00f3\u0142 problem\u00f3w,<br>-inicjowanie ruch\u00f3w samopomocowych i obywatelskich,<br>-promowanie pracy wolontarystycznej i zespo\u0142owej,<br>-inicjowanie lokalnych akcji i wydarze\u0144,<br>-dzia\u0142ania w oparciu o programy i projekty.<br>Program CAL jest na tyle uniwersalny, i\u017c mo\u017ce by\u0107 realizowany przez r\u00f3\u017cnego rodzaju plac\u00f3wki, np.: o\u015brodki pomocy spo\u0142ecznej, domy kultury, szko\u0142y, organizacje pozarz\u0105dowe. Sprawdza si\u0119 on zar\u00f3wno w ma\u0142ych gminach, jak i du\u017cych aglomeracjach miejskich, z tym \u017ce w\u00f3wczas nale\u017cy go wdra\u017ca\u0107 sukcesywnie na poszczeg\u00f3lnych osiedlach lub ich cz\u0119\u015bciach.<\/p>\n","protected":false},"excerpt":{"rendered":"<p>Program Centrum Aktywno\u015bci Lokalnej&nbsp;(CAL), kt\u00f3ry zosta\u0142 zainicjowany w 1997 roku przez Biuro Obs\u0142ugi Ruchu Inicjatyw Spo\u0142ecznych &#8211; BORIS. Obecnie koordynacj\u0119 nad jego realizacj\u0105 przej\u0119\u0142o Stowarzyszenie Centrum Wspierania Aktywno\u015bci Lokalnej CAL.Pod poj\u0119ciem Centrum Aktywno\u015bci Lokalnej nale\u017cy rozumie\u0107 okre\u015blony spos\u00f3b dzia\u0142ania, kt\u00f3rego celem jest aktywizowanie spo\u0142eczno\u015bci lokalnych, tworzenie poczucia przynale\u017cno\u015bci do danego miejsca i lokalnej grupy, uruchamianie [&hellip;]<\/p>\n","protected":false},"author":1,"featured_media":0,"parent":0,"menu_order":0,"comment_status":"closed","ping_status":"closed","template":"","meta":[],"yoast_head":"<!-- This site is optimized with the Yoast SEO plugin v19.0 - https:\/\/yoast.com\/wordpress\/plugins\/seo\/ -->\n<title>C A L - informacje og\u00f3lne - MOPS Krasnystaw<\/title>\n<meta name=\"robots\" content=\"index, follow, max-snippet:-1, max-image-preview:large, max-video-preview:-1\" \/>\n<link rel=\"canonical\" href=\"https:\/\/www.mopskrasnystaw.pl\/?page_id=2217\" \/>\n<meta property=\"og:locale\" content=\"pl_PL\" \/>\n<meta property=\"og:type\" content=\"article\" \/>\n<meta property=\"og:title\" content=\"C A L - informacje og\u00f3lne - MOPS Krasnystaw\" \/>\n<meta property=\"og:description\" content=\"Program Centrum Aktywno\u015bci Lokalnej&nbsp;(CAL), kt\u00f3ry zosta\u0142 zainicjowany w 1997 roku przez Biuro Obs\u0142ugi Ruchu Inicjatyw Spo\u0142ecznych &#8211; BORIS. Obecnie koordynacj\u0119 nad jego realizacj\u0105 przej\u0119\u0142o Stowarzyszenie Centrum Wspierania Aktywno\u015bci Lokalnej CAL.Pod poj\u0119ciem Centrum Aktywno\u015bci Lokalnej nale\u017cy rozumie\u0107 okre\u015blony spos\u00f3b dzia\u0142ania, kt\u00f3rego celem jest aktywizowanie spo\u0142eczno\u015bci lokalnych, tworzenie poczucia przynale\u017cno\u015bci do danego miejsca i lokalnej grupy, uruchamianie [&hellip;]\" \/>\n<meta property=\"og:url\" content=\"https:\/\/www.mopskrasnystaw.pl\/?page_id=2217\" \/>\n<meta property=\"og:site_name\" content=\"MOPS Krasnystaw\" \/>\n<meta name=\"twitter:card\" content=\"summary_large_image\" \/>\n<meta name=\"twitter:label1\" content=\"Szacowany czas czytania\" \/>\n\t<meta name=\"twitter:data1\" content=\"2 minuty\" \/>\n<script type=\"application\/ld+json\" class=\"yoast-schema-graph\">{\"@context\":\"https:\/\/schema.org\",\"@graph\":[{\"@type\":\"WebSite\",\"@id\":\"https:\/\/www.mopskrasnystaw.pl\/#website\",\"url\":\"https:\/\/www.mopskrasnystaw.pl\/\",\"name\":\"MOPS Krasnystaw\",\"description\":\"\",\"potentialAction\":[{\"@type\":\"SearchAction\",\"target\":{\"@type\":\"EntryPoint\",\"urlTemplate\":\"https:\/\/www.mopskrasnystaw.pl\/?s={search_term_string}\"},\"query-input\":\"required name=search_term_string\"}],\"inLanguage\":\"pl-PL\"},{\"@type\":\"WebPage\",\"@id\":\"https:\/\/www.mopskrasnystaw.pl\/?page_id=2217#webpage\",\"url\":\"https:\/\/www.mopskrasnystaw.pl\/?page_id=2217\",\"name\":\"C A L - informacje og\u00f3lne - MOPS Krasnystaw\",\"isPartOf\":{\"@id\":\"https:\/\/www.mopskrasnystaw.pl\/#website\"},\"datePublished\":\"2021-03-04T10:32:33+00:00\",\"dateModified\":\"2021-03-04T10:32:33+00:00\",\"breadcrumb\":{\"@id\":\"https:\/\/www.mopskrasnystaw.pl\/?page_id=2217#breadcrumb\"},\"inLanguage\":\"pl-PL\",\"potentialAction\":[{\"@type\":\"ReadAction\",\"target\":[\"https:\/\/www.mopskrasnystaw.pl\/?page_id=2217\"]}]},{\"@type\":\"BreadcrumbList\",\"@id\":\"https:\/\/www.mopskrasnystaw.pl\/?page_id=2217#breadcrumb\",\"itemListElement\":[{\"@type\":\"ListItem\",\"position\":1,\"name\":\"Strona g\u0142\u00f3wna\",\"item\":\"https:\/\/www.mopskrasnystaw.pl\/\"},{\"@type\":\"ListItem\",\"position\":2,\"name\":\"C A L &#8211; informacje og\u00f3lne\"}]}]}<\/script>\n<!-- \/ Yoast SEO plugin. -->","yoast_head_json":{"title":"C A L - informacje og\u00f3lne - MOPS Krasnystaw","robots":{"index":"index","follow":"follow","max-snippet":"max-snippet:-1","max-image-preview":"max-image-preview:large","max-video-preview":"max-video-preview:-1"},"canonical":"https:\/\/www.mopskrasnystaw.pl\/?page_id=2217","og_locale":"pl_PL","og_type":"article","og_title":"C A L - informacje og\u00f3lne - MOPS Krasnystaw","og_description":"Program Centrum Aktywno\u015bci Lokalnej&nbsp;(CAL), kt\u00f3ry zosta\u0142 zainicjowany w 1997 roku przez Biuro Obs\u0142ugi Ruchu Inicjatyw Spo\u0142ecznych &#8211; BORIS. Obecnie koordynacj\u0119 nad jego realizacj\u0105 przej\u0119\u0142o Stowarzyszenie Centrum Wspierania Aktywno\u015bci Lokalnej CAL.Pod poj\u0119ciem Centrum Aktywno\u015bci Lokalnej nale\u017cy rozumie\u0107 okre\u015blony spos\u00f3b dzia\u0142ania, kt\u00f3rego celem jest aktywizowanie spo\u0142eczno\u015bci lokalnych, tworzenie poczucia przynale\u017cno\u015bci do danego miejsca i lokalnej grupy, uruchamianie [&hellip;]","og_url":"https:\/\/www.mopskrasnystaw.pl\/?page_id=2217","og_site_name":"MOPS Krasnystaw","twitter_card":"summary_large_image","twitter_misc":{"Szacowany czas czytania":"2 minuty"},"schema":{"@context":"https:\/\/schema.org","@graph":[{"@type":"WebSite","@id":"https:\/\/www.mopskrasnystaw.pl\/#website","url":"https:\/\/www.mopskrasnystaw.pl\/","name":"MOPS Krasnystaw","description":"","potentialAction":[{"@type":"SearchAction","target":{"@type":"EntryPoint","urlTemplate":"https:\/\/www.mopskrasnystaw.pl\/?s={search_term_string}"},"query-input":"required name=search_term_string"}],"inLanguage":"pl-PL"},{"@type":"WebPage","@id":"https:\/\/www.mopskrasnystaw.pl\/?page_id=2217#webpage","url":"https:\/\/www.mopskrasnystaw.pl\/?page_id=2217","name":"C A L - informacje og\u00f3lne - MOPS Krasnystaw","isPartOf":{"@id":"https:\/\/www.mopskrasnystaw.pl\/#website"},"datePublished":"2021-03-04T10:32:33+00:00","dateModified":"2021-03-04T10:32:33+00:00","breadcrumb":{"@id":"https:\/\/www.mopskrasnystaw.pl\/?page_id=2217#breadcrumb"},"inLanguage":"pl-PL","potentialAction":[{"@type":"ReadAction","target":["https:\/\/www.mopskrasnystaw.pl\/?page_id=2217"]}]},{"@type":"BreadcrumbList","@id":"https:\/\/www.mopskrasnystaw.pl\/?page_id=2217#breadcrumb","itemListElement":[{"@type":"ListItem","position":1,"name":"Strona g\u0142\u00f3wna","item":"https:\/\/www.mopskrasnystaw.pl\/"},{"@type":"ListItem","position":2,"name":"C A L &#8211; informacje og\u00f3lne"}]}]}},"_links":{"self":[{"href":"https:\/\/www.mopskrasnystaw.pl\/index.php?rest_route=\/wp\/v2\/pages\/2217"}],"collection":[{"href":"https:\/\/www.mopskrasnystaw.pl\/index.php?rest_route=\/wp\/v2\/pages"}],"about":[{"href":"https:\/\/www.mopskrasnystaw.pl\/index.php?rest_route=\/wp\/v2\/types\/page"}],"author":[{"embeddable":true,"href":"https:\/\/www.mopskrasnystaw.pl\/index.php?rest_route=\/wp\/v2\/users\/1"}],"replies":[{"embeddable":true,"href":"https:\/\/www.mopskrasnystaw.pl\/index.php?rest_route=%2Fwp%2Fv2%2Fcomments&post=2217"}],"version-history":[{"count":0,"href":"https:\/\/www.mopskrasnystaw.pl\/index.php?rest_route=\/wp\/v2\/pages\/2217\/revisions"}],"wp:attachment":[{"href":"https:\/\/www.mopskrasnystaw.pl\/index.php?rest_route=%2Fwp%2Fv2%2Fmedia&parent=2217"}],"curies":[{"name":"wp","href":"https:\/\/api.w.org\/{rel}","templated":true}]}}