{"id":2213,"date":"2021-03-04T10:31:45","date_gmt":"2021-03-04T10:31:45","guid":{"rendered":"http:\/\/www.mopskrasnystaw.pl\/?page_id=2213"},"modified":"2021-03-04T10:31:45","modified_gmt":"2021-03-04T10:31:45","slug":"d-d-p-s","status":"publish","type":"page","link":"https:\/\/www.mopskrasnystaw.pl\/?page_id=2213","title":{"rendered":"D D P S"},"content":{"rendered":"\n<p><b><strong>Dzienny Domu Pomocy Spo\u0142ecznej<\/strong><\/b>&nbsp;jest o\u015brodkiem wsparcia dla os\u00f3b starszych i niepe\u0142nosprawnych, kt\u00f3re ze wzgl\u0119du na wiek, chorob\u0119 lub niepe\u0142nosprawno\u015b\u0107 wymagaj\u0105 cz\u0119\u015bciowej pomocy.&nbsp;<b><strong>Celem plac\u00f3wki<\/strong><\/b>&nbsp;jest utworzenie systemu wsparcia opartego na zaspokajaniu potrzeb bytowych, edukacyjnych, kulturalnych i spo\u0142ecznych ukierunkowanych na rozw\u00f3j postawy aktywnego uczestnictwa w \u017cyciu spo\u0142ecznym. Kierowanie do plac\u00f3wki nast\u0119puje w drodze decyzji administracyjnej, a odp\u0142atno\u015b\u0107 ustalona jest Uchwa\u0142\u0105 Rady Miasta. Jednostka finansowana jest ze \u015brodk\u00f3w bud\u017cetu gminy.<\/p>\n\n\n\n<p>Dzienny Dom Pomocy Spo\u0142ecznej&nbsp;<b><strong>dysponuje 50 miejscami<\/strong><\/b>. Uczestnicy Dziennego Domu Pomocy Spo\u0142ecznej korzystaj\u0105 z r\u00f3\u017cnych form terapii, do kt\u00f3rych nale\u017cy szeroko rozumiana dzia\u0142alno\u015b\u0107 kulturalno \u2013 rekreacyjna oraz uczestniczyli w zaj\u0119ciach z zakresu:<\/p>\n\n\n\n<ul><li style=\"font-weight: 400;\">terapii plastyczno &#8211; ceramicznej,<\/li><li style=\"font-weight: 400;\">kinezyterapii.<\/li><\/ul>\n\n\n\n<p>Ponadto Dzienny Dom Pomocy Spo\u0142ecznej \u015bwiadczy\u0142 r\u00f3wnie\u017c podstawowe us\u0142ugi bytowe tj. obiady, pomoc opiekunki w trakcie pobytu w plac\u00f3wce, wsparcie pracownika socjalnego, psychologa oraz piel\u0119gniarki.<\/p>\n\n\n\n<p><b><strong>W ramach dzia\u0142alno\u015bci kulturalno \u2013 rekreacyjnej<\/strong><\/b>&nbsp;uczestnicy plac\u00f3wki korzystaj\u0105 z r\u00f3\u017cnego rodzaju jednodniowych wycieczek turystyczno \u2013 krajoznawczych. Bior\u0105 udzia\u0142 w organizowanych zabawach okoliczno\u015bciowych i kulturalno \u2013 rozrywkowych takich jak:<\/p>\n\n\n\n<p>Wiecz\u00f3r Poezji i Kol\u0119d, Powitanie Wiosny, z okazji Dnia Seniora, Dnia Kobiet, Dnia Babci i Dziadka, \u015awi\u0119ta Pieczonego Ziemniaka, \u015awi\u0119ta Niepodleg\u0142o\u015bci, Rocznicy uchwalenia Konstytucji 3 \u2013 go Maja, Spotkania Wielkanocnego, Op\u0142atkowego, Walentynkowego, Zabawy Karnawa\u0142owej, uczestnicz\u0105 r\u00f3wnie\u017c w zorganizowanych widowiskach artystycznych itp.<\/p>\n\n\n\n<p>W ramach dzia\u0142alno\u015bci plac\u00f3wki funkcjonuje tak\u017ce kuchnia, kt\u00f3ra przygotowuje \u015brednio dziennie ok.&nbsp;<b><strong>140<\/strong><\/b>&nbsp;posi\u0142k\u00f3w w postaci pe\u0142nego obiadu na potrzeby uczestnik\u00f3w&nbsp;<b><strong>Dziennego Domu Pomocy Spo\u0142ecznej, uczestnik\u00f3w \u015arodowiskowego Domu Samopomocy, Mieszka\u0144 Chronionych oraz podopiecznych Miejskiego O\u015brodka Pomocy Spo\u0142ecznej<\/strong><\/b>&nbsp;obj\u0119tych wieloletnim programem \u201ePomoc pa\u0144stwa w zakresie do\u017cywiania\u201d.<\/p>\n","protected":false},"excerpt":{"rendered":"<p>Dzienny Domu Pomocy Spo\u0142ecznej&nbsp;jest o\u015brodkiem wsparcia dla os\u00f3b starszych i niepe\u0142nosprawnych, kt\u00f3re ze wzgl\u0119du na wiek, chorob\u0119 lub niepe\u0142nosprawno\u015b\u0107 wymagaj\u0105 cz\u0119\u015bciowej pomocy.&nbsp;Celem plac\u00f3wki&nbsp;jest utworzenie systemu wsparcia opartego na zaspokajaniu potrzeb bytowych, edukacyjnych, kulturalnych i spo\u0142ecznych ukierunkowanych na rozw\u00f3j postawy aktywnego uczestnictwa w \u017cyciu spo\u0142ecznym. Kierowanie do plac\u00f3wki nast\u0119puje w drodze decyzji administracyjnej, a odp\u0142atno\u015b\u0107 ustalona [&hellip;]<\/p>\n","protected":false},"author":1,"featured_media":0,"parent":0,"menu_order":0,"comment_status":"closed","ping_status":"closed","template":"","meta":[],"yoast_head":"<!-- This site is optimized with the Yoast SEO plugin v19.0 - https:\/\/yoast.com\/wordpress\/plugins\/seo\/ -->\n<title>D D P S - MOPS Krasnystaw<\/title>\n<meta name=\"robots\" content=\"index, follow, max-snippet:-1, max-image-preview:large, max-video-preview:-1\" \/>\n<link rel=\"canonical\" href=\"https:\/\/www.mopskrasnystaw.pl\/?page_id=2213\" \/>\n<meta property=\"og:locale\" content=\"pl_PL\" \/>\n<meta property=\"og:type\" content=\"article\" \/>\n<meta property=\"og:title\" content=\"D D P S - MOPS Krasnystaw\" \/>\n<meta property=\"og:description\" content=\"Dzienny Domu Pomocy Spo\u0142ecznej&nbsp;jest o\u015brodkiem wsparcia dla os\u00f3b starszych i niepe\u0142nosprawnych, kt\u00f3re ze wzgl\u0119du na wiek, chorob\u0119 lub niepe\u0142nosprawno\u015b\u0107 wymagaj\u0105 cz\u0119\u015bciowej pomocy.&nbsp;Celem plac\u00f3wki&nbsp;jest utworzenie systemu wsparcia opartego na zaspokajaniu potrzeb bytowych, edukacyjnych, kulturalnych i spo\u0142ecznych ukierunkowanych na rozw\u00f3j postawy aktywnego uczestnictwa w \u017cyciu spo\u0142ecznym. Kierowanie do plac\u00f3wki nast\u0119puje w drodze decyzji administracyjnej, a odp\u0142atno\u015b\u0107 ustalona [&hellip;]\" \/>\n<meta property=\"og:url\" content=\"https:\/\/www.mopskrasnystaw.pl\/?page_id=2213\" \/>\n<meta property=\"og:site_name\" content=\"MOPS Krasnystaw\" \/>\n<meta name=\"twitter:card\" content=\"summary_large_image\" \/>\n<meta name=\"twitter:label1\" content=\"Szacowany czas czytania\" \/>\n\t<meta name=\"twitter:data1\" content=\"2 minuty\" \/>\n<script type=\"application\/ld+json\" class=\"yoast-schema-graph\">{\"@context\":\"https:\/\/schema.org\",\"@graph\":[{\"@type\":\"WebSite\",\"@id\":\"https:\/\/www.mopskrasnystaw.pl\/#website\",\"url\":\"https:\/\/www.mopskrasnystaw.pl\/\",\"name\":\"MOPS Krasnystaw\",\"description\":\"\",\"potentialAction\":[{\"@type\":\"SearchAction\",\"target\":{\"@type\":\"EntryPoint\",\"urlTemplate\":\"https:\/\/www.mopskrasnystaw.pl\/?s={search_term_string}\"},\"query-input\":\"required name=search_term_string\"}],\"inLanguage\":\"pl-PL\"},{\"@type\":\"WebPage\",\"@id\":\"https:\/\/www.mopskrasnystaw.pl\/?page_id=2213#webpage\",\"url\":\"https:\/\/www.mopskrasnystaw.pl\/?page_id=2213\",\"name\":\"D D P S - MOPS Krasnystaw\",\"isPartOf\":{\"@id\":\"https:\/\/www.mopskrasnystaw.pl\/#website\"},\"datePublished\":\"2021-03-04T10:31:45+00:00\",\"dateModified\":\"2021-03-04T10:31:45+00:00\",\"breadcrumb\":{\"@id\":\"https:\/\/www.mopskrasnystaw.pl\/?page_id=2213#breadcrumb\"},\"inLanguage\":\"pl-PL\",\"potentialAction\":[{\"@type\":\"ReadAction\",\"target\":[\"https:\/\/www.mopskrasnystaw.pl\/?page_id=2213\"]}]},{\"@type\":\"BreadcrumbList\",\"@id\":\"https:\/\/www.mopskrasnystaw.pl\/?page_id=2213#breadcrumb\",\"itemListElement\":[{\"@type\":\"ListItem\",\"position\":1,\"name\":\"Strona g\u0142\u00f3wna\",\"item\":\"https:\/\/www.mopskrasnystaw.pl\/\"},{\"@type\":\"ListItem\",\"position\":2,\"name\":\"D D P S\"}]}]}<\/script>\n<!-- \/ Yoast SEO plugin. -->","yoast_head_json":{"title":"D D P S - MOPS Krasnystaw","robots":{"index":"index","follow":"follow","max-snippet":"max-snippet:-1","max-image-preview":"max-image-preview:large","max-video-preview":"max-video-preview:-1"},"canonical":"https:\/\/www.mopskrasnystaw.pl\/?page_id=2213","og_locale":"pl_PL","og_type":"article","og_title":"D D P S - MOPS Krasnystaw","og_description":"Dzienny Domu Pomocy Spo\u0142ecznej&nbsp;jest o\u015brodkiem wsparcia dla os\u00f3b starszych i niepe\u0142nosprawnych, kt\u00f3re ze wzgl\u0119du na wiek, chorob\u0119 lub niepe\u0142nosprawno\u015b\u0107 wymagaj\u0105 cz\u0119\u015bciowej pomocy.&nbsp;Celem plac\u00f3wki&nbsp;jest utworzenie systemu wsparcia opartego na zaspokajaniu potrzeb bytowych, edukacyjnych, kulturalnych i spo\u0142ecznych ukierunkowanych na rozw\u00f3j postawy aktywnego uczestnictwa w \u017cyciu spo\u0142ecznym. Kierowanie do plac\u00f3wki nast\u0119puje w drodze decyzji administracyjnej, a odp\u0142atno\u015b\u0107 ustalona [&hellip;]","og_url":"https:\/\/www.mopskrasnystaw.pl\/?page_id=2213","og_site_name":"MOPS Krasnystaw","twitter_card":"summary_large_image","twitter_misc":{"Szacowany czas czytania":"2 minuty"},"schema":{"@context":"https:\/\/schema.org","@graph":[{"@type":"WebSite","@id":"https:\/\/www.mopskrasnystaw.pl\/#website","url":"https:\/\/www.mopskrasnystaw.pl\/","name":"MOPS Krasnystaw","description":"","potentialAction":[{"@type":"SearchAction","target":{"@type":"EntryPoint","urlTemplate":"https:\/\/www.mopskrasnystaw.pl\/?s={search_term_string}"},"query-input":"required name=search_term_string"}],"inLanguage":"pl-PL"},{"@type":"WebPage","@id":"https:\/\/www.mopskrasnystaw.pl\/?page_id=2213#webpage","url":"https:\/\/www.mopskrasnystaw.pl\/?page_id=2213","name":"D D P S - MOPS Krasnystaw","isPartOf":{"@id":"https:\/\/www.mopskrasnystaw.pl\/#website"},"datePublished":"2021-03-04T10:31:45+00:00","dateModified":"2021-03-04T10:31:45+00:00","breadcrumb":{"@id":"https:\/\/www.mopskrasnystaw.pl\/?page_id=2213#breadcrumb"},"inLanguage":"pl-PL","potentialAction":[{"@type":"ReadAction","target":["https:\/\/www.mopskrasnystaw.pl\/?page_id=2213"]}]},{"@type":"BreadcrumbList","@id":"https:\/\/www.mopskrasnystaw.pl\/?page_id=2213#breadcrumb","itemListElement":[{"@type":"ListItem","position":1,"name":"Strona g\u0142\u00f3wna","item":"https:\/\/www.mopskrasnystaw.pl\/"},{"@type":"ListItem","position":2,"name":"D D P S"}]}]}},"_links":{"self":[{"href":"https:\/\/www.mopskrasnystaw.pl\/index.php?rest_route=\/wp\/v2\/pages\/2213"}],"collection":[{"href":"https:\/\/www.mopskrasnystaw.pl\/index.php?rest_route=\/wp\/v2\/pages"}],"about":[{"href":"https:\/\/www.mopskrasnystaw.pl\/index.php?rest_route=\/wp\/v2\/types\/page"}],"author":[{"embeddable":true,"href":"https:\/\/www.mopskrasnystaw.pl\/index.php?rest_route=\/wp\/v2\/users\/1"}],"replies":[{"embeddable":true,"href":"https:\/\/www.mopskrasnystaw.pl\/index.php?rest_route=%2Fwp%2Fv2%2Fcomments&post=2213"}],"version-history":[{"count":0,"href":"https:\/\/www.mopskrasnystaw.pl\/index.php?rest_route=\/wp\/v2\/pages\/2213\/revisions"}],"wp:attachment":[{"href":"https:\/\/www.mopskrasnystaw.pl\/index.php?rest_route=%2Fwp%2Fv2%2Fmedia&parent=2213"}],"curies":[{"name":"wp","href":"https:\/\/api.w.org\/{rel}","templated":true}]}}