{"id":2210,"date":"2021-03-04T10:30:54","date_gmt":"2021-03-04T10:30:54","guid":{"rendered":"http:\/\/www.mopskrasnystaw.pl\/?page_id=2210"},"modified":"2024-04-24T07:09:03","modified_gmt":"2024-04-24T07:09:03","slug":"2210-2","status":"publish","type":"page","link":"https:\/\/www.mopskrasnystaw.pl\/?page_id=2210","title":{"rendered":"\u015awietlica &#8211; Kalendarium"},"content":{"rendered":"\n<p><strong>Plan Pracy na rok 20<\/strong><strong>24<\/strong><\/p>\n\n\n\n<p><strong>\u015awietlicy Dziennego Wsparcia dla Dzieci i M\u0142odzie\u017cy<\/strong><\/p>\n\n\n\n<p><strong>w Krasnymstawie<\/strong><\/p>\n\n\n\n<figure class=\"wp-block-table\"><table><tbody><tr><td><strong>Lp.<\/strong><\/td><td><strong>Tre\u015b\u0107 zadania<\/strong><\/td><td><strong>Termin realizacji<\/strong><\/td><td><strong>Osoby odpowiedzialne za realizacj\u0119 zadania<\/strong><\/td><\/tr><tr><td>1.<br><br><br><br><\/td><td><strong>Realizacja program\u00f3w<\/strong> <strong>Profilaktyczno \u2013 wychowawczych:<\/strong> \u201eMoja Rodzina- dzie\u0144 Babci i Dzie\u0144 Dziadka\u201d \u2013 troska o osoby starsza. Integrowanie dzieci z r\u00f3\u017cnymi \u015brodowiskami terapeutycznym (Klub Seniora+, Aktywny Senior, DDPS w Krasnymstawie), Ferie zimowe, <a><\/a> a)Bezpieczne zabawy na \u015bniegu i lodzie- poznanie zasad bezpiecze\u0144stwa- pogadanka, konkurs plastyczny, b) zaj\u0119cia stacjonarne, c) zaj\u0119cia muzyczne, d) zaj\u0119cia taneczne- zumba, karaoke, e) zaj\u0119cia r\u0119kodzielnicze, f) zabawy sportowo- animacyjne, g) zaj\u0119cia wyjazdowe,<br>Dokarmiamy zwierz\u0119ta zim\u0105- uwra\u017cliwienie na los zwierz\u0105t domowych jak i dzikich, Walentynkowy zawr\u00f3t g\u0142owy- sztuka okazywania uczu\u0107, Przeciwdzia\u0142anie agresji- sztuka przyja\u017ani, zapobieganie i eliminowanie zachowa\u0144 agresywnych i niepo\u017c\u0105danych, Konkurs plastyczny \u201eMalujemy jak Van Gogh\u201d, Ruch to zdrowie- wdra\u017canie do dbania o w\u0142asne zdrowie, kondycje fizyczn\u0105 i psychiczn\u0105, Imieniny wszystkich kobiet- Dzie\u0144 Kobiet- rola kobiety we wsp\u00f3\u0142czesnym \u015bwiecie, \u015awi\u0119ta wielkanocne- zwyczaje, tradycja, Wiosna- oznaki w przyrodzie, Zdrowo od\u017cywiam si\u0119- kszta\u0142towanie w\u0142a\u015bciwych nawyk\u00f3w \u017cywieniowych, Pomagamy bezdomnym zwierz\u0119tom- zbi\u00f3rka karmy dla ps\u00f3w i kot\u00f3w, Majowe \u015bwi\u0119ta, Unia Europejska- kraje UE, Wskazywanie na w\u0142a\u015bciwe relacje w rodzinie, Mi\u0119dzynarodowy Dzie\u0144 Dziecka, zabawa integracyjna, Rozpoznawanie uczu\u0107, emocji i sposob\u00f3w radzenie sobie w sytuacjach trudnych,<br>Witajcie wakacje! wdra\u017canie do odpowiedniego zachowania na obozach i koloniach, przestrzegania zasad bezpiecze\u0144stwa w czasie wolnym od zaj\u0119\u0107 szkolnych, Zachowaj trze\u017awy umys\u0142 \u2013 zaj\u0119cia profilaktyczne na temat zagro\u017ce\u0144 wsp\u00f3\u0142czesnego \u015bwiata, Bezpieczne wakacje- spotkanie z policjantem, pracownikiem Sanepidu, P\u00f3\u0142kolonie letnie (poznanie dorobku kulturowego miasta, regionu i kraju, kszta\u0142cenie wra\u017cliwo\u015bci kulturalnej, trening zast\u0119powania agresji poprzez sport, zaj\u0119cia wyjazdowe dla uczestnik\u00f3w i ich otoczenia ukierunkowane na wzmocnienie wi\u0119zi rodzinnych) &#8211; stacjonarne zaj\u0119cia profilaktyczne, -wyjazdowe spotkania integracyjno- animacyjne, &#8211; wycieczki krajoznawcze, historyczne,<br>Bezpieczna \u015awietlica- Przypomnienie zasad bezpiecze\u0144stwa w szkole i drodze do szko\u0142y. Gry edukacyjne zwi\u0105zane z tematyk\u0105 bezpiecze\u0144stwa, O dobrym wychowaniu- kulturalne zachowania si\u0119 w r\u00f3\u017cnych sytuacjach, Mi\u0119dzynarodowy Dzie\u0144 Os\u00f3b Nies\u0142ysz\u0105cych i S\u0142abos\u0142ysz\u0105cych, Dzie\u0144 Ch\u0142opaka,<br>Jacy jeste\u015bmy?- Kszta\u0142towanie postawy dostrzeganie swoich mocnych i s\u0142abych stron, rozpoznawanie swoich uczu\u0107 i emocji, dostrzeganie swoich sukces\u00f3w, X Dzie\u0144 Pieczonego Ziemniaka, Dzie\u0144 Edukacji Narodowej, \u015awiatowy Dzie\u0144 U\u015bmiechu, Konkurs plastyczny- \u201eMoja ulubiona posta\u0107 z bajki\u201d, Jak to mi\u0142o by\u0107 mi\u0142ym \u2013 uczymy si\u0119 \u017cy\u0107 w przyja\u017ani, \u015awi\u0119to Zmar\u0142ych, Dzie\u0144 Niepodleg\u0142o\u015bci, Dzie\u0144 Zdrowego Posi\u0142ku, \u015awiatowy Dzie\u0144 Rzucania Palenia Tytoniu, Zabawa Andrzejkowa, Miko\u0142ajki, Dzie\u0144 Anio\u0142a, Warsztaty wykonywania stroik\u00f3w i dekoracji bo\u017conarodzeniowych, Zabawa sylwestrowa.<br><\/td><td><br><br>Stycze\u0144<br><br><br><br><br>stycze\u0144\/luty<br><br><br><br><br><br><br><br><br><br>Luty<br><br><br><br><br><br><br><br>Marzec<br><br><br><br><br><br><br><br><br>Kwiecie\u0144<br><br><br><br><br>Maj<br><br><br><br>Czerwiec<br><br><br><br>Lipiec\/ Sierpie\u0144<br><br><br><br><br><br><br><br><br><br><br><br><br><br><br><br><br><br><br><br><br>Wrzesie\u0144<br><br><br><br><br><br><br><br><br>Pa\u017adziernik<br><br><br><br><br><br><br><br><br>Listopad<br><br><br><br><br><br><br><br>Grudzie\u0144<\/td><td><br><br>Kierownik, Wychowawca,Opiekun\/fizjoterapeuta, Terapeuta<\/td><\/tr><tr><td>2.<\/td><td><strong>Organizowanie udzia\u0142u wychowank\u00f3w \u015bwietlicy w zaj\u0119ciach :<\/strong> &#8211; Zapoznanie z regulaminem \u015bwietlicy, &#8211; Ustalenie norm obowi\u0105zuj\u0105cych na \u015bwietlicy, &#8211; Integracja zespo\u0142u, &#8211; Poznanie praw i obowi\u0105zk\u00f3w \u015bwietliczanina &#8211; Poznanie indywidualnych potrzeb dzieci, ich zainteresowa\u0144, zami\u0142owa\u0144, uzdolnie\u0144 oraz oczekiwa\u0144 rodzic\u00f3w wobec zaj\u0119\u0107 \u015bwietlicowych, -Rozwijaj\u0105cych zainteresowania, &#8211; Korekcyjno -kompensacyjnych, &#8211; Korepetycje, &#8211; Relaksacja, &#8211; Fizjoterapia, &#8211; Terapia \u015brodowiskowa,<br><\/td><td><br>Ca\u0142y rok<\/td><td><br>Kierownik, Wychowawca, Opiekun\/fizjoterapeuta , Terapeuta, Korepetytorzy,<\/td><\/tr><tr><td>3<\/td><td><strong>Praca z dzie\u0107mi ucz\u0119szczaj\u0105cymi na zaj\u0119cia w \u015awietlicy :<\/strong> realizowanie i dokumentowanie pracy z dzie\u0107mi : &#8211; prowadzenie indywidualnego planu pracy z dzieckiem, w tym ocena przebiegu i efekt\u00f3w wsp\u00f3\u0142pracy z rodzin\u0105, -karta pobytu wychowanka, -Okresowa ocena sytuacji wychowanka, -Karta wycieczki, wyjazdu, wyj\u015bcia ze zgod\u0105 i harmonogramem wycieczki<br><\/td><td><br>Ca\u0142y rok<\/td><td><br>Kierownik, Wychowawca, W miar\u0119 potrzeb-asystenci rodziny, pracownik socjalny<\/td><\/tr><tr><td>4<\/td><td><strong>Wsp\u00f3\u0142praca z instytucjami i organizacjami zajmuj\u0105cymi si\u0119 pomoc\u0105 dziecku i jego rodzinie (pedagog szkolny, pracownik socjalny MOPS, asystent rodziny, Poradnia Psychologiczno-Pedagogiczna, Euro- Medica Centrum Psychologii i Psychoterapii )<\/strong> <strong>&#8211;<\/strong>pozyskiwanie informacji o dzieciach i ich rodzinie ucz\u0119szczaj\u0105cych na zaj\u0119cia- sporz\u0105dzenie diagnozy dziecka, -pozyskiwanie informacji o ocenach dziecka i jego funkcjonowaniu w szkole<br><\/td><td><br>Ca\u0142y rok<\/td><td><br>Kierownik, Wychowawca, Terapeuta, Opiekun, asystenci rodziny, pracownik socjalny<\/td><\/tr><tr><td>5<\/td><td><strong>Kszta\u0142towanie pozytywnych postaw wychowank\u00f3w:<\/strong> -Kszta\u0142towanie w\u0142a\u015bciwego zachowania si\u0119 w miejscach publicznych, -Wskazywanie na w\u0142a\u015bciwe relacje w rodzinie, -Wyrabianie w\u0142a\u015bciwego stosunku do pracownik\u00f3w i innych wychowank\u00f3w, -Warto\u015bciowanie r\u00f3\u017cnych zjawisk \u017cycia spo\u0142ecznego w grupie \u015bwietlicowej, -Kszta\u0142towanie w\u0142a\u015bciwego stosunku do mienia \u015bwietlicowego oraz w\u0142asno\u015bci prywatnej, -Dbanie o estetyk\u0119 i porz\u0105dek w \u015bwietlicy, -Ukazywanie sposob\u00f3w kulturalnego zachowania si\u0119 wobec innych, zachowania si\u0119 przy stole -Wyrabianie prawid\u0142owych nawyk\u00f3w w zakresie czynnego wypoczynku, -Dbanie o dobry wizerunek wychowanka \u015bwietlicy, -Rozpoznawanie uczu\u0107, emocji i sposob\u00f3w radzenie sobie w sytuacjach trudnych, -Kszta\u0142towanie postawy w\u0142a\u015bciwego porozumiewania si\u0119 z innymi, -Nabywanie umiej\u0119tno\u015bci rozwi\u0105zywania konflikt\u00f3w<\/td><td>Ca\u0142y rok<\/td><td><br><\/td><\/tr><tr><td>6<\/td><td><strong>Zapoznanie z zasadami bezpiecze\u0144stwa:<\/strong> &#8211; podczas wyjazd\u00f3w ,w drodze do i ze \u015bwietlicy, &#8211; podczas zabaw, w trakcie zaj\u0119\u0107 \u015bwietlicowych, <strong>&#8211;<\/strong> podczas ferii zimowych, wakacji, dni wolnych od nauki (wskazywanie ewentualnych zagro\u017ce\u0144).<\/td><td>Ca\u0142y rok<\/td><td>Kierownik, Wychowawca, Opiekun, Terapeuta, Korepetytorzy,<\/td><\/tr><tr><td>7<\/td><td><strong>Wzmacnianie wychowanka w rozwoju intelektualnym:<\/strong> -Zorganizowanie warunk\u00f3w i zapewnienie sta\u0142ego czasu na odrabianie zada\u0144 i nauk\u0119 w rozk\u0142adzie dnia \u015bwietlicy, &#8211; Pomoc w odrabianiu lekcji, &#8211; Dba\u0142o\u015b\u0107 o poprawno\u015b\u0107 wypowiedzi w mowie potocznej, \u0107wiczenia w poprawnym czytaniu i m\u00f3wieniu, -Wyrabianie umiej\u0119tno\u015bci spostrzegania i wyci\u0105gania wniosk\u00f3w, -Rozwijanie kreatywno\u015bci, poznawanie r\u00f3\u017cnych technik uczenia si\u0119, -Organizowanie zabaw i gier dostosowanych do wieku dzieci, -Stosowanie w czasie zaj\u0119\u0107 zagadek, krzy\u017c\u00f3wek, rebus\u00f3w oraz innych form edukacyjnych, utrwalaj\u0105cych wiadomo\u015bci i rozwijaj\u0105cych logiczne my\u015blenie<\/td><td>Ca\u0142y rok<\/td><td>Kierownik, Wychowawca, Opiekun, Terapeuta, Korepetytorzy,<\/td><\/tr><tr><td>8<\/td><td><strong>Budzenie i rozwijanie zainteresowa\u0144 wychowank\u00f3w poprzez organizacj\u0119 r\u00f3\u017cnych form zaj\u0119\u0107:<\/strong> &#8211; plastycznych, \u2013 teatralnych, &#8211; czytelniczo- medialnych, &#8211; sportowo- zabawowych, &#8211; naukowych<\/td><td>Ca\u0142y rok<\/td><td>Kierownik, Wychowawca, Opiekun, Terapeuta, Korepetytorzy,<\/td><\/tr><tr><td>9<\/td><td><strong>Kszta\u0142towanie postawy szacunku do kultury, tradycji, obyczaj\u00f3w, warto\u015bci narodowych:<\/strong> &#8211; Uroczyste obchody rocznic i \u015bwi\u0105t pa\u0144stwowych, -Wykonywanie gazetek i wystaw okoliczno\u015bciowych, &#8211; Organizowanie i udzia\u0142 w imprezach kulturalno- rozrywkowych wed\u0142ug kalendarza<\/td><td>Ca\u0142y rok<\/td><td>Kierownik, Wychowawca, Opiekun, Terapeuta, Korepetytorzy,<\/td><\/tr><tr><td>10<\/td><td><strong>Edukacja czytelnicza i medialna:<\/strong> -Czytanie dla zdobycia wiadomo\u015bci i zaspokojenia potrzeb poznawczych, &#8211; Rozwijanie czytelnictwa przez r\u00f3\u017cne rodzaje dzia\u0142a\u0144 inspirowanych tekstem, -Wsp\u00f3\u0142praca z bibliotek\u0105<\/td><td>Ca\u0142y rok<\/td><td>Kierownik, Wychowawca, Opiekun, Terapeuta, Korepetytorzy,<\/td><\/tr><tr><td>11<\/td><td><strong>Promowanie dzia\u0142a\u0144 \u015awietlicy w \u015brodowisku lokalnym:<\/strong> &#8211; uczestnictwo w konkursach i imprezach organizowanych dla dzieci, &#8211; zamieszczanie informacji dotycz\u0105cych imprez, wydarze\u0144 na stronie internetowej \u015awietlicy,<\/td><td>Ca\u0142y rok<\/td><td>Kierownik, Wychowawca, Opiekun, Terapeuta, Korepetytorzy,<\/td><\/tr><tr><td>12<\/td><td><strong>Inne<\/strong> -sporz\u0105dzanie kalendarium, -sporz\u0105dzanie planu pracy na ka\u017cdy kwarta\u0142 roku, -sporz\u0105dzenie sprawozdania z realizacji planu pracy, -sporz\u0105dzenie harmonogramu prowadzonych zaj\u0119\u0107, &#8211; prowadzenie dziennika zaj\u0119\u0107 wraz z list\u0105, obecno\u015bci wychowank\u00f3w<\/td><td>Ca\u0142y rok<\/td><td>Kierownik, Wychowawca, Opiekun, Terapeuta, Korepetytorzy,<\/td><\/tr><tr><td>13<\/td><td><strong>Plan zaj\u0119\u0107<\/strong> Odrabianie pracy domowej, korepetycje, pomoc w nauce, Zaj\u0119cia relaksacyjne, Gry i zabawy integracyjne, Zaj\u0119cia artystyczne (teatralne, plastyczne, muzyczne), zaj\u0119cia fizjoterapeutyczne, zaj\u0119cia terapeutyczne, Czytanie ze zrozumieniem, Zaj\u0119cia ruchowe (\u0107wiczenia og\u00f3lnorozwojowe, gry i zabawy na \u015bwie\u017cym powietrzu, w sali gimnastycznej), Konkursy, turnieje, zagadki, krzy\u017c\u00f3wki, rebusy. Gry edukacyjne i planszowe, Zaj\u0119cia wynikaj\u0105ce z planu \u015bwietlicy.<\/td><td>Ca\u0142y rok<\/td><td>Kierownik, Wychowawca, Opiekun\/ fizjoterapeuta, Terapeuta, Korepetytorzy,<\/td><\/tr><\/tbody><\/table><\/figure>\n","protected":false},"excerpt":{"rendered":"<p>Plan Pracy na rok 2024 \u015awietlicy Dziennego Wsparcia dla Dzieci i M\u0142odzie\u017cy w Krasnymstawie Lp. Tre\u015b\u0107 zadania Termin realizacji Osoby odpowiedzialne za realizacj\u0119 zadania 1. Realizacja program\u00f3w Profilaktyczno \u2013 wychowawczych: \u201eMoja Rodzina- dzie\u0144 Babci i Dzie\u0144 Dziadka\u201d \u2013 troska o osoby starsza. Integrowanie dzieci z r\u00f3\u017cnymi \u015brodowiskami terapeutycznym (Klub Seniora+, Aktywny Senior, DDPS w Krasnymstawie), [&hellip;]<\/p>\n","protected":false},"author":1,"featured_media":0,"parent":0,"menu_order":0,"comment_status":"closed","ping_status":"closed","template":"","meta":[],"yoast_head":"<!-- This site is optimized with the Yoast SEO plugin v19.0 - https:\/\/yoast.com\/wordpress\/plugins\/seo\/ -->\n<title>\u015awietlica - Kalendarium - MOPS Krasnystaw<\/title>\n<meta name=\"robots\" content=\"index, follow, max-snippet:-1, max-image-preview:large, max-video-preview:-1\" \/>\n<link rel=\"canonical\" href=\"https:\/\/www.mopskrasnystaw.pl\/?page_id=2210\" \/>\n<meta property=\"og:locale\" content=\"pl_PL\" \/>\n<meta property=\"og:type\" content=\"article\" \/>\n<meta property=\"og:title\" content=\"\u015awietlica - Kalendarium - MOPS Krasnystaw\" \/>\n<meta property=\"og:description\" content=\"Plan Pracy na rok 2024 \u015awietlicy Dziennego Wsparcia dla Dzieci i M\u0142odzie\u017cy w Krasnymstawie Lp. Tre\u015b\u0107 zadania Termin realizacji Osoby odpowiedzialne za realizacj\u0119 zadania 1. Realizacja program\u00f3w Profilaktyczno \u2013 wychowawczych: \u201eMoja Rodzina- dzie\u0144 Babci i Dzie\u0144 Dziadka\u201d \u2013 troska o osoby starsza. Integrowanie dzieci z r\u00f3\u017cnymi \u015brodowiskami terapeutycznym (Klub Seniora+, Aktywny Senior, DDPS w Krasnymstawie), [&hellip;]\" \/>\n<meta property=\"og:url\" content=\"https:\/\/www.mopskrasnystaw.pl\/?page_id=2210\" \/>\n<meta property=\"og:site_name\" content=\"MOPS Krasnystaw\" \/>\n<meta property=\"article:modified_time\" content=\"2024-04-24T07:09:03+00:00\" \/>\n<meta name=\"twitter:card\" content=\"summary_large_image\" \/>\n<meta name=\"twitter:label1\" content=\"Szacowany czas czytania\" \/>\n\t<meta name=\"twitter:data1\" content=\"7 minut\" \/>\n<script type=\"application\/ld+json\" class=\"yoast-schema-graph\">{\"@context\":\"https:\/\/schema.org\",\"@graph\":[{\"@type\":\"WebSite\",\"@id\":\"https:\/\/www.mopskrasnystaw.pl\/#website\",\"url\":\"https:\/\/www.mopskrasnystaw.pl\/\",\"name\":\"MOPS Krasnystaw\",\"description\":\"\",\"potentialAction\":[{\"@type\":\"SearchAction\",\"target\":{\"@type\":\"EntryPoint\",\"urlTemplate\":\"https:\/\/www.mopskrasnystaw.pl\/?s={search_term_string}\"},\"query-input\":\"required name=search_term_string\"}],\"inLanguage\":\"pl-PL\"},{\"@type\":\"WebPage\",\"@id\":\"https:\/\/www.mopskrasnystaw.pl\/?page_id=2210#webpage\",\"url\":\"https:\/\/www.mopskrasnystaw.pl\/?page_id=2210\",\"name\":\"\u015awietlica - Kalendarium - MOPS Krasnystaw\",\"isPartOf\":{\"@id\":\"https:\/\/www.mopskrasnystaw.pl\/#website\"},\"datePublished\":\"2021-03-04T10:30:54+00:00\",\"dateModified\":\"2024-04-24T07:09:03+00:00\",\"breadcrumb\":{\"@id\":\"https:\/\/www.mopskrasnystaw.pl\/?page_id=2210#breadcrumb\"},\"inLanguage\":\"pl-PL\",\"potentialAction\":[{\"@type\":\"ReadAction\",\"target\":[\"https:\/\/www.mopskrasnystaw.pl\/?page_id=2210\"]}]},{\"@type\":\"BreadcrumbList\",\"@id\":\"https:\/\/www.mopskrasnystaw.pl\/?page_id=2210#breadcrumb\",\"itemListElement\":[{\"@type\":\"ListItem\",\"position\":1,\"name\":\"Strona g\u0142\u00f3wna\",\"item\":\"https:\/\/www.mopskrasnystaw.pl\/\"},{\"@type\":\"ListItem\",\"position\":2,\"name\":\"\u015awietlica &#8211; Kalendarium\"}]}]}<\/script>\n<!-- \/ Yoast SEO plugin. -->","yoast_head_json":{"title":"\u015awietlica - Kalendarium - MOPS Krasnystaw","robots":{"index":"index","follow":"follow","max-snippet":"max-snippet:-1","max-image-preview":"max-image-preview:large","max-video-preview":"max-video-preview:-1"},"canonical":"https:\/\/www.mopskrasnystaw.pl\/?page_id=2210","og_locale":"pl_PL","og_type":"article","og_title":"\u015awietlica - Kalendarium - MOPS Krasnystaw","og_description":"Plan Pracy na rok 2024 \u015awietlicy Dziennego Wsparcia dla Dzieci i M\u0142odzie\u017cy w Krasnymstawie Lp. Tre\u015b\u0107 zadania Termin realizacji Osoby odpowiedzialne za realizacj\u0119 zadania 1. Realizacja program\u00f3w Profilaktyczno \u2013 wychowawczych: \u201eMoja Rodzina- dzie\u0144 Babci i Dzie\u0144 Dziadka\u201d \u2013 troska o osoby starsza. Integrowanie dzieci z r\u00f3\u017cnymi \u015brodowiskami terapeutycznym (Klub Seniora+, Aktywny Senior, DDPS w Krasnymstawie), [&hellip;]","og_url":"https:\/\/www.mopskrasnystaw.pl\/?page_id=2210","og_site_name":"MOPS Krasnystaw","article_modified_time":"2024-04-24T07:09:03+00:00","twitter_card":"summary_large_image","twitter_misc":{"Szacowany czas czytania":"7 minut"},"schema":{"@context":"https:\/\/schema.org","@graph":[{"@type":"WebSite","@id":"https:\/\/www.mopskrasnystaw.pl\/#website","url":"https:\/\/www.mopskrasnystaw.pl\/","name":"MOPS Krasnystaw","description":"","potentialAction":[{"@type":"SearchAction","target":{"@type":"EntryPoint","urlTemplate":"https:\/\/www.mopskrasnystaw.pl\/?s={search_term_string}"},"query-input":"required name=search_term_string"}],"inLanguage":"pl-PL"},{"@type":"WebPage","@id":"https:\/\/www.mopskrasnystaw.pl\/?page_id=2210#webpage","url":"https:\/\/www.mopskrasnystaw.pl\/?page_id=2210","name":"\u015awietlica - Kalendarium - MOPS Krasnystaw","isPartOf":{"@id":"https:\/\/www.mopskrasnystaw.pl\/#website"},"datePublished":"2021-03-04T10:30:54+00:00","dateModified":"2024-04-24T07:09:03+00:00","breadcrumb":{"@id":"https:\/\/www.mopskrasnystaw.pl\/?page_id=2210#breadcrumb"},"inLanguage":"pl-PL","potentialAction":[{"@type":"ReadAction","target":["https:\/\/www.mopskrasnystaw.pl\/?page_id=2210"]}]},{"@type":"BreadcrumbList","@id":"https:\/\/www.mopskrasnystaw.pl\/?page_id=2210#breadcrumb","itemListElement":[{"@type":"ListItem","position":1,"name":"Strona g\u0142\u00f3wna","item":"https:\/\/www.mopskrasnystaw.pl\/"},{"@type":"ListItem","position":2,"name":"\u015awietlica &#8211; Kalendarium"}]}]}},"_links":{"self":[{"href":"https:\/\/www.mopskrasnystaw.pl\/index.php?rest_route=\/wp\/v2\/pages\/2210"}],"collection":[{"href":"https:\/\/www.mopskrasnystaw.pl\/index.php?rest_route=\/wp\/v2\/pages"}],"about":[{"href":"https:\/\/www.mopskrasnystaw.pl\/index.php?rest_route=\/wp\/v2\/types\/page"}],"author":[{"embeddable":true,"href":"https:\/\/www.mopskrasnystaw.pl\/index.php?rest_route=\/wp\/v2\/users\/1"}],"replies":[{"embeddable":true,"href":"https:\/\/www.mopskrasnystaw.pl\/index.php?rest_route=%2Fwp%2Fv2%2Fcomments&post=2210"}],"version-history":[{"count":1,"href":"https:\/\/www.mopskrasnystaw.pl\/index.php?rest_route=\/wp\/v2\/pages\/2210\/revisions"}],"predecessor-version":[{"id":4718,"href":"https:\/\/www.mopskrasnystaw.pl\/index.php?rest_route=\/wp\/v2\/pages\/2210\/revisions\/4718"}],"wp:attachment":[{"href":"https:\/\/www.mopskrasnystaw.pl\/index.php?rest_route=%2Fwp%2Fv2%2Fmedia&parent=2210"}],"curies":[{"name":"wp","href":"https:\/\/api.w.org\/{rel}","templated":true}]}}