{"id":2208,"date":"2021-03-04T10:29:39","date_gmt":"2021-03-04T10:29:39","guid":{"rendered":"http:\/\/www.mopskrasnystaw.pl\/?page_id=2208"},"modified":"2024-04-24T07:11:51","modified_gmt":"2024-04-24T07:11:51","slug":"swietlica-regulamin","status":"publish","type":"page","link":"https:\/\/www.mopskrasnystaw.pl\/?page_id=2208","title":{"rendered":"\u015awietlica &#8211; Regulamin"},"content":{"rendered":"\n<p><strong>REGULAMIN \u015aWIETLICY WSPARCIA DZIENNEGO DLA DZIECI I M\u0141ODZIE\u017bY<\/strong><\/p>\n\n\n\n<p>G\u0142\u00f3wnym celem pracy realizowanej na \u015awietlicy jest stwarzanie prawid\u0142owych warunk\u00f3w rozwoju oraz zapewnienie opieki wychowawczej dzieciom i m\u0142odzie\u017cy maj\u0105cym problemy rodzinne, emocjonalne, szkolne, zagro\u017conym demoralizacj\u0105 lub uzale\u017cnieniem, przejawiaj\u0105cych zachowania problemowe, zapewnienie pomocy specjalistycznej oraz wspomaganie rodzin niewydolnych wychowawczo i zagro\u017conych wykluczeniem spo\u0142ecznym,<\/p>\n\n\n\n<p>\u015awietlica prowadzi dzia\u0142alno\u015b\u0107 opieku\u0144czo- wychowawcz\u0105 w zakresie:<\/p>\n\n\n\n<ol type=\"a\"><li>wsparcia i pomocy dzieciom w nauce, odrabianie lekcji, wyr\u00f3wnywanie zaleg\u0142o\u015bci w nauce, reedukacja, nauka j\u0119zyk\u00f3w obcych i inne,<\/li><li>organizacj\u0119 czasu wolnego, m.in. gry i zabawy, wycieczki, biwaki, imprezy, bale,<\/li><li>prowadzenia zaj\u0119\u0107 \u015bwietlicowych zgodnych z Planem Pracy i Kalendarium,<\/li><li>rozwijania zainteresowa\u0144, uzdolnie\u0144 w ramach zaj\u0119\u0107: plastycznych, teatralnych, tanecznych, modelarskich, itp.,<\/li><li>poprawa sprawno\u015bci fizycznej: gry zespo\u0142owe, zabawy zr\u0119czno\u015bciowe, nauka p\u0142ywania, tenis sto\u0142owy, itp.,<\/li><li>zapewnienie pomocy rodzicom i opiekunom prawnym, maj\u0105cym powa\u017cne trudno\u015bci w wychowaniu dzieci, zagro\u017conych demoralizacj\u0105, przest\u0119pczo\u015bci\u0105 lub uzale\u017cnieniem,<\/li><li>zaj\u0119cia z profilaktyki uzale\u017cnie\u0144, z przeciwdzia\u0142ania przemocy,<\/li><li>wsp\u00f3\u0142pracy z instytucjami pomagaj\u0105cymi dziecku i rodzinie: szko\u0142a, plac\u00f3wki medyczne, kuratorzy s\u0105dowi, organizacje pozarz\u0105dowe, DDPS, KS+, MOSiR, CiS, Poradnia Psychologiczna Euro-Medica,<\/li><li>pomocy dziecku w kryzysach szkolnych, rodzinnych, r\u00f3wie\u015bniczych, osobistych- wsparcie psychologiczne i pedagogiczne,<\/li><li>zapewnienie pomocy socjalnej, Plac\u00f3wka realizuje zadania kieruj\u0105c si\u0119 dobrem dziecka i jego rodziny, z poszanowaniem praw dziecka oraz z zachowaniem zasady poufno\u015bci,<\/li><\/ol>\n\n\n\n<p><strong>Organizacja \u015awietlicy<\/strong><\/p>\n\n\n\n<p>1. \u015awietlica jest publiczn\u0105 plac\u00f3wk\u0105 wsparcia dziennego,<\/p>\n\n\n\n<p>2. Plac\u00f3wka prowadzi swoje dzia\u0142ania przez ca\u0142y rok, minimum 4 godziny dziennie w godzinach dostosowanych do potrzeb lokalnego \u015brodowiska oraz dzieci przez 5 dni w tygodniu, od poniedzia\u0142ku do pi\u0105tku,w godzinach 12<sup>00 <\/sup>do godz. 16<sup>00<\/sup> w okresie nauki szkolnej, od 9<sup>00 <\/sup>do 13<sup>00 <\/sup><sup><\/sup>w okresie ferii, wakacji, okresie przed\u015bwi\u0105tecznym,<\/p>\n\n\n\n<p>W przypadku zawieszenia dzia\u0142alno\u015bci \u015awietlicy Wsparcia Dziennego, w zwi\u0105zku ze stanem epidemii zwi\u0105zanym z wyst\u0119powaniem wirusa SARS -CoV-2, praca z dzie\u0107mi i ich rodzicami mo\u017ce by\u0107 prowadzona w formie zdalnej lub hybrydowej. Plac\u00f3wka funkcjonowa\u0107 b\u0119dzie zgodnie z wytycznymi, rekomendacjami ministra w\u0142a\u015bciwego do spraw rodziny, ministra w\u0142a\u015bciwego do spraw zdrowia, G\u0142\u00f3wnego Inspektora Sanitarnego dotycz\u0105cymi przeciwdzia\u0142ania szerzeniu si\u0119 koronawirusa na terenie kraju w trakcie epidemii COVID-19, w tym rekomendacji dotycz\u0105cych dzia\u0142alno\u015bci plac\u00f3wek pobytu dziennego w szczeg\u00f3lno\u015bci w zakresie organizacji plac\u00f3wek wsparcia dziennego,<\/p>\n\n\n\n<p>5. Do \u015awietlicy mog\u0105 by\u0107 przyjmowane dzieci i m\u0142odzie\u017c w wieku szkolnym do 15 roku \u017cycia. W uzasadnionych przypadkach kierownik plac\u00f3wki mo\u017ce podj\u0105\u0107 decyzj\u0119 o przyj\u0119ciu dziecka niespe\u0142niaj\u0105cego podanych kryteri\u00f3w wiekowych,<\/p>\n\n\n\n<p>6. Liczba miejsc w \u015awietlicy wynosi 20; mo\u017cliwe jest zwi\u0119kszenie liczby miejsc do 25 w okresie wakacyjnym i ferii zimowych,<\/p>\n\n\n\n<p>7. Przyj\u0119cie oraz zaj\u0119cia odbywaj\u0105ce si\u0119 w godzinach pracy \u015awietlicy s\u0105 nieodp\u0142atne i dobrowolne,<\/p>\n\n\n\n<p>8. Przyj\u0119cie do \u015awietlicy odbywa si\u0119 na podstawie karty zg\u0142oszenia dziecka, regulaminu \u015awietlicy, wype\u0142nionych i podpisanych przez rodzic\u00f3w lub opiekun\u00f3w prawnych,<\/p>\n\n\n\n<p>9. Praca w plac\u00f3wce opiera si\u0119 na Karcie Pobytu i Indywidualnych Planach Pracy z wychowankami,<\/p>\n\n\n\n<p>10. Za bezpiecze\u0144stwo dzieci w drodze do \u015awietlicy oraz podczas powrotu z plac\u00f3wki odpowiedzialno\u015b\u0107 ponosz\u0105 rodzice lub opiekunowie prawni.<\/p>\n","protected":false},"excerpt":{"rendered":"<p>REGULAMIN \u015aWIETLICY WSPARCIA DZIENNEGO DLA DZIECI I M\u0141ODZIE\u017bY G\u0142\u00f3wnym celem pracy realizowanej na \u015awietlicy jest stwarzanie prawid\u0142owych warunk\u00f3w rozwoju oraz zapewnienie opieki wychowawczej dzieciom i m\u0142odzie\u017cy maj\u0105cym problemy rodzinne, emocjonalne, szkolne, zagro\u017conym demoralizacj\u0105 lub uzale\u017cnieniem, przejawiaj\u0105cych zachowania problemowe, zapewnienie pomocy specjalistycznej oraz wspomaganie rodzin niewydolnych wychowawczo i zagro\u017conych wykluczeniem spo\u0142ecznym, \u015awietlica prowadzi dzia\u0142alno\u015b\u0107 opieku\u0144czo- wychowawcz\u0105 [&hellip;]<\/p>\n","protected":false},"author":1,"featured_media":0,"parent":0,"menu_order":0,"comment_status":"closed","ping_status":"closed","template":"","meta":[],"yoast_head":"<!-- This site is optimized with the Yoast SEO plugin v19.0 - https:\/\/yoast.com\/wordpress\/plugins\/seo\/ -->\n<title>\u015awietlica - Regulamin - MOPS Krasnystaw<\/title>\n<meta name=\"robots\" content=\"index, follow, max-snippet:-1, max-image-preview:large, max-video-preview:-1\" \/>\n<link rel=\"canonical\" href=\"https:\/\/www.mopskrasnystaw.pl\/?page_id=2208\" \/>\n<meta property=\"og:locale\" content=\"pl_PL\" \/>\n<meta property=\"og:type\" content=\"article\" \/>\n<meta property=\"og:title\" content=\"\u015awietlica - Regulamin - MOPS Krasnystaw\" \/>\n<meta property=\"og:description\" content=\"REGULAMIN \u015aWIETLICY WSPARCIA DZIENNEGO DLA DZIECI I M\u0141ODZIE\u017bY G\u0142\u00f3wnym celem pracy realizowanej na \u015awietlicy jest stwarzanie prawid\u0142owych warunk\u00f3w rozwoju oraz zapewnienie opieki wychowawczej dzieciom i m\u0142odzie\u017cy maj\u0105cym problemy rodzinne, emocjonalne, szkolne, zagro\u017conym demoralizacj\u0105 lub uzale\u017cnieniem, przejawiaj\u0105cych zachowania problemowe, zapewnienie pomocy specjalistycznej oraz wspomaganie rodzin niewydolnych wychowawczo i zagro\u017conych wykluczeniem spo\u0142ecznym, \u015awietlica prowadzi dzia\u0142alno\u015b\u0107 opieku\u0144czo- wychowawcz\u0105 [&hellip;]\" \/>\n<meta property=\"og:url\" content=\"https:\/\/www.mopskrasnystaw.pl\/?page_id=2208\" \/>\n<meta property=\"og:site_name\" content=\"MOPS Krasnystaw\" \/>\n<meta property=\"article:modified_time\" content=\"2024-04-24T07:11:51+00:00\" \/>\n<meta name=\"twitter:card\" content=\"summary_large_image\" \/>\n<meta name=\"twitter:label1\" content=\"Szacowany czas czytania\" \/>\n\t<meta name=\"twitter:data1\" content=\"3 minuty\" \/>\n<script type=\"application\/ld+json\" class=\"yoast-schema-graph\">{\"@context\":\"https:\/\/schema.org\",\"@graph\":[{\"@type\":\"WebSite\",\"@id\":\"https:\/\/www.mopskrasnystaw.pl\/#website\",\"url\":\"https:\/\/www.mopskrasnystaw.pl\/\",\"name\":\"MOPS Krasnystaw\",\"description\":\"\",\"potentialAction\":[{\"@type\":\"SearchAction\",\"target\":{\"@type\":\"EntryPoint\",\"urlTemplate\":\"https:\/\/www.mopskrasnystaw.pl\/?s={search_term_string}\"},\"query-input\":\"required name=search_term_string\"}],\"inLanguage\":\"pl-PL\"},{\"@type\":\"WebPage\",\"@id\":\"https:\/\/www.mopskrasnystaw.pl\/?page_id=2208#webpage\",\"url\":\"https:\/\/www.mopskrasnystaw.pl\/?page_id=2208\",\"name\":\"\u015awietlica - Regulamin - MOPS Krasnystaw\",\"isPartOf\":{\"@id\":\"https:\/\/www.mopskrasnystaw.pl\/#website\"},\"datePublished\":\"2021-03-04T10:29:39+00:00\",\"dateModified\":\"2024-04-24T07:11:51+00:00\",\"breadcrumb\":{\"@id\":\"https:\/\/www.mopskrasnystaw.pl\/?page_id=2208#breadcrumb\"},\"inLanguage\":\"pl-PL\",\"potentialAction\":[{\"@type\":\"ReadAction\",\"target\":[\"https:\/\/www.mopskrasnystaw.pl\/?page_id=2208\"]}]},{\"@type\":\"BreadcrumbList\",\"@id\":\"https:\/\/www.mopskrasnystaw.pl\/?page_id=2208#breadcrumb\",\"itemListElement\":[{\"@type\":\"ListItem\",\"position\":1,\"name\":\"Strona g\u0142\u00f3wna\",\"item\":\"https:\/\/www.mopskrasnystaw.pl\/\"},{\"@type\":\"ListItem\",\"position\":2,\"name\":\"\u015awietlica &#8211; Regulamin\"}]}]}<\/script>\n<!-- \/ Yoast SEO plugin. -->","yoast_head_json":{"title":"\u015awietlica - Regulamin - MOPS Krasnystaw","robots":{"index":"index","follow":"follow","max-snippet":"max-snippet:-1","max-image-preview":"max-image-preview:large","max-video-preview":"max-video-preview:-1"},"canonical":"https:\/\/www.mopskrasnystaw.pl\/?page_id=2208","og_locale":"pl_PL","og_type":"article","og_title":"\u015awietlica - Regulamin - MOPS Krasnystaw","og_description":"REGULAMIN \u015aWIETLICY WSPARCIA DZIENNEGO DLA DZIECI I M\u0141ODZIE\u017bY G\u0142\u00f3wnym celem pracy realizowanej na \u015awietlicy jest stwarzanie prawid\u0142owych warunk\u00f3w rozwoju oraz zapewnienie opieki wychowawczej dzieciom i m\u0142odzie\u017cy maj\u0105cym problemy rodzinne, emocjonalne, szkolne, zagro\u017conym demoralizacj\u0105 lub uzale\u017cnieniem, przejawiaj\u0105cych zachowania problemowe, zapewnienie pomocy specjalistycznej oraz wspomaganie rodzin niewydolnych wychowawczo i zagro\u017conych wykluczeniem spo\u0142ecznym, \u015awietlica prowadzi dzia\u0142alno\u015b\u0107 opieku\u0144czo- wychowawcz\u0105 [&hellip;]","og_url":"https:\/\/www.mopskrasnystaw.pl\/?page_id=2208","og_site_name":"MOPS Krasnystaw","article_modified_time":"2024-04-24T07:11:51+00:00","twitter_card":"summary_large_image","twitter_misc":{"Szacowany czas czytania":"3 minuty"},"schema":{"@context":"https:\/\/schema.org","@graph":[{"@type":"WebSite","@id":"https:\/\/www.mopskrasnystaw.pl\/#website","url":"https:\/\/www.mopskrasnystaw.pl\/","name":"MOPS Krasnystaw","description":"","potentialAction":[{"@type":"SearchAction","target":{"@type":"EntryPoint","urlTemplate":"https:\/\/www.mopskrasnystaw.pl\/?s={search_term_string}"},"query-input":"required name=search_term_string"}],"inLanguage":"pl-PL"},{"@type":"WebPage","@id":"https:\/\/www.mopskrasnystaw.pl\/?page_id=2208#webpage","url":"https:\/\/www.mopskrasnystaw.pl\/?page_id=2208","name":"\u015awietlica - Regulamin - MOPS Krasnystaw","isPartOf":{"@id":"https:\/\/www.mopskrasnystaw.pl\/#website"},"datePublished":"2021-03-04T10:29:39+00:00","dateModified":"2024-04-24T07:11:51+00:00","breadcrumb":{"@id":"https:\/\/www.mopskrasnystaw.pl\/?page_id=2208#breadcrumb"},"inLanguage":"pl-PL","potentialAction":[{"@type":"ReadAction","target":["https:\/\/www.mopskrasnystaw.pl\/?page_id=2208"]}]},{"@type":"BreadcrumbList","@id":"https:\/\/www.mopskrasnystaw.pl\/?page_id=2208#breadcrumb","itemListElement":[{"@type":"ListItem","position":1,"name":"Strona g\u0142\u00f3wna","item":"https:\/\/www.mopskrasnystaw.pl\/"},{"@type":"ListItem","position":2,"name":"\u015awietlica &#8211; Regulamin"}]}]}},"_links":{"self":[{"href":"https:\/\/www.mopskrasnystaw.pl\/index.php?rest_route=\/wp\/v2\/pages\/2208"}],"collection":[{"href":"https:\/\/www.mopskrasnystaw.pl\/index.php?rest_route=\/wp\/v2\/pages"}],"about":[{"href":"https:\/\/www.mopskrasnystaw.pl\/index.php?rest_route=\/wp\/v2\/types\/page"}],"author":[{"embeddable":true,"href":"https:\/\/www.mopskrasnystaw.pl\/index.php?rest_route=\/wp\/v2\/users\/1"}],"replies":[{"embeddable":true,"href":"https:\/\/www.mopskrasnystaw.pl\/index.php?rest_route=%2Fwp%2Fv2%2Fcomments&post=2208"}],"version-history":[{"count":1,"href":"https:\/\/www.mopskrasnystaw.pl\/index.php?rest_route=\/wp\/v2\/pages\/2208\/revisions"}],"predecessor-version":[{"id":4720,"href":"https:\/\/www.mopskrasnystaw.pl\/index.php?rest_route=\/wp\/v2\/pages\/2208\/revisions\/4720"}],"wp:attachment":[{"href":"https:\/\/www.mopskrasnystaw.pl\/index.php?rest_route=%2Fwp%2Fv2%2Fmedia&parent=2208"}],"curies":[{"name":"wp","href":"https:\/\/api.w.org\/{rel}","templated":true}]}}