{"id":2206,"date":"2021-03-04T10:29:16","date_gmt":"2021-03-04T10:29:16","guid":{"rendered":"http:\/\/www.mopskrasnystaw.pl\/?page_id=2206"},"modified":"2021-03-04T10:29:16","modified_gmt":"2021-03-04T10:29:16","slug":"swietlica-o-nas","status":"publish","type":"page","link":"https:\/\/www.mopskrasnystaw.pl\/?page_id=2206","title":{"rendered":"\u015awietlica &#8211; O nas"},"content":{"rendered":"\n<p>\u015awietlica Wsparcia Dziennego dzia\u0142a od pa\u017adziernika 2015 roku przy Miejskim O\u015brodku Pomocy Spo\u0142ecznej w Krasnymstawie. Przeznaczona jest dla dzieci i m\u0142odzie\u017cy szkolnej naszego miasta Krasnystaw. \u015awietlica czynna jest przez ca\u0142y rok we wszystkie dni robocze, co najmniej 4 godziny dziennie w godzinach od 12<sup>00<\/sup>&nbsp;do 16<sup>00<\/sup>, w okresie ferii zimowych i letnich od 9<sup>00<\/sup>&nbsp;do 13<sup>00<\/sup>. Pod nasz\u0105 opiek\u0105 jest 20 wychowank\u00f3w w wieku od 7 do 15 lat. Praca \u015bwietlicy oparta jest o sta\u0142y plan dnia, w kt\u00f3rym przewidziany jest czas na poszczeg\u00f3lne zaj\u0119cia, przede wszystkim du\u017cy nacisk k\u0142adziemy na prawid\u0142ow\u0105 realizacj\u0119 obowi\u0105zku szkolnego, czyli odrabianie prac domowych, przygotowywanie do lekcji. Zaj\u0119cia prowadzone w naszej \u015awietlicy maj\u0105 za zadanie wspiera\u0107 wielokierunkowy rozw\u00f3j psychiczny i emocjonalny dziecka. W swych celach i zadaniach uwzgl\u0119dniamy podstawowe funkcje czasu wolnego:&nbsp;<strong>odpoczynek<\/strong>&nbsp;(regeneracj\u0119 si\u0142 fizycznych i psychicznych),&nbsp;<strong>rozrywk\u0119<\/strong>&nbsp;(kt\u00f3ra wyzwala przyjemne emocje),&nbsp;<strong>rozwijanie indywidualnych zdolno\u015bci i zainteresowa\u0144 oraz nauk\u0119.<\/strong><\/p>\n\n\n\n<p><strong>Naszym g\u0142\u00f3wnym zadaniem jest stworzenie warunk\u00f3w do nauki i zabawy poprzez profesjonaln\u0105 pomoc w odrabianiu lekcji oraz miejsca, w kt\u00f3rym wychowankowie w mi\u0142ej i przyjaznej atmosferze, a tak\u017ce bezpiecznie i tw\u00f3rczo sp\u0119dzali czas po szkole.<\/strong><\/p>\n\n\n\n<p><strong>W ramach zaj\u0119\u0107 \u015awietlica oferujemy:<\/strong><\/p>\n\n\n\n<p>a) wsparcie i pomoc dzieciom w nauce,<\/p>\n\n\n\n<p>b) organizacj\u0119 czasu wolnego, m.in. wycieczki, biwaki, imprezy, bale,<\/p>\n\n\n\n<p>c) prowadzenie zaj\u0119\u0107 \u015bwietlicowych zgodnie z tematyk\u0105 kalendarium,<\/p>\n\n\n\n<p>d) rozwijanie zainteresowa\u0144, uzdolnie\u0144 w ramach zaj\u0119\u0107,<\/p>\n\n\n\n<p>e) zapewnienie pomocy rodzicom i opiekunom prawnym, maj\u0105cym powa\u017cne trudno\u015bci w wychowaniu dzieci, zagro\u017conym demoralizacj\u0105, przest\u0119pczo\u015bci\u0105 lub uzale\u017cnieniem,<\/p>\n\n\n\n<p>f) wsp\u00f3\u0142prac\u0119 z instytucjami pomagaj\u0105cymi dziecku i rodzinie,<\/p>\n\n\n\n<p>g) pomoc dziecku w kryzysach szkolnych, rodzinnych, r\u00f3wie\u015bniczych, osobistych,<\/p>\n\n\n\n<p>h) zapewnienie pomocy socjalnej.<\/p>\n\n\n\n<p>Zapewniamy wykwalifikowan\u0105, kompetentn\u0105, zaanga\u017cowan\u0105 i odpowiedzialn\u0105 kadr\u0119 pedagogiczna, kt\u00f3ra wykorzystuje w swojej pracy innowacyjne, tw\u00f3rcze metody i formy pracy. Pobyt w \u015awietlicy jest dla wychowank\u00f3w szans\u0105 samorealizacji poprzez dzia\u0142ania podejmowane pod fachow\u0105 opiek\u0105, a tak\u017ce umo\u017cliwia rodzinom skorzystanie z bezp\u0142atnego poradnictwa oraz wsparcia, pomocy w trudnych sytuacjach \u017cyciowych.<\/p>\n","protected":false},"excerpt":{"rendered":"<p>\u015awietlica Wsparcia Dziennego dzia\u0142a od pa\u017adziernika 2015 roku przy Miejskim O\u015brodku Pomocy Spo\u0142ecznej w Krasnymstawie. Przeznaczona jest dla dzieci i m\u0142odzie\u017cy szkolnej naszego miasta Krasnystaw. \u015awietlica czynna jest przez ca\u0142y rok we wszystkie dni robocze, co najmniej 4 godziny dziennie w godzinach od 1200&nbsp;do 1600, w okresie ferii zimowych i letnich od 900&nbsp;do 1300. Pod [&hellip;]<\/p>\n","protected":false},"author":1,"featured_media":0,"parent":0,"menu_order":0,"comment_status":"closed","ping_status":"closed","template":"","meta":[],"yoast_head":"<!-- This site is optimized with the Yoast SEO plugin v19.0 - https:\/\/yoast.com\/wordpress\/plugins\/seo\/ -->\n<title>\u015awietlica - O nas - MOPS Krasnystaw<\/title>\n<meta name=\"robots\" content=\"index, follow, max-snippet:-1, max-image-preview:large, max-video-preview:-1\" \/>\n<link rel=\"canonical\" href=\"https:\/\/www.mopskrasnystaw.pl\/?page_id=2206\" \/>\n<meta property=\"og:locale\" content=\"pl_PL\" \/>\n<meta property=\"og:type\" content=\"article\" \/>\n<meta property=\"og:title\" content=\"\u015awietlica - O nas - MOPS Krasnystaw\" \/>\n<meta property=\"og:description\" content=\"\u015awietlica Wsparcia Dziennego dzia\u0142a od pa\u017adziernika 2015 roku przy Miejskim O\u015brodku Pomocy Spo\u0142ecznej w Krasnymstawie. Przeznaczona jest dla dzieci i m\u0142odzie\u017cy szkolnej naszego miasta Krasnystaw. \u015awietlica czynna jest przez ca\u0142y rok we wszystkie dni robocze, co najmniej 4 godziny dziennie w godzinach od 1200&nbsp;do 1600, w okresie ferii zimowych i letnich od 900&nbsp;do 1300. Pod [&hellip;]\" \/>\n<meta property=\"og:url\" content=\"https:\/\/www.mopskrasnystaw.pl\/?page_id=2206\" \/>\n<meta property=\"og:site_name\" content=\"MOPS Krasnystaw\" \/>\n<meta name=\"twitter:card\" content=\"summary_large_image\" \/>\n<meta name=\"twitter:label1\" content=\"Szacowany czas czytania\" \/>\n\t<meta name=\"twitter:data1\" content=\"2 minuty\" \/>\n<script type=\"application\/ld+json\" class=\"yoast-schema-graph\">{\"@context\":\"https:\/\/schema.org\",\"@graph\":[{\"@type\":\"WebSite\",\"@id\":\"https:\/\/www.mopskrasnystaw.pl\/#website\",\"url\":\"https:\/\/www.mopskrasnystaw.pl\/\",\"name\":\"MOPS Krasnystaw\",\"description\":\"\",\"potentialAction\":[{\"@type\":\"SearchAction\",\"target\":{\"@type\":\"EntryPoint\",\"urlTemplate\":\"https:\/\/www.mopskrasnystaw.pl\/?s={search_term_string}\"},\"query-input\":\"required name=search_term_string\"}],\"inLanguage\":\"pl-PL\"},{\"@type\":\"WebPage\",\"@id\":\"https:\/\/www.mopskrasnystaw.pl\/?page_id=2206#webpage\",\"url\":\"https:\/\/www.mopskrasnystaw.pl\/?page_id=2206\",\"name\":\"\u015awietlica - O nas - MOPS Krasnystaw\",\"isPartOf\":{\"@id\":\"https:\/\/www.mopskrasnystaw.pl\/#website\"},\"datePublished\":\"2021-03-04T10:29:16+00:00\",\"dateModified\":\"2021-03-04T10:29:16+00:00\",\"breadcrumb\":{\"@id\":\"https:\/\/www.mopskrasnystaw.pl\/?page_id=2206#breadcrumb\"},\"inLanguage\":\"pl-PL\",\"potentialAction\":[{\"@type\":\"ReadAction\",\"target\":[\"https:\/\/www.mopskrasnystaw.pl\/?page_id=2206\"]}]},{\"@type\":\"BreadcrumbList\",\"@id\":\"https:\/\/www.mopskrasnystaw.pl\/?page_id=2206#breadcrumb\",\"itemListElement\":[{\"@type\":\"ListItem\",\"position\":1,\"name\":\"Strona g\u0142\u00f3wna\",\"item\":\"https:\/\/www.mopskrasnystaw.pl\/\"},{\"@type\":\"ListItem\",\"position\":2,\"name\":\"\u015awietlica &#8211; O nas\"}]}]}<\/script>\n<!-- \/ Yoast SEO plugin. -->","yoast_head_json":{"title":"\u015awietlica - O nas - MOPS Krasnystaw","robots":{"index":"index","follow":"follow","max-snippet":"max-snippet:-1","max-image-preview":"max-image-preview:large","max-video-preview":"max-video-preview:-1"},"canonical":"https:\/\/www.mopskrasnystaw.pl\/?page_id=2206","og_locale":"pl_PL","og_type":"article","og_title":"\u015awietlica - O nas - MOPS Krasnystaw","og_description":"\u015awietlica Wsparcia Dziennego dzia\u0142a od pa\u017adziernika 2015 roku przy Miejskim O\u015brodku Pomocy Spo\u0142ecznej w Krasnymstawie. Przeznaczona jest dla dzieci i m\u0142odzie\u017cy szkolnej naszego miasta Krasnystaw. \u015awietlica czynna jest przez ca\u0142y rok we wszystkie dni robocze, co najmniej 4 godziny dziennie w godzinach od 1200&nbsp;do 1600, w okresie ferii zimowych i letnich od 900&nbsp;do 1300. Pod [&hellip;]","og_url":"https:\/\/www.mopskrasnystaw.pl\/?page_id=2206","og_site_name":"MOPS Krasnystaw","twitter_card":"summary_large_image","twitter_misc":{"Szacowany czas czytania":"2 minuty"},"schema":{"@context":"https:\/\/schema.org","@graph":[{"@type":"WebSite","@id":"https:\/\/www.mopskrasnystaw.pl\/#website","url":"https:\/\/www.mopskrasnystaw.pl\/","name":"MOPS Krasnystaw","description":"","potentialAction":[{"@type":"SearchAction","target":{"@type":"EntryPoint","urlTemplate":"https:\/\/www.mopskrasnystaw.pl\/?s={search_term_string}"},"query-input":"required name=search_term_string"}],"inLanguage":"pl-PL"},{"@type":"WebPage","@id":"https:\/\/www.mopskrasnystaw.pl\/?page_id=2206#webpage","url":"https:\/\/www.mopskrasnystaw.pl\/?page_id=2206","name":"\u015awietlica - O nas - MOPS Krasnystaw","isPartOf":{"@id":"https:\/\/www.mopskrasnystaw.pl\/#website"},"datePublished":"2021-03-04T10:29:16+00:00","dateModified":"2021-03-04T10:29:16+00:00","breadcrumb":{"@id":"https:\/\/www.mopskrasnystaw.pl\/?page_id=2206#breadcrumb"},"inLanguage":"pl-PL","potentialAction":[{"@type":"ReadAction","target":["https:\/\/www.mopskrasnystaw.pl\/?page_id=2206"]}]},{"@type":"BreadcrumbList","@id":"https:\/\/www.mopskrasnystaw.pl\/?page_id=2206#breadcrumb","itemListElement":[{"@type":"ListItem","position":1,"name":"Strona g\u0142\u00f3wna","item":"https:\/\/www.mopskrasnystaw.pl\/"},{"@type":"ListItem","position":2,"name":"\u015awietlica &#8211; O nas"}]}]}},"_links":{"self":[{"href":"https:\/\/www.mopskrasnystaw.pl\/index.php?rest_route=\/wp\/v2\/pages\/2206"}],"collection":[{"href":"https:\/\/www.mopskrasnystaw.pl\/index.php?rest_route=\/wp\/v2\/pages"}],"about":[{"href":"https:\/\/www.mopskrasnystaw.pl\/index.php?rest_route=\/wp\/v2\/types\/page"}],"author":[{"embeddable":true,"href":"https:\/\/www.mopskrasnystaw.pl\/index.php?rest_route=\/wp\/v2\/users\/1"}],"replies":[{"embeddable":true,"href":"https:\/\/www.mopskrasnystaw.pl\/index.php?rest_route=%2Fwp%2Fv2%2Fcomments&post=2206"}],"version-history":[{"count":0,"href":"https:\/\/www.mopskrasnystaw.pl\/index.php?rest_route=\/wp\/v2\/pages\/2206\/revisions"}],"wp:attachment":[{"href":"https:\/\/www.mopskrasnystaw.pl\/index.php?rest_route=%2Fwp%2Fv2%2Fmedia&parent=2206"}],"curies":[{"name":"wp","href":"https:\/\/api.w.org\/{rel}","templated":true}]}}