{"id":2204,"date":"2021-03-03T14:08:39","date_gmt":"2021-03-03T14:08:39","guid":{"rendered":"http:\/\/www.mopskrasnystaw.pl\/?page_id=2204"},"modified":"2021-03-03T14:08:39","modified_gmt":"2021-03-03T14:08:39","slug":"projekt-aktywnosc-poplaca-ogloszenia","status":"publish","type":"page","link":"https:\/\/www.mopskrasnystaw.pl\/?page_id=2204","title":{"rendered":"Projekt: Aktywno\u015b\u0107 pop\u0142aca &#8211; og\u0142oszenia"},"content":{"rendered":"\n<h2>PROGRAM AKTYWNO\u015aCI LOKALNEJ \u2013 EDYCJA II (listopad 2018 \u2013 czerwiec 2020)<\/h2>\n\n\n\n<pre class=\"wp-block-code\"><code><\/code><\/pre>\n\n\n\n<figure class=\"wp-block-table\"><table><tbody><tr><td>Lp<\/td><td>Nazwa wsparcia<\/td><td>Planowany termin realizacji<\/td><td>Uwagi<\/td><\/tr><tr><td>&nbsp;1.<\/td><td><b>Indywidualne poradnictwo psychologiczne<\/b>&nbsp;(rodzinne, wychowawcze,motywacyjne)<\/td><td>XI 2018 \u2013 IV 2019<\/td><td>2h miesi\u0119cznie<\/td><\/tr><tr><td>&nbsp;2.<\/td><td><b>Indywidualne poradnictwo terapeutyczne<\/b><\/td><td>XI 2018 \u2013 IV 2019<\/td><td>1h miesi\u0119cznie<\/td><\/tr><tr><td>&nbsp;3.<\/td><td><b>Indywidualne poradnictwo prawne<\/b><\/td><td>XI 2018 \u2013 IV 2019<\/td><td>1h miesi\u0119cznie<\/td><\/tr><tr><td>&nbsp;4.<\/td><td><b>Grupa wsparcia&nbsp;<\/b>(w tym spotkania okoliczno\u015bciowe: Andrzejki, Miko\u0142ajki filmowe, Wigilia, Wielkanoc, Dzie\u0144 Kobiet, Maj\u00f3wka)<\/td><td>XI 2018 \u2013 X 2019<\/td><td>1h tygodniowo<\/td><\/tr><tr><td>&nbsp;5.<\/td><td><b>Warsztat aktywizacyjny&nbsp;<\/b>(automotywacja, pozytywne my\u015blenie, elminacja stresu)<\/td><td>I \u2013 II 2019<\/td><td>2h tygodniowo<\/td><\/tr><tr><td>&nbsp;6.<\/td><td><b>Warsztat autoprezentacji I kreowania wizerunku<\/b><\/td><td>II \u2013 III 2019<\/td><td>2h tygodniowo<\/td><\/tr><tr><td>&nbsp;7.<\/td><td><b>Warsztat edukacyjny<\/b><\/td><td>IV-VI 2019<\/td><td>2h tygodniowo<\/td><\/tr><tr><td>&nbsp;8.<\/td><td><b>Trening kompetencji spo\u0142ecznych \u201cEscape room\u201d<\/b>&nbsp;\u2013 2 wyjazdy do Lublina<\/td><td>V \u2013 VI 2019<\/td><td>2 wyjazdy do Lublina<\/td><\/tr><tr><td>&nbsp;9.<\/td><td><b>Warsztaty kulinarne<\/b><\/td><td>VII \u2013 VIII 2019<\/td><td>2h tygodniowo<\/td><\/tr><tr><td>&nbsp;10.<\/td><td><b>Warsztat aktywizacji zawodowej<\/b><\/td><td>VIII &#8211; IX<\/td><td>5h tygodniowo<\/td><\/tr><tr><td>&nbsp;11.<\/td><td><b>Szkolenie Zawodowe Opiekun osoby starszej<\/b>&nbsp;dla 5 uczestniczek<\/td><td>X- XII 2019<\/td><td>&nbsp;<\/td><\/tr><tr><td>&nbsp;12.<\/td><td><b>Sta\u017ce zawodowe<\/b>&nbsp;dla 5 uczestniczek<\/td><td>I \u2013 VI 2020<\/td><td>&nbsp;<\/td><\/tr><\/tbody><\/table><\/figure>\n\n\n\n<p><b>Dodatkowo:<\/b><\/p>\n\n\n\n<ol><li>Wsparcie finansowe \u2013 zasi\u0142ki okresowe i celowe dla uczestnik\u00f3w zgodnie z ustaw\u0105 o pomocy spo\u0142ecznej,<\/li><li>Realizacja prac spo\u0142ecznie u\u017cytecznych,<\/li><li>Wsparcie pracownika socjalnego i animatora Programu<\/li><li>Zapewnienie opieki dzieciom w \u015bwietlicy wsparcia dziennego<\/li><\/ol>\n","protected":false},"excerpt":{"rendered":"<p>PROGRAM AKTYWNO\u015aCI LOKALNEJ \u2013 EDYCJA II (listopad 2018 \u2013 czerwiec 2020) Lp Nazwa wsparcia Planowany termin realizacji Uwagi &nbsp;1. Indywidualne poradnictwo psychologiczne&nbsp;(rodzinne, wychowawcze,motywacyjne) XI 2018 \u2013 IV 2019 2h miesi\u0119cznie &nbsp;2. Indywidualne poradnictwo terapeutyczne XI 2018 \u2013 IV 2019 1h miesi\u0119cznie &nbsp;3. Indywidualne poradnictwo prawne XI 2018 \u2013 IV 2019 1h miesi\u0119cznie &nbsp;4. Grupa wsparcia&nbsp;(w [&hellip;]<\/p>\n","protected":false},"author":1,"featured_media":0,"parent":0,"menu_order":0,"comment_status":"closed","ping_status":"closed","template":"","meta":[],"yoast_head":"<!-- This site is optimized with the Yoast SEO plugin v19.0 - https:\/\/yoast.com\/wordpress\/plugins\/seo\/ -->\n<title>Projekt: Aktywno\u015b\u0107 pop\u0142aca - og\u0142oszenia - MOPS Krasnystaw<\/title>\n<meta name=\"robots\" content=\"index, follow, max-snippet:-1, max-image-preview:large, max-video-preview:-1\" \/>\n<link rel=\"canonical\" href=\"https:\/\/www.mopskrasnystaw.pl\/?page_id=2204\" \/>\n<meta property=\"og:locale\" content=\"pl_PL\" \/>\n<meta property=\"og:type\" content=\"article\" \/>\n<meta property=\"og:title\" content=\"Projekt: Aktywno\u015b\u0107 pop\u0142aca - og\u0142oszenia - MOPS Krasnystaw\" \/>\n<meta property=\"og:description\" content=\"PROGRAM AKTYWNO\u015aCI LOKALNEJ \u2013 EDYCJA II (listopad 2018 \u2013 czerwiec 2020) Lp Nazwa wsparcia Planowany termin realizacji Uwagi &nbsp;1. Indywidualne poradnictwo psychologiczne&nbsp;(rodzinne, wychowawcze,motywacyjne) XI 2018 \u2013 IV 2019 2h miesi\u0119cznie &nbsp;2. Indywidualne poradnictwo terapeutyczne XI 2018 \u2013 IV 2019 1h miesi\u0119cznie &nbsp;3. Indywidualne poradnictwo prawne XI 2018 \u2013 IV 2019 1h miesi\u0119cznie &nbsp;4. Grupa wsparcia&nbsp;(w [&hellip;]\" \/>\n<meta property=\"og:url\" content=\"https:\/\/www.mopskrasnystaw.pl\/?page_id=2204\" \/>\n<meta property=\"og:site_name\" content=\"MOPS Krasnystaw\" \/>\n<meta name=\"twitter:card\" content=\"summary_large_image\" \/>\n<meta name=\"twitter:label1\" content=\"Szacowany czas czytania\" \/>\n\t<meta name=\"twitter:data1\" content=\"1 minuta\" \/>\n<script type=\"application\/ld+json\" class=\"yoast-schema-graph\">{\"@context\":\"https:\/\/schema.org\",\"@graph\":[{\"@type\":\"WebSite\",\"@id\":\"https:\/\/www.mopskrasnystaw.pl\/#website\",\"url\":\"https:\/\/www.mopskrasnystaw.pl\/\",\"name\":\"MOPS Krasnystaw\",\"description\":\"\",\"potentialAction\":[{\"@type\":\"SearchAction\",\"target\":{\"@type\":\"EntryPoint\",\"urlTemplate\":\"https:\/\/www.mopskrasnystaw.pl\/?s={search_term_string}\"},\"query-input\":\"required name=search_term_string\"}],\"inLanguage\":\"pl-PL\"},{\"@type\":\"WebPage\",\"@id\":\"https:\/\/www.mopskrasnystaw.pl\/?page_id=2204#webpage\",\"url\":\"https:\/\/www.mopskrasnystaw.pl\/?page_id=2204\",\"name\":\"Projekt: Aktywno\u015b\u0107 pop\u0142aca - og\u0142oszenia - MOPS Krasnystaw\",\"isPartOf\":{\"@id\":\"https:\/\/www.mopskrasnystaw.pl\/#website\"},\"datePublished\":\"2021-03-03T14:08:39+00:00\",\"dateModified\":\"2021-03-03T14:08:39+00:00\",\"breadcrumb\":{\"@id\":\"https:\/\/www.mopskrasnystaw.pl\/?page_id=2204#breadcrumb\"},\"inLanguage\":\"pl-PL\",\"potentialAction\":[{\"@type\":\"ReadAction\",\"target\":[\"https:\/\/www.mopskrasnystaw.pl\/?page_id=2204\"]}]},{\"@type\":\"BreadcrumbList\",\"@id\":\"https:\/\/www.mopskrasnystaw.pl\/?page_id=2204#breadcrumb\",\"itemListElement\":[{\"@type\":\"ListItem\",\"position\":1,\"name\":\"Strona g\u0142\u00f3wna\",\"item\":\"https:\/\/www.mopskrasnystaw.pl\/\"},{\"@type\":\"ListItem\",\"position\":2,\"name\":\"Projekt: Aktywno\u015b\u0107 pop\u0142aca &#8211; og\u0142oszenia\"}]}]}<\/script>\n<!-- \/ Yoast SEO plugin. -->","yoast_head_json":{"title":"Projekt: Aktywno\u015b\u0107 pop\u0142aca - og\u0142oszenia - MOPS Krasnystaw","robots":{"index":"index","follow":"follow","max-snippet":"max-snippet:-1","max-image-preview":"max-image-preview:large","max-video-preview":"max-video-preview:-1"},"canonical":"https:\/\/www.mopskrasnystaw.pl\/?page_id=2204","og_locale":"pl_PL","og_type":"article","og_title":"Projekt: Aktywno\u015b\u0107 pop\u0142aca - og\u0142oszenia - MOPS Krasnystaw","og_description":"PROGRAM AKTYWNO\u015aCI LOKALNEJ \u2013 EDYCJA II (listopad 2018 \u2013 czerwiec 2020) Lp Nazwa wsparcia Planowany termin realizacji Uwagi &nbsp;1. Indywidualne poradnictwo psychologiczne&nbsp;(rodzinne, wychowawcze,motywacyjne) XI 2018 \u2013 IV 2019 2h miesi\u0119cznie &nbsp;2. Indywidualne poradnictwo terapeutyczne XI 2018 \u2013 IV 2019 1h miesi\u0119cznie &nbsp;3. Indywidualne poradnictwo prawne XI 2018 \u2013 IV 2019 1h miesi\u0119cznie &nbsp;4. Grupa wsparcia&nbsp;(w [&hellip;]","og_url":"https:\/\/www.mopskrasnystaw.pl\/?page_id=2204","og_site_name":"MOPS Krasnystaw","twitter_card":"summary_large_image","twitter_misc":{"Szacowany czas czytania":"1 minuta"},"schema":{"@context":"https:\/\/schema.org","@graph":[{"@type":"WebSite","@id":"https:\/\/www.mopskrasnystaw.pl\/#website","url":"https:\/\/www.mopskrasnystaw.pl\/","name":"MOPS Krasnystaw","description":"","potentialAction":[{"@type":"SearchAction","target":{"@type":"EntryPoint","urlTemplate":"https:\/\/www.mopskrasnystaw.pl\/?s={search_term_string}"},"query-input":"required name=search_term_string"}],"inLanguage":"pl-PL"},{"@type":"WebPage","@id":"https:\/\/www.mopskrasnystaw.pl\/?page_id=2204#webpage","url":"https:\/\/www.mopskrasnystaw.pl\/?page_id=2204","name":"Projekt: Aktywno\u015b\u0107 pop\u0142aca - og\u0142oszenia - MOPS Krasnystaw","isPartOf":{"@id":"https:\/\/www.mopskrasnystaw.pl\/#website"},"datePublished":"2021-03-03T14:08:39+00:00","dateModified":"2021-03-03T14:08:39+00:00","breadcrumb":{"@id":"https:\/\/www.mopskrasnystaw.pl\/?page_id=2204#breadcrumb"},"inLanguage":"pl-PL","potentialAction":[{"@type":"ReadAction","target":["https:\/\/www.mopskrasnystaw.pl\/?page_id=2204"]}]},{"@type":"BreadcrumbList","@id":"https:\/\/www.mopskrasnystaw.pl\/?page_id=2204#breadcrumb","itemListElement":[{"@type":"ListItem","position":1,"name":"Strona g\u0142\u00f3wna","item":"https:\/\/www.mopskrasnystaw.pl\/"},{"@type":"ListItem","position":2,"name":"Projekt: Aktywno\u015b\u0107 pop\u0142aca &#8211; og\u0142oszenia"}]}]}},"_links":{"self":[{"href":"https:\/\/www.mopskrasnystaw.pl\/index.php?rest_route=\/wp\/v2\/pages\/2204"}],"collection":[{"href":"https:\/\/www.mopskrasnystaw.pl\/index.php?rest_route=\/wp\/v2\/pages"}],"about":[{"href":"https:\/\/www.mopskrasnystaw.pl\/index.php?rest_route=\/wp\/v2\/types\/page"}],"author":[{"embeddable":true,"href":"https:\/\/www.mopskrasnystaw.pl\/index.php?rest_route=\/wp\/v2\/users\/1"}],"replies":[{"embeddable":true,"href":"https:\/\/www.mopskrasnystaw.pl\/index.php?rest_route=%2Fwp%2Fv2%2Fcomments&post=2204"}],"version-history":[{"count":0,"href":"https:\/\/www.mopskrasnystaw.pl\/index.php?rest_route=\/wp\/v2\/pages\/2204\/revisions"}],"wp:attachment":[{"href":"https:\/\/www.mopskrasnystaw.pl\/index.php?rest_route=%2Fwp%2Fv2%2Fmedia&parent=2204"}],"curies":[{"name":"wp","href":"https:\/\/api.w.org\/{rel}","templated":true}]}}