{"id":2202,"date":"2021-03-03T14:06:57","date_gmt":"2021-03-03T14:06:57","guid":{"rendered":"http:\/\/www.mopskrasnystaw.pl\/?page_id=2202"},"modified":"2022-07-05T09:59:18","modified_gmt":"2022-07-05T09:59:18","slug":"projekt-aktywnosc-poplaca-rekrutacja","status":"publish","type":"page","link":"https:\/\/www.mopskrasnystaw.pl\/?page_id=2202","title":{"rendered":"Projekt: Aktywno\u015b\u0107 pop\u0142aca &#8211; rekrutacja"},"content":{"rendered":"\n<figure class=\"wp-block-image\"><img loading=\"lazy\" width=\"600\" height=\"74\" src=\"https:\/\/www.mopskrasnystaw.pl\/wp-content\/uploads\/2021\/03\/logo_projekt.png\" alt=\"\" class=\"wp-image-2199\" srcset=\"https:\/\/www.mopskrasnystaw.pl\/wp-content\/uploads\/2021\/03\/logo_projekt.png 600w, https:\/\/www.mopskrasnystaw.pl\/wp-content\/uploads\/2021\/03\/logo_projekt-300x37.png 300w\" sizes=\"(max-width: 600px) 100vw, 600px\" \/><\/figure>\n\n\n\n<p>Regulamin rekrutacji oraz Formularz zg\u0142oszeniowy do udzia\u0142u w projekcie dost\u0119pne s\u0105 do pobrania poni\u017cej<br>lub u pracownik\u00f3w socjalnych tutejszego O\u015brodka, w godzinach od 7:30 do 15:30.<\/p>\n\n\n\n<p>Regulamin rekrutacji informacje og\u00f3lne\u00a0<a href=\"https:\/\/www.mopskrasnystaw.pl\/wp-content\/uploads\/2017\/10\/regulamin.pdf\">pobierz plik<\/a><br>Formularz zg\u0142oszeniowy\u00a0<a href=\"https:\/\/www.mopskrasnystaw.pl\/wp-content\/uploads\/2017\/10\/formularz.pdf\" target=\"_blank\" rel=\"noreferrer noopener\">pobierz plik<\/a><br>Dodatkowe o\u015bwiadczenie Kandydata\/Kandydatki pobierz plik<\/p>\n","protected":false},"excerpt":{"rendered":"<p>Regulamin rekrutacji oraz Formularz zg\u0142oszeniowy do udzia\u0142u w projekcie dost\u0119pne s\u0105 do pobrania poni\u017cejlub u pracownik\u00f3w socjalnych tutejszego O\u015brodka, w godzinach od 7:30 do 15:30. Regulamin rekrutacji informacje og\u00f3lne\u00a0pobierz plikFormularz zg\u0142oszeniowy\u00a0pobierz plikDodatkowe o\u015bwiadczenie Kandydata\/Kandydatki pobierz plik<\/p>\n","protected":false},"author":1,"featured_media":0,"parent":0,"menu_order":0,"comment_status":"closed","ping_status":"closed","template":"","meta":[],"yoast_head":"<!-- This site is optimized with the Yoast SEO plugin v19.0 - https:\/\/yoast.com\/wordpress\/plugins\/seo\/ -->\n<title>Projekt: Aktywno\u015b\u0107 pop\u0142aca - rekrutacja - MOPS Krasnystaw<\/title>\n<meta name=\"robots\" content=\"index, follow, max-snippet:-1, max-image-preview:large, max-video-preview:-1\" \/>\n<link rel=\"canonical\" href=\"https:\/\/www.mopskrasnystaw.pl\/?page_id=2202\" \/>\n<meta property=\"og:locale\" content=\"pl_PL\" \/>\n<meta property=\"og:type\" content=\"article\" \/>\n<meta property=\"og:title\" content=\"Projekt: Aktywno\u015b\u0107 pop\u0142aca - rekrutacja - MOPS Krasnystaw\" \/>\n<meta property=\"og:description\" content=\"Regulamin rekrutacji oraz Formularz zg\u0142oszeniowy do udzia\u0142u w projekcie dost\u0119pne s\u0105 do pobrania poni\u017cejlub u pracownik\u00f3w socjalnych tutejszego O\u015brodka, w godzinach od 7:30 do 15:30. Regulamin rekrutacji informacje og\u00f3lne\u00a0pobierz plikFormularz zg\u0142oszeniowy\u00a0pobierz plikDodatkowe o\u015bwiadczenie Kandydata\/Kandydatki pobierz plik\" \/>\n<meta property=\"og:url\" content=\"https:\/\/www.mopskrasnystaw.pl\/?page_id=2202\" \/>\n<meta property=\"og:site_name\" content=\"MOPS Krasnystaw\" \/>\n<meta property=\"article:modified_time\" content=\"2022-07-05T09:59:18+00:00\" \/>\n<meta property=\"og:image\" content=\"https:\/\/www.mopskrasnystaw.pl\/wp-content\/uploads\/2021\/03\/logo_projekt.png\" \/>\n<meta name=\"twitter:card\" content=\"summary_large_image\" \/>\n<meta name=\"twitter:label1\" content=\"Szacowany czas czytania\" \/>\n\t<meta name=\"twitter:data1\" content=\"1 minuta\" \/>\n<script type=\"application\/ld+json\" class=\"yoast-schema-graph\">{\"@context\":\"https:\/\/schema.org\",\"@graph\":[{\"@type\":\"WebSite\",\"@id\":\"https:\/\/www.mopskrasnystaw.pl\/#website\",\"url\":\"https:\/\/www.mopskrasnystaw.pl\/\",\"name\":\"MOPS Krasnystaw\",\"description\":\"\",\"potentialAction\":[{\"@type\":\"SearchAction\",\"target\":{\"@type\":\"EntryPoint\",\"urlTemplate\":\"https:\/\/www.mopskrasnystaw.pl\/?s={search_term_string}\"},\"query-input\":\"required name=search_term_string\"}],\"inLanguage\":\"pl-PL\"},{\"@type\":\"ImageObject\",\"inLanguage\":\"pl-PL\",\"@id\":\"https:\/\/www.mopskrasnystaw.pl\/?page_id=2202#primaryimage\",\"url\":\"https:\/\/www.mopskrasnystaw.pl\/wp-content\/uploads\/2021\/03\/logo_projekt.png\",\"contentUrl\":\"https:\/\/www.mopskrasnystaw.pl\/wp-content\/uploads\/2021\/03\/logo_projekt.png\",\"width\":600,\"height\":74},{\"@type\":\"WebPage\",\"@id\":\"https:\/\/www.mopskrasnystaw.pl\/?page_id=2202#webpage\",\"url\":\"https:\/\/www.mopskrasnystaw.pl\/?page_id=2202\",\"name\":\"Projekt: Aktywno\u015b\u0107 pop\u0142aca - rekrutacja - MOPS Krasnystaw\",\"isPartOf\":{\"@id\":\"https:\/\/www.mopskrasnystaw.pl\/#website\"},\"primaryImageOfPage\":{\"@id\":\"https:\/\/www.mopskrasnystaw.pl\/?page_id=2202#primaryimage\"},\"datePublished\":\"2021-03-03T14:06:57+00:00\",\"dateModified\":\"2022-07-05T09:59:18+00:00\",\"breadcrumb\":{\"@id\":\"https:\/\/www.mopskrasnystaw.pl\/?page_id=2202#breadcrumb\"},\"inLanguage\":\"pl-PL\",\"potentialAction\":[{\"@type\":\"ReadAction\",\"target\":[\"https:\/\/www.mopskrasnystaw.pl\/?page_id=2202\"]}]},{\"@type\":\"BreadcrumbList\",\"@id\":\"https:\/\/www.mopskrasnystaw.pl\/?page_id=2202#breadcrumb\",\"itemListElement\":[{\"@type\":\"ListItem\",\"position\":1,\"name\":\"Strona g\u0142\u00f3wna\",\"item\":\"https:\/\/www.mopskrasnystaw.pl\/\"},{\"@type\":\"ListItem\",\"position\":2,\"name\":\"Projekt: Aktywno\u015b\u0107 pop\u0142aca &#8211; rekrutacja\"}]}]}<\/script>\n<!-- \/ Yoast SEO plugin. -->","yoast_head_json":{"title":"Projekt: Aktywno\u015b\u0107 pop\u0142aca - rekrutacja - MOPS Krasnystaw","robots":{"index":"index","follow":"follow","max-snippet":"max-snippet:-1","max-image-preview":"max-image-preview:large","max-video-preview":"max-video-preview:-1"},"canonical":"https:\/\/www.mopskrasnystaw.pl\/?page_id=2202","og_locale":"pl_PL","og_type":"article","og_title":"Projekt: Aktywno\u015b\u0107 pop\u0142aca - rekrutacja - MOPS Krasnystaw","og_description":"Regulamin rekrutacji oraz Formularz zg\u0142oszeniowy do udzia\u0142u w projekcie dost\u0119pne s\u0105 do pobrania poni\u017cejlub u pracownik\u00f3w socjalnych tutejszego O\u015brodka, w godzinach od 7:30 do 15:30. Regulamin rekrutacji informacje og\u00f3lne\u00a0pobierz plikFormularz zg\u0142oszeniowy\u00a0pobierz plikDodatkowe o\u015bwiadczenie Kandydata\/Kandydatki pobierz plik","og_url":"https:\/\/www.mopskrasnystaw.pl\/?page_id=2202","og_site_name":"MOPS Krasnystaw","article_modified_time":"2022-07-05T09:59:18+00:00","og_image":[{"url":"https:\/\/www.mopskrasnystaw.pl\/wp-content\/uploads\/2021\/03\/logo_projekt.png"}],"twitter_card":"summary_large_image","twitter_misc":{"Szacowany czas czytania":"1 minuta"},"schema":{"@context":"https:\/\/schema.org","@graph":[{"@type":"WebSite","@id":"https:\/\/www.mopskrasnystaw.pl\/#website","url":"https:\/\/www.mopskrasnystaw.pl\/","name":"MOPS Krasnystaw","description":"","potentialAction":[{"@type":"SearchAction","target":{"@type":"EntryPoint","urlTemplate":"https:\/\/www.mopskrasnystaw.pl\/?s={search_term_string}"},"query-input":"required name=search_term_string"}],"inLanguage":"pl-PL"},{"@type":"ImageObject","inLanguage":"pl-PL","@id":"https:\/\/www.mopskrasnystaw.pl\/?page_id=2202#primaryimage","url":"https:\/\/www.mopskrasnystaw.pl\/wp-content\/uploads\/2021\/03\/logo_projekt.png","contentUrl":"https:\/\/www.mopskrasnystaw.pl\/wp-content\/uploads\/2021\/03\/logo_projekt.png","width":600,"height":74},{"@type":"WebPage","@id":"https:\/\/www.mopskrasnystaw.pl\/?page_id=2202#webpage","url":"https:\/\/www.mopskrasnystaw.pl\/?page_id=2202","name":"Projekt: Aktywno\u015b\u0107 pop\u0142aca - rekrutacja - MOPS Krasnystaw","isPartOf":{"@id":"https:\/\/www.mopskrasnystaw.pl\/#website"},"primaryImageOfPage":{"@id":"https:\/\/www.mopskrasnystaw.pl\/?page_id=2202#primaryimage"},"datePublished":"2021-03-03T14:06:57+00:00","dateModified":"2022-07-05T09:59:18+00:00","breadcrumb":{"@id":"https:\/\/www.mopskrasnystaw.pl\/?page_id=2202#breadcrumb"},"inLanguage":"pl-PL","potentialAction":[{"@type":"ReadAction","target":["https:\/\/www.mopskrasnystaw.pl\/?page_id=2202"]}]},{"@type":"BreadcrumbList","@id":"https:\/\/www.mopskrasnystaw.pl\/?page_id=2202#breadcrumb","itemListElement":[{"@type":"ListItem","position":1,"name":"Strona g\u0142\u00f3wna","item":"https:\/\/www.mopskrasnystaw.pl\/"},{"@type":"ListItem","position":2,"name":"Projekt: Aktywno\u015b\u0107 pop\u0142aca &#8211; rekrutacja"}]}]}},"_links":{"self":[{"href":"https:\/\/www.mopskrasnystaw.pl\/index.php?rest_route=\/wp\/v2\/pages\/2202"}],"collection":[{"href":"https:\/\/www.mopskrasnystaw.pl\/index.php?rest_route=\/wp\/v2\/pages"}],"about":[{"href":"https:\/\/www.mopskrasnystaw.pl\/index.php?rest_route=\/wp\/v2\/types\/page"}],"author":[{"embeddable":true,"href":"https:\/\/www.mopskrasnystaw.pl\/index.php?rest_route=\/wp\/v2\/users\/1"}],"replies":[{"embeddable":true,"href":"https:\/\/www.mopskrasnystaw.pl\/index.php?rest_route=%2Fwp%2Fv2%2Fcomments&post=2202"}],"version-history":[{"count":1,"href":"https:\/\/www.mopskrasnystaw.pl\/index.php?rest_route=\/wp\/v2\/pages\/2202\/revisions"}],"predecessor-version":[{"id":4082,"href":"https:\/\/www.mopskrasnystaw.pl\/index.php?rest_route=\/wp\/v2\/pages\/2202\/revisions\/4082"}],"wp:attachment":[{"href":"https:\/\/www.mopskrasnystaw.pl\/index.php?rest_route=%2Fwp%2Fv2%2Fmedia&parent=2202"}],"curies":[{"name":"wp","href":"https:\/\/api.w.org\/{rel}","templated":true}]}}