{"id":2193,"date":"2021-03-03T13:38:33","date_gmt":"2021-03-03T13:38:33","guid":{"rendered":"http:\/\/www.mopskrasnystaw.pl\/?page_id=2193"},"modified":"2022-10-13T05:35:14","modified_gmt":"2022-10-13T05:35:14","slug":"2193-2","status":"publish","type":"page","link":"https:\/\/www.mopskrasnystaw.pl\/?page_id=2193","title":{"rendered":"Pomoc \u017cywno\u015bciowa"},"content":{"rendered":"\n<p> <\/p>\n\n\n\n<figure class=\"wp-block-image size-large\"><img loading=\"lazy\" width=\"1024\" height=\"714\" src=\"https:\/\/www.mopskrasnystaw.pl\/wp-content\/uploads\/2022\/10\/scan10132022-1024x714.jpg\" alt=\"\" class=\"wp-image-4257\" srcset=\"https:\/\/www.mopskrasnystaw.pl\/wp-content\/uploads\/2022\/10\/scan10132022-1024x714.jpg 1024w, https:\/\/www.mopskrasnystaw.pl\/wp-content\/uploads\/2022\/10\/scan10132022-300x209.jpg 300w, https:\/\/www.mopskrasnystaw.pl\/wp-content\/uploads\/2022\/10\/scan10132022-768x535.jpg 768w, https:\/\/www.mopskrasnystaw.pl\/wp-content\/uploads\/2022\/10\/scan10132022-1536x1071.jpg 1536w, https:\/\/www.mopskrasnystaw.pl\/wp-content\/uploads\/2022\/10\/scan10132022-2048x1428.jpg 2048w\" sizes=\"(max-width: 1024px) 100vw, 1024px\" \/><\/figure>\n\n\n\n<figure class=\"wp-block-image size-large\"><img loading=\"lazy\" width=\"724\" height=\"1024\" src=\"https:\/\/www.mopskrasnystaw.pl\/wp-content\/uploads\/2022\/10\/scan10112022_1-4-724x1024.jpg\" alt=\"\" class=\"wp-image-4249\" srcset=\"https:\/\/www.mopskrasnystaw.pl\/wp-content\/uploads\/2022\/10\/scan10112022_1-4-724x1024.jpg 724w, https:\/\/www.mopskrasnystaw.pl\/wp-content\/uploads\/2022\/10\/scan10112022_1-4-212x300.jpg 212w, https:\/\/www.mopskrasnystaw.pl\/wp-content\/uploads\/2022\/10\/scan10112022_1-4-768x1086.jpg 768w, https:\/\/www.mopskrasnystaw.pl\/wp-content\/uploads\/2022\/10\/scan10112022_1-4-1086x1536.jpg 1086w, https:\/\/www.mopskrasnystaw.pl\/wp-content\/uploads\/2022\/10\/scan10112022_1-4-1448x2048.jpg 1448w, https:\/\/www.mopskrasnystaw.pl\/wp-content\/uploads\/2022\/10\/scan10112022_1-4-scaled.jpg 1810w\" sizes=\"(max-width: 724px) 100vw, 724px\" \/><\/figure>\n\n\n\n<figure class=\"wp-block-image size-large\"><img loading=\"lazy\" width=\"724\" height=\"1024\" src=\"https:\/\/www.mopskrasnystaw.pl\/wp-content\/uploads\/2022\/10\/scan10112022_2-4-724x1024.jpg\" alt=\"\" class=\"wp-image-4250\" srcset=\"https:\/\/www.mopskrasnystaw.pl\/wp-content\/uploads\/2022\/10\/scan10112022_2-4-724x1024.jpg 724w, https:\/\/www.mopskrasnystaw.pl\/wp-content\/uploads\/2022\/10\/scan10112022_2-4-212x300.jpg 212w, https:\/\/www.mopskrasnystaw.pl\/wp-content\/uploads\/2022\/10\/scan10112022_2-4-768x1086.jpg 768w, https:\/\/www.mopskrasnystaw.pl\/wp-content\/uploads\/2022\/10\/scan10112022_2-4-1086x1536.jpg 1086w, https:\/\/www.mopskrasnystaw.pl\/wp-content\/uploads\/2022\/10\/scan10112022_2-4-1448x2048.jpg 1448w, https:\/\/www.mopskrasnystaw.pl\/wp-content\/uploads\/2022\/10\/scan10112022_2-4-scaled.jpg 1810w\" sizes=\"(max-width: 724px) 100vw, 724px\" \/><\/figure>\n\n\n\n<figure class=\"wp-block-image size-large\"><img loading=\"lazy\" width=\"724\" height=\"1024\" src=\"https:\/\/www.mopskrasnystaw.pl\/wp-content\/uploads\/2022\/10\/scan10112022_3-4-724x1024.jpg\" alt=\"\" class=\"wp-image-4251\" srcset=\"https:\/\/www.mopskrasnystaw.pl\/wp-content\/uploads\/2022\/10\/scan10112022_3-4-724x1024.jpg 724w, https:\/\/www.mopskrasnystaw.pl\/wp-content\/uploads\/2022\/10\/scan10112022_3-4-212x300.jpg 212w, https:\/\/www.mopskrasnystaw.pl\/wp-content\/uploads\/2022\/10\/scan10112022_3-4-768x1086.jpg 768w, https:\/\/www.mopskrasnystaw.pl\/wp-content\/uploads\/2022\/10\/scan10112022_3-4-1086x1536.jpg 1086w, https:\/\/www.mopskrasnystaw.pl\/wp-content\/uploads\/2022\/10\/scan10112022_3-4-1448x2048.jpg 1448w, https:\/\/www.mopskrasnystaw.pl\/wp-content\/uploads\/2022\/10\/scan10112022_3-4-scaled.jpg 1810w\" sizes=\"(max-width: 724px) 100vw, 724px\" \/><\/figure>\n\n\n\n<figure class=\"wp-block-image size-large\"><img loading=\"lazy\" width=\"724\" height=\"1024\" src=\"https:\/\/www.mopskrasnystaw.pl\/wp-content\/uploads\/2022\/10\/scan10112022_4-4-724x1024.jpg\" alt=\"\" class=\"wp-image-4252\" srcset=\"https:\/\/www.mopskrasnystaw.pl\/wp-content\/uploads\/2022\/10\/scan10112022_4-4-724x1024.jpg 724w, https:\/\/www.mopskrasnystaw.pl\/wp-content\/uploads\/2022\/10\/scan10112022_4-4-212x300.jpg 212w, https:\/\/www.mopskrasnystaw.pl\/wp-content\/uploads\/2022\/10\/scan10112022_4-4-768x1086.jpg 768w, https:\/\/www.mopskrasnystaw.pl\/wp-content\/uploads\/2022\/10\/scan10112022_4-4-1086x1536.jpg 1086w, https:\/\/www.mopskrasnystaw.pl\/wp-content\/uploads\/2022\/10\/scan10112022_4-4-1448x2048.jpg 1448w, https:\/\/www.mopskrasnystaw.pl\/wp-content\/uploads\/2022\/10\/scan10112022_4-4-scaled.jpg 1810w\" sizes=\"(max-width: 724px) 100vw, 724px\" \/><\/figure>\n\n\n\n<p>CEL PROGRAMU OPERACYJNEGO POMOC \u017bYWNO\u015aCIOWA<\/p>\n\n\n\n<p>CELEM PROGRAMU jest zapewnienie najubo\u017cszym mieszka\u0144com Polski pomocy \u017cywno\u015bciowej oraz uczestnictwa w dzia\u0142aniach w ramach \u015brodk\u00f3w towarzysz\u0105cych w okresie grudzie\u0144 2020 \u2013 wrzesie\u0144 2021, a jej celami szczeg\u00f3\u0142owymi s\u0105:<\/p>\n\n\n\n<p>organizacja i koordynacja sieci dystrybucji pomocy \u017cywno\u015bciowej sk\u0142adaj\u0105cej si\u0119 z organizacji partnerskich lokalnych, zwanych dalej OPL, zgodnie z zasadami PO P\u017b,     <\/p>\n\n\n\n<p>racjonalne zagospodarowanie artyku\u0142\u00f3w spo\u017cywczych otrzymanych z OPO oraz z innych \u017ar\u00f3de\u0142, na potrzeby udzielania pomocy \u017cywno\u015bciowej osobom najbardziej potrzebuj\u0105cym,     <\/p>\n\n\n\n<p>przekazanie artyku\u0142\u00f3w spo\u017cywczych osobom zakwalifikowanym do otrzymania pomocy \u017cywno\u015bciowej zgodnie z zasadami PO P\u017b,     <\/p>\n\n\n\n<p>prowadzenie dzia\u0142a\u0144 w ramach \u015brodk\u00f3w towarzysz\u0105cych w\u015br\u00f3d os\u00f3b najbardziej potrzebuj\u0105cych zakwalifikowanych do obj\u0119cia pomoc\u0105 \u017cywno\u015bciow\u0105, maj\u0105cych na celu w\u0142\u0105czenie spo\u0142eczne.<\/p>\n\n\n\n<p>OKRES DYSTRYBUCJI \u017bYWNO\u015aCI: grudzie\u0144 2021 \u2013 pa\u017adziernik 2022<\/p>\n\n\n\n<p>Pomoc \u017cywno\u015bciowa dystrybuowana jest przez Polski Czerwony Krzy\u017c do Organizacji Partnerskiej Lokalnej [OPL] na terenie wojew\u00f3dztwa lubelskiego, kt\u00f3ra przekazuje \u017cywno\u015b\u0107 bezpo\u015brednio do os\u00f3b potrzebuj\u0105cych.<\/p>\n\n\n\n<p>DZIA\u0141ANIA TOWARZYSZ\u0104CE<\/p>\n\n\n\n<p>Dzia\u0142ania realizowane przez PCK na rzecz podopiecznych OPL, przy wsp\u00f3\u0142pracy z OPL i OPS:<\/p>\n\n\n\n<pre class=\"wp-block-code\"><code>warsztaty kulinarne;\n\nwarsztaty edukacji ekonomicznej;\n\nwarsztaty dietetyczne;\n\nwarsztaty niemarnowania \u017cywno\u015bci,\n\ninne dzia\u0142ania o charakterze indywidualnym i zbiorowym charakterze akcyjnym lub cyklicznym, maj\u0105ce na celu w\u0142\u0105czenie spo\u0142eczne najbardziej potrzebuj\u0105cych<\/code><\/pre>\n\n\n\n<p>Dzia\u0142ania towarzysz\u0105ce mog\u0105 odbywa\u0107 si\u0119 w formie stacjonarnej lub zdalnej: on-line, telefonicznej, wydawniczej.<\/p>\n\n\n\n<p>Dzia\u0142ania realizowane s\u0105 w siedzibie organizacji bior\u0105cej udzia\u0142 w Podprogramie lub w miejscu wyznaczonym przez organizacj\u0119 na rzecz podopiecznych, kt\u00f3rzy zostali zakwalifikowani do otrzymania pomocy \u017cywno\u015bciowej, w pobli\u017cu ich miejsca zamieszkania.<\/p>\n\n\n\n<p>Dzia\u0142ania realizowane przez Organizacje Partnerskie Lokalne na rzecz podopiecznych to:<\/p>\n\n\n\n<p>w\u0142\u0105czenie os\u00f3b do\u015bwiadczaj\u0105cych deprywacji materialnej w funkcjonowanie spo\u0142eczno\u015bci lokalnych, np.: zaj\u0119cia aktywizuj\u0105ce i wsp\u00f3lne inicjatywy na rzecz spo\u0142eczno\u015bci lokalnej, zmierzaj\u0105ce do wyj\u015bcia z ub\u00f3stwa; <\/p>\n\n\n\n<p>grupy wsparcia dla r\u00f3\u017cnych kategorii os\u00f3b w trudnej sytuacji (np. osoby starsze, matki z dzie\u0107mi, osoby samotne); <\/p>\n\n\n\n<p>pomoc towarzysz\u0105ca niezb\u0119dna do zaspokajania podstawowych potrzeb \u017cyciowych \u2013 os\u00f3b korzystaj\u0105cych z pomocy \u017cywno\u015bciowej (z wy\u0142\u0105czeniem pomocy rzeczowej); <\/p>\n\n\n\n<p>pomoc w utrzymaniu higieny osobistej osobom bezdomnym;<\/p>\n\n\n\n<p>wsparcie psychologiczne\/terapeutyczne os\u00f3b zagro\u017conych wykluczeniem spo\u0142ecznym<\/p>\n\n\n\n<p>Do udzia\u0142u w dzia\u0142aniach towarzysz\u0105cych ma prawo ka\u017cda osoba, kt\u00f3ra otrzyma\u0142a skierowanie z OPS do odbioru wsparcia \u017cywno\u015bciowego w ramach POP\u017b \u2013 ale nie znaczy to, \u017ce ka\u017cda osoba musi z nich skorzysta\u0107. Konieczna jest wsp\u00f3\u0142praca z OPS w zakresie rzeczywistych potrzeb obj\u0119cia wsparciem dzia\u0142aniami os\u00f3b, kt\u00f3re korzystaj\u0105 z POP\u017b. Dzia\u0142ania nie mog\u0105 si\u0119 pokrywa\u0107 z dzia\u0142aniami prowadzonymi w ramach innych funduszy unijnych (EFS i PROW) w danym wojew\u00f3dztwie, ale musz\u0105 by\u0107 z nimi komplementarne.<\/p>\n","protected":false},"excerpt":{"rendered":"<p>CEL PROGRAMU OPERACYJNEGO POMOC \u017bYWNO\u015aCIOWA CELEM PROGRAMU jest zapewnienie najubo\u017cszym mieszka\u0144com Polski pomocy \u017cywno\u015bciowej oraz uczestnictwa w dzia\u0142aniach w ramach \u015brodk\u00f3w towarzysz\u0105cych w okresie grudzie\u0144 2020 \u2013 wrzesie\u0144 2021, a jej celami szczeg\u00f3\u0142owymi s\u0105: organizacja i koordynacja sieci dystrybucji pomocy \u017cywno\u015bciowej sk\u0142adaj\u0105cej si\u0119 z organizacji partnerskich lokalnych, zwanych dalej OPL, zgodnie z zasadami PO P\u017b, [&hellip;]<\/p>\n","protected":false},"author":1,"featured_media":0,"parent":0,"menu_order":0,"comment_status":"closed","ping_status":"closed","template":"","meta":[],"yoast_head":"<!-- This site is optimized with the Yoast SEO plugin v19.0 - https:\/\/yoast.com\/wordpress\/plugins\/seo\/ -->\n<title>Pomoc \u017cywno\u015bciowa - MOPS Krasnystaw<\/title>\n<meta name=\"robots\" content=\"index, follow, max-snippet:-1, max-image-preview:large, max-video-preview:-1\" \/>\n<link rel=\"canonical\" href=\"https:\/\/www.mopskrasnystaw.pl\/?page_id=2193\" \/>\n<meta property=\"og:locale\" content=\"pl_PL\" \/>\n<meta property=\"og:type\" content=\"article\" \/>\n<meta property=\"og:title\" content=\"Pomoc \u017cywno\u015bciowa - MOPS Krasnystaw\" \/>\n<meta property=\"og:description\" content=\"CEL PROGRAMU OPERACYJNEGO POMOC \u017bYWNO\u015aCIOWA CELEM PROGRAMU jest zapewnienie najubo\u017cszym mieszka\u0144com Polski pomocy \u017cywno\u015bciowej oraz uczestnictwa w dzia\u0142aniach w ramach \u015brodk\u00f3w towarzysz\u0105cych w okresie grudzie\u0144 2020 \u2013 wrzesie\u0144 2021, a jej celami szczeg\u00f3\u0142owymi s\u0105: organizacja i koordynacja sieci dystrybucji pomocy \u017cywno\u015bciowej sk\u0142adaj\u0105cej si\u0119 z organizacji partnerskich lokalnych, zwanych dalej OPL, zgodnie z zasadami PO P\u017b, [&hellip;]\" \/>\n<meta property=\"og:url\" content=\"https:\/\/www.mopskrasnystaw.pl\/?page_id=2193\" \/>\n<meta property=\"og:site_name\" content=\"MOPS Krasnystaw\" \/>\n<meta property=\"article:modified_time\" content=\"2022-10-13T05:35:14+00:00\" \/>\n<meta property=\"og:image\" content=\"https:\/\/www.mopskrasnystaw.pl\/wp-content\/uploads\/2022\/10\/scan10132022-1024x714.jpg\" \/>\n<meta name=\"twitter:card\" content=\"summary_large_image\" \/>\n<meta name=\"twitter:label1\" content=\"Szacowany czas czytania\" \/>\n\t<meta name=\"twitter:data1\" content=\"4 minuty\" \/>\n<script type=\"application\/ld+json\" class=\"yoast-schema-graph\">{\"@context\":\"https:\/\/schema.org\",\"@graph\":[{\"@type\":\"WebSite\",\"@id\":\"https:\/\/www.mopskrasnystaw.pl\/#website\",\"url\":\"https:\/\/www.mopskrasnystaw.pl\/\",\"name\":\"MOPS Krasnystaw\",\"description\":\"\",\"potentialAction\":[{\"@type\":\"SearchAction\",\"target\":{\"@type\":\"EntryPoint\",\"urlTemplate\":\"https:\/\/www.mopskrasnystaw.pl\/?s={search_term_string}\"},\"query-input\":\"required name=search_term_string\"}],\"inLanguage\":\"pl-PL\"},{\"@type\":\"ImageObject\",\"inLanguage\":\"pl-PL\",\"@id\":\"https:\/\/www.mopskrasnystaw.pl\/?page_id=2193#primaryimage\",\"url\":\"https:\/\/www.mopskrasnystaw.pl\/wp-content\/uploads\/2022\/10\/scan10132022-scaled.jpg\",\"contentUrl\":\"https:\/\/www.mopskrasnystaw.pl\/wp-content\/uploads\/2022\/10\/scan10132022-scaled.jpg\",\"width\":2560,\"height\":1785},{\"@type\":\"WebPage\",\"@id\":\"https:\/\/www.mopskrasnystaw.pl\/?page_id=2193#webpage\",\"url\":\"https:\/\/www.mopskrasnystaw.pl\/?page_id=2193\",\"name\":\"Pomoc \u017cywno\u015bciowa - MOPS Krasnystaw\",\"isPartOf\":{\"@id\":\"https:\/\/www.mopskrasnystaw.pl\/#website\"},\"primaryImageOfPage\":{\"@id\":\"https:\/\/www.mopskrasnystaw.pl\/?page_id=2193#primaryimage\"},\"datePublished\":\"2021-03-03T13:38:33+00:00\",\"dateModified\":\"2022-10-13T05:35:14+00:00\",\"breadcrumb\":{\"@id\":\"https:\/\/www.mopskrasnystaw.pl\/?page_id=2193#breadcrumb\"},\"inLanguage\":\"pl-PL\",\"potentialAction\":[{\"@type\":\"ReadAction\",\"target\":[\"https:\/\/www.mopskrasnystaw.pl\/?page_id=2193\"]}]},{\"@type\":\"BreadcrumbList\",\"@id\":\"https:\/\/www.mopskrasnystaw.pl\/?page_id=2193#breadcrumb\",\"itemListElement\":[{\"@type\":\"ListItem\",\"position\":1,\"name\":\"Strona g\u0142\u00f3wna\",\"item\":\"https:\/\/www.mopskrasnystaw.pl\/\"},{\"@type\":\"ListItem\",\"position\":2,\"name\":\"Pomoc \u017cywno\u015bciowa\"}]}]}<\/script>\n<!-- \/ Yoast SEO plugin. -->","yoast_head_json":{"title":"Pomoc \u017cywno\u015bciowa - MOPS Krasnystaw","robots":{"index":"index","follow":"follow","max-snippet":"max-snippet:-1","max-image-preview":"max-image-preview:large","max-video-preview":"max-video-preview:-1"},"canonical":"https:\/\/www.mopskrasnystaw.pl\/?page_id=2193","og_locale":"pl_PL","og_type":"article","og_title":"Pomoc \u017cywno\u015bciowa - MOPS Krasnystaw","og_description":"CEL PROGRAMU OPERACYJNEGO POMOC \u017bYWNO\u015aCIOWA CELEM PROGRAMU jest zapewnienie najubo\u017cszym mieszka\u0144com Polski pomocy \u017cywno\u015bciowej oraz uczestnictwa w dzia\u0142aniach w ramach \u015brodk\u00f3w towarzysz\u0105cych w okresie grudzie\u0144 2020 \u2013 wrzesie\u0144 2021, a jej celami szczeg\u00f3\u0142owymi s\u0105: organizacja i koordynacja sieci dystrybucji pomocy \u017cywno\u015bciowej sk\u0142adaj\u0105cej si\u0119 z organizacji partnerskich lokalnych, zwanych dalej OPL, zgodnie z zasadami PO P\u017b, [&hellip;]","og_url":"https:\/\/www.mopskrasnystaw.pl\/?page_id=2193","og_site_name":"MOPS Krasnystaw","article_modified_time":"2022-10-13T05:35:14+00:00","og_image":[{"url":"https:\/\/www.mopskrasnystaw.pl\/wp-content\/uploads\/2022\/10\/scan10132022-1024x714.jpg"}],"twitter_card":"summary_large_image","twitter_misc":{"Szacowany czas czytania":"4 minuty"},"schema":{"@context":"https:\/\/schema.org","@graph":[{"@type":"WebSite","@id":"https:\/\/www.mopskrasnystaw.pl\/#website","url":"https:\/\/www.mopskrasnystaw.pl\/","name":"MOPS Krasnystaw","description":"","potentialAction":[{"@type":"SearchAction","target":{"@type":"EntryPoint","urlTemplate":"https:\/\/www.mopskrasnystaw.pl\/?s={search_term_string}"},"query-input":"required name=search_term_string"}],"inLanguage":"pl-PL"},{"@type":"ImageObject","inLanguage":"pl-PL","@id":"https:\/\/www.mopskrasnystaw.pl\/?page_id=2193#primaryimage","url":"https:\/\/www.mopskrasnystaw.pl\/wp-content\/uploads\/2022\/10\/scan10132022-scaled.jpg","contentUrl":"https:\/\/www.mopskrasnystaw.pl\/wp-content\/uploads\/2022\/10\/scan10132022-scaled.jpg","width":2560,"height":1785},{"@type":"WebPage","@id":"https:\/\/www.mopskrasnystaw.pl\/?page_id=2193#webpage","url":"https:\/\/www.mopskrasnystaw.pl\/?page_id=2193","name":"Pomoc \u017cywno\u015bciowa - MOPS Krasnystaw","isPartOf":{"@id":"https:\/\/www.mopskrasnystaw.pl\/#website"},"primaryImageOfPage":{"@id":"https:\/\/www.mopskrasnystaw.pl\/?page_id=2193#primaryimage"},"datePublished":"2021-03-03T13:38:33+00:00","dateModified":"2022-10-13T05:35:14+00:00","breadcrumb":{"@id":"https:\/\/www.mopskrasnystaw.pl\/?page_id=2193#breadcrumb"},"inLanguage":"pl-PL","potentialAction":[{"@type":"ReadAction","target":["https:\/\/www.mopskrasnystaw.pl\/?page_id=2193"]}]},{"@type":"BreadcrumbList","@id":"https:\/\/www.mopskrasnystaw.pl\/?page_id=2193#breadcrumb","itemListElement":[{"@type":"ListItem","position":1,"name":"Strona g\u0142\u00f3wna","item":"https:\/\/www.mopskrasnystaw.pl\/"},{"@type":"ListItem","position":2,"name":"Pomoc \u017cywno\u015bciowa"}]}]}},"_links":{"self":[{"href":"https:\/\/www.mopskrasnystaw.pl\/index.php?rest_route=\/wp\/v2\/pages\/2193"}],"collection":[{"href":"https:\/\/www.mopskrasnystaw.pl\/index.php?rest_route=\/wp\/v2\/pages"}],"about":[{"href":"https:\/\/www.mopskrasnystaw.pl\/index.php?rest_route=\/wp\/v2\/types\/page"}],"author":[{"embeddable":true,"href":"https:\/\/www.mopskrasnystaw.pl\/index.php?rest_route=\/wp\/v2\/users\/1"}],"replies":[{"embeddable":true,"href":"https:\/\/www.mopskrasnystaw.pl\/index.php?rest_route=%2Fwp%2Fv2%2Fcomments&post=2193"}],"version-history":[{"count":4,"href":"https:\/\/www.mopskrasnystaw.pl\/index.php?rest_route=\/wp\/v2\/pages\/2193\/revisions"}],"predecessor-version":[{"id":4258,"href":"https:\/\/www.mopskrasnystaw.pl\/index.php?rest_route=\/wp\/v2\/pages\/2193\/revisions\/4258"}],"wp:attachment":[{"href":"https:\/\/www.mopskrasnystaw.pl\/index.php?rest_route=%2Fwp%2Fv2%2Fmedia&parent=2193"}],"curies":[{"name":"wp","href":"https:\/\/api.w.org\/{rel}","templated":true}]}}