{"id":2191,"date":"2021-03-03T13:37:18","date_gmt":"2021-03-03T13:37:18","guid":{"rendered":"http:\/\/www.mopskrasnystaw.pl\/?page_id=2191"},"modified":"2021-03-03T13:37:18","modified_gmt":"2021-03-03T13:37:18","slug":"wolontariat","status":"publish","type":"page","link":"https:\/\/www.mopskrasnystaw.pl\/?page_id=2191","title":{"rendered":"Wolontariat"},"content":{"rendered":"\n<p>CZYM JEST WOLONTARIAT?<\/p>\n\n\n\n<p>Dzia\u0142alno\u015b\u0107 wolontarystyczna, w tym prawa i obowi\u0105zki wolontariuszy, reguluje ustawa z dnia 24 kwietnia 2003r. o dzia\u0142alno\u015bci po\u017cytku publicznego i o wolontariacie.<\/p>\n\n\n\n<p><strong>Wolontariat<\/strong>&nbsp;jest to dobrowolna, \u015bwiadoma, odpowiedzialna i bezp\u0142atna praca \u015bwiadczona na rzecz wybranych instytucji i organizacji oraz wskazanych przez nie os\u00f3b i rodzin, wykraczaj\u0105ca poza zwi\u0105zki rodzinno &#8211; kole\u017ce\u0144sko &#8211; przyjacielskie.<\/p>\n\n\n\n<p><strong>Wolontariuszem<\/strong>&nbsp;mo\u017ce by\u0107 ka\u017cda osoba, kt\u00f3ra ochotniczo, dobrowolnie i bez wynagrodzenia pragnie pomaga\u0107 innym. Wolontariuszem mo\u017ce by\u0107 osoba w szerokim przedziale wiekowym o r\u00f3\u017cnym stopniu wykszta\u0142cenia oraz aktywno\u015bci zawodowej.<\/p>\n\n\n\n<p><strong>DLACZEGO WARTO ZOSTA\u0106 WOLONTARIUSZEM?<\/strong><\/p>\n\n\n\n<p>&#8211; satysfakcja z pomagania potrzebuj\u0105cym,<br>&#8211; mo\u017cliwo\u015bci poznawania nowych ludzi,<br>&#8211; mo\u017cliwo\u015bci zdobywania nowych umiej\u0119tno\u015bci i do\u015bwiadcze\u0144,<br>&#8211; oderwanie si\u0119 od codziennych obowi\u0105zk\u00f3w, &#8211; przygotowanie si\u0119 do przysz\u0142ej pracy,<br>&#8211; podwy\u017cszenie swojego poziomu samopomocy.<\/p>\n\n\n\n<p>Wolontariat w MOPS jest uzasadniony tym, \u017ce w sferze pomocy spo\u0142ecznej wyst\u0119puje najwi\u0119cej potrzeb. MOPS posiada r\u00f3wnie\u017c wiedz\u0119 na temat os\u00f3b i rodzin potrzebuj\u0105cych, umo\u017cliwiaj\u0105c\u0105 skuteczn\u0105 organizacj\u0119 wolontariatu. G\u0142\u00f3wnym celem wolontariatu jest wyr\u00f3wnywanie szans spo\u0142ecznych m.in. poprzez pomoc osobom starszym i samotnym, osobom niepe\u0142nosprawnym oraz dzieciom pochodz\u0105cym z rodzin niewydolnych wychowawczo.<\/p>\n\n\n\n<p>Wszystkie osoby, kt\u00f3re czuj\u0105, \u017ce chcia\u0142yby pom\u00f3c innym i dzieli\u0107 z nimi sw\u00f3j czas prosimy o zg\u0142oszenie si\u0119 do: Miejskiego O\u015brodka Pomocy Spo\u0142ecznej, pok.107.<\/p>\n\n\n\n<p><strong><em>Informacja telefoniczna:<\/em><\/strong><br><strong><em>poniedzia\u0142ek &#8211; pi\u0105tek godz. 7<sup>30<\/sup>&nbsp;&#8211; 15<sup>30<\/sup><\/em><\/strong><\/p>\n\n\n\n<p><strong><em>tel.(0-82) 576 23 24 wew 107<\/em><\/strong><\/p>\n\n\n\n<p><a href=\"http:\/\/www.mopskrasnystaw.pl\/pliki\/wolontariat\/certyfikat.pdf\">Certyfikat<\/a><\/p>\n","protected":false},"excerpt":{"rendered":"<p>CZYM JEST WOLONTARIAT? Dzia\u0142alno\u015b\u0107 wolontarystyczna, w tym prawa i obowi\u0105zki wolontariuszy, reguluje ustawa z dnia 24 kwietnia 2003r. o dzia\u0142alno\u015bci po\u017cytku publicznego i o wolontariacie. Wolontariat&nbsp;jest to dobrowolna, \u015bwiadoma, odpowiedzialna i bezp\u0142atna praca \u015bwiadczona na rzecz wybranych instytucji i organizacji oraz wskazanych przez nie os\u00f3b i rodzin, wykraczaj\u0105ca poza zwi\u0105zki rodzinno &#8211; kole\u017ce\u0144sko &#8211; przyjacielskie. [&hellip;]<\/p>\n","protected":false},"author":1,"featured_media":0,"parent":0,"menu_order":0,"comment_status":"closed","ping_status":"closed","template":"","meta":[],"yoast_head":"<!-- This site is optimized with the Yoast SEO plugin v19.0 - https:\/\/yoast.com\/wordpress\/plugins\/seo\/ -->\n<title>Wolontariat - MOPS Krasnystaw<\/title>\n<meta name=\"robots\" content=\"index, follow, max-snippet:-1, max-image-preview:large, max-video-preview:-1\" \/>\n<link rel=\"canonical\" href=\"https:\/\/www.mopskrasnystaw.pl\/?page_id=2191\" \/>\n<meta property=\"og:locale\" content=\"pl_PL\" \/>\n<meta property=\"og:type\" content=\"article\" \/>\n<meta property=\"og:title\" content=\"Wolontariat - MOPS Krasnystaw\" \/>\n<meta property=\"og:description\" content=\"CZYM JEST WOLONTARIAT? Dzia\u0142alno\u015b\u0107 wolontarystyczna, w tym prawa i obowi\u0105zki wolontariuszy, reguluje ustawa z dnia 24 kwietnia 2003r. o dzia\u0142alno\u015bci po\u017cytku publicznego i o wolontariacie. Wolontariat&nbsp;jest to dobrowolna, \u015bwiadoma, odpowiedzialna i bezp\u0142atna praca \u015bwiadczona na rzecz wybranych instytucji i organizacji oraz wskazanych przez nie os\u00f3b i rodzin, wykraczaj\u0105ca poza zwi\u0105zki rodzinno &#8211; kole\u017ce\u0144sko &#8211; przyjacielskie. [&hellip;]\" \/>\n<meta property=\"og:url\" content=\"https:\/\/www.mopskrasnystaw.pl\/?page_id=2191\" \/>\n<meta property=\"og:site_name\" content=\"MOPS Krasnystaw\" \/>\n<meta name=\"twitter:card\" content=\"summary_large_image\" \/>\n<meta name=\"twitter:label1\" content=\"Szacowany czas czytania\" \/>\n\t<meta name=\"twitter:data1\" content=\"1 minuta\" \/>\n<script type=\"application\/ld+json\" class=\"yoast-schema-graph\">{\"@context\":\"https:\/\/schema.org\",\"@graph\":[{\"@type\":\"WebSite\",\"@id\":\"https:\/\/www.mopskrasnystaw.pl\/#website\",\"url\":\"https:\/\/www.mopskrasnystaw.pl\/\",\"name\":\"MOPS Krasnystaw\",\"description\":\"\",\"potentialAction\":[{\"@type\":\"SearchAction\",\"target\":{\"@type\":\"EntryPoint\",\"urlTemplate\":\"https:\/\/www.mopskrasnystaw.pl\/?s={search_term_string}\"},\"query-input\":\"required name=search_term_string\"}],\"inLanguage\":\"pl-PL\"},{\"@type\":\"WebPage\",\"@id\":\"https:\/\/www.mopskrasnystaw.pl\/?page_id=2191#webpage\",\"url\":\"https:\/\/www.mopskrasnystaw.pl\/?page_id=2191\",\"name\":\"Wolontariat - MOPS Krasnystaw\",\"isPartOf\":{\"@id\":\"https:\/\/www.mopskrasnystaw.pl\/#website\"},\"datePublished\":\"2021-03-03T13:37:18+00:00\",\"dateModified\":\"2021-03-03T13:37:18+00:00\",\"breadcrumb\":{\"@id\":\"https:\/\/www.mopskrasnystaw.pl\/?page_id=2191#breadcrumb\"},\"inLanguage\":\"pl-PL\",\"potentialAction\":[{\"@type\":\"ReadAction\",\"target\":[\"https:\/\/www.mopskrasnystaw.pl\/?page_id=2191\"]}]},{\"@type\":\"BreadcrumbList\",\"@id\":\"https:\/\/www.mopskrasnystaw.pl\/?page_id=2191#breadcrumb\",\"itemListElement\":[{\"@type\":\"ListItem\",\"position\":1,\"name\":\"Strona g\u0142\u00f3wna\",\"item\":\"https:\/\/www.mopskrasnystaw.pl\/\"},{\"@type\":\"ListItem\",\"position\":2,\"name\":\"Wolontariat\"}]}]}<\/script>\n<!-- \/ Yoast SEO plugin. -->","yoast_head_json":{"title":"Wolontariat - MOPS Krasnystaw","robots":{"index":"index","follow":"follow","max-snippet":"max-snippet:-1","max-image-preview":"max-image-preview:large","max-video-preview":"max-video-preview:-1"},"canonical":"https:\/\/www.mopskrasnystaw.pl\/?page_id=2191","og_locale":"pl_PL","og_type":"article","og_title":"Wolontariat - MOPS Krasnystaw","og_description":"CZYM JEST WOLONTARIAT? Dzia\u0142alno\u015b\u0107 wolontarystyczna, w tym prawa i obowi\u0105zki wolontariuszy, reguluje ustawa z dnia 24 kwietnia 2003r. o dzia\u0142alno\u015bci po\u017cytku publicznego i o wolontariacie. Wolontariat&nbsp;jest to dobrowolna, \u015bwiadoma, odpowiedzialna i bezp\u0142atna praca \u015bwiadczona na rzecz wybranych instytucji i organizacji oraz wskazanych przez nie os\u00f3b i rodzin, wykraczaj\u0105ca poza zwi\u0105zki rodzinno &#8211; kole\u017ce\u0144sko &#8211; przyjacielskie. [&hellip;]","og_url":"https:\/\/www.mopskrasnystaw.pl\/?page_id=2191","og_site_name":"MOPS Krasnystaw","twitter_card":"summary_large_image","twitter_misc":{"Szacowany czas czytania":"1 minuta"},"schema":{"@context":"https:\/\/schema.org","@graph":[{"@type":"WebSite","@id":"https:\/\/www.mopskrasnystaw.pl\/#website","url":"https:\/\/www.mopskrasnystaw.pl\/","name":"MOPS Krasnystaw","description":"","potentialAction":[{"@type":"SearchAction","target":{"@type":"EntryPoint","urlTemplate":"https:\/\/www.mopskrasnystaw.pl\/?s={search_term_string}"},"query-input":"required name=search_term_string"}],"inLanguage":"pl-PL"},{"@type":"WebPage","@id":"https:\/\/www.mopskrasnystaw.pl\/?page_id=2191#webpage","url":"https:\/\/www.mopskrasnystaw.pl\/?page_id=2191","name":"Wolontariat - MOPS Krasnystaw","isPartOf":{"@id":"https:\/\/www.mopskrasnystaw.pl\/#website"},"datePublished":"2021-03-03T13:37:18+00:00","dateModified":"2021-03-03T13:37:18+00:00","breadcrumb":{"@id":"https:\/\/www.mopskrasnystaw.pl\/?page_id=2191#breadcrumb"},"inLanguage":"pl-PL","potentialAction":[{"@type":"ReadAction","target":["https:\/\/www.mopskrasnystaw.pl\/?page_id=2191"]}]},{"@type":"BreadcrumbList","@id":"https:\/\/www.mopskrasnystaw.pl\/?page_id=2191#breadcrumb","itemListElement":[{"@type":"ListItem","position":1,"name":"Strona g\u0142\u00f3wna","item":"https:\/\/www.mopskrasnystaw.pl\/"},{"@type":"ListItem","position":2,"name":"Wolontariat"}]}]}},"_links":{"self":[{"href":"https:\/\/www.mopskrasnystaw.pl\/index.php?rest_route=\/wp\/v2\/pages\/2191"}],"collection":[{"href":"https:\/\/www.mopskrasnystaw.pl\/index.php?rest_route=\/wp\/v2\/pages"}],"about":[{"href":"https:\/\/www.mopskrasnystaw.pl\/index.php?rest_route=\/wp\/v2\/types\/page"}],"author":[{"embeddable":true,"href":"https:\/\/www.mopskrasnystaw.pl\/index.php?rest_route=\/wp\/v2\/users\/1"}],"replies":[{"embeddable":true,"href":"https:\/\/www.mopskrasnystaw.pl\/index.php?rest_route=%2Fwp%2Fv2%2Fcomments&post=2191"}],"version-history":[{"count":0,"href":"https:\/\/www.mopskrasnystaw.pl\/index.php?rest_route=\/wp\/v2\/pages\/2191\/revisions"}],"wp:attachment":[{"href":"https:\/\/www.mopskrasnystaw.pl\/index.php?rest_route=%2Fwp%2Fv2%2Fmedia&parent=2191"}],"curies":[{"name":"wp","href":"https:\/\/api.w.org\/{rel}","templated":true}]}}