{"id":2187,"date":"2021-03-03T13:35:28","date_gmt":"2021-03-03T13:35:28","guid":{"rendered":"http:\/\/www.mopskrasnystaw.pl\/?page_id=2187"},"modified":"2021-03-03T13:35:28","modified_gmt":"2021-03-03T13:35:28","slug":"miejski-zespol-interdyscyplinarny-informacje-ogolne","status":"publish","type":"page","link":"https:\/\/www.mopskrasnystaw.pl\/?page_id=2187","title":{"rendered":"Miejski Zesp\u00f3\u0142 Interdyscyplinarny &#8211; Informacje og\u00f3lne"},"content":{"rendered":"\n<p><strong>Miejski Zesp\u00f3\u0142 Interdyscyplinarny w Krasnymstawie<\/strong><\/p>\n\n\n\n<p>W dniu 1 sierpnia 2010 roku wesz\u0142a w \u017cycie nowelizacja ustawy o przeciwdzia\u0142aniu przemocy w rodzinie. Nowelizacja ustawy na\u0142o\u017cy\u0142a na gmin\u0119 obowi\u0105zek powo\u0142ania Zespo\u0142u Interdyscyplinarnego.<\/p>\n\n\n\n<p>Od 15 marca 2011 roku na terenie Miasta Krasnystaw funkcjonuje Miejski Zesp\u00f3\u0142 Interdyscyplinarny w Krasnymstawie powo\u0142any Zarz\u0105dzeniem Burmistrza Krasnegostawu nr 26, w kt\u00f3rym okre\u015blony jest sk\u0142ad osobowy Zespo\u0142u oraz rodzaj instytucji reprezentowanych przez poszczeg\u00f3lne osoby.<\/p>\n\n\n\n<p>Siedziba zespo\u0142u mie\u015bci si\u0119 w Miejskim O\u015brodku Pomocy Spo\u0142ecznej<br>w Krasnymstawie przy ul. Pi\u0142sudskiego 9, 22 &#8211; 300 Krasnystaw. Od dnia 07 marca 2014 roku pracami Zespo\u0142u kieruje Przewodnicz\u0105cy Miejskiego Zespo\u0142u Interdyscyplinarnego Pan Mariusz Antoniak &#8211; Dyrektor Miejskiego O\u015brodka Pomocy Spo\u0142ecznej w Krasnymstawie.<\/p>\n\n\n\n<p>Zesp\u00f3\u0142 interdyscyplinarny realizuje dzia\u0142ania okre\u015blone w Miejskim Programie Przeciwdzia\u0142ania Przemocy w Rodzinie oraz Ochrony Ofiar Przemocy w Rodzinie. Zadaniem zespo\u0142u interdyscyplinarnego jest integrowanie i koordynowanie dzia\u0142a\u0144 podmiot\u00f3w tj. jednostek organizacyjnych pomocy spo\u0142ecznej, gminnej komisji rozwi\u0105zywania problem\u00f3w alkoholowych, Policji, o\u015bwiaty, ochrony zdrowia, kurator\u00f3w s\u0105dowych, prokurator\u00f3w oraz przedstawicieli innych podmiot\u00f3w dzia\u0142aj\u0105cych na rzecz przeciwdzia\u0142ania przemocy w rodzinie w szczeg\u00f3lno\u015bci przez:<\/p>\n\n\n\n<ul><li>diagnozowanie problemu przemocy w rodzinie;<\/li><li>podejmowanie dzia\u0142a\u0144 w \u015brodowisku zagro\u017conym przemoc\u0105 w rodzinie maj\u0105cych na celu przeciwdzia\u0142anie temu zjawisku;<\/li><li>inicjowanie interwencji w \u015brodowisku dotkni\u0119tym przemoc\u0105 w rodzinie;<\/li><li>rozpowszechnianie informacji o instytucjach, osobach i mo\u017cliwo\u015bciach udzielenia pomocy w \u015brodowisku lokalnym;<\/li><li>inicjowanie dzia\u0142a\u0144 w stosunku do os\u00f3b stosuj\u0105cych przemoc w rodzinie.<\/li><\/ul>\n\n\n\n<p>Podejmowanie interwencji w \u015brodowisku wobec rodziny dotkni\u0119tej przemoc\u0105 odbywa si\u0119 w oparciu o procedur\u0119 &#8222;Niebieskie Karty&#8221; i nie wymaga zgody osoby dotkni\u0119tej przemoc\u0105 w rodzinie. Wszcz\u0119cie procedury &#8222;Niebieskie Karty&#8221; nast\u0119puje przez wype\u0142nienie formularza &#8222;Niebieska Karta &#8211; A &#8221; w przypadku powzi\u0119cia, w toku prowadzonych czynno\u015bci s\u0142u\u017cbowych lub zawodowych, podejrzenia stosowania przemocy wobec cz\u0142onk\u00f3w rodziny lub w wyniku zg\u0142oszenia dokonanego przez cz\u0142onka rodziny lub przez osob\u0119 b\u0119d\u0105c\u0105 \u015bwiadkiem przemocy w rodzinie. W ramach procedury &#8222;Niebieskie Karty&#8221; cz\u0142onkowie zespo\u0142u interdyscyplinarnego lub grupy roboczej:<\/p>\n\n\n\n<ul><li>udzielaj\u0105 pomocy osobie, co do kt\u00f3rej istnieje podejrzenie, \u017ce jest dotkni\u0119ta przemoc\u0105 w rodzinie;<\/li><li>podejmuj\u0105 dzia\u0142ania w stosunku do osoby, wobec kt\u00f3rej istnieje podejrzenie, \u017ce stosuje przemoc w rodzinie, w celu zaprzestania stosowania tego rodzaju zachowa\u0144;<\/li><li>zapraszaj\u0105 osob\u0119, co do kt\u00f3rej istnieje podejrzenie, \u017ce jest dotkni\u0119ta przemoc\u0105 w rodzinie, na spotkanie zespo\u0142u interdyscyplinarnego lub grupy roboczej;<\/li><li>opracowuj\u0105 indywidualny plan pomocy dla osoby, co do kt\u00f3rej istnieje podejrzenie, \u017ce jest dotkni\u0119ta przemoc\u0105 w rodzinie i jej rodziny, kt\u00f3ry zawiera propozycje dzia\u0142a\u0144 pomocowych;<\/li><li>rozstrzygaj\u0105 o braku zasadno\u015bci podejmowania dzia\u0142a\u0144.<\/li><\/ul>\n\n\n\n<p>Cz\u0142onkowie zespo\u0142u interdyscyplinarnego lub grupy roboczej podejmuj\u0105 dzia\u0142ania w stosunku do osoby, wobec kt\u00f3rej istnieje podejrzenie, \u017ce stosuje przemoc w rodzinie, w szczeg\u00f3lno\u015bci:<\/p>\n\n\n\n<ul><li>diagnozuj\u0105 sytuacj\u0119 rodziny, co do kt\u00f3rej istnieje podejrzenie, \u017ce jest dotkni\u0119ta przemoc\u0105;<\/li><li>przekazuj\u0105 informacje o konsekwencjach pope\u0142nianych czyn\u00f3w;<\/li><li>motywuj\u0105 do udzia\u0142u w programach oddzia\u0142ywa\u0144 korekcyjno &#8211; edukacyjnych;<\/li><li>przeprowadzaj\u0105 rozmow\u0119 pod k\u0105tem nadu\u017cywania alkoholu, \u015brodk\u00f3w odurzaj\u0105cych lub lek\u00f3w;<\/li><li>przekazuj\u0105 informacje o koniecznych do zrealizowania dzia\u0142aniach w celu zaprzestania stosowania przemocy w rodzinie.<\/li><\/ul>\n\n\n\n<p>Sprawy organizacyjno &#8211; techniczne Miejskiego Zespo\u0142u Interdyscyplinarnego w Krasnymstawie realizuje:<\/p>\n\n\n\n<p><strong>Miejski O\u015brodek Pomocy Spo\u0142ecznej w Krasnymstawie, ul. Pi\u0142sudskiego 9<\/strong><br><strong>tel\/fax (82) 576 23 24<\/strong><br><strong>e-mail:\u00a0<span id=\"cloak02e0fa097f249f39ee53104a9b171353\"><a href=\"mailto:zespolinterdyscyplinarny@mopskrasnystaw.pl\">zespolinterdyscyplinarny@mopskrasnystaw.pl<\/a><\/span><\/strong><\/p>\n","protected":false},"excerpt":{"rendered":"<p>Miejski Zesp\u00f3\u0142 Interdyscyplinarny w Krasnymstawie W dniu 1 sierpnia 2010 roku wesz\u0142a w \u017cycie nowelizacja ustawy o przeciwdzia\u0142aniu przemocy w rodzinie. Nowelizacja ustawy na\u0142o\u017cy\u0142a na gmin\u0119 obowi\u0105zek powo\u0142ania Zespo\u0142u Interdyscyplinarnego. Od 15 marca 2011 roku na terenie Miasta Krasnystaw funkcjonuje Miejski Zesp\u00f3\u0142 Interdyscyplinarny w Krasnymstawie powo\u0142any Zarz\u0105dzeniem Burmistrza Krasnegostawu nr 26, w kt\u00f3rym okre\u015blony jest [&hellip;]<\/p>\n","protected":false},"author":1,"featured_media":0,"parent":0,"menu_order":0,"comment_status":"closed","ping_status":"closed","template":"","meta":[],"yoast_head":"<!-- This site is optimized with the Yoast SEO plugin v19.0 - https:\/\/yoast.com\/wordpress\/plugins\/seo\/ -->\n<title>Miejski Zesp\u00f3\u0142 Interdyscyplinarny - Informacje og\u00f3lne - MOPS Krasnystaw<\/title>\n<meta name=\"robots\" content=\"index, follow, max-snippet:-1, max-image-preview:large, max-video-preview:-1\" \/>\n<link rel=\"canonical\" href=\"https:\/\/www.mopskrasnystaw.pl\/?page_id=2187\" \/>\n<meta property=\"og:locale\" content=\"pl_PL\" \/>\n<meta property=\"og:type\" content=\"article\" \/>\n<meta property=\"og:title\" content=\"Miejski Zesp\u00f3\u0142 Interdyscyplinarny - Informacje og\u00f3lne - MOPS Krasnystaw\" \/>\n<meta property=\"og:description\" content=\"Miejski Zesp\u00f3\u0142 Interdyscyplinarny w Krasnymstawie W dniu 1 sierpnia 2010 roku wesz\u0142a w \u017cycie nowelizacja ustawy o przeciwdzia\u0142aniu przemocy w rodzinie. Nowelizacja ustawy na\u0142o\u017cy\u0142a na gmin\u0119 obowi\u0105zek powo\u0142ania Zespo\u0142u Interdyscyplinarnego. Od 15 marca 2011 roku na terenie Miasta Krasnystaw funkcjonuje Miejski Zesp\u00f3\u0142 Interdyscyplinarny w Krasnymstawie powo\u0142any Zarz\u0105dzeniem Burmistrza Krasnegostawu nr 26, w kt\u00f3rym okre\u015blony jest [&hellip;]\" \/>\n<meta property=\"og:url\" content=\"https:\/\/www.mopskrasnystaw.pl\/?page_id=2187\" \/>\n<meta property=\"og:site_name\" content=\"MOPS Krasnystaw\" \/>\n<meta name=\"twitter:card\" content=\"summary_large_image\" \/>\n<meta name=\"twitter:label1\" content=\"Szacowany czas czytania\" \/>\n\t<meta name=\"twitter:data1\" content=\"3 minuty\" \/>\n<script type=\"application\/ld+json\" class=\"yoast-schema-graph\">{\"@context\":\"https:\/\/schema.org\",\"@graph\":[{\"@type\":\"WebSite\",\"@id\":\"https:\/\/www.mopskrasnystaw.pl\/#website\",\"url\":\"https:\/\/www.mopskrasnystaw.pl\/\",\"name\":\"MOPS Krasnystaw\",\"description\":\"\",\"potentialAction\":[{\"@type\":\"SearchAction\",\"target\":{\"@type\":\"EntryPoint\",\"urlTemplate\":\"https:\/\/www.mopskrasnystaw.pl\/?s={search_term_string}\"},\"query-input\":\"required name=search_term_string\"}],\"inLanguage\":\"pl-PL\"},{\"@type\":\"WebPage\",\"@id\":\"https:\/\/www.mopskrasnystaw.pl\/?page_id=2187#webpage\",\"url\":\"https:\/\/www.mopskrasnystaw.pl\/?page_id=2187\",\"name\":\"Miejski Zesp\u00f3\u0142 Interdyscyplinarny - Informacje og\u00f3lne - MOPS Krasnystaw\",\"isPartOf\":{\"@id\":\"https:\/\/www.mopskrasnystaw.pl\/#website\"},\"datePublished\":\"2021-03-03T13:35:28+00:00\",\"dateModified\":\"2021-03-03T13:35:28+00:00\",\"breadcrumb\":{\"@id\":\"https:\/\/www.mopskrasnystaw.pl\/?page_id=2187#breadcrumb\"},\"inLanguage\":\"pl-PL\",\"potentialAction\":[{\"@type\":\"ReadAction\",\"target\":[\"https:\/\/www.mopskrasnystaw.pl\/?page_id=2187\"]}]},{\"@type\":\"BreadcrumbList\",\"@id\":\"https:\/\/www.mopskrasnystaw.pl\/?page_id=2187#breadcrumb\",\"itemListElement\":[{\"@type\":\"ListItem\",\"position\":1,\"name\":\"Strona g\u0142\u00f3wna\",\"item\":\"https:\/\/www.mopskrasnystaw.pl\/\"},{\"@type\":\"ListItem\",\"position\":2,\"name\":\"Miejski Zesp\u00f3\u0142 Interdyscyplinarny &#8211; Informacje og\u00f3lne\"}]}]}<\/script>\n<!-- \/ Yoast SEO plugin. -->","yoast_head_json":{"title":"Miejski Zesp\u00f3\u0142 Interdyscyplinarny - Informacje og\u00f3lne - MOPS Krasnystaw","robots":{"index":"index","follow":"follow","max-snippet":"max-snippet:-1","max-image-preview":"max-image-preview:large","max-video-preview":"max-video-preview:-1"},"canonical":"https:\/\/www.mopskrasnystaw.pl\/?page_id=2187","og_locale":"pl_PL","og_type":"article","og_title":"Miejski Zesp\u00f3\u0142 Interdyscyplinarny - Informacje og\u00f3lne - MOPS Krasnystaw","og_description":"Miejski Zesp\u00f3\u0142 Interdyscyplinarny w Krasnymstawie W dniu 1 sierpnia 2010 roku wesz\u0142a w \u017cycie nowelizacja ustawy o przeciwdzia\u0142aniu przemocy w rodzinie. Nowelizacja ustawy na\u0142o\u017cy\u0142a na gmin\u0119 obowi\u0105zek powo\u0142ania Zespo\u0142u Interdyscyplinarnego. Od 15 marca 2011 roku na terenie Miasta Krasnystaw funkcjonuje Miejski Zesp\u00f3\u0142 Interdyscyplinarny w Krasnymstawie powo\u0142any Zarz\u0105dzeniem Burmistrza Krasnegostawu nr 26, w kt\u00f3rym okre\u015blony jest [&hellip;]","og_url":"https:\/\/www.mopskrasnystaw.pl\/?page_id=2187","og_site_name":"MOPS Krasnystaw","twitter_card":"summary_large_image","twitter_misc":{"Szacowany czas czytania":"3 minuty"},"schema":{"@context":"https:\/\/schema.org","@graph":[{"@type":"WebSite","@id":"https:\/\/www.mopskrasnystaw.pl\/#website","url":"https:\/\/www.mopskrasnystaw.pl\/","name":"MOPS Krasnystaw","description":"","potentialAction":[{"@type":"SearchAction","target":{"@type":"EntryPoint","urlTemplate":"https:\/\/www.mopskrasnystaw.pl\/?s={search_term_string}"},"query-input":"required name=search_term_string"}],"inLanguage":"pl-PL"},{"@type":"WebPage","@id":"https:\/\/www.mopskrasnystaw.pl\/?page_id=2187#webpage","url":"https:\/\/www.mopskrasnystaw.pl\/?page_id=2187","name":"Miejski Zesp\u00f3\u0142 Interdyscyplinarny - Informacje og\u00f3lne - MOPS Krasnystaw","isPartOf":{"@id":"https:\/\/www.mopskrasnystaw.pl\/#website"},"datePublished":"2021-03-03T13:35:28+00:00","dateModified":"2021-03-03T13:35:28+00:00","breadcrumb":{"@id":"https:\/\/www.mopskrasnystaw.pl\/?page_id=2187#breadcrumb"},"inLanguage":"pl-PL","potentialAction":[{"@type":"ReadAction","target":["https:\/\/www.mopskrasnystaw.pl\/?page_id=2187"]}]},{"@type":"BreadcrumbList","@id":"https:\/\/www.mopskrasnystaw.pl\/?page_id=2187#breadcrumb","itemListElement":[{"@type":"ListItem","position":1,"name":"Strona g\u0142\u00f3wna","item":"https:\/\/www.mopskrasnystaw.pl\/"},{"@type":"ListItem","position":2,"name":"Miejski Zesp\u00f3\u0142 Interdyscyplinarny &#8211; Informacje og\u00f3lne"}]}]}},"_links":{"self":[{"href":"https:\/\/www.mopskrasnystaw.pl\/index.php?rest_route=\/wp\/v2\/pages\/2187"}],"collection":[{"href":"https:\/\/www.mopskrasnystaw.pl\/index.php?rest_route=\/wp\/v2\/pages"}],"about":[{"href":"https:\/\/www.mopskrasnystaw.pl\/index.php?rest_route=\/wp\/v2\/types\/page"}],"author":[{"embeddable":true,"href":"https:\/\/www.mopskrasnystaw.pl\/index.php?rest_route=\/wp\/v2\/users\/1"}],"replies":[{"embeddable":true,"href":"https:\/\/www.mopskrasnystaw.pl\/index.php?rest_route=%2Fwp%2Fv2%2Fcomments&post=2187"}],"version-history":[{"count":0,"href":"https:\/\/www.mopskrasnystaw.pl\/index.php?rest_route=\/wp\/v2\/pages\/2187\/revisions"}],"wp:attachment":[{"href":"https:\/\/www.mopskrasnystaw.pl\/index.php?rest_route=%2Fwp%2Fv2%2Fmedia&parent=2187"}],"curies":[{"name":"wp","href":"https:\/\/api.w.org\/{rel}","templated":true}]}}