{"id":2181,"date":"2021-03-03T13:31:47","date_gmt":"2021-03-03T13:31:47","guid":{"rendered":"http:\/\/www.mopskrasnystaw.pl\/?page_id=2181"},"modified":"2024-01-04T08:32:02","modified_gmt":"2024-01-04T08:32:02","slug":"dodatki-energetyczne","status":"publish","type":"page","link":"https:\/\/www.mopskrasnystaw.pl\/?page_id=2181","title":{"rendered":"Dodatki energetyczne"},"content":{"rendered":"\n<p>Miejski O\u015brodek Pomocy Spo\u0142ecznej w Krasnymstawie informuje, \u017ce na podstawie art. 57 ustawy z dnia 15 grudnia 2022r. o szczeg\u00f3lnej ochronie niekt\u00f3rych odbiorc\u00f3w paliw gazowych w 2023r. w zwi\u0105zku z sytuacj\u0105 na rynku gazu, rozpatrywanie wniosk\u00f3w o dodatek energetyczny pozostaje zawieszone <strong>do 31 grudnia 2023 roku.<\/strong><\/p>\n\n\n\n<p>W zwi\u0105zku ze zmian\u0105 ustawy z dnia 26 lipca 2013r. Prawo energetyczne oraz niekt\u00f3rych innych ustaw (Dz.U. z 2018r., poz. 755) od dnia 1 stycznia 2014r. odbiorcy wra\u017cliwemu energii elektrycznej przys\u0142uguje dodatek energetyczny.<br>Odbiorca wra\u017cliwy energii elektrycznej jest to osoba pobieraj\u0105ca dodatek mieszkaniowy, kt\u00f3ra jest stron\u0105 umowy kompleksowej lub umowy sprzeda\u017cy energii elektrycznej i zamieszkuje w miejscu dostarczania energii elektrycznej.<\/p>\n\n\n\n<p>Zgodnie z Obwieszczeniem Ministra Gospodarki z dnia 16 kwietnia 2021r. (M.P. z 2021r., poz. 393) wysoko\u015b\u0107 dodatku energetycznego obowi\u0105zuj\u0105ca od dnia 1 maja 2021r. do 30 kwietnia 2022r. dla gospodarstwa:<\/p>\n\n\n\n<p>1) prowadzonego przez osob\u0119 samotn\u0105 wynosi &#8211; 12,09 z\u0142 miesi\u0119cznie<br>2) sk\u0142adaj\u0105cego si\u0119 z 2 do 4 os\u00f3b wynosi \u2013 16,79 z\u0142 miesi\u0119cznie<br>3) sk\u0142adaj\u0105cego si\u0119 z co najmniej 5 os\u00f3b wynosi \u2013 20,15 z\u0142 miesi\u0119cznie<\/p>\n\n\n\n<div class=\"wp-block-file\"><a id=\"wp-block-file--media-6edc1d2d-b57d-47cc-9466-5a727a2a933e\" href=\"https:\/\/www.mopskrasnystaw.pl\/wp-content\/uploads\/2024\/01\/wniosek.pdf\">Wniosek<\/a><\/div>\n\n\n\n<div class=\"wp-block-file\"><a id=\"wp-block-file--media-bbc892e1-e158-4d03-ab48-1c2b3fcd6f09\" href=\"https:\/\/www.mopskrasnystaw.pl\/wp-content\/uploads\/2024\/01\/Klauzula-RODO.pdf\">Klauzula RODO<\/a><\/div>\n\n\n\n<div class=\"wp-block-file\"><a id=\"wp-block-file--media-7093319a-0e77-43c3-85db-d3977ec3d1ce\" href=\"https:\/\/www.mopskrasnystaw.pl\/wp-content\/uploads\/2024\/01\/OSWIADCZENIE_zgoda-na-przetwarzanie-danych-1.pdf\">O\u015aWIADCZENIE<\/a><\/div>\n","protected":false},"excerpt":{"rendered":"<p>Miejski O\u015brodek Pomocy Spo\u0142ecznej w Krasnymstawie informuje, \u017ce na podstawie art. 57 ustawy z dnia 15 grudnia 2022r. o szczeg\u00f3lnej ochronie niekt\u00f3rych odbiorc\u00f3w paliw gazowych w 2023r. w zwi\u0105zku z sytuacj\u0105 na rynku gazu, rozpatrywanie wniosk\u00f3w o dodatek energetyczny pozostaje zawieszone do 31 grudnia 2023 roku. W zwi\u0105zku ze zmian\u0105 ustawy z dnia 26 lipca [&hellip;]<\/p>\n","protected":false},"author":1,"featured_media":0,"parent":0,"menu_order":0,"comment_status":"closed","ping_status":"closed","template":"","meta":[],"yoast_head":"<!-- This site is optimized with the Yoast SEO plugin v19.0 - https:\/\/yoast.com\/wordpress\/plugins\/seo\/ -->\n<title>Dodatki energetyczne - MOPS Krasnystaw<\/title>\n<meta name=\"robots\" content=\"index, follow, max-snippet:-1, max-image-preview:large, max-video-preview:-1\" \/>\n<link rel=\"canonical\" href=\"https:\/\/www.mopskrasnystaw.pl\/?page_id=2181\" \/>\n<meta property=\"og:locale\" content=\"pl_PL\" \/>\n<meta property=\"og:type\" content=\"article\" \/>\n<meta property=\"og:title\" content=\"Dodatki energetyczne - MOPS Krasnystaw\" \/>\n<meta property=\"og:description\" content=\"Miejski O\u015brodek Pomocy Spo\u0142ecznej w Krasnymstawie informuje, \u017ce na podstawie art. 57 ustawy z dnia 15 grudnia 2022r. o szczeg\u00f3lnej ochronie niekt\u00f3rych odbiorc\u00f3w paliw gazowych w 2023r. w zwi\u0105zku z sytuacj\u0105 na rynku gazu, rozpatrywanie wniosk\u00f3w o dodatek energetyczny pozostaje zawieszone do 31 grudnia 2023 roku. W zwi\u0105zku ze zmian\u0105 ustawy z dnia 26 lipca [&hellip;]\" \/>\n<meta property=\"og:url\" content=\"https:\/\/www.mopskrasnystaw.pl\/?page_id=2181\" \/>\n<meta property=\"og:site_name\" content=\"MOPS Krasnystaw\" \/>\n<meta property=\"article:modified_time\" content=\"2024-01-04T08:32:02+00:00\" \/>\n<meta name=\"twitter:card\" content=\"summary_large_image\" \/>\n<meta name=\"twitter:label1\" content=\"Szacowany czas czytania\" \/>\n\t<meta name=\"twitter:data1\" content=\"2 minuty\" \/>\n<script type=\"application\/ld+json\" class=\"yoast-schema-graph\">{\"@context\":\"https:\/\/schema.org\",\"@graph\":[{\"@type\":\"WebSite\",\"@id\":\"https:\/\/www.mopskrasnystaw.pl\/#website\",\"url\":\"https:\/\/www.mopskrasnystaw.pl\/\",\"name\":\"MOPS Krasnystaw\",\"description\":\"\",\"potentialAction\":[{\"@type\":\"SearchAction\",\"target\":{\"@type\":\"EntryPoint\",\"urlTemplate\":\"https:\/\/www.mopskrasnystaw.pl\/?s={search_term_string}\"},\"query-input\":\"required name=search_term_string\"}],\"inLanguage\":\"pl-PL\"},{\"@type\":\"WebPage\",\"@id\":\"https:\/\/www.mopskrasnystaw.pl\/?page_id=2181#webpage\",\"url\":\"https:\/\/www.mopskrasnystaw.pl\/?page_id=2181\",\"name\":\"Dodatki energetyczne - MOPS Krasnystaw\",\"isPartOf\":{\"@id\":\"https:\/\/www.mopskrasnystaw.pl\/#website\"},\"datePublished\":\"2021-03-03T13:31:47+00:00\",\"dateModified\":\"2024-01-04T08:32:02+00:00\",\"breadcrumb\":{\"@id\":\"https:\/\/www.mopskrasnystaw.pl\/?page_id=2181#breadcrumb\"},\"inLanguage\":\"pl-PL\",\"potentialAction\":[{\"@type\":\"ReadAction\",\"target\":[\"https:\/\/www.mopskrasnystaw.pl\/?page_id=2181\"]}]},{\"@type\":\"BreadcrumbList\",\"@id\":\"https:\/\/www.mopskrasnystaw.pl\/?page_id=2181#breadcrumb\",\"itemListElement\":[{\"@type\":\"ListItem\",\"position\":1,\"name\":\"Strona g\u0142\u00f3wna\",\"item\":\"https:\/\/www.mopskrasnystaw.pl\/\"},{\"@type\":\"ListItem\",\"position\":2,\"name\":\"Dodatki energetyczne\"}]}]}<\/script>\n<!-- \/ Yoast SEO plugin. -->","yoast_head_json":{"title":"Dodatki energetyczne - MOPS Krasnystaw","robots":{"index":"index","follow":"follow","max-snippet":"max-snippet:-1","max-image-preview":"max-image-preview:large","max-video-preview":"max-video-preview:-1"},"canonical":"https:\/\/www.mopskrasnystaw.pl\/?page_id=2181","og_locale":"pl_PL","og_type":"article","og_title":"Dodatki energetyczne - MOPS Krasnystaw","og_description":"Miejski O\u015brodek Pomocy Spo\u0142ecznej w Krasnymstawie informuje, \u017ce na podstawie art. 57 ustawy z dnia 15 grudnia 2022r. o szczeg\u00f3lnej ochronie niekt\u00f3rych odbiorc\u00f3w paliw gazowych w 2023r. w zwi\u0105zku z sytuacj\u0105 na rynku gazu, rozpatrywanie wniosk\u00f3w o dodatek energetyczny pozostaje zawieszone do 31 grudnia 2023 roku. W zwi\u0105zku ze zmian\u0105 ustawy z dnia 26 lipca [&hellip;]","og_url":"https:\/\/www.mopskrasnystaw.pl\/?page_id=2181","og_site_name":"MOPS Krasnystaw","article_modified_time":"2024-01-04T08:32:02+00:00","twitter_card":"summary_large_image","twitter_misc":{"Szacowany czas czytania":"2 minuty"},"schema":{"@context":"https:\/\/schema.org","@graph":[{"@type":"WebSite","@id":"https:\/\/www.mopskrasnystaw.pl\/#website","url":"https:\/\/www.mopskrasnystaw.pl\/","name":"MOPS Krasnystaw","description":"","potentialAction":[{"@type":"SearchAction","target":{"@type":"EntryPoint","urlTemplate":"https:\/\/www.mopskrasnystaw.pl\/?s={search_term_string}"},"query-input":"required name=search_term_string"}],"inLanguage":"pl-PL"},{"@type":"WebPage","@id":"https:\/\/www.mopskrasnystaw.pl\/?page_id=2181#webpage","url":"https:\/\/www.mopskrasnystaw.pl\/?page_id=2181","name":"Dodatki energetyczne - MOPS Krasnystaw","isPartOf":{"@id":"https:\/\/www.mopskrasnystaw.pl\/#website"},"datePublished":"2021-03-03T13:31:47+00:00","dateModified":"2024-01-04T08:32:02+00:00","breadcrumb":{"@id":"https:\/\/www.mopskrasnystaw.pl\/?page_id=2181#breadcrumb"},"inLanguage":"pl-PL","potentialAction":[{"@type":"ReadAction","target":["https:\/\/www.mopskrasnystaw.pl\/?page_id=2181"]}]},{"@type":"BreadcrumbList","@id":"https:\/\/www.mopskrasnystaw.pl\/?page_id=2181#breadcrumb","itemListElement":[{"@type":"ListItem","position":1,"name":"Strona g\u0142\u00f3wna","item":"https:\/\/www.mopskrasnystaw.pl\/"},{"@type":"ListItem","position":2,"name":"Dodatki energetyczne"}]}]}},"_links":{"self":[{"href":"https:\/\/www.mopskrasnystaw.pl\/index.php?rest_route=\/wp\/v2\/pages\/2181"}],"collection":[{"href":"https:\/\/www.mopskrasnystaw.pl\/index.php?rest_route=\/wp\/v2\/pages"}],"about":[{"href":"https:\/\/www.mopskrasnystaw.pl\/index.php?rest_route=\/wp\/v2\/types\/page"}],"author":[{"embeddable":true,"href":"https:\/\/www.mopskrasnystaw.pl\/index.php?rest_route=\/wp\/v2\/users\/1"}],"replies":[{"embeddable":true,"href":"https:\/\/www.mopskrasnystaw.pl\/index.php?rest_route=%2Fwp%2Fv2%2Fcomments&post=2181"}],"version-history":[{"count":3,"href":"https:\/\/www.mopskrasnystaw.pl\/index.php?rest_route=\/wp\/v2\/pages\/2181\/revisions"}],"predecessor-version":[{"id":4620,"href":"https:\/\/www.mopskrasnystaw.pl\/index.php?rest_route=\/wp\/v2\/pages\/2181\/revisions\/4620"}],"wp:attachment":[{"href":"https:\/\/www.mopskrasnystaw.pl\/index.php?rest_route=%2Fwp%2Fv2%2Fmedia&parent=2181"}],"curies":[{"name":"wp","href":"https:\/\/api.w.org\/{rel}","templated":true}]}}