{"id":2169,"date":"2021-03-03T13:25:53","date_gmt":"2021-03-03T13:25:53","guid":{"rendered":"http:\/\/www.mopskrasnystaw.pl\/?page_id=2169"},"modified":"2022-07-05T09:52:14","modified_gmt":"2022-07-05T09:52:14","slug":"program-za-zyciem","status":"publish","type":"page","link":"https:\/\/www.mopskrasnystaw.pl\/?page_id=2169","title":{"rendered":"Program &#8222;Za \u017cyciem&#8221;"},"content":{"rendered":"\n<p>Od 1 stycznia 2017 r., z tytu\u0142u urodzenia si\u0119 \u017cywego dziecka u kt\u00f3rego zdiagnozowano ci\u0119\u017ckie i nieodwracalne upo\u015bledzenie albo nieuleczaln\u0105 chorob\u0105 zagra\u017caj\u0105c\u0105 \u017cyciu, kt\u00f3re powsta\u0142o w prenatalnym okresie rozwoju dziecka lub w czasie porodu przys\u0142uguje prawo do jednorazowego \u015bwiadczenia w wysoko\u015bci 4000 z\u0142, przyznawanego na podstawie przepis\u00f3w ustawy z dnia 4 listopada 2016 r. o wsparciu kobiet w ci\u0105\u017cy i rodzin \u201eZa \u017cyciem\u201d (Dz. U. z 2016, poz. 1860).<\/p>\n\n\n\n<p><strong>Jednorazowe \u015bwiadczenie przys\u0142uguje bez wzgl\u0119du na osi\u0105gane dochody.<\/strong><\/p>\n\n\n\n<p><em>Aby uzyska\u0107 jednorazowe \u015bwiadczenie, konieczne jest spe\u0142nienie kilku warunk\u00f3w.<\/em><\/p>\n\n\n\n<p>Zgodnie z art. 10 ust. 4 ustawy o wsparciu kobiet w ci\u0105\u017cy i rodzin \u201eZa \u017cyciem\u201d, wniosek o wyp\u0142at\u0119 jednorazowego \u015bwiadczenia&nbsp;<strong>nale\u017cy z\u0142o\u017cy\u0107 w terminie 12 miesi\u0119cy od dnia narodzin dziecka.<\/strong>&nbsp;Wniosek z\u0142o\u017cony po terminie zostanie pozostawiony bez rozpoznania<\/p>\n\n\n\n<p>Ww. ustawa, nie ogranicza prawa do jednorazowego \u015bwiadczenia tylko do dzieci urodzonych po 31 grudnia 2016 r. Jednorazowe \u015bwiadczenie przys\u0142uguje r\u00f3wnie\u017c na dzieci urodzone w 2016 r., je\u017celi wniosek zostanie z\u0142o\u017cony w terminie 12 miesi\u0119cy od dnia urodzenia dziecka.<\/p>\n\n\n\n<p>Termin 12 miesi\u0119cy na z\u0142o\u017cenie wniosku dla dziecka urodzonego np. 5 maja 2016 r. up\u0142ynie 5 maja 2017 r., dla dziecka urodzonego 10 marca 2017 r. up\u0142ynie 10 marca 2018 r., itd.<\/p>\n\n\n\n<p>Zgodnie z ustaw\u0105 niezb\u0119dnym warunkiem do przyznania \u015bwiadczenia jest posiadanie&nbsp;<strong>za\u015bwiadczenia lekarskiego<\/strong>, potwierdzaj\u0105cego ci\u0119\u017ckie i nieodwracalne upo\u015bledzenia albo nieuleczaln\u0105 chorob\u0119 zagra\u017caj\u0105c\u0105 \u017cyciu, kt\u00f3re powsta\u0142y w prenatalnym okresie rozwoju dziecka lub w czasie porodu. Za\u015bwiadczenie takie powinno by\u0107 wystawionego przez lekarza;<\/p>\n\n\n\n<p>z kt\u00f3rym Narodowy Fundusz Zdrowia zawar\u0142 umow\u0119 o udzielanie \u015bwiadcze\u0144 opieki zdrowotnej, albo lekarza, kt\u00f3ry jest zatrudniony lub wykonuje zaw\u00f3d w przychodni, z kt\u00f3r\u0105 NFZ zawar\u0142 umow\u0119 o udzielanie \u015bwiadcze\u0144 opieki zdrowotnej,<\/p>\n\n\n\n<p>posiadaj\u0105cego specjalizacj\u0119 II stopnia lub tytu\u0142 specjalisty w dziedzinie: po\u0142o\u017cnictwa i ginekologii, perinatologii lub neonatologii.<\/p>\n\n\n\n<p>Obowi\u0105zuj\u0105ce przepisy nie przewiduj\u0105 sformalizowanego wzoru takiego za\u015bwiadczenia.<\/p>\n\n\n\n<p><strong>Zatem za\u015bwiadczenie lekarskie<\/strong>&nbsp;uprawniaj\u0105ce do jednorazowego \u015bwiadczenia z tytu\u0142u urodzenia dziecka zgodnie z art. 4 ust. 2 pkt 2 ww. ustawy&nbsp;<strong>powinno zawiera\u0107<\/strong>:<\/p>\n\n\n\n<p>literalnie zapis: &#8221;&nbsp;<strong>u dziecka zdiagnozowano:<\/strong><\/p>\n\n\n\n<p><strong>ci\u0119\u017ckie i nieodwracalne upo\u015bledzenie powsta\u0142e w prenatalnym okresie rozwoju dziecka lub w czasie porodu,<\/strong><\/p>\n\n\n\n<p><strong>albo<\/strong><\/p>\n\n\n\n<p><strong>nieuleczaln\u0105 chorob\u0119 zagra\u017caj\u0105c\u0105 jego \u017cyciu powsta\u0142\u0105 w prenatalnym okresie rozwoju dziecka lub w czasie porodu.&#8221;<\/strong><\/p>\n\n\n\n<p>piecz\u0105tk\u0119 i podpis lekarza ubezpieczenia zdrowotnego posiadaj\u0105cego specjalizacj\u0119 II stopnia lub tytu\u0142 specjalisty w dziedzinie: po\u0142o\u017cnictwa i ginekologii, perinatologii lub neonatologii,<\/p>\n\n\n\n<p>piecz\u0105tk\u0119 zak\u0142adu opieki zdrowotnej.<\/p>\n\n\n\n<p>Ponadto, podobnie jak w przypadku jednorazowej zapomogi z tytu\u0142u urodzenia dziecka (tzw. becikowego), jednorazowe \u015bwiadczenie przys\u0142ugiwa\u0107 b\u0119dzie tylko w sytuacji,&nbsp;<strong>gdy matka dziecka pozostawa\u0142a pod opiek\u0105 medyczn\u0105 nie p\u00f3\u017aniej ni\u017c od 10 tygodnia ci\u0105\u017cy do dnia porodu.<\/strong><\/p>\n\n\n\n<p>Fakt ten nale\u017cy potwierdzi\u0107 odpowiednim za\u015bwiadczeniem lekarskim lub za\u015bwiadczeniem wystawionym przez po\u0142o\u017cn\u0105. Wz\u00f3r tego za\u015bwiadczenia okre\u015blony jest w rozporz\u0105dzeniu Ministra Zdrowia z dnia 14 wrze\u015bnia 2010 r. w sprawie formy opieki medycznej nad kobieta w ci\u0105\u017cy, uprawniaj\u0105cej do dodatku z tytu\u0142u urodzenia dziecka oraz wzoru za\u015bwiadczenia potwierdzaj\u0105cego pozostawanie pod ta opiek\u0105 (Dz. U. z 2010 r., Nr 183, poz. 1234).<\/p>\n\n\n\n<p>Istotne jest, \u017ce&nbsp;<strong>wym\u00f3g legitymowania si\u0119 za\u015bwiadczeniemo pozostawaniu pod opiek\u0105 medyczn\u0105 nie p\u00f3\u017aniej ni\u017c od 10 tygodnia ci\u0105\u017cy do dnia porodu, nie dotyczy opiekuna prawnego, opiekuna faktycznego i osoby, kt\u00f3ra przysposobi\u0142a dziecko.<\/strong><\/p>\n\n\n\n<p><strong>Jednorazowe \u015bwiadczenie nie przys\u0142uguje w przypadku urodzenia martwego dziecka.<\/strong><\/p>\n\n\n\n<p>Ponadto, otrzymane jednorazowe \u015bwiadczenie nie wlicza si\u0119 do dochodu przy ustalaniu prawa do innych \u015bwiadcze\u0144, w tym do \u015bwiadcze\u0144 z pomocy spo\u0142ecznej, \u015bwiadcze\u0144 rodzinnych, \u015bwiadczenia wychowawczego oraz \u015bwiadcze\u0144 z funduszu alimentacyjnego.<\/p>\n\n\n\n<p><strong>Jednorazowe \u015bwiadczenie, nie podlega r\u00f3wnie\u017c egzekucji ani opodatkowaniu podatkiem dochodowym od os\u00f3b fizycznych.<\/strong><\/p>\n\n\n\n<p>Zgodnie z art. 2 ust. 2 ww. ustawy, z wnioskiem o jednorazowe \u015bwiadczenie, b\u0119dzie mog\u0142a wyst\u0105pi\u0107:&nbsp;<strong>matka, ojciec, a tak\u017ce opiekun prawny albo opiekun faktyczny<\/strong>&nbsp;(opiekun faktyczny, to osoba faktycznie zajmuj\u0105ca si\u0119 dzieckiem, je\u015bli wyst\u0105pi\u0142a do s\u0105du z wnioskiem o przysposobienie dziecka),<\/p>\n\n\n\n<p>Wniosek o jednorazowe \u015bwiadczenie z tytu\u0142u urodzenia dziecka&nbsp;<strong>nale\u017cy z\u0142o\u017cy\u0107 w urz\u0119dzie miasta\/gminy lub o\u015brodku pomocy spo\u0142ecznej w miejscu zamieszkania<\/strong><\/p>\n\n\n\n<p><strong>Osoby zamieszkuj\u0105ce na terenie miasta Krasnystaw powinny sk\u0142ada\u0107 wnioski wraz z kompletem dokument\u00f3w w Miejskim O\u015brodku Pomocy Spo\u0142ecznej w Krasnymstawie<\/strong><br><strong>ul. Pi\u0142sudskiego 9, pok\u00f3j 1 i 2 (parter).<\/strong><\/p>\n\n\n\n<p><strong>od poniedzia\u0142ku do pi\u0105tku w godz. 8.00 &#8211; 15.00,<\/strong><\/p>\n\n\n\n<p><strong>Kontakt telefoniczny pod nr tel. 82 576 23 24 (wew. 105 lub 123).<\/strong><\/p>\n\n\n\n<p>Do pobrania<\/p>\n\n\n\n<p><a href=\"https:\/\/www.mopskrasnystaw.pl\/wp-content\/uploads\/2017\/01\/wniosek_zazyciem.pdf\">\u00b7\u00a0wniosek o ustalenie prawa do jednorazowego \u015bwiadczenia z tytu\u0142u urodzenia si\u0119 dziecka, u kt\u00f3rego zdiagnozowano ci\u0119\u017ckie i nieodwracalne upo\u015bledzenie albo nieuleczaln\u0105 chorob\u0119 zagra\u017caj\u0105c\u0105 \u017cyciu, kt\u00f3re powsta\u0142y w prenatalnym okresie rozwoju dziecka lub w czasie porodu<\/a><\/p>\n\n\n\n<p><a href=\"https:\/\/www.mopskrasnystaw.pl\/wp-content\/uploads\/2017\/01\/zaswiadczenie.pdf\">\u00b7\u00a0za\u015bwiadczenie lekarskie potwierdzaj\u0105ce pozostawanie kobiety pod opiek\u0105 medyczn\u0105 nie p\u00f3\u017aniej ni\u017c od 10 tygodnia ci\u0105\u017cy do porodu<\/a><\/p>\n\n\n\n<p>Dokumenty<\/p>\n\n\n\n<p>\u00b7&nbsp;<a href=\"http:\/\/www.mpips.gov.pl\/wsparcie-dla-rodzin-z-dziecmi\/swiadczenia-rodzinne\/komunikaty-dotyczace-swiadczen-rodzinnych\/informator-za-zyciem\/\" target=\"_blank\" rel=\"noopener noreferrer\">Informator MRPiPS dot. Programu &#8222;Za \u017cyciem&#8221;<\/a><\/p>\n\n\n\n<p>\u00b7&nbsp;<a href=\"http:\/\/dziennikustaw.gov.pl\/du\/2016\/1860\" target=\"_blank\" rel=\"noopener noreferrer\">Ustawa z dnia 4 listopada 2016r. o wsparciu kobiet w ci\u0105\u017cy i rodzin &#8222;Za \u017cyciem&#8221;<\/a><\/p>\n\n\n\n<p><a href=\"http:\/\/dziennikustaw.gov.pl\/du\/2016\/2234\" target=\"_blank\" rel=\"noopener noreferrer\">\u00b7 Rozporz\u0105dzenie Ministra Rodziny, Pracy i Polityki Spo\u0142ecznej z dnia 21 grudnia 2016 r. w sprawie wzoru wniosku o jednorazowe \u015bwiadczenie z tytu\u0142u urodzenia si\u0119 dziecka, u kt\u00f3rego zdiagnozowano ci\u0119\u017ckie i nieodwracalne upo\u015bledzenie albo nieuleczaln\u0105 chorob\u0119 zagra\u017caj\u0105c\u0105 \u017cyciu, kt\u00f3re powsta\u0142y w prenatalnym okresie rozwoju dziecka lub w czasie porodu<\/a><\/p>\n\n\n\n<p><a href=\"http:\/\/monitorpolski.gov.pl\/mp\/2016\/1250\" target=\"_blank\" rel=\"noopener noreferrer\">Uchwa\u0142a nr 160 Rady Ministr\u00f3w z dnia 20 grudnia 2016r. w sprawie programu kompleksowego wsparcia dla rodzin &#8222;Za \u017cyciem&#8221;<\/a><\/p>\n","protected":false},"excerpt":{"rendered":"<p>Od 1 stycznia 2017 r., z tytu\u0142u urodzenia si\u0119 \u017cywego dziecka u kt\u00f3rego zdiagnozowano ci\u0119\u017ckie i nieodwracalne upo\u015bledzenie albo nieuleczaln\u0105 chorob\u0105 zagra\u017caj\u0105c\u0105 \u017cyciu, kt\u00f3re powsta\u0142o w prenatalnym okresie rozwoju dziecka lub w czasie porodu przys\u0142uguje prawo do jednorazowego \u015bwiadczenia w wysoko\u015bci 4000 z\u0142, przyznawanego na podstawie przepis\u00f3w ustawy z dnia 4 listopada 2016 r. o [&hellip;]<\/p>\n","protected":false},"author":1,"featured_media":0,"parent":0,"menu_order":0,"comment_status":"closed","ping_status":"closed","template":"","meta":[],"yoast_head":"<!-- This site is optimized with the Yoast SEO plugin v19.0 - https:\/\/yoast.com\/wordpress\/plugins\/seo\/ -->\n<title>Program &quot;Za \u017cyciem&quot; - MOPS Krasnystaw<\/title>\n<meta name=\"robots\" content=\"index, follow, max-snippet:-1, max-image-preview:large, max-video-preview:-1\" \/>\n<link rel=\"canonical\" href=\"https:\/\/www.mopskrasnystaw.pl\/?page_id=2169\" \/>\n<meta property=\"og:locale\" content=\"pl_PL\" \/>\n<meta property=\"og:type\" content=\"article\" \/>\n<meta property=\"og:title\" content=\"Program &quot;Za \u017cyciem&quot; - MOPS Krasnystaw\" \/>\n<meta property=\"og:description\" content=\"Od 1 stycznia 2017 r., z tytu\u0142u urodzenia si\u0119 \u017cywego dziecka u kt\u00f3rego zdiagnozowano ci\u0119\u017ckie i nieodwracalne upo\u015bledzenie albo nieuleczaln\u0105 chorob\u0105 zagra\u017caj\u0105c\u0105 \u017cyciu, kt\u00f3re powsta\u0142o w prenatalnym okresie rozwoju dziecka lub w czasie porodu przys\u0142uguje prawo do jednorazowego \u015bwiadczenia w wysoko\u015bci 4000 z\u0142, przyznawanego na podstawie przepis\u00f3w ustawy z dnia 4 listopada 2016 r. o [&hellip;]\" \/>\n<meta property=\"og:url\" content=\"https:\/\/www.mopskrasnystaw.pl\/?page_id=2169\" \/>\n<meta property=\"og:site_name\" content=\"MOPS Krasnystaw\" \/>\n<meta property=\"article:modified_time\" content=\"2022-07-05T09:52:14+00:00\" \/>\n<meta name=\"twitter:card\" content=\"summary_large_image\" \/>\n<meta name=\"twitter:label1\" content=\"Szacowany czas czytania\" \/>\n\t<meta name=\"twitter:data1\" content=\"5 minut\" \/>\n<script type=\"application\/ld+json\" class=\"yoast-schema-graph\">{\"@context\":\"https:\/\/schema.org\",\"@graph\":[{\"@type\":\"WebSite\",\"@id\":\"https:\/\/www.mopskrasnystaw.pl\/#website\",\"url\":\"https:\/\/www.mopskrasnystaw.pl\/\",\"name\":\"MOPS Krasnystaw\",\"description\":\"\",\"potentialAction\":[{\"@type\":\"SearchAction\",\"target\":{\"@type\":\"EntryPoint\",\"urlTemplate\":\"https:\/\/www.mopskrasnystaw.pl\/?s={search_term_string}\"},\"query-input\":\"required name=search_term_string\"}],\"inLanguage\":\"pl-PL\"},{\"@type\":\"WebPage\",\"@id\":\"https:\/\/www.mopskrasnystaw.pl\/?page_id=2169#webpage\",\"url\":\"https:\/\/www.mopskrasnystaw.pl\/?page_id=2169\",\"name\":\"Program \\\"Za \u017cyciem\\\" - MOPS Krasnystaw\",\"isPartOf\":{\"@id\":\"https:\/\/www.mopskrasnystaw.pl\/#website\"},\"datePublished\":\"2021-03-03T13:25:53+00:00\",\"dateModified\":\"2022-07-05T09:52:14+00:00\",\"breadcrumb\":{\"@id\":\"https:\/\/www.mopskrasnystaw.pl\/?page_id=2169#breadcrumb\"},\"inLanguage\":\"pl-PL\",\"potentialAction\":[{\"@type\":\"ReadAction\",\"target\":[\"https:\/\/www.mopskrasnystaw.pl\/?page_id=2169\"]}]},{\"@type\":\"BreadcrumbList\",\"@id\":\"https:\/\/www.mopskrasnystaw.pl\/?page_id=2169#breadcrumb\",\"itemListElement\":[{\"@type\":\"ListItem\",\"position\":1,\"name\":\"Strona g\u0142\u00f3wna\",\"item\":\"https:\/\/www.mopskrasnystaw.pl\/\"},{\"@type\":\"ListItem\",\"position\":2,\"name\":\"Program &#8222;Za \u017cyciem&#8221;\"}]}]}<\/script>\n<!-- \/ Yoast SEO plugin. -->","yoast_head_json":{"title":"Program \"Za \u017cyciem\" - MOPS Krasnystaw","robots":{"index":"index","follow":"follow","max-snippet":"max-snippet:-1","max-image-preview":"max-image-preview:large","max-video-preview":"max-video-preview:-1"},"canonical":"https:\/\/www.mopskrasnystaw.pl\/?page_id=2169","og_locale":"pl_PL","og_type":"article","og_title":"Program \"Za \u017cyciem\" - MOPS Krasnystaw","og_description":"Od 1 stycznia 2017 r., z tytu\u0142u urodzenia si\u0119 \u017cywego dziecka u kt\u00f3rego zdiagnozowano ci\u0119\u017ckie i nieodwracalne upo\u015bledzenie albo nieuleczaln\u0105 chorob\u0105 zagra\u017caj\u0105c\u0105 \u017cyciu, kt\u00f3re powsta\u0142o w prenatalnym okresie rozwoju dziecka lub w czasie porodu przys\u0142uguje prawo do jednorazowego \u015bwiadczenia w wysoko\u015bci 4000 z\u0142, przyznawanego na podstawie przepis\u00f3w ustawy z dnia 4 listopada 2016 r. o [&hellip;]","og_url":"https:\/\/www.mopskrasnystaw.pl\/?page_id=2169","og_site_name":"MOPS Krasnystaw","article_modified_time":"2022-07-05T09:52:14+00:00","twitter_card":"summary_large_image","twitter_misc":{"Szacowany czas czytania":"5 minut"},"schema":{"@context":"https:\/\/schema.org","@graph":[{"@type":"WebSite","@id":"https:\/\/www.mopskrasnystaw.pl\/#website","url":"https:\/\/www.mopskrasnystaw.pl\/","name":"MOPS Krasnystaw","description":"","potentialAction":[{"@type":"SearchAction","target":{"@type":"EntryPoint","urlTemplate":"https:\/\/www.mopskrasnystaw.pl\/?s={search_term_string}"},"query-input":"required name=search_term_string"}],"inLanguage":"pl-PL"},{"@type":"WebPage","@id":"https:\/\/www.mopskrasnystaw.pl\/?page_id=2169#webpage","url":"https:\/\/www.mopskrasnystaw.pl\/?page_id=2169","name":"Program \"Za \u017cyciem\" - MOPS Krasnystaw","isPartOf":{"@id":"https:\/\/www.mopskrasnystaw.pl\/#website"},"datePublished":"2021-03-03T13:25:53+00:00","dateModified":"2022-07-05T09:52:14+00:00","breadcrumb":{"@id":"https:\/\/www.mopskrasnystaw.pl\/?page_id=2169#breadcrumb"},"inLanguage":"pl-PL","potentialAction":[{"@type":"ReadAction","target":["https:\/\/www.mopskrasnystaw.pl\/?page_id=2169"]}]},{"@type":"BreadcrumbList","@id":"https:\/\/www.mopskrasnystaw.pl\/?page_id=2169#breadcrumb","itemListElement":[{"@type":"ListItem","position":1,"name":"Strona g\u0142\u00f3wna","item":"https:\/\/www.mopskrasnystaw.pl\/"},{"@type":"ListItem","position":2,"name":"Program &#8222;Za \u017cyciem&#8221;"}]}]}},"_links":{"self":[{"href":"https:\/\/www.mopskrasnystaw.pl\/index.php?rest_route=\/wp\/v2\/pages\/2169"}],"collection":[{"href":"https:\/\/www.mopskrasnystaw.pl\/index.php?rest_route=\/wp\/v2\/pages"}],"about":[{"href":"https:\/\/www.mopskrasnystaw.pl\/index.php?rest_route=\/wp\/v2\/types\/page"}],"author":[{"embeddable":true,"href":"https:\/\/www.mopskrasnystaw.pl\/index.php?rest_route=\/wp\/v2\/users\/1"}],"replies":[{"embeddable":true,"href":"https:\/\/www.mopskrasnystaw.pl\/index.php?rest_route=%2Fwp%2Fv2%2Fcomments&post=2169"}],"version-history":[{"count":1,"href":"https:\/\/www.mopskrasnystaw.pl\/index.php?rest_route=\/wp\/v2\/pages\/2169\/revisions"}],"predecessor-version":[{"id":4080,"href":"https:\/\/www.mopskrasnystaw.pl\/index.php?rest_route=\/wp\/v2\/pages\/2169\/revisions\/4080"}],"wp:attachment":[{"href":"https:\/\/www.mopskrasnystaw.pl\/index.php?rest_route=%2Fwp%2Fv2%2Fmedia&parent=2169"}],"curies":[{"name":"wp","href":"https:\/\/api.w.org\/{rel}","templated":true}]}}