{"id":2161,"date":"2021-03-03T13:21:57","date_gmt":"2021-03-03T13:21:57","guid":{"rendered":"http:\/\/www.mopskrasnystaw.pl\/?page_id=2161"},"modified":"2021-03-03T13:21:57","modified_gmt":"2021-03-03T13:21:57","slug":"kdr-informacje","status":"publish","type":"page","link":"https:\/\/www.mopskrasnystaw.pl\/?page_id=2161","title":{"rendered":"KDR Informacje"},"content":{"rendered":"\n<p><strong>Karta Du\u017cej Rodziny<\/strong><br>Na terenie Miasta Krasnystaw obowi\u0105zuj\u0105 dwie karty dla rodzin posiadaj\u0105cych co najmniej troje dzieci: Karta Du\u017cej Rodziny 3 Plus (lokalna) oraz Karta Du\u017cej Rodziny (og\u00f3lnopolska). Mo\u017cna posiada\u0107 obie Karty jednocze\u015bnie. W\/w karty to system zni\u017cek dla rodzin wielodzietnych. Przys\u0142uguj\u0105 niezale\u017cnie od dochodu rodziny. Prawo do Kart przys\u0142uguje rodzinie w kt\u00f3rej rodzic lub ma\u0142\u017conek rodzica albo opiekun prawny maj\u0105 na utrzymaniu co najmniej troje dzieci:<br>\u2022 w wieku do 18. roku \u017cycia,<br>\u2022 w wieku do 25. roku \u017cycia \u2013 w przypadku dzieci ucz\u0105cych si\u0119 w szkole lub szkole wy\u017cszej,<br>\u2022 bez ogranicze\u0144 wiekowych w przypadku dzieci legitymuj\u0105cych si\u0119 orzeczeniem o umiarkowanym lub znacznym stopniu niepe\u0142nosprawno\u015bci,<\/p>\n\n\n\n<p><strong>ale tylko w przypadku, gdy w chwili sk\u0142adania wniosku w rodzinie jest co najmniej troje dzieci spe\u0142niaj\u0105cych powy\u017csze warunki.<\/strong><br>Koszt wydania duplikatu KDR 3 Plus (lokalna) to 10 z\u0142.<\/p>\n\n\n\n<p>Karta Du\u017cej Rodziny (og\u00f3lnopolska) posz\u0142a krok dalej i od 1 stycznia 2019 r. o Kart\u0119 Du\u017cej Rodziny mog\u0105 ubiega\u0107 si\u0119 rodzice, kt\u00f3rzy kiedy\u015b posiadali co najmniej tr\u00f3jk\u0119 dzieci.<br>W jednym i drugim przypadku nie zosta\u0142y im zabrane prawa rodzicielskie.<\/p>\n\n\n\n<p><strong>Czym r\u00f3\u017cni si\u0119 og\u00f3lnopolska Karta Du\u017cej Rodziny od tej lokalnej?<\/strong><br>Og\u00f3lnopolska Karta Du\u017cej Rodziny jest przyznawana wszystkim uprawnionym zamieszkuj\u0105cym w Polsce bez wzgl\u0119du na to, w kt\u00f3rej gminie mieszkaj\u0105. Tylko sam fakt z\u0142o\u017cenia wniosku o Kart\u0119 jest ograniczony do gminy zamieszkania. Og\u00f3lnopolska Karta Du\u017cej Rodziny upowa\u017cnia do korzystania ze zni\u017cek na terenie ca\u0142ego kraju, a nie tylko w obr\u0119bie gminy.<br>Natomiast je\u017celi chodzi o zni\u017cki z tytu\u0142u posiadania og\u00f3lnopolskiej Karty Du\u017cej Rodziny s\u0105 one niezale\u017cne od zni\u017cek przys\u0142uguj\u0105cych w ramach program\u00f3w samorz\u0105dowych nie anuluj\u0105 ich oraz si\u0119 nie dubluj\u0105 chyba, \u017ce przedsi\u0119biorca uznaje tak\u0105 opcj\u0119. Program og\u00f3lnopolski jest odr\u0119bny od program\u00f3w samorz\u0105dowych. Posiadacz Karty decyduje, z kt\u00f3rej zni\u017cki korzysta.<\/p>\n\n\n\n<p>Samorz\u0105d Krasnegostawu wprowadzi\u0142&nbsp;<strong>Kart\u0119 Du\u017cej Rodziny 3 Plus<\/strong>&nbsp;(lokaln\u0105) na rok przed wprowadzeniem Karty Du\u017cej Rodziny (og\u00f3lnopolskiej). Celem stworzenia KDR 3 Plus(lokalnej) by\u0142o wsparcie rodzin wielodzietnych, zwi\u0119kszenie szans rozwojowych i \u017cyciowych dzieci oraz m\u0142odzie\u017cy wychowuj\u0105cej si\u0119 w rodzinach wielodzietnych z terenu Miasta Krasnystaw oraz promowanie modelu rodziny wielodzietnej i jej wizerunku. Karta Du\u017cej Rodziny 3 Plus funkcjonuje na terenie Miasta Krasnystaw od 1 stycznia 2014 r. jest przeznaczona dla wszystkich rodzin, niezale\u017cnie od dochod\u00f3w, kt\u00f3re maj\u0105 na utrzymaniu co najmniej troje dzieci do 18 roku \u017cycia, lub 25 roku \u017cycia w przypadku, gdy dziecko uczy si\u0119 lub studiuje albo legitymuje si\u0119 orzeczeniem o umiarkowanym albo znacznym stopniu niepe\u0142nosprawno\u015bci do czasu wa\u017cno\u015bci orzeczenia.<br>Karta Du\u017cej Rodziny 3 Plus przeznaczona jest dla rodzin zamieszkuj\u0105cych na terenie Miasta Krasnystaw, obejmuje tak\u017ce cz\u0142onk\u00f3w rodzin zast\u0119pczych.<br>Karta Du\u017cej Rodziny 3 Plus zgodnie z uchwa\u0142\u0105 uprawnia do:<br>&#8211; 50% zni\u017cki w op\u0142atach za pobyt dziecka w \u017b\u0142obku Miejskim,<br>&#8211; 50% zni\u017cki na zaj\u0119cia organizowane przez Miejski O\u015brodek Sportu i Rekreacji w Krasnymstawie<br>&#8211; 50% zni\u017cki na korzystanie z oferty kulturalnej Krasnostawskiego Domu Kultury<br>Bezp\u0142atnego uczestnictwa w programach pomocy \u015brodowiskowej i profilaktycznej, prowadzonych przez Miasto Krasnystaw, pierwsze\u0144stwa w programach zdrowotnych realizowanych przez Miasto Krasnystaw.<br>Do programu mog\u0105 przyst\u0105pi\u0107 przedsi\u0119biorcy oraz firmy. Przyst\u0119puj\u0105c do programu mog\u0105 pos\u0142ugiwa\u0107 si\u0119 znakiem \u201eKDR 3 PLUS\u201d<br>Do 31 sierpnia 2019 r. obs\u0142uga Karty (przyjmowanie wniosk\u00f3w i wydawanie Kart) prowadzone by\u0142o przez Urz\u0105d Miasta,<strong>&nbsp;od 1 wrze\u015bnia 2019 r.<\/strong>&nbsp;<strong>realizacja zadania zosta\u0142a przekazana do Miejskiego O\u015brodka Pomocy Spo\u0142ecznej w Krasnymstawie.<\/strong><\/p>\n\n\n\n<p>Uchwa\u0142a Nr XIV\/114\/2016 Rady Miasta Krasnystaw z dnia 25 lutego 2016 r. zmieniaj\u0105ca Uchwa\u0142\u0119 w sprawie wprowadzenia Programu &#8222;Karta Du\u017cej Rodziny 3 Plus<\/p>\n\n\n\n<p>Uchwa\u0142a Nr XXVIII\/240\/2013 Rady Miasta Krasnystaw z dnia 12 listopada 2013 r. w sprawie wprowadzenia Programu &#8222;Karta Du\u017cej Rodziny 3 Plus&#8221;<\/p>\n\n\n\n<p>Karta du\u017cej rodziny 3 Plus &#8211; informacje<\/p>\n\n\n\n<p>Pismo do przedsi\u0119biorc\u00f3w<\/p>\n\n\n\n<p>Zarz\u0105dzenie Nr 26\/2016 Burmistrza Krasnegostawu z dnia 1 marca 2016 r. w sprawie ustalenia Regulaminu przyznawania, wydawania i korzystania z &#8222;Karty Du\u017cej Rodziny 3 Plus&#8221;<\/p>\n\n\n\n<p>Wniosek o przyznanie &#8222;Karty Du\u017cej Rodziny 3 Plus&#8221; lub wydanie duplikatu &#8222;Karty Du\u017cej Rodziny 3 Plus&#8221;<\/p>\n\n\n\n<p>Katalog przys\u0142uguj\u0105cych ulg i zwolnie\u0144:<\/p>\n\n\n\n<p>SAMORZ\u0104D MIASTA:<\/p>\n\n\n\n<p>50% zni\u017cki w op\u0142atach za pobyt dziecka w \u017b\u0142obku Miejskim<\/p>\n\n\n\n<p>50% zni\u017cki na zaj\u0119cia organizowane przez Miejski O\u015brodek Sportu i Rekreacji w Krasnymstawie<\/p>\n\n\n\n<p>50% zni\u017cki na korzystanie z oferty kulturalnej Krasnostawskiego Domu Kultury<\/p>\n\n\n\n<p>PRZEDSI\u0118BIORCY:<\/p>\n\n\n\n<p>Anna Grudzi\u0144ska Zak\u0142ad Fryzjerski PCK 1<\/p>\n\n\n\n<p>Strzy\u017cenie dzieci\u0119ce rabat 20 %<\/p>\n\n\n\n<p>M\u0119skie, damskie 15 %<\/p>\n\n\n\n<p>Strzy\u017cenie z modelowaniem 10 %<\/p>\n\n\n\n<p>Trwa\u0142a ondulacja 10 %<\/p>\n\n\n\n<p>Farbowanie 10 %<\/p>\n\n\n\n<p>10% na sprzeda\u017c podr\u0119cznik\u00f3w szkolnych Przedsi\u0119biorstwo &#8222;DOM KSI\u0104\u017bKI&#8221; Sp. z o.o. i ul. Okrzei<\/p>\n\n\n\n<p>10 % rabatu na zakup odzie\u017cy damskiej, m\u0119skiej i m\u0142odzie\u017cowej w sklepie odzie\u017cowym Butik Ell ul. Ko\u015bcielna 8a Krasnystaw<br>20% zni\u017cki na korzystanie z oferty gastronomicznej Palermo<\/p>\n\n\n\n<p>5% zni\u017cki na organizacj\u0119 przyj\u0119\u0107 okoliczno\u015bciowych w Domu Weselnym IRYS<\/p>\n\n\n\n<p>15% zni\u017cki na zabiegi na cia\u0142o i twarz w Salonie Kosmetycznym \u201e\u0179r\u00f3d\u0142o pi\u0119kna i wizerunku GLAMOUR\u201d<\/p>\n\n\n\n<p>10% zni\u017cki na pozosta\u0142e zabiegi w Salonie Kosmetycznym \u201e\u0179r\u00f3d\u0142o pi\u0119kna i wizerunku GLAMOUR\u201d<\/p>\n\n\n\n<p>10% zni\u017cki na zakup pakietu Mecenas Direct, w ramach kt\u00f3rego mo\u017cna uzyska\u0107 pomoc prawn\u0105 udzielan\u0105 przez adwokat\u00f3w, radc\u00f3w prawnych i doradc\u00f3w podatkowych &#8211; AVAILO Sp. z o. o.<\/p>\n\n\n\n<p>10% zni\u017cki na zakup pakietu Mecenas Direct dla Rodziny (w ramach kt\u00f3rego mo\u017cna uzyska\u0107 pomoc prawn\u0105 udzielan\u0105 przez adwokat\u00f3w, radc\u00f3w prawnych i doradc\u00f3w podatkowych &#8211; AVAILO Sp. z o. o.<\/p>\n\n\n\n<p>Salon Fryzjerski &#8222;AMANDA&#8221; ul. PCK 3<\/p>\n\n\n\n<p>Strzy\u017cenie dzieci\u0119ce rabat 20 %<\/p>\n\n\n\n<p>M\u0119skie, damskie 10 %<\/p>\n\n\n\n<p>Zabieg nawil\u017cania w\u0142os\u00f3w 10%<\/p>\n\n\n\n<p>Trwa\u0142a ondulacja 10 %<\/p>\n\n\n\n<p>Farbowanie, balejage 10 %<\/p>\n","protected":false},"excerpt":{"rendered":"<p>Karta Du\u017cej RodzinyNa terenie Miasta Krasnystaw obowi\u0105zuj\u0105 dwie karty dla rodzin posiadaj\u0105cych co najmniej troje dzieci: Karta Du\u017cej Rodziny 3 Plus (lokalna) oraz Karta Du\u017cej Rodziny (og\u00f3lnopolska). Mo\u017cna posiada\u0107 obie Karty jednocze\u015bnie. W\/w karty to system zni\u017cek dla rodzin wielodzietnych. Przys\u0142uguj\u0105 niezale\u017cnie od dochodu rodziny. Prawo do Kart przys\u0142uguje rodzinie w kt\u00f3rej rodzic lub ma\u0142\u017conek [&hellip;]<\/p>\n","protected":false},"author":1,"featured_media":0,"parent":0,"menu_order":0,"comment_status":"closed","ping_status":"closed","template":"","meta":[],"yoast_head":"<!-- This site is optimized with the Yoast SEO plugin v19.0 - https:\/\/yoast.com\/wordpress\/plugins\/seo\/ -->\n<title>KDR Informacje - MOPS Krasnystaw<\/title>\n<meta name=\"robots\" content=\"index, follow, max-snippet:-1, max-image-preview:large, max-video-preview:-1\" \/>\n<link rel=\"canonical\" href=\"https:\/\/www.mopskrasnystaw.pl\/?page_id=2161\" \/>\n<meta property=\"og:locale\" content=\"pl_PL\" \/>\n<meta property=\"og:type\" content=\"article\" \/>\n<meta property=\"og:title\" content=\"KDR Informacje - MOPS Krasnystaw\" \/>\n<meta property=\"og:description\" content=\"Karta Du\u017cej RodzinyNa terenie Miasta Krasnystaw obowi\u0105zuj\u0105 dwie karty dla rodzin posiadaj\u0105cych co najmniej troje dzieci: Karta Du\u017cej Rodziny 3 Plus (lokalna) oraz Karta Du\u017cej Rodziny (og\u00f3lnopolska). Mo\u017cna posiada\u0107 obie Karty jednocze\u015bnie. W\/w karty to system zni\u017cek dla rodzin wielodzietnych. Przys\u0142uguj\u0105 niezale\u017cnie od dochodu rodziny. Prawo do Kart przys\u0142uguje rodzinie w kt\u00f3rej rodzic lub ma\u0142\u017conek [&hellip;]\" \/>\n<meta property=\"og:url\" content=\"https:\/\/www.mopskrasnystaw.pl\/?page_id=2161\" \/>\n<meta property=\"og:site_name\" content=\"MOPS Krasnystaw\" \/>\n<meta name=\"twitter:card\" content=\"summary_large_image\" \/>\n<meta name=\"twitter:label1\" content=\"Szacowany czas czytania\" \/>\n\t<meta name=\"twitter:data1\" content=\"5 minut\" \/>\n<script type=\"application\/ld+json\" class=\"yoast-schema-graph\">{\"@context\":\"https:\/\/schema.org\",\"@graph\":[{\"@type\":\"WebSite\",\"@id\":\"https:\/\/www.mopskrasnystaw.pl\/#website\",\"url\":\"https:\/\/www.mopskrasnystaw.pl\/\",\"name\":\"MOPS Krasnystaw\",\"description\":\"\",\"potentialAction\":[{\"@type\":\"SearchAction\",\"target\":{\"@type\":\"EntryPoint\",\"urlTemplate\":\"https:\/\/www.mopskrasnystaw.pl\/?s={search_term_string}\"},\"query-input\":\"required name=search_term_string\"}],\"inLanguage\":\"pl-PL\"},{\"@type\":\"WebPage\",\"@id\":\"https:\/\/www.mopskrasnystaw.pl\/?page_id=2161#webpage\",\"url\":\"https:\/\/www.mopskrasnystaw.pl\/?page_id=2161\",\"name\":\"KDR Informacje - MOPS Krasnystaw\",\"isPartOf\":{\"@id\":\"https:\/\/www.mopskrasnystaw.pl\/#website\"},\"datePublished\":\"2021-03-03T13:21:57+00:00\",\"dateModified\":\"2021-03-03T13:21:57+00:00\",\"breadcrumb\":{\"@id\":\"https:\/\/www.mopskrasnystaw.pl\/?page_id=2161#breadcrumb\"},\"inLanguage\":\"pl-PL\",\"potentialAction\":[{\"@type\":\"ReadAction\",\"target\":[\"https:\/\/www.mopskrasnystaw.pl\/?page_id=2161\"]}]},{\"@type\":\"BreadcrumbList\",\"@id\":\"https:\/\/www.mopskrasnystaw.pl\/?page_id=2161#breadcrumb\",\"itemListElement\":[{\"@type\":\"ListItem\",\"position\":1,\"name\":\"Strona g\u0142\u00f3wna\",\"item\":\"https:\/\/www.mopskrasnystaw.pl\/\"},{\"@type\":\"ListItem\",\"position\":2,\"name\":\"KDR Informacje\"}]}]}<\/script>\n<!-- \/ Yoast SEO plugin. -->","yoast_head_json":{"title":"KDR Informacje - MOPS Krasnystaw","robots":{"index":"index","follow":"follow","max-snippet":"max-snippet:-1","max-image-preview":"max-image-preview:large","max-video-preview":"max-video-preview:-1"},"canonical":"https:\/\/www.mopskrasnystaw.pl\/?page_id=2161","og_locale":"pl_PL","og_type":"article","og_title":"KDR Informacje - MOPS Krasnystaw","og_description":"Karta Du\u017cej RodzinyNa terenie Miasta Krasnystaw obowi\u0105zuj\u0105 dwie karty dla rodzin posiadaj\u0105cych co najmniej troje dzieci: Karta Du\u017cej Rodziny 3 Plus (lokalna) oraz Karta Du\u017cej Rodziny (og\u00f3lnopolska). Mo\u017cna posiada\u0107 obie Karty jednocze\u015bnie. W\/w karty to system zni\u017cek dla rodzin wielodzietnych. Przys\u0142uguj\u0105 niezale\u017cnie od dochodu rodziny. Prawo do Kart przys\u0142uguje rodzinie w kt\u00f3rej rodzic lub ma\u0142\u017conek [&hellip;]","og_url":"https:\/\/www.mopskrasnystaw.pl\/?page_id=2161","og_site_name":"MOPS Krasnystaw","twitter_card":"summary_large_image","twitter_misc":{"Szacowany czas czytania":"5 minut"},"schema":{"@context":"https:\/\/schema.org","@graph":[{"@type":"WebSite","@id":"https:\/\/www.mopskrasnystaw.pl\/#website","url":"https:\/\/www.mopskrasnystaw.pl\/","name":"MOPS Krasnystaw","description":"","potentialAction":[{"@type":"SearchAction","target":{"@type":"EntryPoint","urlTemplate":"https:\/\/www.mopskrasnystaw.pl\/?s={search_term_string}"},"query-input":"required name=search_term_string"}],"inLanguage":"pl-PL"},{"@type":"WebPage","@id":"https:\/\/www.mopskrasnystaw.pl\/?page_id=2161#webpage","url":"https:\/\/www.mopskrasnystaw.pl\/?page_id=2161","name":"KDR Informacje - MOPS Krasnystaw","isPartOf":{"@id":"https:\/\/www.mopskrasnystaw.pl\/#website"},"datePublished":"2021-03-03T13:21:57+00:00","dateModified":"2021-03-03T13:21:57+00:00","breadcrumb":{"@id":"https:\/\/www.mopskrasnystaw.pl\/?page_id=2161#breadcrumb"},"inLanguage":"pl-PL","potentialAction":[{"@type":"ReadAction","target":["https:\/\/www.mopskrasnystaw.pl\/?page_id=2161"]}]},{"@type":"BreadcrumbList","@id":"https:\/\/www.mopskrasnystaw.pl\/?page_id=2161#breadcrumb","itemListElement":[{"@type":"ListItem","position":1,"name":"Strona g\u0142\u00f3wna","item":"https:\/\/www.mopskrasnystaw.pl\/"},{"@type":"ListItem","position":2,"name":"KDR Informacje"}]}]}},"_links":{"self":[{"href":"https:\/\/www.mopskrasnystaw.pl\/index.php?rest_route=\/wp\/v2\/pages\/2161"}],"collection":[{"href":"https:\/\/www.mopskrasnystaw.pl\/index.php?rest_route=\/wp\/v2\/pages"}],"about":[{"href":"https:\/\/www.mopskrasnystaw.pl\/index.php?rest_route=\/wp\/v2\/types\/page"}],"author":[{"embeddable":true,"href":"https:\/\/www.mopskrasnystaw.pl\/index.php?rest_route=\/wp\/v2\/users\/1"}],"replies":[{"embeddable":true,"href":"https:\/\/www.mopskrasnystaw.pl\/index.php?rest_route=%2Fwp%2Fv2%2Fcomments&post=2161"}],"version-history":[{"count":0,"href":"https:\/\/www.mopskrasnystaw.pl\/index.php?rest_route=\/wp\/v2\/pages\/2161\/revisions"}],"wp:attachment":[{"href":"https:\/\/www.mopskrasnystaw.pl\/index.php?rest_route=%2Fwp%2Fv2%2Fmedia&parent=2161"}],"curies":[{"name":"wp","href":"https:\/\/api.w.org\/{rel}","templated":true}]}}