{"id":2159,"date":"2021-03-03T13:21:37","date_gmt":"2021-03-03T13:21:37","guid":{"rendered":"http:\/\/www.mopskrasnystaw.pl\/?page_id=2159"},"modified":"2021-03-03T13:21:37","modified_gmt":"2021-03-03T13:21:37","slug":"zasilek-szkolny","status":"publish","type":"page","link":"https:\/\/www.mopskrasnystaw.pl\/?page_id=2159","title":{"rendered":"Zasi\u0142ek szkolny"},"content":{"rendered":"\n<p>Zgodnie z<\/p>\n\n\n\n<p>&#8211; Rozdzia\u0142em 8a ustawy z dnia 7 wrze\u015bnia 1991 r. o systemie o\u015bwiaty (Dz.U. z 2019 r. Nr 1481)<\/p>\n\n\n\n<p>&#8211; Uchwa\u0142\u0105 Nr II\/10\/2006 Rady Miasta Krasnystaw z dnia 28 listopada 2006 r. w sprawie regulaminu udzielania pomocy materialnej o charakterze socjalnym dla uczni\u00f3w zamieszka\u0142ych na terenie Miasta Krasnystaw (Dz. Urz. Woj. Lubelskiego Nr 28, poz. 792, z p\u00f3\u017an. zm.)<br>&#8211; Uchwa\u0142a Nr XXIII\/175\/2008 Rady Miasta Krasnystaw z dnia 14 listopada 2008 r. zmieniaj\u0105ca uchwa\u0142\u0119 w sprawie regulaminu udzielania pomocy materialnej o charakterze socjalnym dla uczni\u00f3w zamieszka\u0142ych na terenie Miasta Krasnystaw (Dz. Urz. Woj. Lubelskiego Nr 125, poz. 2962)<\/p>\n\n\n\n<p>Zasi\u0142ek szkolny jest przyznawany na wniosek w formie \u015bwiadczenia pieni\u0119\u017cnego na pokrycie wydatk\u00f3w zwi\u0105zanych z procesem edukacyjnym.<\/p>\n\n\n\n<p>Wniosek nale\u017cy z\u0142o\u017cy\u0107 w Miejskim O\u015brodku Pomocy Spo\u0142ecznej w Krasnymstawie ul. Marsza\u0142ka Pi\u0142sudskiego 9 pok. Nr 2 w terminie dw\u00f3ch miesi\u0119cy od dnia wyst\u0105pienia okoliczno\u015bci.<\/p>\n\n\n\n<p>Zasi\u0142ek szkolny mo\u017ce by\u0107 przyznany w przypadku:<\/p>\n\n\n\n<p>1) Ci\u0119\u017ckiej i d\u0142ugotrwa\u0142ej choroby ucznia (s\u0142uchacza, wychowanka) lub cz\u0142onka rodziny;<\/p>\n\n\n\n<p>2) \u015amierci jednego z rodzic\u00f3w ucznia (s\u0142uchacza, wychowanka);<\/p>\n\n\n\n<p>3) Pow\u00f3d\u017a, po\u017car lub huragan powoduj\u0105ce straty w mieniu nale\u017c\u0105cym do rodziny;<\/p>\n\n\n\n<p>4) Inne nag\u0142e zdarzenie losowe utrudniaj\u0105ce prawid\u0142owe funkcjonowanie rodziny ucznia (s\u0142uchacza, wychowanka)<\/p>\n\n\n\n<p>Do ubiegania si\u0119 o zasi\u0142ek szkolny uprawnieni s\u0105 wszyscy uczniowie, kt\u00f3rzy spe\u0142niaj\u0105 \u0142\u0105cznie nast\u0119puj\u0105ce kryteria:<\/p>\n\n\n\n<p>&#8211; maj\u0105 miejsce zamieszkania na terenie Miasta Krasnystaw<\/p>\n\n\n\n<p>&#8211; w rodzinie zaistnia\u0142o w\/w zdarzenie.<\/p>\n\n\n\n<p>Osob\u0105 udzielaj\u0105c\u0105 informacji w sprawach dotycz\u0105cych stypendi\u00f3w i zasi\u0142k\u00f3w szkolnych jest:<\/p>\n\n\n\n<p>1. Katarzyna Pizo\u0144 tel. 082-576-23-24 wew. 123<\/p>\n\n\n\n<p><a href=\"http:\/\/www.mopskrasnystaw.pl\/pliki\/stypendia\/wniosek_stypendium.pdf\">Wniosek.pdf<\/a><\/p>\n","protected":false},"excerpt":{"rendered":"<p>Zgodnie z &#8211; Rozdzia\u0142em 8a ustawy z dnia 7 wrze\u015bnia 1991 r. o systemie o\u015bwiaty (Dz.U. z 2019 r. Nr 1481) &#8211; Uchwa\u0142\u0105 Nr II\/10\/2006 Rady Miasta Krasnystaw z dnia 28 listopada 2006 r. w sprawie regulaminu udzielania pomocy materialnej o charakterze socjalnym dla uczni\u00f3w zamieszka\u0142ych na terenie Miasta Krasnystaw (Dz. Urz. Woj. Lubelskiego Nr [&hellip;]<\/p>\n","protected":false},"author":1,"featured_media":0,"parent":0,"menu_order":0,"comment_status":"closed","ping_status":"closed","template":"","meta":[],"yoast_head":"<!-- This site is optimized with the Yoast SEO plugin v19.0 - https:\/\/yoast.com\/wordpress\/plugins\/seo\/ -->\n<title>Zasi\u0142ek szkolny - MOPS Krasnystaw<\/title>\n<meta name=\"robots\" content=\"index, follow, max-snippet:-1, max-image-preview:large, max-video-preview:-1\" \/>\n<link rel=\"canonical\" href=\"https:\/\/www.mopskrasnystaw.pl\/?page_id=2159\" \/>\n<meta property=\"og:locale\" content=\"pl_PL\" \/>\n<meta property=\"og:type\" content=\"article\" \/>\n<meta property=\"og:title\" content=\"Zasi\u0142ek szkolny - MOPS Krasnystaw\" \/>\n<meta property=\"og:description\" content=\"Zgodnie z &#8211; Rozdzia\u0142em 8a ustawy z dnia 7 wrze\u015bnia 1991 r. o systemie o\u015bwiaty (Dz.U. z 2019 r. Nr 1481) &#8211; Uchwa\u0142\u0105 Nr II\/10\/2006 Rady Miasta Krasnystaw z dnia 28 listopada 2006 r. w sprawie regulaminu udzielania pomocy materialnej o charakterze socjalnym dla uczni\u00f3w zamieszka\u0142ych na terenie Miasta Krasnystaw (Dz. Urz. Woj. Lubelskiego Nr [&hellip;]\" \/>\n<meta property=\"og:url\" content=\"https:\/\/www.mopskrasnystaw.pl\/?page_id=2159\" \/>\n<meta property=\"og:site_name\" content=\"MOPS Krasnystaw\" \/>\n<meta name=\"twitter:card\" content=\"summary_large_image\" \/>\n<meta name=\"twitter:label1\" content=\"Szacowany czas czytania\" \/>\n\t<meta name=\"twitter:data1\" content=\"1 minuta\" \/>\n<script type=\"application\/ld+json\" class=\"yoast-schema-graph\">{\"@context\":\"https:\/\/schema.org\",\"@graph\":[{\"@type\":\"WebSite\",\"@id\":\"https:\/\/www.mopskrasnystaw.pl\/#website\",\"url\":\"https:\/\/www.mopskrasnystaw.pl\/\",\"name\":\"MOPS Krasnystaw\",\"description\":\"\",\"potentialAction\":[{\"@type\":\"SearchAction\",\"target\":{\"@type\":\"EntryPoint\",\"urlTemplate\":\"https:\/\/www.mopskrasnystaw.pl\/?s={search_term_string}\"},\"query-input\":\"required name=search_term_string\"}],\"inLanguage\":\"pl-PL\"},{\"@type\":\"WebPage\",\"@id\":\"https:\/\/www.mopskrasnystaw.pl\/?page_id=2159#webpage\",\"url\":\"https:\/\/www.mopskrasnystaw.pl\/?page_id=2159\",\"name\":\"Zasi\u0142ek szkolny - MOPS Krasnystaw\",\"isPartOf\":{\"@id\":\"https:\/\/www.mopskrasnystaw.pl\/#website\"},\"datePublished\":\"2021-03-03T13:21:37+00:00\",\"dateModified\":\"2021-03-03T13:21:37+00:00\",\"breadcrumb\":{\"@id\":\"https:\/\/www.mopskrasnystaw.pl\/?page_id=2159#breadcrumb\"},\"inLanguage\":\"pl-PL\",\"potentialAction\":[{\"@type\":\"ReadAction\",\"target\":[\"https:\/\/www.mopskrasnystaw.pl\/?page_id=2159\"]}]},{\"@type\":\"BreadcrumbList\",\"@id\":\"https:\/\/www.mopskrasnystaw.pl\/?page_id=2159#breadcrumb\",\"itemListElement\":[{\"@type\":\"ListItem\",\"position\":1,\"name\":\"Strona g\u0142\u00f3wna\",\"item\":\"https:\/\/www.mopskrasnystaw.pl\/\"},{\"@type\":\"ListItem\",\"position\":2,\"name\":\"Zasi\u0142ek szkolny\"}]}]}<\/script>\n<!-- \/ Yoast SEO plugin. -->","yoast_head_json":{"title":"Zasi\u0142ek szkolny - MOPS Krasnystaw","robots":{"index":"index","follow":"follow","max-snippet":"max-snippet:-1","max-image-preview":"max-image-preview:large","max-video-preview":"max-video-preview:-1"},"canonical":"https:\/\/www.mopskrasnystaw.pl\/?page_id=2159","og_locale":"pl_PL","og_type":"article","og_title":"Zasi\u0142ek szkolny - MOPS Krasnystaw","og_description":"Zgodnie z &#8211; Rozdzia\u0142em 8a ustawy z dnia 7 wrze\u015bnia 1991 r. o systemie o\u015bwiaty (Dz.U. z 2019 r. Nr 1481) &#8211; Uchwa\u0142\u0105 Nr II\/10\/2006 Rady Miasta Krasnystaw z dnia 28 listopada 2006 r. w sprawie regulaminu udzielania pomocy materialnej o charakterze socjalnym dla uczni\u00f3w zamieszka\u0142ych na terenie Miasta Krasnystaw (Dz. Urz. Woj. Lubelskiego Nr [&hellip;]","og_url":"https:\/\/www.mopskrasnystaw.pl\/?page_id=2159","og_site_name":"MOPS Krasnystaw","twitter_card":"summary_large_image","twitter_misc":{"Szacowany czas czytania":"1 minuta"},"schema":{"@context":"https:\/\/schema.org","@graph":[{"@type":"WebSite","@id":"https:\/\/www.mopskrasnystaw.pl\/#website","url":"https:\/\/www.mopskrasnystaw.pl\/","name":"MOPS Krasnystaw","description":"","potentialAction":[{"@type":"SearchAction","target":{"@type":"EntryPoint","urlTemplate":"https:\/\/www.mopskrasnystaw.pl\/?s={search_term_string}"},"query-input":"required name=search_term_string"}],"inLanguage":"pl-PL"},{"@type":"WebPage","@id":"https:\/\/www.mopskrasnystaw.pl\/?page_id=2159#webpage","url":"https:\/\/www.mopskrasnystaw.pl\/?page_id=2159","name":"Zasi\u0142ek szkolny - MOPS Krasnystaw","isPartOf":{"@id":"https:\/\/www.mopskrasnystaw.pl\/#website"},"datePublished":"2021-03-03T13:21:37+00:00","dateModified":"2021-03-03T13:21:37+00:00","breadcrumb":{"@id":"https:\/\/www.mopskrasnystaw.pl\/?page_id=2159#breadcrumb"},"inLanguage":"pl-PL","potentialAction":[{"@type":"ReadAction","target":["https:\/\/www.mopskrasnystaw.pl\/?page_id=2159"]}]},{"@type":"BreadcrumbList","@id":"https:\/\/www.mopskrasnystaw.pl\/?page_id=2159#breadcrumb","itemListElement":[{"@type":"ListItem","position":1,"name":"Strona g\u0142\u00f3wna","item":"https:\/\/www.mopskrasnystaw.pl\/"},{"@type":"ListItem","position":2,"name":"Zasi\u0142ek szkolny"}]}]}},"_links":{"self":[{"href":"https:\/\/www.mopskrasnystaw.pl\/index.php?rest_route=\/wp\/v2\/pages\/2159"}],"collection":[{"href":"https:\/\/www.mopskrasnystaw.pl\/index.php?rest_route=\/wp\/v2\/pages"}],"about":[{"href":"https:\/\/www.mopskrasnystaw.pl\/index.php?rest_route=\/wp\/v2\/types\/page"}],"author":[{"embeddable":true,"href":"https:\/\/www.mopskrasnystaw.pl\/index.php?rest_route=\/wp\/v2\/users\/1"}],"replies":[{"embeddable":true,"href":"https:\/\/www.mopskrasnystaw.pl\/index.php?rest_route=%2Fwp%2Fv2%2Fcomments&post=2159"}],"version-history":[{"count":0,"href":"https:\/\/www.mopskrasnystaw.pl\/index.php?rest_route=\/wp\/v2\/pages\/2159\/revisions"}],"wp:attachment":[{"href":"https:\/\/www.mopskrasnystaw.pl\/index.php?rest_route=%2Fwp%2Fv2%2Fmedia&parent=2159"}],"curies":[{"name":"wp","href":"https:\/\/api.w.org\/{rel}","templated":true}]}}