{"id":2147,"date":"2021-03-03T13:16:15","date_gmt":"2021-03-03T13:16:15","guid":{"rendered":"http:\/\/www.mopskrasnystaw.pl\/?page_id=2147"},"modified":"2025-10-09T09:38:12","modified_gmt":"2025-10-09T09:38:12","slug":"aktualne-wskazniki","status":"publish","type":"page","link":"https:\/\/www.mopskrasnystaw.pl\/?page_id=2147","title":{"rendered":"Aktualne wska\u017aniki"},"content":{"rendered":"\n<p>W dniu 23 wrze\u015bnia 2024 roku ukaza\u0142o si\u0119 obwieszczenie Prezesa G\u0142\u00f3wnego Urz\u0119du Statystycznego w sprawie wysoko\u015bci przeci\u0119tnego dochodu z pracy w indywidualnych gospodarstwach rolnych z 1 ha przeliczeniowego w 2023 r.<br><strong>Zgodnie z tre\u015bci\u0105 ww. obwieszczenia, doch\u00f3d ten w 2023 r. wyni\u00f3s\u0142 5451 z\u0142.<\/strong><\/p>\n\n\n\n<p>W dniu 23 wrze\u015bnia 2025 roku ukaza\u0142o si\u0119 obwieszczenie Prezesa G\u0142\u00f3wnego Urz\u0119du Statystycznego w sprawie wysoko\u015bci przeci\u0119tnego dochodu z pracy w indywidualnych gospodarstwach rolnych z 1 ha przeliczeniowego w 2024 r.<br><strong>Zgodnie z tre\u015bci\u0105 ww. obwieszczenia, doch\u00f3d ten w 2024 r. wyni\u00f3s\u0142 5429z\u0142.<\/strong><\/p>\n\n\n\n<p><strong>Wysoko\u015b\u0107 \u015bwiadcze\u0144 rodzinnych od dnia 1 listopada 2024 r. do dnia 31 pa\u017adziernika 2025r. oraz od 1 listopada 2025r. do dnia 31 pa\u017adziernika 2026r.<\/strong><\/p>\n\n\n\n<p>1) wysoko\u015b\u0107 zasi\u0142ku rodzinnego wynosi miesi\u0119cznie:<br>a) <strong>95,00 z\u0142<\/strong> na dziecko w wieku do uko\u0144czenia 5. roku \u017cycia,<br>b) <strong>124,00 z\u0142<\/strong> na dziecko w wieku powy\u017cej 5. roku \u017cycia do uko\u0144czenia 18. roku \u017cycia,<br>c) <strong>135,00 z\u0142<\/strong> na dziecko w wieku powy\u017cej 18. roku \u017cycia do uko\u0144czenia 24. roku \u017cycia;<br>2) wysoko\u015b\u0107 dodatku do zasi\u0142ku rodzinnego z tytu\u0142u<br>samotnego wychowywania dziecka, o kt\u00f3rym mowa w art. 11a ustawy, wynosi<br><strong>193,00 z\u0142<\/strong> miesi\u0119cznie na dziecko, nie wi\u0119cej jednak ni\u017c <strong>386,00 z\u0142<\/strong> na wszystkie dzieci;<br>3) wysoko\u015b\u0107 dodatku do zasi\u0142ku rodzinnego z tytu\u0142u wychowywania dziecka w rodzinie wielodzietnej, o kt\u00f3rym mowa w art. 12a ustawy, wynosi <strong>95,00 z\u0142<\/strong> miesi\u0119cznie na trzecie i na nast\u0119pne dzieci uprawnione do zasi\u0142ku rodzinnego;<br>4) wysoko\u015b\u0107 dodatku do zasi\u0142ku rodzinnego z tytu\u0142u kszta\u0142cenia i rehabilitacji dziecka niepe\u0142nosprawnego, o kt\u00f3rym mowa w art. 13 ustawy, wynosi:<br>a)<strong> 90,00 z\u0142<\/strong> miesi\u0119cznie na dziecko w wieku do uko\u0144czenia 5. roku \u017cycia,<br>b) <strong>110,00 z\u0142<\/strong> miesi\u0119cznie na dziecko w wieku powy\u017cej 5. roku \u017cycia do uko\u0144czenia 24. roku \u017cycia;<br>5) wysoko\u015b\u0107 dodatku do zasi\u0142ku rodzinnego z tytu\u0142u podj\u0119cia przez dziecko nauki w szkole poza miejscem zamieszkania, o kt\u00f3rym mowa w art. 15 ustawy, wynosi:<br>a) <strong>113,00 z\u0142<\/strong> miesi\u0119cznie na dziecko w zwi\u0105zku z zamieszkiwaniem w miejscowo\u015bci, w kt\u00f3rej znajduje si\u0119 siedziba szko\u0142y ponadpodstawowej lub szko\u0142y artystycznej, w kt\u00f3rej realizowany jest obowi\u0105zek szkolny i obowi\u0105zek nauki, a tak\u017ce szko\u0142y podstawowej w przypadku dziecka lub osoby ucz\u0105cej si\u0119, legitymuj\u0105cej si\u0119 orzeczeniem o niepe\u0142nosprawno\u015bci lub o stopniu niepe\u0142nosprawno\u015bci,<br>b) <strong>69,00 z\u0142<\/strong> miesi\u0119cznie na dziecko w zwi\u0105zku z dojazdem z miejsca zamieszkania do miejscowo\u015bci, w kt\u00f3rej znajduje si\u0119 siedziba szko\u0142y, w przypadku dojazdu do szko\u0142y ponadpodstawowej, a tak\u017ce szko\u0142y artystycznej, w kt\u00f3rej realizowany jest obowi\u0105zek szkolny i obowi\u0105zek nauki w zakresie odpowiadaj\u0105cym nauce w szkole ponadpodstawowej<\/p>\n\n\n\n<p><\/p>\n","protected":false},"excerpt":{"rendered":"<p>W dniu 23 wrze\u015bnia 2024 roku ukaza\u0142o si\u0119 obwieszczenie Prezesa G\u0142\u00f3wnego Urz\u0119du Statystycznego w sprawie wysoko\u015bci przeci\u0119tnego dochodu z pracy w indywidualnych gospodarstwach rolnych z 1 ha przeliczeniowego w 2023 r.Zgodnie z tre\u015bci\u0105 ww. obwieszczenia, doch\u00f3d ten w 2023 r. wyni\u00f3s\u0142 5451 z\u0142. W dniu 23 wrze\u015bnia 2025 roku ukaza\u0142o si\u0119 obwieszczenie Prezesa G\u0142\u00f3wnego Urz\u0119du [&hellip;]<\/p>\n","protected":false},"author":1,"featured_media":0,"parent":0,"menu_order":0,"comment_status":"closed","ping_status":"closed","template":"","meta":[],"yoast_head":"<!-- This site is optimized with the Yoast SEO plugin v19.0 - https:\/\/yoast.com\/wordpress\/plugins\/seo\/ -->\n<title>Aktualne wska\u017aniki - MOPS Krasnystaw<\/title>\n<meta name=\"robots\" content=\"index, follow, max-snippet:-1, max-image-preview:large, max-video-preview:-1\" \/>\n<link rel=\"canonical\" href=\"https:\/\/www.mopskrasnystaw.pl\/?page_id=2147\" \/>\n<meta property=\"og:locale\" content=\"pl_PL\" \/>\n<meta property=\"og:type\" content=\"article\" \/>\n<meta property=\"og:title\" content=\"Aktualne wska\u017aniki - MOPS Krasnystaw\" \/>\n<meta property=\"og:description\" content=\"W dniu 23 wrze\u015bnia 2024 roku ukaza\u0142o si\u0119 obwieszczenie Prezesa G\u0142\u00f3wnego Urz\u0119du Statystycznego w sprawie wysoko\u015bci przeci\u0119tnego dochodu z pracy w indywidualnych gospodarstwach rolnych z 1 ha przeliczeniowego w 2023 r.Zgodnie z tre\u015bci\u0105 ww. obwieszczenia, doch\u00f3d ten w 2023 r. wyni\u00f3s\u0142 5451 z\u0142. W dniu 23 wrze\u015bnia 2025 roku ukaza\u0142o si\u0119 obwieszczenie Prezesa G\u0142\u00f3wnego Urz\u0119du [&hellip;]\" \/>\n<meta property=\"og:url\" content=\"https:\/\/www.mopskrasnystaw.pl\/?page_id=2147\" \/>\n<meta property=\"og:site_name\" content=\"MOPS Krasnystaw\" \/>\n<meta property=\"article:modified_time\" content=\"2025-10-09T09:38:12+00:00\" \/>\n<meta name=\"twitter:card\" content=\"summary_large_image\" \/>\n<meta name=\"twitter:label1\" content=\"Szacowany czas czytania\" \/>\n\t<meta name=\"twitter:data1\" content=\"3 minuty\" \/>\n<script type=\"application\/ld+json\" class=\"yoast-schema-graph\">{\"@context\":\"https:\/\/schema.org\",\"@graph\":[{\"@type\":\"WebSite\",\"@id\":\"https:\/\/www.mopskrasnystaw.pl\/#website\",\"url\":\"https:\/\/www.mopskrasnystaw.pl\/\",\"name\":\"MOPS Krasnystaw\",\"description\":\"\",\"potentialAction\":[{\"@type\":\"SearchAction\",\"target\":{\"@type\":\"EntryPoint\",\"urlTemplate\":\"https:\/\/www.mopskrasnystaw.pl\/?s={search_term_string}\"},\"query-input\":\"required name=search_term_string\"}],\"inLanguage\":\"pl-PL\"},{\"@type\":\"WebPage\",\"@id\":\"https:\/\/www.mopskrasnystaw.pl\/?page_id=2147#webpage\",\"url\":\"https:\/\/www.mopskrasnystaw.pl\/?page_id=2147\",\"name\":\"Aktualne wska\u017aniki - MOPS Krasnystaw\",\"isPartOf\":{\"@id\":\"https:\/\/www.mopskrasnystaw.pl\/#website\"},\"datePublished\":\"2021-03-03T13:16:15+00:00\",\"dateModified\":\"2025-10-09T09:38:12+00:00\",\"breadcrumb\":{\"@id\":\"https:\/\/www.mopskrasnystaw.pl\/?page_id=2147#breadcrumb\"},\"inLanguage\":\"pl-PL\",\"potentialAction\":[{\"@type\":\"ReadAction\",\"target\":[\"https:\/\/www.mopskrasnystaw.pl\/?page_id=2147\"]}]},{\"@type\":\"BreadcrumbList\",\"@id\":\"https:\/\/www.mopskrasnystaw.pl\/?page_id=2147#breadcrumb\",\"itemListElement\":[{\"@type\":\"ListItem\",\"position\":1,\"name\":\"Strona g\u0142\u00f3wna\",\"item\":\"https:\/\/www.mopskrasnystaw.pl\/\"},{\"@type\":\"ListItem\",\"position\":2,\"name\":\"Aktualne wska\u017aniki\"}]}]}<\/script>\n<!-- \/ Yoast SEO plugin. -->","yoast_head_json":{"title":"Aktualne wska\u017aniki - MOPS Krasnystaw","robots":{"index":"index","follow":"follow","max-snippet":"max-snippet:-1","max-image-preview":"max-image-preview:large","max-video-preview":"max-video-preview:-1"},"canonical":"https:\/\/www.mopskrasnystaw.pl\/?page_id=2147","og_locale":"pl_PL","og_type":"article","og_title":"Aktualne wska\u017aniki - MOPS Krasnystaw","og_description":"W dniu 23 wrze\u015bnia 2024 roku ukaza\u0142o si\u0119 obwieszczenie Prezesa G\u0142\u00f3wnego Urz\u0119du Statystycznego w sprawie wysoko\u015bci przeci\u0119tnego dochodu z pracy w indywidualnych gospodarstwach rolnych z 1 ha przeliczeniowego w 2023 r.Zgodnie z tre\u015bci\u0105 ww. obwieszczenia, doch\u00f3d ten w 2023 r. wyni\u00f3s\u0142 5451 z\u0142. W dniu 23 wrze\u015bnia 2025 roku ukaza\u0142o si\u0119 obwieszczenie Prezesa G\u0142\u00f3wnego Urz\u0119du [&hellip;]","og_url":"https:\/\/www.mopskrasnystaw.pl\/?page_id=2147","og_site_name":"MOPS Krasnystaw","article_modified_time":"2025-10-09T09:38:12+00:00","twitter_card":"summary_large_image","twitter_misc":{"Szacowany czas czytania":"3 minuty"},"schema":{"@context":"https:\/\/schema.org","@graph":[{"@type":"WebSite","@id":"https:\/\/www.mopskrasnystaw.pl\/#website","url":"https:\/\/www.mopskrasnystaw.pl\/","name":"MOPS Krasnystaw","description":"","potentialAction":[{"@type":"SearchAction","target":{"@type":"EntryPoint","urlTemplate":"https:\/\/www.mopskrasnystaw.pl\/?s={search_term_string}"},"query-input":"required name=search_term_string"}],"inLanguage":"pl-PL"},{"@type":"WebPage","@id":"https:\/\/www.mopskrasnystaw.pl\/?page_id=2147#webpage","url":"https:\/\/www.mopskrasnystaw.pl\/?page_id=2147","name":"Aktualne wska\u017aniki - MOPS Krasnystaw","isPartOf":{"@id":"https:\/\/www.mopskrasnystaw.pl\/#website"},"datePublished":"2021-03-03T13:16:15+00:00","dateModified":"2025-10-09T09:38:12+00:00","breadcrumb":{"@id":"https:\/\/www.mopskrasnystaw.pl\/?page_id=2147#breadcrumb"},"inLanguage":"pl-PL","potentialAction":[{"@type":"ReadAction","target":["https:\/\/www.mopskrasnystaw.pl\/?page_id=2147"]}]},{"@type":"BreadcrumbList","@id":"https:\/\/www.mopskrasnystaw.pl\/?page_id=2147#breadcrumb","itemListElement":[{"@type":"ListItem","position":1,"name":"Strona g\u0142\u00f3wna","item":"https:\/\/www.mopskrasnystaw.pl\/"},{"@type":"ListItem","position":2,"name":"Aktualne wska\u017aniki"}]}]}},"_links":{"self":[{"href":"https:\/\/www.mopskrasnystaw.pl\/index.php?rest_route=\/wp\/v2\/pages\/2147"}],"collection":[{"href":"https:\/\/www.mopskrasnystaw.pl\/index.php?rest_route=\/wp\/v2\/pages"}],"about":[{"href":"https:\/\/www.mopskrasnystaw.pl\/index.php?rest_route=\/wp\/v2\/types\/page"}],"author":[{"embeddable":true,"href":"https:\/\/www.mopskrasnystaw.pl\/index.php?rest_route=\/wp\/v2\/users\/1"}],"replies":[{"embeddable":true,"href":"https:\/\/www.mopskrasnystaw.pl\/index.php?rest_route=%2Fwp%2Fv2%2Fcomments&post=2147"}],"version-history":[{"count":3,"href":"https:\/\/www.mopskrasnystaw.pl\/index.php?rest_route=\/wp\/v2\/pages\/2147\/revisions"}],"predecessor-version":[{"id":5041,"href":"https:\/\/www.mopskrasnystaw.pl\/index.php?rest_route=\/wp\/v2\/pages\/2147\/revisions\/5041"}],"wp:attachment":[{"href":"https:\/\/www.mopskrasnystaw.pl\/index.php?rest_route=%2Fwp%2Fv2%2Fmedia&parent=2147"}],"curies":[{"name":"wp","href":"https:\/\/api.w.org\/{rel}","templated":true}]}}