{"id":2141,"date":"2021-03-03T13:14:39","date_gmt":"2021-03-03T13:14:39","guid":{"rendered":"http:\/\/www.mopskrasnystaw.pl\/?page_id=2141"},"modified":"2025-10-16T07:42:29","modified_gmt":"2025-10-16T07:42:29","slug":"sprawozdawczosc","status":"publish","type":"page","link":"https:\/\/www.mopskrasnystaw.pl\/?page_id=2141","title":{"rendered":"Sprawozdawczo\u015b\u0107"},"content":{"rendered":"\n<p><p style=\"text-align: center;\"><strong>Sprawozdania z dzia\u0142alno\u015bci O\u015brodka<\/strong><\/p><\/p>\n\n\n\n<p> <\/p>\n\n\n\n<div class=\"wp-block-file\"><a id=\"wp-block-file--media-41c61130-ece2-43e5-9765-c50ed2ec20ef\" href=\"https:\/\/www.mopskrasnystaw.pl\/wp-content\/uploads\/2025\/10\/sprawozdanie-2024.pdf\"><strong>2024<\/strong><\/a><\/div>\n\n\n\n<div class=\"wp-block-file\"><a id=\"wp-block-file--media-d18edce0-2025-45aa-abed-fc12375abf78\" href=\"https:\/\/www.mopskrasnystaw.pl\/wp-content\/uploads\/2025\/10\/Zalacznik-nr-1.pdf\">Za\u0142\u0105cznik 1<\/a><\/div>\n\n\n\n<div class=\"wp-block-file\"><a id=\"wp-block-file--media-c8112979-d096-4c14-ae26-b9eb8aa772be\" href=\"https:\/\/www.mopskrasnystaw.pl\/wp-content\/uploads\/2025\/10\/Zalacznik-nr-2.pdf\">Za\u0142\u0105cznik 2<\/a><\/div>\n\n\n\n<div class=\"wp-block-file\"><a id=\"wp-block-file--media-3aeae065-ef07-47ea-bf3c-9b91ec5f27c3\" href=\"https:\/\/www.mopskrasnystaw.pl\/wp-content\/uploads\/2025\/10\/zalacznik-nr-3.pdf\">Za\u0142\u0105cznik 3<\/a><\/div>\n\n\n\n<div class=\"wp-block-file\"><a id=\"wp-block-file--media-3db92481-1ff1-4c9d-a736-a3f643dc70a1\" href=\"https:\/\/www.mopskrasnystaw.pl\/wp-content\/uploads\/2025\/10\/Zalacznik-Nr-4.pdf\">Za\u0142\u0105cznik 4<\/a><\/div>\n\n\n\n<div class=\"wp-block-file\"><a id=\"wp-block-file--media-645a9582-7914-47c8-bad6-ea575763e1e8\" href=\"https:\/\/www.mopskrasnystaw.pl\/wp-content\/uploads\/2025\/03\/sprawozdanie-2023.pdf\"><br><strong>2023<\/strong><\/a><\/div>\n\n\n\n<div class=\"wp-block-file\"><a id=\"wp-block-file--media-fb5cef88-8815-4e71-92e6-0772dca65cc3\" href=\"https:\/\/www.mopskrasnystaw.pl\/wp-content\/uploads\/2025\/03\/Zalacznik-nr-1-Raport-Strategia-1.pdf\">Za\u0142\u0105cznik 1<\/a><\/div>\n\n\n\n<div class=\"wp-block-file\"><a id=\"wp-block-file--media-722b8132-82c0-48d3-ba9d-08d56da4c91a\" href=\"https:\/\/www.mopskrasnystaw.pl\/wp-content\/uploads\/2025\/03\/Zalacznik-nr-2-2.pdf\">Za\u0142\u0105cznik 2<\/a><\/div>\n\n\n\n<div class=\"wp-block-file\"><a id=\"wp-block-file--media-5e33946b-c22f-4a78-ae4d-2007a93c74b2\" href=\"https:\/\/www.mopskrasnystaw.pl\/wp-content\/uploads\/2025\/03\/zalacznik-nr-3-2.pdf\">Za\u0142\u0105cznik 3<\/a><\/div>\n\n\n\n<div class=\"wp-block-file\"><a id=\"wp-block-file--media-3af86a4b-6331-45c0-84f6-f44b00305f36\" href=\"https:\/\/www.mopskrasnystaw.pl\/wp-content\/uploads\/2025\/03\/Zalacznik-Nr-4-2.pdf\">Za\u0142\u0105cznik 4 <\/a><\/div>\n\n\n\n<p><\/p>\n\n\n\n<div class=\"wp-block-file\"><a id=\"wp-block-file--media-36c69689-47c8-4317-a6f9-19718df0334d\" href=\"https:\/\/www.mopskrasnystaw.pl\/wp-content\/uploads\/2025\/03\/sprawozdanie-2022.pdf\"><strong>2022<\/strong><\/a><\/div>\n\n\n\n<div class=\"wp-block-file\"><a id=\"wp-block-file--media-e44954ad-030a-4e1a-b9ad-d6904484e485\" href=\"https:\/\/www.mopskrasnystaw.pl\/wp-content\/uploads\/2025\/03\/Zalacznik-nr-1-Raport-Strategia.pdf\">Za\u0142\u0105cznik 1<\/a><\/div>\n\n\n\n<div class=\"wp-block-file\"><a id=\"wp-block-file--media-403f000f-1768-480d-9fc5-e65078a8a502\" href=\"https:\/\/www.mopskrasnystaw.pl\/wp-content\/uploads\/2025\/03\/Zalacznik-nr-2-1.pdf\">Za\u0142\u0105cznik 2<\/a><\/div>\n\n\n\n<div class=\"wp-block-file\"><a id=\"wp-block-file--media-b1dbb99a-a275-467b-8dc1-eea02b8b97ae\" href=\"https:\/\/www.mopskrasnystaw.pl\/wp-content\/uploads\/2025\/03\/zalacznik-nr-3-1.pdf\">Za\u0142\u0105cznik 3<\/a><\/div>\n\n\n\n<div class=\"wp-block-file\"><a id=\"wp-block-file--media-ea6c884b-396e-4faa-9b82-791a3ef7c377\" href=\"https:\/\/www.mopskrasnystaw.pl\/wp-content\/uploads\/2025\/03\/Zalacznik-Nr-4-1.pdf\">Za\u0142\u0105cznik 4<\/a><\/div>\n\n\n\n<p><\/p>\n\n\n\n<div class=\"wp-block-file\"><a id=\"wp-block-file--media-af82f2df-f5d0-4e14-85e9-24555c355d39\" href=\"https:\/\/www.mopskrasnystaw.pl\/wp-content\/uploads\/2025\/03\/sprawozdanie-2021.pdf\"><strong>2021<\/strong><\/a><\/div>\n\n\n\n<div class=\"wp-block-file\"><a id=\"wp-block-file--media-38693154-7fb2-49a7-b3e1-5400f36ef237\" href=\"https:\/\/www.mopskrasnystaw.pl\/wp-content\/uploads\/2025\/03\/Zalacznik-nr-1.pdf\">Za\u0142\u0105cznik 1<\/a><\/div>\n\n\n\n<div class=\"wp-block-file\"><a id=\"wp-block-file--media-be61ce05-3557-47e2-940b-84d553072b85\" href=\"https:\/\/www.mopskrasnystaw.pl\/wp-content\/uploads\/2025\/03\/Zalacznik-nr-2.pdf\">Za\u0142\u0105cznik 2<\/a><\/div>\n\n\n\n<div class=\"wp-block-file\"><a id=\"wp-block-file--media-1432954d-e4e1-4461-bb0a-4dd25a2d407e\" href=\"https:\/\/www.mopskrasnystaw.pl\/wp-content\/uploads\/2025\/03\/zalacznik-nr-3.pdf\">Za\u0142\u0105cznik 3<\/a><\/div>\n\n\n\n<div class=\"wp-block-file\"><a id=\"wp-block-file--media-ad465859-13d9-4a2e-9a67-acd8eb6904c0\" href=\"https:\/\/www.mopskrasnystaw.pl\/wp-content\/uploads\/2025\/03\/Zalacznik-Nr-4.pdf\">Za\u0142\u0105cznik 4<\/a><\/div>\n\n\n\n<p><\/p>\n\n\n\n<div class=\"wp-block-file aligncenter\"><a id=\"wp-block-file--media-99e5a0bf-47d8-478c-8562-b8fb14778869\" href=\"https:\/\/www.mopskrasnystaw.pl\/wp-content\/uploads\/2022\/01\/sprawozdanie-2020.pdf\"><strong>2020<\/strong><\/a><\/div>\n\n\n\n<div class=\"wp-block-file aligncenter\"><a id=\"wp-block-file--media-d2524205-46c4-48fd-a325-f4b5912d790e\" href=\"https:\/\/www.mopskrasnystaw.pl\/wp-content\/uploads\/2022\/01\/Zalacznik-nr-1.pdf\">Za\u0142\u0105cznik 1<\/a><\/div>\n\n\n\n<div class=\"wp-block-file aligncenter\"><a id=\"wp-block-file--media-f681fa70-1fac-4137-94e5-252595c5dffd\" href=\"https:\/\/www.mopskrasnystaw.pl\/wp-content\/uploads\/2022\/01\/Zalacznik-nr-2.pdf\">Za\u0142\u0105cznik 2<\/a><\/div>\n\n\n\n<div class=\"wp-block-file aligncenter\"><a id=\"wp-block-file--media-0834ef3b-f048-4171-9517-2596744bc0d2\" href=\"https:\/\/www.mopskrasnystaw.pl\/wp-content\/uploads\/2022\/01\/zalacznik-nr-3.pdf\">Za\u0142\u0105cznik 3<\/a><\/div>\n\n\n\n<div class=\"wp-block-file aligncenter\"><a id=\"wp-block-file--media-aeda5fda-965f-4d30-b44e-91e43044fe13\" href=\"https:\/\/www.mopskrasnystaw.pl\/wp-content\/uploads\/2022\/01\/Zalacznik-Nr-4.pdf\">Za\u0142\u0105cznik 4<\/a><\/div>\n\n\n\n<p><\/p>\n\n\n\n<p><\/p>\n\n\n\n<p><\/p>\n\n\n\n<p><p style=\"text-align: center;\"><a href=\"http:\/\/www.mopskrasnystaw.pl\/images\/sprawozdania\/2019.pdf\"><strong>2019<\/strong><\/a><br><a href=\"http:\/\/www.mopskrasnystaw.pl\/images\/sprawozdania\/zal1_2019.pdf\">Za\u0142\u0105cznik 1<\/a><br><a href=\"http:\/\/www.mopskrasnystaw.pl\/images\/sprawozdania\/zal2_2019.pdf\">Za\u0142\u0105cznik 2<\/a><br><a href=\"http:\/\/www.mopskrasnystaw.pl\/images\/sprawozdania\/zal3_2019.pdf\">Za\u0142\u0105cznik 3<\/a><br><a href=\"http:\/\/www.mopskrasnystaw.pl\/images\/sprawozdania\/zal4_2019.pdf\">Za\u0142\u0105cznik 4<\/a><\/p><\/p>\n\n\n\n<p><p style=\"text-align: center;\"><a href=\"http:\/\/www.mopskrasnystaw.pl\/images\/sprawozdania\/2018.pdf\"><strong>2018<\/strong><\/a><br><a href=\"http:\/\/www.mopskrasnystaw.pl\/images\/sprawozdania\/zal1_2018.pdf\">Za\u0142\u0105cznik 1<\/a><br><a href=\"http:\/\/www.mopskrasnystaw.pl\/images\/sprawozdania\/zal2_2018.pdf\">Za\u0142\u0105cznik 2<\/a><br><a href=\"http:\/\/www.mopskrasnystaw.pl\/images\/sprawozdania\/zal3_2018.pdf\">Za\u0142\u0105cznik 3<\/a><br><a href=\"http:\/\/www.mopskrasnystaw.pl\/images\/sprawozdania\/zal4_2018.pdf\">Za\u0142\u0105cznik 4<\/a><\/p><\/p>\n\n\n\n<p><p style=\"text-align: center;\"><strong><a href=\"http:\/\/www.mopskrasnystaw.pl\/images\/sprawozdania\/2017.pdf\">2017<\/a><\/strong><br><a href=\"http:\/\/www.mopskrasnystaw.pl\/images\/sprawozdania\/zal1_2017.pdf\">Za\u0142\u0105cznik 1<\/a><br><a href=\"http:\/\/www.mopskrasnystaw.pl\/images\/sprawozdania\/zal2_2017.pdf\">Za\u0142\u0105cznik 2<\/a><br><a href=\"http:\/\/www.mopskrasnystaw.pl\/images\/sprawozdania\/zal3_2017.pdf\">Za\u0142\u0105cznik 3<\/a><br><a href=\"http:\/\/www.mopskrasnystaw.pl\/images\/sprawozdania\/zal4_2017.pdf\">Za\u0142\u0105cznik 4<\/a><\/p><\/p>\n\n\n\n<p><p style=\"text-align: center;\"><a href=\"http:\/\/www.mopskrasnystaw.pl\/images\/sprawozdania\/2016.pdf\"><strong>2016<\/strong><\/a><\/p><\/p>\n\n\n\n<p><p style=\"text-align: center;\"><a href=\"http:\/\/www.mopskrasnystaw.pl\/images\/sprawozdania\/2015.pdf\"><strong>2015<\/strong><\/a><br><a href=\"http:\/\/www.mopskrasnystaw.pl\/images\/sprawozdania\/zal1_2015.pdf\">Za\u0142\u0105cznik 1<\/a><br><a href=\"http:\/\/www.mopskrasnystaw.pl\/images\/sprawozdania\/zal2_2015.pdf\">Za\u0142\u0105cznik 2<\/a><br><a href=\"http:\/\/www.mopskrasnystaw.pl\/images\/sprawozdania\/zal3_2015.pdf\">Za\u0142\u0105cznik 3<\/a><br><a href=\"http:\/\/www.mopskrasnystaw.pl\/images\/sprawozdania\/zal4_2015.pdf\">Za\u0142\u0105cznik 4<\/a><\/p><\/p>\n\n\n\n<p><p style=\"text-align: center;\"><a href=\"http:\/\/www.mopskrasnystaw.pl\/images\/sprawozdania\/2014.pdf\"><strong>2014<\/strong><\/a><\/p><\/p>\n\n\n\n<p><p style=\"text-align: center;\"><a href=\"http:\/\/www.mopskrasnystaw.pl\/images\/sprawozdania\/2013.pdf\"><strong>2013<\/strong><\/a><\/p><\/p>\n\n\n\n<p><p style=\"text-align: center;\"><a href=\"http:\/\/www.mopskrasnystaw.pl\/images\/sprawozdania\/2012.pdf\"><strong>2012<\/strong><\/a><\/p><\/p>\n\n\n\n<p><p style=\"text-align: center;\"><a href=\"http:\/\/www.mopskrasnystaw.pl\/images\/sprawozdania\/2011.pdf\"><strong>2011<\/strong><\/a><\/p><\/p>\n\n\n\n<p><p style=\"text-align: center;\"><a href=\"http:\/\/www.mopskrasnystaw.pl\/images\/sprawozdania\/2010.pdf\"><strong>2010<\/strong><\/a><\/p><\/p>\n\n\n\n<p><p style=\"text-align: center;\"><a href=\"http:\/\/www.mopskrasnystaw.pl\/images\/sprawozdania\/2009.pdf\"><strong>2009<\/strong><\/a><\/p><\/p>\n\n\n\n<p><p style=\"text-align: center;\"><a href=\"http:\/\/www.mopskrasnystaw.pl\/images\/sprawozdania\/2008.pdf\"><strong>2008<\/strong><\/a><\/p><\/p>\n\n\n\n<p><p style=\"text-align: center;\"><a href=\"http:\/\/www.mopskrasnystaw.pl\/images\/sprawozdania\/2007.pdf\"><strong>2007<\/strong><\/a><\/p><\/p>\n\n\n\n<p><p style=\"text-align: center;\"><a href=\"http:\/\/www.mopskrasnystaw.pl\/images\/sprawozdania\/2006.pdf\"><strong>2006<\/strong><\/a><\/p><\/p>\n","protected":false},"excerpt":{"rendered":"<p>Sprawozdania z dzia\u0142alno\u015bci O\u015brodka 2019Za\u0142\u0105cznik 1Za\u0142\u0105cznik 2Za\u0142\u0105cznik 3Za\u0142\u0105cznik 4 2018Za\u0142\u0105cznik 1Za\u0142\u0105cznik 2Za\u0142\u0105cznik 3Za\u0142\u0105cznik 4 2017Za\u0142\u0105cznik 1Za\u0142\u0105cznik 2Za\u0142\u0105cznik 3Za\u0142\u0105cznik 4 2016 2015Za\u0142\u0105cznik 1Za\u0142\u0105cznik 2Za\u0142\u0105cznik 3Za\u0142\u0105cznik 4 2014 2013 2012 2011 2010 2009 2008 2007 2006<\/p>\n","protected":false},"author":1,"featured_media":0,"parent":0,"menu_order":0,"comment_status":"closed","ping_status":"closed","template":"","meta":[],"yoast_head":"<!-- This site is optimized with the Yoast SEO plugin v19.0 - https:\/\/yoast.com\/wordpress\/plugins\/seo\/ -->\n<title>Sprawozdawczo\u015b\u0107 - MOPS Krasnystaw<\/title>\n<meta name=\"robots\" content=\"index, follow, max-snippet:-1, max-image-preview:large, max-video-preview:-1\" \/>\n<link rel=\"canonical\" href=\"https:\/\/www.mopskrasnystaw.pl\/?page_id=2141\" \/>\n<meta property=\"og:locale\" content=\"pl_PL\" \/>\n<meta property=\"og:type\" content=\"article\" \/>\n<meta property=\"og:title\" content=\"Sprawozdawczo\u015b\u0107 - MOPS Krasnystaw\" \/>\n<meta property=\"og:description\" content=\"Sprawozdania z dzia\u0142alno\u015bci O\u015brodka 2019Za\u0142\u0105cznik 1Za\u0142\u0105cznik 2Za\u0142\u0105cznik 3Za\u0142\u0105cznik 4 2018Za\u0142\u0105cznik 1Za\u0142\u0105cznik 2Za\u0142\u0105cznik 3Za\u0142\u0105cznik 4 2017Za\u0142\u0105cznik 1Za\u0142\u0105cznik 2Za\u0142\u0105cznik 3Za\u0142\u0105cznik 4 2016 2015Za\u0142\u0105cznik 1Za\u0142\u0105cznik 2Za\u0142\u0105cznik 3Za\u0142\u0105cznik 4 2014 2013 2012 2011 2010 2009 2008 2007 2006\" \/>\n<meta property=\"og:url\" content=\"https:\/\/www.mopskrasnystaw.pl\/?page_id=2141\" \/>\n<meta property=\"og:site_name\" content=\"MOPS Krasnystaw\" \/>\n<meta property=\"article:modified_time\" content=\"2025-10-16T07:42:29+00:00\" \/>\n<meta name=\"twitter:card\" content=\"summary_large_image\" \/>\n<meta name=\"twitter:label1\" content=\"Szacowany czas czytania\" \/>\n\t<meta name=\"twitter:data1\" content=\"1 minuta\" \/>\n<script type=\"application\/ld+json\" class=\"yoast-schema-graph\">{\"@context\":\"https:\/\/schema.org\",\"@graph\":[{\"@type\":\"WebSite\",\"@id\":\"https:\/\/www.mopskrasnystaw.pl\/#website\",\"url\":\"https:\/\/www.mopskrasnystaw.pl\/\",\"name\":\"MOPS Krasnystaw\",\"description\":\"\",\"potentialAction\":[{\"@type\":\"SearchAction\",\"target\":{\"@type\":\"EntryPoint\",\"urlTemplate\":\"https:\/\/www.mopskrasnystaw.pl\/?s={search_term_string}\"},\"query-input\":\"required name=search_term_string\"}],\"inLanguage\":\"pl-PL\"},{\"@type\":\"WebPage\",\"@id\":\"https:\/\/www.mopskrasnystaw.pl\/?page_id=2141#webpage\",\"url\":\"https:\/\/www.mopskrasnystaw.pl\/?page_id=2141\",\"name\":\"Sprawozdawczo\u015b\u0107 - MOPS Krasnystaw\",\"isPartOf\":{\"@id\":\"https:\/\/www.mopskrasnystaw.pl\/#website\"},\"datePublished\":\"2021-03-03T13:14:39+00:00\",\"dateModified\":\"2025-10-16T07:42:29+00:00\",\"breadcrumb\":{\"@id\":\"https:\/\/www.mopskrasnystaw.pl\/?page_id=2141#breadcrumb\"},\"inLanguage\":\"pl-PL\",\"potentialAction\":[{\"@type\":\"ReadAction\",\"target\":[\"https:\/\/www.mopskrasnystaw.pl\/?page_id=2141\"]}]},{\"@type\":\"BreadcrumbList\",\"@id\":\"https:\/\/www.mopskrasnystaw.pl\/?page_id=2141#breadcrumb\",\"itemListElement\":[{\"@type\":\"ListItem\",\"position\":1,\"name\":\"Strona g\u0142\u00f3wna\",\"item\":\"https:\/\/www.mopskrasnystaw.pl\/\"},{\"@type\":\"ListItem\",\"position\":2,\"name\":\"Sprawozdawczo\u015b\u0107\"}]}]}<\/script>\n<!-- \/ Yoast SEO plugin. -->","yoast_head_json":{"title":"Sprawozdawczo\u015b\u0107 - MOPS Krasnystaw","robots":{"index":"index","follow":"follow","max-snippet":"max-snippet:-1","max-image-preview":"max-image-preview:large","max-video-preview":"max-video-preview:-1"},"canonical":"https:\/\/www.mopskrasnystaw.pl\/?page_id=2141","og_locale":"pl_PL","og_type":"article","og_title":"Sprawozdawczo\u015b\u0107 - MOPS Krasnystaw","og_description":"Sprawozdania z dzia\u0142alno\u015bci O\u015brodka 2019Za\u0142\u0105cznik 1Za\u0142\u0105cznik 2Za\u0142\u0105cznik 3Za\u0142\u0105cznik 4 2018Za\u0142\u0105cznik 1Za\u0142\u0105cznik 2Za\u0142\u0105cznik 3Za\u0142\u0105cznik 4 2017Za\u0142\u0105cznik 1Za\u0142\u0105cznik 2Za\u0142\u0105cznik 3Za\u0142\u0105cznik 4 2016 2015Za\u0142\u0105cznik 1Za\u0142\u0105cznik 2Za\u0142\u0105cznik 3Za\u0142\u0105cznik 4 2014 2013 2012 2011 2010 2009 2008 2007 2006","og_url":"https:\/\/www.mopskrasnystaw.pl\/?page_id=2141","og_site_name":"MOPS Krasnystaw","article_modified_time":"2025-10-16T07:42:29+00:00","twitter_card":"summary_large_image","twitter_misc":{"Szacowany czas czytania":"1 minuta"},"schema":{"@context":"https:\/\/schema.org","@graph":[{"@type":"WebSite","@id":"https:\/\/www.mopskrasnystaw.pl\/#website","url":"https:\/\/www.mopskrasnystaw.pl\/","name":"MOPS Krasnystaw","description":"","potentialAction":[{"@type":"SearchAction","target":{"@type":"EntryPoint","urlTemplate":"https:\/\/www.mopskrasnystaw.pl\/?s={search_term_string}"},"query-input":"required name=search_term_string"}],"inLanguage":"pl-PL"},{"@type":"WebPage","@id":"https:\/\/www.mopskrasnystaw.pl\/?page_id=2141#webpage","url":"https:\/\/www.mopskrasnystaw.pl\/?page_id=2141","name":"Sprawozdawczo\u015b\u0107 - MOPS Krasnystaw","isPartOf":{"@id":"https:\/\/www.mopskrasnystaw.pl\/#website"},"datePublished":"2021-03-03T13:14:39+00:00","dateModified":"2025-10-16T07:42:29+00:00","breadcrumb":{"@id":"https:\/\/www.mopskrasnystaw.pl\/?page_id=2141#breadcrumb"},"inLanguage":"pl-PL","potentialAction":[{"@type":"ReadAction","target":["https:\/\/www.mopskrasnystaw.pl\/?page_id=2141"]}]},{"@type":"BreadcrumbList","@id":"https:\/\/www.mopskrasnystaw.pl\/?page_id=2141#breadcrumb","itemListElement":[{"@type":"ListItem","position":1,"name":"Strona g\u0142\u00f3wna","item":"https:\/\/www.mopskrasnystaw.pl\/"},{"@type":"ListItem","position":2,"name":"Sprawozdawczo\u015b\u0107"}]}]}},"_links":{"self":[{"href":"https:\/\/www.mopskrasnystaw.pl\/index.php?rest_route=\/wp\/v2\/pages\/2141"}],"collection":[{"href":"https:\/\/www.mopskrasnystaw.pl\/index.php?rest_route=\/wp\/v2\/pages"}],"about":[{"href":"https:\/\/www.mopskrasnystaw.pl\/index.php?rest_route=\/wp\/v2\/types\/page"}],"author":[{"embeddable":true,"href":"https:\/\/www.mopskrasnystaw.pl\/index.php?rest_route=\/wp\/v2\/users\/1"}],"replies":[{"embeddable":true,"href":"https:\/\/www.mopskrasnystaw.pl\/index.php?rest_route=%2Fwp%2Fv2%2Fcomments&post=2141"}],"version-history":[{"count":5,"href":"https:\/\/www.mopskrasnystaw.pl\/index.php?rest_route=\/wp\/v2\/pages\/2141\/revisions"}],"predecessor-version":[{"id":5065,"href":"https:\/\/www.mopskrasnystaw.pl\/index.php?rest_route=\/wp\/v2\/pages\/2141\/revisions\/5065"}],"wp:attachment":[{"href":"https:\/\/www.mopskrasnystaw.pl\/index.php?rest_route=%2Fwp%2Fv2%2Fmedia&parent=2141"}],"curies":[{"name":"wp","href":"https:\/\/api.w.org\/{rel}","templated":true}]}}