{"id":2139,"date":"2021-03-03T13:14:05","date_gmt":"2021-03-03T13:14:05","guid":{"rendered":"http:\/\/www.mopskrasnystaw.pl\/?page_id=2139"},"modified":"2021-03-03T13:14:05","modified_gmt":"2021-03-03T13:14:05","slug":"udzielanie-pomocy","status":"publish","type":"page","link":"https:\/\/www.mopskrasnystaw.pl\/?page_id=2139","title":{"rendered":"Pomoc spo\u0142eczna &#8211; Udzielanie Pomocy"},"content":{"rendered":"\n<p><strong>Zasady udzielania \u015bwiadcze\u0144 z pomocy spo\u0142ecznej<\/strong><br><br>Pomoc spo\u0142eczna umo\u017cliwia przezwyci\u0119\u017canie trudnych sytuacji \u017cyciowych osobom i rodzinom, kt\u00f3rzy nie s\u0105 w stanie sami ich pokona\u0107, wykorzystuj\u0105c w\u0142asne uprawnienia, zasoby i mo\u017cliwo\u015bci. Wspiera ich w wysi\u0142kach zmierzaj\u0105cych do zaspokojenia niezb\u0119dnych potrzeb i umo\u017cliwia im \u017cycie w warunkach odpowiadaj\u0105cych godno\u015bci cz\u0142owieka.<br>Osoby i rodziny korzystaj\u0105ce z pomocy spo\u0142ecznej s\u0105 obowi\u0105zane do wsp\u00f3\u0142dzia\u0142ania w rozwi\u0105zywaniu ich trudnej sytuacji \u017cyciowej.<br>W systemie pomocy spo\u0142ecznej przez rodzin\u0119 rozumie si\u0119 osoby spokrewnione lub niespokrewnione, pozostaj\u0105ce w faktycznym zwi\u0105zku, wsp\u00f3lnie zamieszkuj\u0105ce i gospodaruj\u0105ce.<br>Za doch\u00f3d uwa\u017ca si\u0119 sum\u0119 miesi\u0119cznych przychod\u00f3w z miesi\u0105ca poprzedzaj\u0105cego z\u0142o\u017cenie wniosku lub w przypadku utraty dochodu z miesi\u0105ca, w kt\u00f3rym wniosek zosta\u0142 z\u0142o\u017cony, bez wzgl\u0119du na tytu\u0142 i \u017ar\u00f3d\u0142o ich uzyskania, pomniejszony o:<br>&#8211; miesi\u0119czne obci\u0105\u017cenie podatkiem dochodowym od os\u00f3b fizycznych,<br>&#8211; sk\u0142adki na ubezpieczenie zdrowotne oraz ubezpieczenie spo\u0142eczne okre\u015blone w odr\u0119bnych przepisach,<br>&#8211; kwot\u0119 aliment\u00f3w \u015bwiadczonych na rzecz innych os\u00f3b.<br><br><strong>Prawo do \u015bwiadcze\u0144 z pomocy spo\u0142ecznej przys\u0142uguje:<\/strong><br><br>a) osobom posiadaj\u0105cym obywatelstwo polskie, maj\u0105cym miejsce zamieszkania i przebywaj\u0105cym<br>na terytorium Rzeczypospolitej Polskiej,<br>b) cudzoziemcom maj\u0105cym miejsce zamieszkania i przebywaj\u0105cym na terytorium Rzeczypospolitej Polskiej,<br>&#8211; na podstawie zezwolenia na pobyt sta\u0142y, zezwolenia na pobyt rezydenta d\u0142ugoterminowego Unii Europejskiej, zezwolenia na pobyt czasowy udzielonego w zwi\u0105zku z okoliczno\u015bci\u0105 o kt\u00f3rej mowa w art. 159 ust.1 pkt 1 lit. c lub d lub art. 186 ust. 1 pkt 3 ustaw z dnia 12 grudnia 2013r&nbsp; o cudzoziemcach lub w zwi\u0105zku z uzyskaniem w Rzeczypospolitej Polskiej statusu uchod\u017acy lub ochrony uzupe\u0142niaj\u0105cej,<br>&#8211; na podstawie zgody na pobyt ze wzgl\u0119d\u00f3w humanitarnych lub zgody na pobyt tolerowany &#8211; w formie schronienia, posi\u0142ku, niezb\u0119dnego ubrania oraz zasi\u0142ku celowego,&nbsp;&nbsp;&nbsp;<br>c) maj\u0105cym miejsce zamieszkania i przebywaj\u0105cym na terytorium Rzeczpospolitej Polskiej obywatelom pa\u0144stw cz\u0142onkowskich Unii Europejskiej, pa\u0144stw cz\u0142onkowskich Europejskiego Porozumienia o Wolnym Handlu (EFTA) &#8211; stron umowy o Europejski Obszarze Gospodarczym lub Konfederacji Szwajcarskiej oraz cz\u0142onkom ich rodzin, posiadaj\u0105cych prawo pobytu lub prawo sta\u0142ego pobytu na terytorium Rzeczypospolitej Polskiej.<br><br>&nbsp;&nbsp;&nbsp;&nbsp; Osoba lub rodzina, ubiegaj\u0105ca si\u0119 o pomoc spo\u0142eczn\u0105, mo\u017ce zg\u0142osi\u0107 si\u0119 do o\u015brodka pomocy spo\u0142ecznej w miejscu zamieszkania (o\u015brodki znajduj\u0105 si\u0119 w ka\u017cdej gminie). Decyzje o przyznaniu lub odmowie przyznania pomocy wymagaj\u0105 uprzednio przeprowadzenia przez pracownika socjalnego rodzinnego wywiadu \u015brodowiskowego. Decyzje w sprawach \u015bwiadcze\u0144 pomocy spo\u0142ecznej wydawane s\u0105 w formie pisemnej. Od ka\u017cdej decyzji s\u0142u\u017cy prawo odwo\u0142ania.<br><br>&nbsp;&nbsp;&nbsp;&nbsp; Prawo do \u015bwiadcze\u0144 przys\u0142uguje osobom i rodzinom, kt\u00f3rych posiadane dochody nie przekraczaj\u0105 kryteri\u00f3w dochodowych ustalonych w oparciu o art. 8 ustawy o pomocy spo\u0142ecznej.<br>Od dnia 1 pa\u017adziernika 2012 r. dla osoby samotnie gospodaruj\u0105cej jest nim doch\u00f3d nie przekraczaj\u0105cy kwoty 542 z\u0142, natomiast dla osoby w rodzinie &#8211; kwota 456 z\u0142. Rada gminy, w drodze uchwa\u0142y, mo\u017ce podwy\u017cszy\u0107 kwoty uprawniaj\u0105ce do zasi\u0142k\u00f3w okresowego i celowego.<br><br><strong>Pomoc spo\u0142eczna polega w szczeg\u00f3lno\u015bci na:<\/strong><br><br>&#8211; przyznawaniu i wyp\u0142acaniu przewidzianych ustaw\u0105 \u015bwiadcze\u0144,<br>&#8211; pracy socjalnej,<br>&#8211; prowadzeniu i rozwoju niezb\u0119dnej infrastruktury socjalnej,<br>&#8211; analizie i ocenie zjawisk rodz\u0105cych zapotrzebowanie na \u015bwiadczenia z pomocy spo\u0142ecznej,<br>&#8211; realizacji zada\u0144 wynikaj\u0105cych z rozeznanych potrzeb,<br>&#8211; rozwijaniu nowych form pomocy spo\u0142ecznej i samopomocy.<br><br><strong>G\u0142\u00f3wne cele pomocy spo\u0142ecznej:<\/strong><br><br>&#8211; wsparcie os\u00f3b i rodzin w przezwyci\u0119\u017ceniu trudnej sytuacji \u017cyciowej, doprowadzenie<br>&#8211; w miar\u0119 mo\u017cliwo\u015bci &#8211; do ich \u017cyciowego usamodzielniania i umo\u017cliwienie im \u017cycia w warunkach odpowiadaj\u0105cych godno\u015bci cz\u0142owieka,<br>&#8211; zapewnienie dochodu na poziomie interwencji socjalnej<br>&#8211; dla os\u00f3b i rodzin nie posiadaj\u0105cych dochodu lub o niskich dochodach, w wieku poprodukcyjnym<br>i osobom niepe\u0142nosprawnym,<br>&#8211; zapewnienie profesjonalnej pomocy rodzinom dotkni\u0119tym dysfunkcjami, w szczeg\u00f3lno\u015bci prze\u017cywaj\u0105cymi trudno\u015bci w wype\u0142nianiu funkcji opieku\u0144czo &#8211; wychowawczej,<br>&#8211; integracja ze \u015brodowiskiem lokalnym os\u00f3b i rodzin zagro\u017conych i wykluczonych spo\u0142ecznie,<br>&#8211; stworzenie sieci us\u0142ug socjalnych adekwatnych do potrzeb w tym zakresie.<\/p>\n\n\n\n<p><br><strong>Kryteria przyznawania \u015bwiadcze\u0144<\/strong><br><br>Pomocy spo\u0142ecznej udziela si\u0119 z powodu (art. 7 ustawy o pomocy spo\u0142ecznej):<br><br>1. ub\u00f3stwa,<br>2. sieroctwa,<br>3. bezdomno\u015bci,<br>4. bezrobocia,<br>5. niepe\u0142nosprawno\u015bci,<br>6. d\u0142ugotrwa\u0142ej lub ci\u0119\u017ckiej choroby,<br>7. przemocy w rodzinie,<br>7a. potrzeby ochrony ofiar handlu lud\u017ami<br>8. potrzeby ochrony macierzy\u0144stwa lub wielodzietno\u015bci,<br>9. bezradno\u015bci w sprawach opieku\u0144czo-wychowawczych i prowadzenia gospodarstwa domowego, zw\u0142aszcza w rodzinach niepe\u0142nych lub wielodzietnych,<br>10. trudno\u015bci w integracji cudzoziemc\u00f3w, kt\u00f3rzy uzyskali w Rzeczpospolitej Polskiej status uchod\u017acy lub ochron\u0119 uzupe\u0142niaj\u0105c\u0105 lub zezwolenie na pobyt,<br>11. trudno\u015bci w przystosowaniu do \u017cycia po zwolnieniu z zak\u0142adu karnego,<br>12. alkoholizmu lub narkomanii,<br>13. zdarzenia losowego i sytuacji kryzysowej,<br>14. kl\u0119ski \u017cywio\u0142owej lub ekologicznej.<br><br>Prawo do \u015bwiadcze\u0144 przys\u0142uguje osobom i rodzinom, kt\u00f3rych posiadane dochody nie przekraczaj\u0105 kryteri\u00f3w dochodowych ustalonych w oparciu o art. 8 ustawy o pomocy spo\u0142ecznej.&nbsp;&nbsp;&nbsp;<br>Od dnia 1 pa\u017adziernika 2018 r. dla osoby samotnie gospodaruj\u0105cej jest nim doch\u00f3d nie przekraczaj\u0105cy kwoty 701 z\u0142, natomiast dla osoby w rodzinie &#8211; kwota 528 z\u0142., przy jednoczesnym wyst\u0105pieniu co najmniej jednej z w\/ w okoliczno\u015bci od pkt.2-14.<br><br>&nbsp;&nbsp;&nbsp;&nbsp; Osobie odbywaj\u0105cej kar\u0119 pozbawienia wolno\u015bci (art. 13 ustawy o pomocy spo\u0142ecznej) nie przys\u0142uguje prawo do \u015bwiadcze\u0144 z pomocy spo\u0142ecznej. Osobie tymczasowo aresztowanej zawiesza si\u0119 prawo do \u015bwiadcze\u0144 z pomocy spo\u0142ecznej. Powy\u017csze przepisy nie dotycz\u0105 os\u00f3b odbywaj\u0105cych kar\u0119 pozbawienia wolno\u015bci w systemie dozoru elektronicznego.&nbsp;&nbsp;&nbsp;<br><br>&nbsp;&nbsp;&nbsp;&nbsp; Osoba lub rodzina, ubiegaj\u0105ca si\u0119 o pomoc spo\u0142eczn\u0105, mo\u017ce zg\u0142osi\u0107 si\u0119 do o\u015brodka pomocy spo\u0142ecznej w miejscu zamieszkania (o\u015brodki znajduj\u0105 si\u0119 w ka\u017cdej gminie). Decyzje o przyznaniu lub odmowie przyznania pomocy wymagaj\u0105 uprzednio przeprowadzenia przez pracownika socjalnego rodzinnego wywiadu \u015brodowiskowego w miejscu zamieszkania. Decyzje w sprawach \u015bwiadcze\u0144 pomocy spo\u0142ecznej wydawane s\u0105 w formie pisemnej. Od ka\u017cdej decyzji s\u0142u\u017cy prawo odwo\u0142ania.<br><br><br><strong>Pomoc spo\u0142eczna przewiduje nast\u0119puj\u0105ce \u015bwiadczenia i us\u0142ugi:<\/strong><br><br><strong>1. \u015awiadczenia pieni\u0119\u017cne:<\/strong><br>&#8211; zasi\u0142ek sta\u0142y,<br>&#8211; zasi\u0142ek okresowy,<br>&#8211; zasi\u0142ek celowy i specjalny zasi\u0142ek celowy,<br>&#8211; zasi\u0142ek i po\u017cyczka na ekonomiczne usamodzielnienie,<br>&#8211; pomoc na usamodzielnienie oraz na kontynuowanie nauki<br>&#8211; \u015bwiadczenie pieni\u0119\u017cne na utrzymanie i pokrycie wydatk\u00f3w zwi\u0105zanych z nauk\u0105 j\u0119zyka polskiego dla cudzoziemc\u00f3w, kt\u00f3rzy uzyskali w Rzeczpospolitej Polskiej status uchod\u017acy lub ochron\u0119 uzupe\u0142niaj\u0105c\u0105 lub zezwolenie na pobyt czasowy udzielone w zwi\u0105zku z okoliczno\u015bci\u0105, o kt\u00f3rej mowa w art. 159 ust.1 pkt 1 lit. c lub d ustawy z dnia 12 grudnia 2013r o cudzoziemcach,<br>&#8211; wynagrodzenie nale\u017cne opiekunowi z tytu\u0142u sprawowania opieki przyznane przez s\u0105d,<br><br><strong>2. \u015awiadczenia niepieni\u0119\u017cne:<\/strong><br>&#8211; praca socjalna,<br>&#8211; bilet kredytowany,<br>&#8211; sk\u0142adki na ubezpieczenie zdrowotne,<br>&#8211; sk\u0142adki na ubezpieczenia spo\u0142eczne,<br>&#8211; pomoc rzeczowa, w tym na ekonomiczne usamodzielnienie,<br>&#8211; sprawienie pogrzebu,<br>&#8211; poradnictwo specjalistyczne,<br>&#8211; interwencja kryzysowa,<br>&#8211; schronienie,<br>&#8211; posi\u0142ek,<br>&#8211; niezb\u0119dne ubranie,<br>&#8211; us\u0142ugi opieku\u0144cze w miejscu zamieszkania, w o\u015brodkach wsparcia oraz w rodzinnych domach pomocy,<br>&#8211; specjalistyczne us\u0142ugi opieku\u0144cze w miejscu zamieszkania oraz w o\u015brodkach wsparcia,<br>&#8211; mieszkanie chronione,<br>&#8211; pobyt i us\u0142ugi w domu pomocy spo\u0142ecznej,<br>&#8211; pomoc w uzyskaniu odpowiednich warunk\u00f3w mieszkaniowych, w tym w mieszkaniu chronionym, pomoc w uzyskaniu zatrudnienia, pomoc na zagospodarowanie \u2013 w formie rzeczowej dla os\u00f3b usamodzielnianych.<\/p>\n","protected":false},"excerpt":{"rendered":"<p>Zasady udzielania \u015bwiadcze\u0144 z pomocy spo\u0142ecznej Pomoc spo\u0142eczna umo\u017cliwia przezwyci\u0119\u017canie trudnych sytuacji \u017cyciowych osobom i rodzinom, kt\u00f3rzy nie s\u0105 w stanie sami ich pokona\u0107, wykorzystuj\u0105c w\u0142asne uprawnienia, zasoby i mo\u017cliwo\u015bci. Wspiera ich w wysi\u0142kach zmierzaj\u0105cych do zaspokojenia niezb\u0119dnych potrzeb i umo\u017cliwia im \u017cycie w warunkach odpowiadaj\u0105cych godno\u015bci cz\u0142owieka.Osoby i rodziny korzystaj\u0105ce z pomocy spo\u0142ecznej s\u0105 [&hellip;]<\/p>\n","protected":false},"author":1,"featured_media":0,"parent":0,"menu_order":0,"comment_status":"closed","ping_status":"closed","template":"","meta":[],"yoast_head":"<!-- This site is optimized with the Yoast SEO plugin v19.0 - https:\/\/yoast.com\/wordpress\/plugins\/seo\/ -->\n<title>Pomoc spo\u0142eczna - Udzielanie Pomocy - MOPS Krasnystaw<\/title>\n<meta name=\"robots\" content=\"index, follow, max-snippet:-1, max-image-preview:large, max-video-preview:-1\" \/>\n<link rel=\"canonical\" href=\"https:\/\/www.mopskrasnystaw.pl\/?page_id=2139\" \/>\n<meta property=\"og:locale\" content=\"pl_PL\" \/>\n<meta property=\"og:type\" content=\"article\" \/>\n<meta property=\"og:title\" content=\"Pomoc spo\u0142eczna - Udzielanie Pomocy - MOPS Krasnystaw\" \/>\n<meta property=\"og:description\" content=\"Zasady udzielania \u015bwiadcze\u0144 z pomocy spo\u0142ecznej Pomoc spo\u0142eczna umo\u017cliwia przezwyci\u0119\u017canie trudnych sytuacji \u017cyciowych osobom i rodzinom, kt\u00f3rzy nie s\u0105 w stanie sami ich pokona\u0107, wykorzystuj\u0105c w\u0142asne uprawnienia, zasoby i mo\u017cliwo\u015bci. Wspiera ich w wysi\u0142kach zmierzaj\u0105cych do zaspokojenia niezb\u0119dnych potrzeb i umo\u017cliwia im \u017cycie w warunkach odpowiadaj\u0105cych godno\u015bci cz\u0142owieka.Osoby i rodziny korzystaj\u0105ce z pomocy spo\u0142ecznej s\u0105 [&hellip;]\" \/>\n<meta property=\"og:url\" content=\"https:\/\/www.mopskrasnystaw.pl\/?page_id=2139\" \/>\n<meta property=\"og:site_name\" content=\"MOPS Krasnystaw\" \/>\n<meta name=\"twitter:card\" content=\"summary_large_image\" \/>\n<meta name=\"twitter:label1\" content=\"Szacowany czas czytania\" \/>\n\t<meta name=\"twitter:data1\" content=\"6 minut\" \/>\n<script type=\"application\/ld+json\" class=\"yoast-schema-graph\">{\"@context\":\"https:\/\/schema.org\",\"@graph\":[{\"@type\":\"WebSite\",\"@id\":\"https:\/\/www.mopskrasnystaw.pl\/#website\",\"url\":\"https:\/\/www.mopskrasnystaw.pl\/\",\"name\":\"MOPS Krasnystaw\",\"description\":\"\",\"potentialAction\":[{\"@type\":\"SearchAction\",\"target\":{\"@type\":\"EntryPoint\",\"urlTemplate\":\"https:\/\/www.mopskrasnystaw.pl\/?s={search_term_string}\"},\"query-input\":\"required name=search_term_string\"}],\"inLanguage\":\"pl-PL\"},{\"@type\":\"WebPage\",\"@id\":\"https:\/\/www.mopskrasnystaw.pl\/?page_id=2139#webpage\",\"url\":\"https:\/\/www.mopskrasnystaw.pl\/?page_id=2139\",\"name\":\"Pomoc spo\u0142eczna - Udzielanie Pomocy - MOPS Krasnystaw\",\"isPartOf\":{\"@id\":\"https:\/\/www.mopskrasnystaw.pl\/#website\"},\"datePublished\":\"2021-03-03T13:14:05+00:00\",\"dateModified\":\"2021-03-03T13:14:05+00:00\",\"breadcrumb\":{\"@id\":\"https:\/\/www.mopskrasnystaw.pl\/?page_id=2139#breadcrumb\"},\"inLanguage\":\"pl-PL\",\"potentialAction\":[{\"@type\":\"ReadAction\",\"target\":[\"https:\/\/www.mopskrasnystaw.pl\/?page_id=2139\"]}]},{\"@type\":\"BreadcrumbList\",\"@id\":\"https:\/\/www.mopskrasnystaw.pl\/?page_id=2139#breadcrumb\",\"itemListElement\":[{\"@type\":\"ListItem\",\"position\":1,\"name\":\"Strona g\u0142\u00f3wna\",\"item\":\"https:\/\/www.mopskrasnystaw.pl\/\"},{\"@type\":\"ListItem\",\"position\":2,\"name\":\"Pomoc spo\u0142eczna &#8211; Udzielanie Pomocy\"}]}]}<\/script>\n<!-- \/ Yoast SEO plugin. -->","yoast_head_json":{"title":"Pomoc spo\u0142eczna - Udzielanie Pomocy - MOPS Krasnystaw","robots":{"index":"index","follow":"follow","max-snippet":"max-snippet:-1","max-image-preview":"max-image-preview:large","max-video-preview":"max-video-preview:-1"},"canonical":"https:\/\/www.mopskrasnystaw.pl\/?page_id=2139","og_locale":"pl_PL","og_type":"article","og_title":"Pomoc spo\u0142eczna - Udzielanie Pomocy - MOPS Krasnystaw","og_description":"Zasady udzielania \u015bwiadcze\u0144 z pomocy spo\u0142ecznej Pomoc spo\u0142eczna umo\u017cliwia przezwyci\u0119\u017canie trudnych sytuacji \u017cyciowych osobom i rodzinom, kt\u00f3rzy nie s\u0105 w stanie sami ich pokona\u0107, wykorzystuj\u0105c w\u0142asne uprawnienia, zasoby i mo\u017cliwo\u015bci. Wspiera ich w wysi\u0142kach zmierzaj\u0105cych do zaspokojenia niezb\u0119dnych potrzeb i umo\u017cliwia im \u017cycie w warunkach odpowiadaj\u0105cych godno\u015bci cz\u0142owieka.Osoby i rodziny korzystaj\u0105ce z pomocy spo\u0142ecznej s\u0105 [&hellip;]","og_url":"https:\/\/www.mopskrasnystaw.pl\/?page_id=2139","og_site_name":"MOPS Krasnystaw","twitter_card":"summary_large_image","twitter_misc":{"Szacowany czas czytania":"6 minut"},"schema":{"@context":"https:\/\/schema.org","@graph":[{"@type":"WebSite","@id":"https:\/\/www.mopskrasnystaw.pl\/#website","url":"https:\/\/www.mopskrasnystaw.pl\/","name":"MOPS Krasnystaw","description":"","potentialAction":[{"@type":"SearchAction","target":{"@type":"EntryPoint","urlTemplate":"https:\/\/www.mopskrasnystaw.pl\/?s={search_term_string}"},"query-input":"required name=search_term_string"}],"inLanguage":"pl-PL"},{"@type":"WebPage","@id":"https:\/\/www.mopskrasnystaw.pl\/?page_id=2139#webpage","url":"https:\/\/www.mopskrasnystaw.pl\/?page_id=2139","name":"Pomoc spo\u0142eczna - Udzielanie Pomocy - MOPS Krasnystaw","isPartOf":{"@id":"https:\/\/www.mopskrasnystaw.pl\/#website"},"datePublished":"2021-03-03T13:14:05+00:00","dateModified":"2021-03-03T13:14:05+00:00","breadcrumb":{"@id":"https:\/\/www.mopskrasnystaw.pl\/?page_id=2139#breadcrumb"},"inLanguage":"pl-PL","potentialAction":[{"@type":"ReadAction","target":["https:\/\/www.mopskrasnystaw.pl\/?page_id=2139"]}]},{"@type":"BreadcrumbList","@id":"https:\/\/www.mopskrasnystaw.pl\/?page_id=2139#breadcrumb","itemListElement":[{"@type":"ListItem","position":1,"name":"Strona g\u0142\u00f3wna","item":"https:\/\/www.mopskrasnystaw.pl\/"},{"@type":"ListItem","position":2,"name":"Pomoc spo\u0142eczna &#8211; Udzielanie Pomocy"}]}]}},"_links":{"self":[{"href":"https:\/\/www.mopskrasnystaw.pl\/index.php?rest_route=\/wp\/v2\/pages\/2139"}],"collection":[{"href":"https:\/\/www.mopskrasnystaw.pl\/index.php?rest_route=\/wp\/v2\/pages"}],"about":[{"href":"https:\/\/www.mopskrasnystaw.pl\/index.php?rest_route=\/wp\/v2\/types\/page"}],"author":[{"embeddable":true,"href":"https:\/\/www.mopskrasnystaw.pl\/index.php?rest_route=\/wp\/v2\/users\/1"}],"replies":[{"embeddable":true,"href":"https:\/\/www.mopskrasnystaw.pl\/index.php?rest_route=%2Fwp%2Fv2%2Fcomments&post=2139"}],"version-history":[{"count":0,"href":"https:\/\/www.mopskrasnystaw.pl\/index.php?rest_route=\/wp\/v2\/pages\/2139\/revisions"}],"wp:attachment":[{"href":"https:\/\/www.mopskrasnystaw.pl\/index.php?rest_route=%2Fwp%2Fv2%2Fmedia&parent=2139"}],"curies":[{"name":"wp","href":"https:\/\/api.w.org\/{rel}","templated":true}]}}