{"id":2136,"date":"2021-03-03T13:06:53","date_gmt":"2021-03-03T13:06:53","guid":{"rendered":"http:\/\/www.mopskrasnystaw.pl\/?page_id=2136"},"modified":"2025-10-16T10:49:42","modified_gmt":"2025-10-16T10:49:42","slug":"wykaz-sekcji-mops","status":"publish","type":"page","link":"https:\/\/www.mopskrasnystaw.pl\/?page_id=2136","title":{"rendered":"Wykaz sekcji &#8211; MOPS"},"content":{"rendered":"\n<p><strong>K A D R A<\/strong><\/p>\n\n\n\n<p>&nbsp;<br><strong>MARIUSZ ANTONIAK<\/strong><br><strong>Dyrektor MOPS<\/strong><br>tel. (082) 576 23 24 wew. 125<br>pok\u00f3j nr 112&nbsp;<a href=\"mailto:mariusz.antoniak@krasnystaw.pl\">dyrektor@mopskrasnystaw.pl<\/a><\/p>\n\n\n\n<p><br><strong>SEKCJA ORGANIZACYJNO-ADMINISTRACYJNA<\/strong><br><strong>I US\u0141UG OPIEKU\u0143CZYCH<\/strong><\/p>\n\n\n\n<p>Agnieszka Mierzy\u0144ska<br>Kierownik sekcji<\/p>\n\n\n\n<p>Monika Kot<br>Starszy Inspektor<\/p>\n\n\n\n<p>Monika Sawa<br>Starszy Inspektor<\/p>\n\n\n\n<p>Agnieszka Sobczak<br>Inspektor<\/p>\n\n\n\n<p>Karolina Go\u0142\u0119biowska<br>Pomoc administracyjno-biurowa<\/p>\n\n\n\n<p>Ma\u0142gorzata Zadr\u0105g<br>Inspektor<\/p>\n\n\n\n<p>Wojciech Chlewicki<br>Robotnik gospodarczy<\/p>\n\n\n\n<p>Dariusz Bujak<br>Kierowca<\/p>\n\n\n\n<p>Anna Cichosz<br>Opiekunka<\/p>\n\n\n\n<p>Renata Herbut<br>Opiekunka<\/p>\n\n\n\n<p>Barbara Sawa<br>Opiekunka<\/p>\n\n\n\n<p>Katarzyna Weremko<br>Opiekunka<\/p>\n\n\n\n<p>tel.(082) 576 23 24 wew nr 101, 107, 102<\/p>\n\n\n\n<p><strong>SEKCJA ds. WSPIERANIA RODZINY<\/strong><\/p>\n\n\n\n<p>Dorota Czerniej<br>Asystent rodziny<\/p>\n\n\n\n<p>Bo\u017cena Pi\u0105tkowska<br>Asystent rodziny<\/p>\n\n\n\n<p>tel. (082) 576 23 24 wew. 109 pok\u00f3j nr 3<\/p>\n\n\n\n<p><strong>SEKCJA POMOCY \u015aRODOWISKOWEJ<\/strong><\/p>\n\n\n\n<p>Jadwiga Krzy\u017canowska<br>Kierownik sekcji<\/p>\n\n\n\n<p>tel. (082) 576 23 24 wew. 110 pok\u00f3j nr 110<\/p>\n\n\n\n<p><strong>PRACOWNICY SOCJALNI<\/strong><\/p>\n\n\n\n<p>Leszek Szymaniak<br>G\u0142\u00f3wny specjalista pracy socjalnej<\/p>\n\n\n\n<p>Kamil Bortacki<br>Specjalista pracy socjalnej<\/p>\n\n\n\n<p>tel. (082) 576 23 24 wew. 116&nbsp; pok\u00f3j nr 116<\/p>\n\n\n\n<p>Edyta Zwarzy\u0144ska vel Franczak<br>Specjalista pracy socjalnej<\/p>\n\n\n\n<p>Agnieszka Kowalczyk<br>St. Specjalista pracy socjalnej<\/p>\n\n\n\n<p>tel. (082) 576 23 24 wew. 111 pok\u00f3j nr 111<\/p>\n\n\n\n<p>Agnieszka Talarowska<br>Specjalista pracy socjalnej<\/p>\n\n\n\n<p>Krzysztof Cichosz<br>pracownik socjalny <\/p>\n\n\n\n<p>tel. (082) 576 23 24 wew. 122 pok\u00f3j nr 122<\/p>\n\n\n\n<p>Weronika Downar-Zapolska<br>pracownik socjalny<\/p>\n\n\n\n<p>Agnieszka Pi\u0142at<br>Specjalista pracy socjalnej<\/p>\n\n\n\n<p>Anita Chmiel<br>Specjalista pracy socjalnej<\/p>\n\n\n\n<p>tel. (082) 576 23 24 wew. 114 pok\u00f3j nr 114<\/p>\n\n\n\n<p><strong>SEKCJA REALIZACJI \u015aWIADCZE\u0143<\/strong><br><strong>I DODATK\u00d3W MIESZKANIOWYCH<\/strong><\/p>\n\n\n\n<p>Joanna Banaszak<br>Kierownik sekcji<\/p>\n\n\n\n<p>tel. (082) 576 23 24 wew. 103 pok\u00f3j nr 103<\/p>\n\n\n\n<p>Arkadiusz Dudek<br>Informatyk<\/p>\n\n\n\n<p>Aleksandra Matysiak<br>Pomoc administracyjno-biurowa<\/p>\n\n\n\n<p>tel. (082) 576 23 24 wew. 117&nbsp;&nbsp; pok\u00f3j nr 117<\/p>\n\n\n\n<p>Ewelina Filipczuk-\u0141ykus<br>Starszy Inspektor<\/p>\n\n\n\n<p>tel. (082) 576 23 24 wew. 115 pok\u00f3j nr 115<\/p>\n\n\n\n<p><strong>SEKCJA \u015aWIADCZE\u0143 RODZINNYCH<\/strong><br><strong>I FUNDUSZU ALIMENTACYJNEGO<\/strong><\/p>\n\n\n\n<p>Katarzyna Mochniej-Paw\u0142owska<br>Kierownik sekcji<\/p>\n\n\n\n<p>tel. (082) 576 23 24 wew. 105 pok\u00f3j nr 1 (parter)<\/p>\n\n\n\n<p>S\u0142awomir Iwaniak<br>Starszy Inspektor<\/p>\n\n\n\n<p>tel. (082) 576 23 24 wew. 123 pok\u00f3j nr 2 (parter)<\/p>\n\n\n\n<p>Anna Kassa<br>Referent<\/p>\n\n\n\n<p>Katarzyna Pizo\u0144<br>Starszy Inspektor<\/p>\n\n\n\n<p>tel. (082) 576 23 24 wew. 109 pok\u00f3j nr 5 (parter)<\/p>\n\n\n\n<p><strong>SEKCJA FINANSOWO &#8211; KSI\u0118GOWA<\/strong><\/p>\n\n\n\n<p>Agnieszka Bukowska<br>G\u0142. ksi\u0119gowy<\/p>\n\n\n\n<p>tel. (082) 576 23 24 wew. 112 pok\u00f3j nr 105<\/p>\n\n\n\n<p>Monika Laskowska<br>Referent<\/p>\n\n\n\n<p>Ma\u0142gorzata Chmielewska<br>Referent<\/p>\n\n\n\n<p>tel. (082) 576 23 24 wew. 113 pok\u00f3j nr 113<\/p>\n\n\n\n<p><strong>DZIENNY DOM POMOCY SPO\u0141ECZNEJ<\/strong><\/p>\n\n\n\n<p>Maria Agnieszka Radczuk<br>P.O. Kierownika DDPS<\/p>\n\n\n\n<p>tel. (082) 540 60 94<\/p>\n\n\n\n<p>Renata Popis<br>Intendent<\/p>\n\n\n\n<p>Anna Kaliniak<br>Kucharka<br><\/p>\n\n\n\n<p>Emilia Wrona<br>Terapeuta zaj\u0119ciowy<\/p>\n\n\n\n<p>Justyna Pezda<br>Terapeuta zaj\u0119ciowy<\/p>\n\n\n\n<p>Patryk Skwara<br>Terapeuta zaj\u0119ciowy<\/p>\n\n\n\n<p>tel. (082) 576 23 24 wew. 126<\/p>\n\n\n\n<p><strong>\u015aWIETLICA DZIENNEGO WSPARCIA DLA DZIECI I M\u0141ODZIE\u017bY<\/strong><\/p>\n\n\n\n<p>Marta Soczy\u0144ska<br>Kierownik<\/p>\n\n\n\n<p>Patryk Skwara<br>Opiekun\/Terapeuta zaj\u0119ciowy<\/p>\n\n\n\n<p>Renata Waryszak<br>Wychowawca<\/p>\n\n\n\n<p>tel. (082) 576 23 24 wew. 104 pok\u00f3j nr 22<\/p>\n","protected":false},"excerpt":{"rendered":"<p>K A D R A &nbsp;MARIUSZ ANTONIAKDyrektor MOPStel. (082) 576 23 24 wew. 125pok\u00f3j nr 112&nbsp;dyrektor@mopskrasnystaw.pl SEKCJA ORGANIZACYJNO-ADMINISTRACYJNAI US\u0141UG OPIEKU\u0143CZYCH Agnieszka Mierzy\u0144skaKierownik sekcji Monika KotStarszy Inspektor Monika SawaStarszy Inspektor Agnieszka SobczakInspektor Karolina Go\u0142\u0119biowskaPomoc administracyjno-biurowa Ma\u0142gorzata Zadr\u0105gInspektor Wojciech ChlewickiRobotnik gospodarczy Dariusz BujakKierowca Anna CichoszOpiekunka Renata HerbutOpiekunka Barbara SawaOpiekunka Katarzyna WeremkoOpiekunka tel.(082) 576 23 24 wew nr [&hellip;]<\/p>\n","protected":false},"author":1,"featured_media":0,"parent":0,"menu_order":0,"comment_status":"closed","ping_status":"closed","template":"","meta":[],"yoast_head":"<!-- This site is optimized with the Yoast SEO plugin v19.0 - https:\/\/yoast.com\/wordpress\/plugins\/seo\/ -->\n<title>Wykaz sekcji - MOPS - MOPS Krasnystaw<\/title>\n<meta name=\"robots\" content=\"index, follow, max-snippet:-1, max-image-preview:large, max-video-preview:-1\" \/>\n<link rel=\"canonical\" href=\"https:\/\/www.mopskrasnystaw.pl\/?page_id=2136\" \/>\n<meta property=\"og:locale\" content=\"pl_PL\" \/>\n<meta property=\"og:type\" content=\"article\" \/>\n<meta property=\"og:title\" content=\"Wykaz sekcji - MOPS - MOPS Krasnystaw\" \/>\n<meta property=\"og:description\" content=\"K A D R A &nbsp;MARIUSZ ANTONIAKDyrektor MOPStel. (082) 576 23 24 wew. 125pok\u00f3j nr 112&nbsp;dyrektor@mopskrasnystaw.pl SEKCJA ORGANIZACYJNO-ADMINISTRACYJNAI US\u0141UG OPIEKU\u0143CZYCH Agnieszka Mierzy\u0144skaKierownik sekcji Monika KotStarszy Inspektor Monika SawaStarszy Inspektor Agnieszka SobczakInspektor Karolina Go\u0142\u0119biowskaPomoc administracyjno-biurowa Ma\u0142gorzata Zadr\u0105gInspektor Wojciech ChlewickiRobotnik gospodarczy Dariusz BujakKierowca Anna CichoszOpiekunka Renata HerbutOpiekunka Barbara SawaOpiekunka Katarzyna WeremkoOpiekunka tel.(082) 576 23 24 wew nr [&hellip;]\" \/>\n<meta property=\"og:url\" content=\"https:\/\/www.mopskrasnystaw.pl\/?page_id=2136\" \/>\n<meta property=\"og:site_name\" content=\"MOPS Krasnystaw\" \/>\n<meta property=\"article:modified_time\" content=\"2025-10-16T10:49:42+00:00\" \/>\n<meta name=\"twitter:card\" content=\"summary_large_image\" \/>\n<meta name=\"twitter:label1\" content=\"Szacowany czas czytania\" \/>\n\t<meta name=\"twitter:data1\" content=\"3 minuty\" \/>\n<script type=\"application\/ld+json\" class=\"yoast-schema-graph\">{\"@context\":\"https:\/\/schema.org\",\"@graph\":[{\"@type\":\"WebSite\",\"@id\":\"https:\/\/www.mopskrasnystaw.pl\/#website\",\"url\":\"https:\/\/www.mopskrasnystaw.pl\/\",\"name\":\"MOPS Krasnystaw\",\"description\":\"\",\"potentialAction\":[{\"@type\":\"SearchAction\",\"target\":{\"@type\":\"EntryPoint\",\"urlTemplate\":\"https:\/\/www.mopskrasnystaw.pl\/?s={search_term_string}\"},\"query-input\":\"required name=search_term_string\"}],\"inLanguage\":\"pl-PL\"},{\"@type\":\"WebPage\",\"@id\":\"https:\/\/www.mopskrasnystaw.pl\/?page_id=2136#webpage\",\"url\":\"https:\/\/www.mopskrasnystaw.pl\/?page_id=2136\",\"name\":\"Wykaz sekcji - MOPS - MOPS Krasnystaw\",\"isPartOf\":{\"@id\":\"https:\/\/www.mopskrasnystaw.pl\/#website\"},\"datePublished\":\"2021-03-03T13:06:53+00:00\",\"dateModified\":\"2025-10-16T10:49:42+00:00\",\"breadcrumb\":{\"@id\":\"https:\/\/www.mopskrasnystaw.pl\/?page_id=2136#breadcrumb\"},\"inLanguage\":\"pl-PL\",\"potentialAction\":[{\"@type\":\"ReadAction\",\"target\":[\"https:\/\/www.mopskrasnystaw.pl\/?page_id=2136\"]}]},{\"@type\":\"BreadcrumbList\",\"@id\":\"https:\/\/www.mopskrasnystaw.pl\/?page_id=2136#breadcrumb\",\"itemListElement\":[{\"@type\":\"ListItem\",\"position\":1,\"name\":\"Strona g\u0142\u00f3wna\",\"item\":\"https:\/\/www.mopskrasnystaw.pl\/\"},{\"@type\":\"ListItem\",\"position\":2,\"name\":\"Wykaz sekcji &#8211; MOPS\"}]}]}<\/script>\n<!-- \/ Yoast SEO plugin. -->","yoast_head_json":{"title":"Wykaz sekcji - MOPS - MOPS Krasnystaw","robots":{"index":"index","follow":"follow","max-snippet":"max-snippet:-1","max-image-preview":"max-image-preview:large","max-video-preview":"max-video-preview:-1"},"canonical":"https:\/\/www.mopskrasnystaw.pl\/?page_id=2136","og_locale":"pl_PL","og_type":"article","og_title":"Wykaz sekcji - MOPS - MOPS Krasnystaw","og_description":"K A D R A &nbsp;MARIUSZ ANTONIAKDyrektor MOPStel. (082) 576 23 24 wew. 125pok\u00f3j nr 112&nbsp;dyrektor@mopskrasnystaw.pl SEKCJA ORGANIZACYJNO-ADMINISTRACYJNAI US\u0141UG OPIEKU\u0143CZYCH Agnieszka Mierzy\u0144skaKierownik sekcji Monika KotStarszy Inspektor Monika SawaStarszy Inspektor Agnieszka SobczakInspektor Karolina Go\u0142\u0119biowskaPomoc administracyjno-biurowa Ma\u0142gorzata Zadr\u0105gInspektor Wojciech ChlewickiRobotnik gospodarczy Dariusz BujakKierowca Anna CichoszOpiekunka Renata HerbutOpiekunka Barbara SawaOpiekunka Katarzyna WeremkoOpiekunka tel.(082) 576 23 24 wew nr [&hellip;]","og_url":"https:\/\/www.mopskrasnystaw.pl\/?page_id=2136","og_site_name":"MOPS Krasnystaw","article_modified_time":"2025-10-16T10:49:42+00:00","twitter_card":"summary_large_image","twitter_misc":{"Szacowany czas czytania":"3 minuty"},"schema":{"@context":"https:\/\/schema.org","@graph":[{"@type":"WebSite","@id":"https:\/\/www.mopskrasnystaw.pl\/#website","url":"https:\/\/www.mopskrasnystaw.pl\/","name":"MOPS Krasnystaw","description":"","potentialAction":[{"@type":"SearchAction","target":{"@type":"EntryPoint","urlTemplate":"https:\/\/www.mopskrasnystaw.pl\/?s={search_term_string}"},"query-input":"required name=search_term_string"}],"inLanguage":"pl-PL"},{"@type":"WebPage","@id":"https:\/\/www.mopskrasnystaw.pl\/?page_id=2136#webpage","url":"https:\/\/www.mopskrasnystaw.pl\/?page_id=2136","name":"Wykaz sekcji - MOPS - MOPS Krasnystaw","isPartOf":{"@id":"https:\/\/www.mopskrasnystaw.pl\/#website"},"datePublished":"2021-03-03T13:06:53+00:00","dateModified":"2025-10-16T10:49:42+00:00","breadcrumb":{"@id":"https:\/\/www.mopskrasnystaw.pl\/?page_id=2136#breadcrumb"},"inLanguage":"pl-PL","potentialAction":[{"@type":"ReadAction","target":["https:\/\/www.mopskrasnystaw.pl\/?page_id=2136"]}]},{"@type":"BreadcrumbList","@id":"https:\/\/www.mopskrasnystaw.pl\/?page_id=2136#breadcrumb","itemListElement":[{"@type":"ListItem","position":1,"name":"Strona g\u0142\u00f3wna","item":"https:\/\/www.mopskrasnystaw.pl\/"},{"@type":"ListItem","position":2,"name":"Wykaz sekcji &#8211; MOPS"}]}]}},"_links":{"self":[{"href":"https:\/\/www.mopskrasnystaw.pl\/index.php?rest_route=\/wp\/v2\/pages\/2136"}],"collection":[{"href":"https:\/\/www.mopskrasnystaw.pl\/index.php?rest_route=\/wp\/v2\/pages"}],"about":[{"href":"https:\/\/www.mopskrasnystaw.pl\/index.php?rest_route=\/wp\/v2\/types\/page"}],"author":[{"embeddable":true,"href":"https:\/\/www.mopskrasnystaw.pl\/index.php?rest_route=\/wp\/v2\/users\/1"}],"replies":[{"embeddable":true,"href":"https:\/\/www.mopskrasnystaw.pl\/index.php?rest_route=%2Fwp%2Fv2%2Fcomments&post=2136"}],"version-history":[{"count":6,"href":"https:\/\/www.mopskrasnystaw.pl\/index.php?rest_route=\/wp\/v2\/pages\/2136\/revisions"}],"predecessor-version":[{"id":5071,"href":"https:\/\/www.mopskrasnystaw.pl\/index.php?rest_route=\/wp\/v2\/pages\/2136\/revisions\/5071"}],"wp:attachment":[{"href":"https:\/\/www.mopskrasnystaw.pl\/index.php?rest_route=%2Fwp%2Fv2%2Fmedia&parent=2136"}],"curies":[{"name":"wp","href":"https:\/\/api.w.org\/{rel}","templated":true}]}}